{"id":38573,"date":"2022-12-22T14:59:18","date_gmt":"2022-12-22T07:59:18","guid":{"rendered":"https:\/\/mouldking.store\/?post_type=product&#038;p=38573"},"modified":"2025-12-25T09:11:58","modified_gmt":"2025-12-25T02:11:58","slug":"moc-68309-rapunzel-tower-modular-fairy-tale-world-with-1215-pieces","status":"publish","type":"product","link":"https:\/\/mouldking.store\/nb\/shop\/moc-68309-rapunzel-tower-modular-fairy-tale-world-with-1215-pieces\/","title":{"rendered":"MOC-68309 Rapunzel Tower Modular Fairy Tale World med 1215 deler"},"content":{"rendered":"<ol>\n<li>Merke: MOC<\/li>\n<li>Kj\u00f8nn: Unisex<\/li>\n<li>Navn: Rapunzel Tower Modular Fairy Tale World<\/li>\n<li>Aldersgruppe: &gt; 6 \u00e5r gammel<\/li>\n<li>Modellnummer: 68309<\/li>\n<li>Klassifisering: Montering<\/li>\n<li>Plastblokkform: Selvl\u00e5sende murstein<\/li>\n<li>Materiale: Plast<\/li>\n<li>Plasttype: ABS<\/li>\n<li>Mursteinblokker:1215 STK<\/li>\n<li>Vekt: 1000g<\/li>\n<li>Inneholder detaljerte monteringsanvisninger.<\/li>\n<\/ol>\n<p>Legge merke til:<br \/>\n1. Uten original eske, men vi garanterer at v\u00e5re produkter har kvalitetssikring og pen emballasje.<br \/>\n2. Som alle delene vi har sjekket f\u00f8r frakt, s\u00e5 hvis du finner noen deler savnet eller skadet, ikke bekymre deg og bare kontakt oss, s\u00e5 kan vi sende dem til deg p\u00e5 nytt umiddelbart gratis.<\/p>\n<figure id=\"attachment_38574\" aria-describedby=\"caption-attachment-38574\" style=\"width: 1004px\" class=\"wp-caption aligncenter\"><img fetchpriority=\"high\" decoding=\"async\" class=\"wp-image-38574 size-full\" src=\"https:\/\/mouldking.store\/wp-content\/uploads\/2022\/12\/MOC-68309-Creator-Rapunzel-Tower-Modular-Fairy-Tale-World-MOC-FACTORY.png\" alt=\"MOC-68309 Rapunzel Tower Modular Fairy Tale World With 1215 Pieces\" width=\"1004\" height=\"1004\" title=\"-\" srcset=\"https:\/\/mouldking.store\/wp-content\/uploads\/2022\/12\/MOC-68309-Creator-Rapunzel-Tower-Modular-Fairy-Tale-World-MOC-FACTORY.png 1004w, https:\/\/mouldking.store\/wp-content\/uploads\/2022\/12\/MOC-68309-Creator-Rapunzel-Tower-Modular-Fairy-Tale-World-MOC-FACTORY-300x300.png 300w, https:\/\/mouldking.store\/wp-content\/uploads\/2022\/12\/MOC-68309-Creator-Rapunzel-Tower-Modular-Fairy-Tale-World-MOC-FACTORY-768x768.png 768w, https:\/\/mouldking.store\/wp-content\/uploads\/2022\/12\/MOC-68309-Creator-Rapunzel-Tower-Modular-Fairy-Tale-World-MOC-FACTORY-600x600.png 600w, https:\/\/mouldking.store\/wp-content\/uploads\/2022\/12\/MOC-68309-Creator-Rapunzel-Tower-Modular-Fairy-Tale-World-MOC-FACTORY-150x150.png 150w, https:\/\/mouldking.store\/wp-content\/uploads\/2022\/12\/MOC-68309-Creator-Rapunzel-Tower-Modular-Fairy-Tale-World-MOC-FACTORY-60x60.png 60w, https:\/\/mouldking.store\/wp-content\/uploads\/2022\/12\/MOC-68309-Creator-Rapunzel-Tower-Modular-Fairy-Tale-World-MOC-FACTORY-90x90.png 90w\" sizes=\"(max-width: 1004px) 100vw, 1004px\" \/><figcaption id=\"caption-attachment-38574\" class=\"wp-caption-text\">MOC-68309 Rapunzel Tower Modular Fairy Tale World med 1215 deler<\/figcaption><\/figure>\n<figure id=\"attachment_38575\" aria-describedby=\"caption-attachment-38575\" style=\"width: 1100px\" class=\"wp-caption aligncenter\"><img decoding=\"async\" class=\"wp-image-38575 size-full\" src=\"https:\/\/mouldking.store\/wp-content\/uploads\/2022\/12\/Rapunzel-Tower-Modular-Fairy-Tale-World-MOC-68309-1.jpg\" alt=\"MOC-68309 Rapunzel Tower Modular Fairy Tale World With 1215 Pieces\" width=\"1100\" height=\"1100\" title=\"-\" srcset=\"https:\/\/mouldking.store\/wp-content\/uploads\/2022\/12\/Rapunzel-Tower-Modular-Fairy-Tale-World-MOC-68309-1.jpg 1100w, https:\/\/mouldking.store\/wp-content\/uploads\/2022\/12\/Rapunzel-Tower-Modular-Fairy-Tale-World-MOC-68309-1-300x300.jpg 300w, https:\/\/mouldking.store\/wp-content\/uploads\/2022\/12\/Rapunzel-Tower-Modular-Fairy-Tale-World-MOC-68309-1-1024x1024.jpg 1024w, https:\/\/mouldking.store\/wp-content\/uploads\/2022\/12\/Rapunzel-Tower-Modular-Fairy-Tale-World-MOC-68309-1-768x768.jpg 768w, https:\/\/mouldking.store\/wp-content\/uploads\/2022\/12\/Rapunzel-Tower-Modular-Fairy-Tale-World-MOC-68309-1-600x600.jpg 600w, https:\/\/mouldking.store\/wp-content\/uploads\/2022\/12\/Rapunzel-Tower-Modular-Fairy-Tale-World-MOC-68309-1-150x150.jpg 150w, https:\/\/mouldking.store\/wp-content\/uploads\/2022\/12\/Rapunzel-Tower-Modular-Fairy-Tale-World-MOC-68309-1-60x60.jpg 60w, https:\/\/mouldking.store\/wp-content\/uploads\/2022\/12\/Rapunzel-Tower-Modular-Fairy-Tale-World-MOC-68309-1-90x90.jpg 90w\" sizes=\"(max-width: 1100px) 100vw, 1100px\" \/><figcaption id=\"caption-attachment-38575\" class=\"wp-caption-text\">MOC-68309 Rapunzel Tower Modular Fairy Tale World med 1215 deler<\/figcaption><\/figure>\n<figure id=\"attachment_38576\" aria-describedby=\"caption-attachment-38576\" style=\"width: 1024px\" class=\"wp-caption aligncenter\"><img decoding=\"async\" class=\"wp-image-38576 size-large\" src=\"https:\/\/mouldking.store\/wp-content\/uploads\/2022\/12\/Rapunzel-Tower-Modular-Fairy-Tale-World-MOC-68309-2-1024x1024.jpg\" alt=\"MOC-68309 Rapunzel Tower Modular Fairy Tale World With 1215 Pieces\" width=\"1024\" height=\"1024\" title=\"-\" srcset=\"https:\/\/mouldking.store\/wp-content\/uploads\/2022\/12\/Rapunzel-Tower-Modular-Fairy-Tale-World-MOC-68309-2-1024x1024.jpg 1024w, https:\/\/mouldking.store\/wp-content\/uploads\/2022\/12\/Rapunzel-Tower-Modular-Fairy-Tale-World-MOC-68309-2-300x300.jpg 300w, https:\/\/mouldking.store\/wp-content\/uploads\/2022\/12\/Rapunzel-Tower-Modular-Fairy-Tale-World-MOC-68309-2-768x768.jpg 768w, https:\/\/mouldking.store\/wp-content\/uploads\/2022\/12\/Rapunzel-Tower-Modular-Fairy-Tale-World-MOC-68309-2-600x600.jpg 600w, https:\/\/mouldking.store\/wp-content\/uploads\/2022\/12\/Rapunzel-Tower-Modular-Fairy-Tale-World-MOC-68309-2-150x150.jpg 150w, https:\/\/mouldking.store\/wp-content\/uploads\/2022\/12\/Rapunzel-Tower-Modular-Fairy-Tale-World-MOC-68309-2-60x60.jpg 60w, https:\/\/mouldking.store\/wp-content\/uploads\/2022\/12\/Rapunzel-Tower-Modular-Fairy-Tale-World-MOC-68309-2-90x90.jpg 90w, https:\/\/mouldking.store\/wp-content\/uploads\/2022\/12\/Rapunzel-Tower-Modular-Fairy-Tale-World-MOC-68309-2.jpg 1100w\" sizes=\"(max-width: 1024px) 100vw, 1024px\" \/><figcaption id=\"caption-attachment-38576\" class=\"wp-caption-text\">MOC-68309 Rapunzel Tower Modular Fairy Tale World med 1215 deler<\/figcaption><\/figure>\n<figure id=\"attachment_38577\" aria-describedby=\"caption-attachment-38577\" style=\"width: 1024px\" class=\"wp-caption aligncenter\"><img loading=\"lazy\" decoding=\"async\" class=\"wp-image-38577 size-large\" src=\"https:\/\/mouldking.store\/wp-content\/uploads\/2022\/12\/Rapunzel-Tower-Modular-Fairy-Tale-World-MOC-68309-3-1024x1024.jpg\" alt=\"MOC-68309 Rapunzel Tower Modular Fairy Tale World With 1215 Pieces\" width=\"1024\" height=\"1024\" title=\"-\" srcset=\"https:\/\/mouldking.store\/wp-content\/uploads\/2022\/12\/Rapunzel-Tower-Modular-Fairy-Tale-World-MOC-68309-3-1024x1024.jpg 1024w, https:\/\/mouldking.store\/wp-content\/uploads\/2022\/12\/Rapunzel-Tower-Modular-Fairy-Tale-World-MOC-68309-3-300x300.jpg 300w, https:\/\/mouldking.store\/wp-content\/uploads\/2022\/12\/Rapunzel-Tower-Modular-Fairy-Tale-World-MOC-68309-3-768x768.jpg 768w, https:\/\/mouldking.store\/wp-content\/uploads\/2022\/12\/Rapunzel-Tower-Modular-Fairy-Tale-World-MOC-68309-3-600x600.jpg 600w, https:\/\/mouldking.store\/wp-content\/uploads\/2022\/12\/Rapunzel-Tower-Modular-Fairy-Tale-World-MOC-68309-3-150x150.jpg 150w, https:\/\/mouldking.store\/wp-content\/uploads\/2022\/12\/Rapunzel-Tower-Modular-Fairy-Tale-World-MOC-68309-3-60x60.jpg 60w, https:\/\/mouldking.store\/wp-content\/uploads\/2022\/12\/Rapunzel-Tower-Modular-Fairy-Tale-World-MOC-68309-3-90x90.jpg 90w, https:\/\/mouldking.store\/wp-content\/uploads\/2022\/12\/Rapunzel-Tower-Modular-Fairy-Tale-World-MOC-68309-3.jpg 1100w\" sizes=\"(max-width: 1024px) 100vw, 1024px\" \/><figcaption id=\"caption-attachment-38577\" class=\"wp-caption-text\">MOC-68309 Rapunzel Tower Modular Fairy Tale World med 1215 deler<\/figcaption><\/figure>\n<figure id=\"attachment_38578\" aria-describedby=\"caption-attachment-38578\" style=\"width: 1024px\" class=\"wp-caption aligncenter\"><img loading=\"lazy\" decoding=\"async\" class=\"wp-image-38578 size-large\" src=\"https:\/\/mouldking.store\/wp-content\/uploads\/2022\/12\/Rapunzel-Tower-Modular-Fairy-Tale-World-MOC-68309-4-1024x1024.jpg\" alt=\"MOC-68309 Rapunzel Tower Modular Fairy Tale World With 1215 Pieces\" width=\"1024\" height=\"1024\" title=\"-\" srcset=\"https:\/\/mouldking.store\/wp-content\/uploads\/2022\/12\/Rapunzel-Tower-Modular-Fairy-Tale-World-MOC-68309-4-1024x1024.jpg 1024w, https:\/\/mouldking.store\/wp-content\/uploads\/2022\/12\/Rapunzel-Tower-Modular-Fairy-Tale-World-MOC-68309-4-300x300.jpg 300w, https:\/\/mouldking.store\/wp-content\/uploads\/2022\/12\/Rapunzel-Tower-Modular-Fairy-Tale-World-MOC-68309-4-768x768.jpg 768w, https:\/\/mouldking.store\/wp-content\/uploads\/2022\/12\/Rapunzel-Tower-Modular-Fairy-Tale-World-MOC-68309-4-600x600.jpg 600w, https:\/\/mouldking.store\/wp-content\/uploads\/2022\/12\/Rapunzel-Tower-Modular-Fairy-Tale-World-MOC-68309-4-150x150.jpg 150w, https:\/\/mouldking.store\/wp-content\/uploads\/2022\/12\/Rapunzel-Tower-Modular-Fairy-Tale-World-MOC-68309-4-60x60.jpg 60w, https:\/\/mouldking.store\/wp-content\/uploads\/2022\/12\/Rapunzel-Tower-Modular-Fairy-Tale-World-MOC-68309-4-90x90.jpg 90w, https:\/\/mouldking.store\/wp-content\/uploads\/2022\/12\/Rapunzel-Tower-Modular-Fairy-Tale-World-MOC-68309-4.jpg 1100w\" sizes=\"(max-width: 1024px) 100vw, 1024px\" \/><figcaption id=\"caption-attachment-38578\" class=\"wp-caption-text\">MOC-68309 Rapunzel Tower Modular Fairy Tale World med 1215 deler<\/figcaption><\/figure>\n<figure id=\"attachment_38579\" aria-describedby=\"caption-attachment-38579\" style=\"width: 1024px\" class=\"wp-caption aligncenter\"><img loading=\"lazy\" decoding=\"async\" class=\"wp-image-38579 size-large\" src=\"https:\/\/mouldking.store\/wp-content\/uploads\/2022\/12\/Rapunzel-Tower-Modular-Fairy-Tale-World-MOC-68309-5-1024x1024.jpg\" alt=\"MOC-68309 Rapunzel Tower Modular Fairy Tale World With 1215 Pieces\" width=\"1024\" height=\"1024\" title=\"-\" srcset=\"https:\/\/mouldking.store\/wp-content\/uploads\/2022\/12\/Rapunzel-Tower-Modular-Fairy-Tale-World-MOC-68309-5-1024x1024.jpg 1024w, https:\/\/mouldking.store\/wp-content\/uploads\/2022\/12\/Rapunzel-Tower-Modular-Fairy-Tale-World-MOC-68309-5-300x300.jpg 300w, https:\/\/mouldking.store\/wp-content\/uploads\/2022\/12\/Rapunzel-Tower-Modular-Fairy-Tale-World-MOC-68309-5-768x768.jpg 768w, https:\/\/mouldking.store\/wp-content\/uploads\/2022\/12\/Rapunzel-Tower-Modular-Fairy-Tale-World-MOC-68309-5-600x600.jpg 600w, https:\/\/mouldking.store\/wp-content\/uploads\/2022\/12\/Rapunzel-Tower-Modular-Fairy-Tale-World-MOC-68309-5-150x150.jpg 150w, https:\/\/mouldking.store\/wp-content\/uploads\/2022\/12\/Rapunzel-Tower-Modular-Fairy-Tale-World-MOC-68309-5-60x60.jpg 60w, https:\/\/mouldking.store\/wp-content\/uploads\/2022\/12\/Rapunzel-Tower-Modular-Fairy-Tale-World-MOC-68309-5-90x90.jpg 90w, https:\/\/mouldking.store\/wp-content\/uploads\/2022\/12\/Rapunzel-Tower-Modular-Fairy-Tale-World-MOC-68309-5.jpg 1100w\" sizes=\"(max-width: 1024px) 100vw, 1024px\" \/><figcaption id=\"caption-attachment-38579\" class=\"wp-caption-text\">MOC-68309 Rapunzel Tower Modular Fairy Tale World med 1215 deler<\/figcaption><\/figure>\n<figure id=\"attachment_38580\" aria-describedby=\"caption-attachment-38580\" style=\"width: 1024px\" class=\"wp-caption aligncenter\"><img loading=\"lazy\" decoding=\"async\" class=\"wp-image-38580 size-large\" src=\"https:\/\/mouldking.store\/wp-content\/uploads\/2022\/12\/Rapunzel-Tower-Modular-Fairy-Tale-World-MOC-68309-6-1024x1024.jpg\" alt=\"MOC-68309 Rapunzel Tower Modular Fairy Tale World With 1215 Pieces\" width=\"1024\" height=\"1024\" title=\"-\" srcset=\"https:\/\/mouldking.store\/wp-content\/uploads\/2022\/12\/Rapunzel-Tower-Modular-Fairy-Tale-World-MOC-68309-6-1024x1024.jpg 1024w, https:\/\/mouldking.store\/wp-content\/uploads\/2022\/12\/Rapunzel-Tower-Modular-Fairy-Tale-World-MOC-68309-6-300x300.jpg 300w, https:\/\/mouldking.store\/wp-content\/uploads\/2022\/12\/Rapunzel-Tower-Modular-Fairy-Tale-World-MOC-68309-6-768x768.jpg 768w, https:\/\/mouldking.store\/wp-content\/uploads\/2022\/12\/Rapunzel-Tower-Modular-Fairy-Tale-World-MOC-68309-6-600x600.jpg 600w, https:\/\/mouldking.store\/wp-content\/uploads\/2022\/12\/Rapunzel-Tower-Modular-Fairy-Tale-World-MOC-68309-6-150x150.jpg 150w, https:\/\/mouldking.store\/wp-content\/uploads\/2022\/12\/Rapunzel-Tower-Modular-Fairy-Tale-World-MOC-68309-6-60x60.jpg 60w, https:\/\/mouldking.store\/wp-content\/uploads\/2022\/12\/Rapunzel-Tower-Modular-Fairy-Tale-World-MOC-68309-6-90x90.jpg 90w, https:\/\/mouldking.store\/wp-content\/uploads\/2022\/12\/Rapunzel-Tower-Modular-Fairy-Tale-World-MOC-68309-6.jpg 1100w\" sizes=\"(max-width: 1024px) 100vw, 1024px\" \/><figcaption id=\"caption-attachment-38580\" class=\"wp-caption-text\">MOC-68309 Rapunzel Tower Modular Fairy Tale World med 1215 deler<\/figcaption><\/figure>","protected":false},"excerpt":{"rendered":"<p>Byggeveiledning i pdf<\/p>\n<p>Uten originaleske<\/p>\n<p>Tidsbestemt: 4-8 uker<\/p>","protected":false},"featured_media":38574,"comment_status":"closed","ping_status":"closed","template":"","meta":{"_acf_changed":false},"product_cat":[1365,1395,1406],"product_tag":[9972,430,9970,9977,9969,5679,9973,9971,9975,9976,2302,9974],"class_list":["product","first","instock","shipping-taxable","purchasable","product-type-simple"],"acf":[],"_links":{"self":[{"href":"https:\/\/mouldking.store\/nb\/wp-json\/wp\/v2\/product\/38573","targetHints":{"allow":["GET"]}}],"collection":[{"href":"https:\/\/mouldking.store\/nb\/wp-json\/wp\/v2\/product"}],"about":[{"href":"https:\/\/mouldking.store\/nb\/wp-json\/wp\/v2\/types\/product"}],"replies":[{"embeddable":true,"href":"https:\/\/mouldking.store\/nb\/wp-json\/wp\/v2\/comments?post=38573"}],"wp:featuredmedia":[{"embeddable":true,"href":"https:\/\/mouldking.store\/nb\/wp-json\/wp\/v2\/media\/38574"}],"wp:attachment":[{"href":"https:\/\/mouldking.store\/nb\/wp-json\/wp\/v2\/media?parent=38573"}],"wp:term":[{"taxonomy":"product_cat","embeddable":true,"href":"https:\/\/mouldking.store\/nb\/wp-json\/wp\/v2\/product_cat?post=38573"},{"taxonomy":"product_tag","embeddable":true,"href":"https:\/\/mouldking.store\/nb\/wp-json\/wp\/v2\/product_tag?post=38573"}],"curies":[{"name":"wp","href":"https:\/\/api.w.org\/{rel}","templated":true}]}}