{"id":38581,"date":"2022-12-22T16:39:09","date_gmt":"2022-12-22T09:39:09","guid":{"rendered":"https:\/\/mouldking.store\/?post_type=product&#038;p=38581"},"modified":"2025-12-25T09:11:58","modified_gmt":"2025-12-25T02:11:58","slug":"moc-78798-hxd1-chinese-electric-locomotive-train-with-456-pieces","status":"publish","type":"product","link":"https:\/\/mouldking.store\/nb\/shop\/moc-78798-hxd1-chinese-electric-locomotive-train-with-456-pieces\/","title":{"rendered":"MOC-78798 HXD1 kinesisk elektrisk lokomotivtog med 456 stykker"},"content":{"rendered":"<ol>\n<li>Merke: MOC<\/li>\n<li>Kj\u00f8nn: Unisex<\/li>\n<li>Name: HXD1 Chinese Electric Locomotive Train<\/li>\n<li>Aldersgruppe: &gt; 6 \u00e5r gammel<\/li>\n<li>Model Number: 78798<\/li>\n<li>Klassifisering: Montering<\/li>\n<li>Plastblokkform: Selvl\u00e5sende murstein<\/li>\n<li>Materiale: Plast<\/li>\n<li>Plasttype: ABS<\/li>\n<li>Bricks Blocks:456 PCS<\/li>\n<li>Vekt: 400g<\/li>\n<li>Inneholder detaljerte monteringsanvisninger.<\/li>\n<\/ol>\n<p>Legge merke til:<br \/>\n1. Uten original eske, men vi garanterer at v\u00e5re produkter har kvalitetssikring og pen emballasje.<br \/>\n2. Som alle delene vi har sjekket f\u00f8r frakt, s\u00e5 hvis du finner noen deler savnet eller skadet, ikke bekymre deg og bare kontakt oss, s\u00e5 kan vi sende dem til deg p\u00e5 nytt umiddelbart gratis.<\/p>\n<figure id=\"attachment_38582\" aria-describedby=\"caption-attachment-38582\" style=\"width: 1004px\" class=\"wp-caption aligncenter\"><img fetchpriority=\"high\" decoding=\"async\" class=\"wp-image-38582 size-full\" src=\"https:\/\/mouldking.store\/wp-content\/uploads\/2022\/12\/MOC-78798-Technic-HXD1-Chinese-Electric-Locomotive-Train-MOC-FACTORY.png\" alt=\"MOC-78798 HXD1 Chinese Electric Locomotive Train With 456 Pieces\" width=\"1004\" height=\"1004\" title=\"-\" srcset=\"https:\/\/mouldking.store\/wp-content\/uploads\/2022\/12\/MOC-78798-Technic-HXD1-Chinese-Electric-Locomotive-Train-MOC-FACTORY.png 1004w, https:\/\/mouldking.store\/wp-content\/uploads\/2022\/12\/MOC-78798-Technic-HXD1-Chinese-Electric-Locomotive-Train-MOC-FACTORY-300x300.png 300w, https:\/\/mouldking.store\/wp-content\/uploads\/2022\/12\/MOC-78798-Technic-HXD1-Chinese-Electric-Locomotive-Train-MOC-FACTORY-768x768.png 768w, https:\/\/mouldking.store\/wp-content\/uploads\/2022\/12\/MOC-78798-Technic-HXD1-Chinese-Electric-Locomotive-Train-MOC-FACTORY-600x600.png 600w, https:\/\/mouldking.store\/wp-content\/uploads\/2022\/12\/MOC-78798-Technic-HXD1-Chinese-Electric-Locomotive-Train-MOC-FACTORY-150x150.png 150w, https:\/\/mouldking.store\/wp-content\/uploads\/2022\/12\/MOC-78798-Technic-HXD1-Chinese-Electric-Locomotive-Train-MOC-FACTORY-60x60.png 60w, https:\/\/mouldking.store\/wp-content\/uploads\/2022\/12\/MOC-78798-Technic-HXD1-Chinese-Electric-Locomotive-Train-MOC-FACTORY-90x90.png 90w\" sizes=\"(max-width: 1004px) 100vw, 1004px\" \/><figcaption id=\"caption-attachment-38582\" class=\"wp-caption-text\">MOC-78798 HXD1 kinesisk elektrisk lokomotivtog med 456 stykker<\/figcaption><\/figure>\n<figure id=\"attachment_38583\" aria-describedby=\"caption-attachment-38583\" style=\"width: 1024px\" class=\"wp-caption aligncenter\"><img decoding=\"async\" class=\"wp-image-38583 size-large\" src=\"https:\/\/mouldking.store\/wp-content\/uploads\/2022\/12\/HXD1-Chinese-Electric-Locomotive-Train-MOC-78798-1-1024x1024.jpg\" alt=\"MOC-78798 HXD1 Chinese Electric Locomotive Train With 456 Pieces\" width=\"1024\" height=\"1024\" title=\"-\" srcset=\"https:\/\/mouldking.store\/wp-content\/uploads\/2022\/12\/HXD1-Chinese-Electric-Locomotive-Train-MOC-78798-1-1024x1024.jpg 1024w, https:\/\/mouldking.store\/wp-content\/uploads\/2022\/12\/HXD1-Chinese-Electric-Locomotive-Train-MOC-78798-1-300x300.jpg 300w, https:\/\/mouldking.store\/wp-content\/uploads\/2022\/12\/HXD1-Chinese-Electric-Locomotive-Train-MOC-78798-1-768x768.jpg 768w, https:\/\/mouldking.store\/wp-content\/uploads\/2022\/12\/HXD1-Chinese-Electric-Locomotive-Train-MOC-78798-1-600x600.jpg 600w, https:\/\/mouldking.store\/wp-content\/uploads\/2022\/12\/HXD1-Chinese-Electric-Locomotive-Train-MOC-78798-1-150x150.jpg 150w, https:\/\/mouldking.store\/wp-content\/uploads\/2022\/12\/HXD1-Chinese-Electric-Locomotive-Train-MOC-78798-1-60x60.jpg 60w, https:\/\/mouldking.store\/wp-content\/uploads\/2022\/12\/HXD1-Chinese-Electric-Locomotive-Train-MOC-78798-1-90x90.jpg 90w, https:\/\/mouldking.store\/wp-content\/uploads\/2022\/12\/HXD1-Chinese-Electric-Locomotive-Train-MOC-78798-1.jpg 1100w\" sizes=\"(max-width: 1024px) 100vw, 1024px\" \/><figcaption id=\"caption-attachment-38583\" class=\"wp-caption-text\">MOC-78798 HXD1 kinesisk elektrisk lokomotivtog med 456 stykker<\/figcaption><\/figure>\n<figure id=\"attachment_38584\" aria-describedby=\"caption-attachment-38584\" style=\"width: 1024px\" class=\"wp-caption aligncenter\"><img decoding=\"async\" class=\"wp-image-38584 size-large\" src=\"https:\/\/mouldking.store\/wp-content\/uploads\/2022\/12\/HXD1-Chinese-Electric-Locomotive-Train-MOC-78798-2-1024x1024.jpg\" alt=\"MOC-78798 HXD1 Chinese Electric Locomotive Train With 456 Pieces\" width=\"1024\" height=\"1024\" title=\"-\" srcset=\"https:\/\/mouldking.store\/wp-content\/uploads\/2022\/12\/HXD1-Chinese-Electric-Locomotive-Train-MOC-78798-2-1024x1024.jpg 1024w, https:\/\/mouldking.store\/wp-content\/uploads\/2022\/12\/HXD1-Chinese-Electric-Locomotive-Train-MOC-78798-2-300x300.jpg 300w, https:\/\/mouldking.store\/wp-content\/uploads\/2022\/12\/HXD1-Chinese-Electric-Locomotive-Train-MOC-78798-2-768x768.jpg 768w, https:\/\/mouldking.store\/wp-content\/uploads\/2022\/12\/HXD1-Chinese-Electric-Locomotive-Train-MOC-78798-2-600x600.jpg 600w, https:\/\/mouldking.store\/wp-content\/uploads\/2022\/12\/HXD1-Chinese-Electric-Locomotive-Train-MOC-78798-2-150x150.jpg 150w, https:\/\/mouldking.store\/wp-content\/uploads\/2022\/12\/HXD1-Chinese-Electric-Locomotive-Train-MOC-78798-2-60x60.jpg 60w, https:\/\/mouldking.store\/wp-content\/uploads\/2022\/12\/HXD1-Chinese-Electric-Locomotive-Train-MOC-78798-2-90x90.jpg 90w, https:\/\/mouldking.store\/wp-content\/uploads\/2022\/12\/HXD1-Chinese-Electric-Locomotive-Train-MOC-78798-2.jpg 1100w\" sizes=\"(max-width: 1024px) 100vw, 1024px\" \/><figcaption id=\"caption-attachment-38584\" class=\"wp-caption-text\">MOC-78798 HXD1 kinesisk elektrisk lokomotivtog med 456 stykker<\/figcaption><\/figure>\n<figure id=\"attachment_38585\" aria-describedby=\"caption-attachment-38585\" style=\"width: 1100px\" class=\"wp-caption aligncenter\"><img loading=\"lazy\" decoding=\"async\" class=\"wp-image-38585 size-full\" src=\"https:\/\/mouldking.store\/wp-content\/uploads\/2022\/12\/HXD1-Chinese-Electric-Locomotive-Train-MOC-78798-3.jpg\" alt=\"MOC-78798 HXD1 Chinese Electric Locomotive Train With 456 Pieces\" width=\"1100\" height=\"1100\" title=\"-\" srcset=\"https:\/\/mouldking.store\/wp-content\/uploads\/2022\/12\/HXD1-Chinese-Electric-Locomotive-Train-MOC-78798-3.jpg 1100w, https:\/\/mouldking.store\/wp-content\/uploads\/2022\/12\/HXD1-Chinese-Electric-Locomotive-Train-MOC-78798-3-300x300.jpg 300w, https:\/\/mouldking.store\/wp-content\/uploads\/2022\/12\/HXD1-Chinese-Electric-Locomotive-Train-MOC-78798-3-1024x1024.jpg 1024w, https:\/\/mouldking.store\/wp-content\/uploads\/2022\/12\/HXD1-Chinese-Electric-Locomotive-Train-MOC-78798-3-768x768.jpg 768w, https:\/\/mouldking.store\/wp-content\/uploads\/2022\/12\/HXD1-Chinese-Electric-Locomotive-Train-MOC-78798-3-600x600.jpg 600w, https:\/\/mouldking.store\/wp-content\/uploads\/2022\/12\/HXD1-Chinese-Electric-Locomotive-Train-MOC-78798-3-150x150.jpg 150w, https:\/\/mouldking.store\/wp-content\/uploads\/2022\/12\/HXD1-Chinese-Electric-Locomotive-Train-MOC-78798-3-60x60.jpg 60w, https:\/\/mouldking.store\/wp-content\/uploads\/2022\/12\/HXD1-Chinese-Electric-Locomotive-Train-MOC-78798-3-90x90.jpg 90w\" sizes=\"(max-width: 1100px) 100vw, 1100px\" \/><figcaption id=\"caption-attachment-38585\" class=\"wp-caption-text\">MOC-78798 HXD1 kinesisk elektrisk lokomotivtog med 456 stykker<\/figcaption><\/figure>\n<figure id=\"attachment_38586\" aria-describedby=\"caption-attachment-38586\" style=\"width: 1100px\" class=\"wp-caption aligncenter\"><img loading=\"lazy\" decoding=\"async\" class=\"wp-image-38586 size-full\" src=\"https:\/\/mouldking.store\/wp-content\/uploads\/2022\/12\/HXD1-Chinese-Electric-Locomotive-Train-MOC-78798-5.jpg\" alt=\"MOC-78798 HXD1 Chinese Electric Locomotive Train With 456 Pieces\" width=\"1100\" height=\"1100\" title=\"-\" srcset=\"https:\/\/mouldking.store\/wp-content\/uploads\/2022\/12\/HXD1-Chinese-Electric-Locomotive-Train-MOC-78798-5.jpg 1100w, https:\/\/mouldking.store\/wp-content\/uploads\/2022\/12\/HXD1-Chinese-Electric-Locomotive-Train-MOC-78798-5-300x300.jpg 300w, https:\/\/mouldking.store\/wp-content\/uploads\/2022\/12\/HXD1-Chinese-Electric-Locomotive-Train-MOC-78798-5-1024x1024.jpg 1024w, https:\/\/mouldking.store\/wp-content\/uploads\/2022\/12\/HXD1-Chinese-Electric-Locomotive-Train-MOC-78798-5-768x768.jpg 768w, https:\/\/mouldking.store\/wp-content\/uploads\/2022\/12\/HXD1-Chinese-Electric-Locomotive-Train-MOC-78798-5-600x600.jpg 600w, https:\/\/mouldking.store\/wp-content\/uploads\/2022\/12\/HXD1-Chinese-Electric-Locomotive-Train-MOC-78798-5-150x150.jpg 150w, https:\/\/mouldking.store\/wp-content\/uploads\/2022\/12\/HXD1-Chinese-Electric-Locomotive-Train-MOC-78798-5-60x60.jpg 60w, https:\/\/mouldking.store\/wp-content\/uploads\/2022\/12\/HXD1-Chinese-Electric-Locomotive-Train-MOC-78798-5-90x90.jpg 90w\" sizes=\"(max-width: 1100px) 100vw, 1100px\" \/><figcaption id=\"caption-attachment-38586\" class=\"wp-caption-text\">MOC-78798 HXD1 kinesisk elektrisk lokomotivtog med 456 stykker<\/figcaption><\/figure>\n<figure id=\"attachment_38587\" aria-describedby=\"caption-attachment-38587\" style=\"width: 1024px\" class=\"wp-caption aligncenter\"><img loading=\"lazy\" decoding=\"async\" class=\"wp-image-38587 size-large\" src=\"https:\/\/mouldking.store\/wp-content\/uploads\/2022\/12\/HXD1-Chinese-Electric-Locomotive-Train-MOC-78798-4-1024x1024.jpg\" alt=\"MOC-78798 HXD1 Chinese Electric Locomotive Train With 456 Pieces\" width=\"1024\" height=\"1024\" title=\"-\" srcset=\"https:\/\/mouldking.store\/wp-content\/uploads\/2022\/12\/HXD1-Chinese-Electric-Locomotive-Train-MOC-78798-4-1024x1024.jpg 1024w, https:\/\/mouldking.store\/wp-content\/uploads\/2022\/12\/HXD1-Chinese-Electric-Locomotive-Train-MOC-78798-4-300x300.jpg 300w, https:\/\/mouldking.store\/wp-content\/uploads\/2022\/12\/HXD1-Chinese-Electric-Locomotive-Train-MOC-78798-4-768x768.jpg 768w, https:\/\/mouldking.store\/wp-content\/uploads\/2022\/12\/HXD1-Chinese-Electric-Locomotive-Train-MOC-78798-4-600x600.jpg 600w, https:\/\/mouldking.store\/wp-content\/uploads\/2022\/12\/HXD1-Chinese-Electric-Locomotive-Train-MOC-78798-4-150x150.jpg 150w, https:\/\/mouldking.store\/wp-content\/uploads\/2022\/12\/HXD1-Chinese-Electric-Locomotive-Train-MOC-78798-4-60x60.jpg 60w, https:\/\/mouldking.store\/wp-content\/uploads\/2022\/12\/HXD1-Chinese-Electric-Locomotive-Train-MOC-78798-4-90x90.jpg 90w, https:\/\/mouldking.store\/wp-content\/uploads\/2022\/12\/HXD1-Chinese-Electric-Locomotive-Train-MOC-78798-4.jpg 1100w\" sizes=\"(max-width: 1024px) 100vw, 1024px\" \/><figcaption id=\"caption-attachment-38587\" class=\"wp-caption-text\">MOC-78798 HXD1 kinesisk elektrisk lokomotivtog med 456 stykker<\/figcaption><\/figure>\n<figure id=\"attachment_38588\" aria-describedby=\"caption-attachment-38588\" style=\"width: 1100px\" class=\"wp-caption aligncenter\"><img loading=\"lazy\" decoding=\"async\" class=\"wp-image-38588 size-full\" src=\"https:\/\/mouldking.store\/wp-content\/uploads\/2022\/12\/HXD1-Chinese-Electric-Locomotive-Train-MOC-78798-6.jpg\" alt=\"MOC-78798 HXD1 Chinese Electric Locomotive Train With 456 Pieces\" width=\"1100\" height=\"1100\" title=\"-\" srcset=\"https:\/\/mouldking.store\/wp-content\/uploads\/2022\/12\/HXD1-Chinese-Electric-Locomotive-Train-MOC-78798-6.jpg 1100w, https:\/\/mouldking.store\/wp-content\/uploads\/2022\/12\/HXD1-Chinese-Electric-Locomotive-Train-MOC-78798-6-300x300.jpg 300w, https:\/\/mouldking.store\/wp-content\/uploads\/2022\/12\/HXD1-Chinese-Electric-Locomotive-Train-MOC-78798-6-1024x1024.jpg 1024w, https:\/\/mouldking.store\/wp-content\/uploads\/2022\/12\/HXD1-Chinese-Electric-Locomotive-Train-MOC-78798-6-768x768.jpg 768w, https:\/\/mouldking.store\/wp-content\/uploads\/2022\/12\/HXD1-Chinese-Electric-Locomotive-Train-MOC-78798-6-600x600.jpg 600w, https:\/\/mouldking.store\/wp-content\/uploads\/2022\/12\/HXD1-Chinese-Electric-Locomotive-Train-MOC-78798-6-150x150.jpg 150w, https:\/\/mouldking.store\/wp-content\/uploads\/2022\/12\/HXD1-Chinese-Electric-Locomotive-Train-MOC-78798-6-60x60.jpg 60w, https:\/\/mouldking.store\/wp-content\/uploads\/2022\/12\/HXD1-Chinese-Electric-Locomotive-Train-MOC-78798-6-90x90.jpg 90w\" sizes=\"(max-width: 1100px) 100vw, 1100px\" \/><figcaption id=\"caption-attachment-38588\" class=\"wp-caption-text\">MOC-78798 HXD1 kinesisk elektrisk lokomotivtog med 456 stykker<\/figcaption><\/figure>","protected":false},"excerpt":{"rendered":"<p>Byggeveiledning i pdf<\/p>\n<p>Uten originaleske<\/p>\n<p>Tidsbestemt: 4-8 uker<\/p>","protected":false},"featured_media":38582,"comment_status":"closed","ping_status":"closed","template":"","meta":{"_acf_changed":false},"product_cat":[1357,1406],"product_tag":[6462,9983,9981,9980,9984,2635,9982,430,9979,9985,9978,300],"class_list":["product","first","instock","shipping-taxable","purchasable","product-type-simple"],"acf":[],"_links":{"self":[{"href":"https:\/\/mouldking.store\/nb\/wp-json\/wp\/v2\/product\/38581","targetHints":{"allow":["GET"]}}],"collection":[{"href":"https:\/\/mouldking.store\/nb\/wp-json\/wp\/v2\/product"}],"about":[{"href":"https:\/\/mouldking.store\/nb\/wp-json\/wp\/v2\/types\/product"}],"replies":[{"embeddable":true,"href":"https:\/\/mouldking.store\/nb\/wp-json\/wp\/v2\/comments?post=38581"}],"wp:featuredmedia":[{"embeddable":true,"href":"https:\/\/mouldking.store\/nb\/wp-json\/wp\/v2\/media\/38582"}],"wp:attachment":[{"href":"https:\/\/mouldking.store\/nb\/wp-json\/wp\/v2\/media?parent=38581"}],"wp:term":[{"taxonomy":"product_cat","embeddable":true,"href":"https:\/\/mouldking.store\/nb\/wp-json\/wp\/v2\/product_cat?post=38581"},{"taxonomy":"product_tag","embeddable":true,"href":"https:\/\/mouldking.store\/nb\/wp-json\/wp\/v2\/product_tag?post=38581"}],"curies":[{"name":"wp","href":"https:\/\/api.w.org\/{rel}","templated":true}]}}