{"id":38597,"date":"2022-12-22T17:22:40","date_gmt":"2022-12-22T10:22:40","guid":{"rendered":"https:\/\/mouldking.store\/?post_type=product&#038;p=38597"},"modified":"2025-12-25T09:11:58","modified_gmt":"2025-12-25T02:11:58","slug":"moc-116513-bull-headed-longship-with-313-pieces","status":"publish","type":"product","link":"https:\/\/mouldking.store\/nb\/shop\/moc-116513-bull-headed-longship-with-313-pieces\/","title":{"rendered":"MOC-116513 Oksehodet langskip med 313 deler"},"content":{"rendered":"<ol>\n<li>Merke: MOC<\/li>\n<li>Kj\u00f8nn: Unisex<\/li>\n<li>Name: Bull Headed Longship<\/li>\n<li>Aldersgruppe: &gt; 6 \u00e5r gammel<\/li>\n<li>Model Number: 116513<\/li>\n<li>Klassifisering: Montering<\/li>\n<li>Plastblokkform: Selvl\u00e5sende murstein<\/li>\n<li>Materiale: Plast<\/li>\n<li>Plasttype: ABS<\/li>\n<li>Bricks Blocks:313 PCS<\/li>\n<li>Weight:250g<\/li>\n<li>Inneholder detaljerte monteringsanvisninger.<\/li>\n<\/ol>\n<p>Legge merke til:<br \/>\n1. Uten original eske, men vi garanterer at v\u00e5re produkter har kvalitetssikring og pen emballasje.<br \/>\n2. Som alle delene vi har sjekket f\u00f8r frakt, s\u00e5 hvis du finner noen deler savnet eller skadet, ikke bekymre deg og bare kontakt oss, s\u00e5 kan vi sende dem til deg p\u00e5 nytt umiddelbart gratis.<\/p>\n<figure id=\"attachment_38598\" aria-describedby=\"caption-attachment-38598\" style=\"width: 1004px\" class=\"wp-caption aligncenter\"><img fetchpriority=\"high\" decoding=\"async\" class=\"wp-image-38598 size-full\" src=\"https:\/\/mouldking.store\/wp-content\/uploads\/2022\/12\/MOC-116513-Creator-Bull-Headed-Longship-MOC-FACTORY.png\" alt=\"MOC-116513 Bull Headed Longship With 313 Pieces\" width=\"1004\" height=\"1004\" title=\"-\" srcset=\"https:\/\/mouldking.store\/wp-content\/uploads\/2022\/12\/MOC-116513-Creator-Bull-Headed-Longship-MOC-FACTORY.png 1004w, https:\/\/mouldking.store\/wp-content\/uploads\/2022\/12\/MOC-116513-Creator-Bull-Headed-Longship-MOC-FACTORY-300x300.png 300w, https:\/\/mouldking.store\/wp-content\/uploads\/2022\/12\/MOC-116513-Creator-Bull-Headed-Longship-MOC-FACTORY-768x768.png 768w, https:\/\/mouldking.store\/wp-content\/uploads\/2022\/12\/MOC-116513-Creator-Bull-Headed-Longship-MOC-FACTORY-600x600.png 600w, https:\/\/mouldking.store\/wp-content\/uploads\/2022\/12\/MOC-116513-Creator-Bull-Headed-Longship-MOC-FACTORY-150x150.png 150w, https:\/\/mouldking.store\/wp-content\/uploads\/2022\/12\/MOC-116513-Creator-Bull-Headed-Longship-MOC-FACTORY-60x60.png 60w, https:\/\/mouldking.store\/wp-content\/uploads\/2022\/12\/MOC-116513-Creator-Bull-Headed-Longship-MOC-FACTORY-90x90.png 90w\" sizes=\"(max-width: 1004px) 100vw, 1004px\" \/><figcaption id=\"caption-attachment-38598\" class=\"wp-caption-text\">MOC-116513 Oksehodet langskip med 313 deler<\/figcaption><\/figure>\n<figure id=\"attachment_38599\" aria-describedby=\"caption-attachment-38599\" style=\"width: 1024px\" class=\"wp-caption aligncenter\"><img decoding=\"async\" class=\"wp-image-38599 size-large\" src=\"https:\/\/mouldking.store\/wp-content\/uploads\/2022\/12\/Bull-Headed-Longship-MOC-116513-1-1024x1024.jpg\" alt=\"MOC-116513 Bull Headed Longship With 313 Pieces\" width=\"1024\" height=\"1024\" title=\"-\" srcset=\"https:\/\/mouldking.store\/wp-content\/uploads\/2022\/12\/Bull-Headed-Longship-MOC-116513-1-1024x1024.jpg 1024w, https:\/\/mouldking.store\/wp-content\/uploads\/2022\/12\/Bull-Headed-Longship-MOC-116513-1-300x300.jpg 300w, https:\/\/mouldking.store\/wp-content\/uploads\/2022\/12\/Bull-Headed-Longship-MOC-116513-1-768x768.jpg 768w, https:\/\/mouldking.store\/wp-content\/uploads\/2022\/12\/Bull-Headed-Longship-MOC-116513-1-600x600.jpg 600w, https:\/\/mouldking.store\/wp-content\/uploads\/2022\/12\/Bull-Headed-Longship-MOC-116513-1-150x150.jpg 150w, https:\/\/mouldking.store\/wp-content\/uploads\/2022\/12\/Bull-Headed-Longship-MOC-116513-1-60x60.jpg 60w, https:\/\/mouldking.store\/wp-content\/uploads\/2022\/12\/Bull-Headed-Longship-MOC-116513-1-90x90.jpg 90w, https:\/\/mouldking.store\/wp-content\/uploads\/2022\/12\/Bull-Headed-Longship-MOC-116513-1.jpg 1100w\" sizes=\"(max-width: 1024px) 100vw, 1024px\" \/><figcaption id=\"caption-attachment-38599\" class=\"wp-caption-text\">MOC-116513 Oksehodet langskip med 313 deler<\/figcaption><\/figure>\n<figure id=\"attachment_38600\" aria-describedby=\"caption-attachment-38600\" style=\"width: 1100px\" class=\"wp-caption aligncenter\"><img decoding=\"async\" class=\"wp-image-38600 size-full\" src=\"https:\/\/mouldking.store\/wp-content\/uploads\/2022\/12\/Bull-Headed-Longship-MOC-116513-2.jpg\" alt=\"MOC-116513 Bull Headed Longship With 313 Pieces\" width=\"1100\" height=\"1100\" title=\"-\" srcset=\"https:\/\/mouldking.store\/wp-content\/uploads\/2022\/12\/Bull-Headed-Longship-MOC-116513-2.jpg 1100w, https:\/\/mouldking.store\/wp-content\/uploads\/2022\/12\/Bull-Headed-Longship-MOC-116513-2-300x300.jpg 300w, https:\/\/mouldking.store\/wp-content\/uploads\/2022\/12\/Bull-Headed-Longship-MOC-116513-2-1024x1024.jpg 1024w, https:\/\/mouldking.store\/wp-content\/uploads\/2022\/12\/Bull-Headed-Longship-MOC-116513-2-768x768.jpg 768w, https:\/\/mouldking.store\/wp-content\/uploads\/2022\/12\/Bull-Headed-Longship-MOC-116513-2-600x600.jpg 600w, https:\/\/mouldking.store\/wp-content\/uploads\/2022\/12\/Bull-Headed-Longship-MOC-116513-2-150x150.jpg 150w, https:\/\/mouldking.store\/wp-content\/uploads\/2022\/12\/Bull-Headed-Longship-MOC-116513-2-60x60.jpg 60w, https:\/\/mouldking.store\/wp-content\/uploads\/2022\/12\/Bull-Headed-Longship-MOC-116513-2-90x90.jpg 90w\" sizes=\"(max-width: 1100px) 100vw, 1100px\" \/><figcaption id=\"caption-attachment-38600\" class=\"wp-caption-text\">MOC-116513 Oksehodet langskip med 313 deler<\/figcaption><\/figure>\n<figure id=\"attachment_38601\" aria-describedby=\"caption-attachment-38601\" style=\"width: 1100px\" class=\"wp-caption aligncenter\"><img loading=\"lazy\" decoding=\"async\" class=\"wp-image-38601 size-full\" src=\"https:\/\/mouldking.store\/wp-content\/uploads\/2022\/12\/Bull-Headed-Longship-MOC-116513-3.jpg\" alt=\"MOC-116513 Bull Headed Longship With 313 Pieces\" width=\"1100\" height=\"1100\" title=\"-\" srcset=\"https:\/\/mouldking.store\/wp-content\/uploads\/2022\/12\/Bull-Headed-Longship-MOC-116513-3.jpg 1100w, https:\/\/mouldking.store\/wp-content\/uploads\/2022\/12\/Bull-Headed-Longship-MOC-116513-3-300x300.jpg 300w, https:\/\/mouldking.store\/wp-content\/uploads\/2022\/12\/Bull-Headed-Longship-MOC-116513-3-1024x1024.jpg 1024w, https:\/\/mouldking.store\/wp-content\/uploads\/2022\/12\/Bull-Headed-Longship-MOC-116513-3-768x768.jpg 768w, https:\/\/mouldking.store\/wp-content\/uploads\/2022\/12\/Bull-Headed-Longship-MOC-116513-3-600x600.jpg 600w, https:\/\/mouldking.store\/wp-content\/uploads\/2022\/12\/Bull-Headed-Longship-MOC-116513-3-150x150.jpg 150w, https:\/\/mouldking.store\/wp-content\/uploads\/2022\/12\/Bull-Headed-Longship-MOC-116513-3-60x60.jpg 60w, https:\/\/mouldking.store\/wp-content\/uploads\/2022\/12\/Bull-Headed-Longship-MOC-116513-3-90x90.jpg 90w\" sizes=\"(max-width: 1100px) 100vw, 1100px\" \/><figcaption id=\"caption-attachment-38601\" class=\"wp-caption-text\">MOC-116513 Oksehodet langskip med 313 deler<\/figcaption><\/figure>\n<figure id=\"attachment_38602\" aria-describedby=\"caption-attachment-38602\" style=\"width: 1024px\" class=\"wp-caption aligncenter\"><img loading=\"lazy\" decoding=\"async\" class=\"wp-image-38602 size-large\" src=\"https:\/\/mouldking.store\/wp-content\/uploads\/2022\/12\/Bull-Headed-Longship-MOC-116513-5-1024x1024.jpg\" alt=\"MOC-116513 Bull Headed Longship With 313 Pieces\" width=\"1024\" height=\"1024\" title=\"-\" srcset=\"https:\/\/mouldking.store\/wp-content\/uploads\/2022\/12\/Bull-Headed-Longship-MOC-116513-5-1024x1024.jpg 1024w, https:\/\/mouldking.store\/wp-content\/uploads\/2022\/12\/Bull-Headed-Longship-MOC-116513-5-300x300.jpg 300w, https:\/\/mouldking.store\/wp-content\/uploads\/2022\/12\/Bull-Headed-Longship-MOC-116513-5-768x768.jpg 768w, https:\/\/mouldking.store\/wp-content\/uploads\/2022\/12\/Bull-Headed-Longship-MOC-116513-5-600x600.jpg 600w, https:\/\/mouldking.store\/wp-content\/uploads\/2022\/12\/Bull-Headed-Longship-MOC-116513-5-150x150.jpg 150w, https:\/\/mouldking.store\/wp-content\/uploads\/2022\/12\/Bull-Headed-Longship-MOC-116513-5-60x60.jpg 60w, https:\/\/mouldking.store\/wp-content\/uploads\/2022\/12\/Bull-Headed-Longship-MOC-116513-5-90x90.jpg 90w, https:\/\/mouldking.store\/wp-content\/uploads\/2022\/12\/Bull-Headed-Longship-MOC-116513-5.jpg 1100w\" sizes=\"(max-width: 1024px) 100vw, 1024px\" \/><figcaption id=\"caption-attachment-38602\" class=\"wp-caption-text\">MOC-116513 Oksehodet langskip med 313 deler<\/figcaption><\/figure>\n<figure id=\"attachment_38603\" aria-describedby=\"caption-attachment-38603\" style=\"width: 1024px\" class=\"wp-caption aligncenter\"><img loading=\"lazy\" decoding=\"async\" class=\"wp-image-38603 size-large\" src=\"https:\/\/mouldking.store\/wp-content\/uploads\/2022\/12\/Bull-Headed-Longship-MOC-116513-4-1024x1024.jpg\" alt=\"MOC-116513 Bull Headed Longship With 313 Pieces\" width=\"1024\" height=\"1024\" title=\"-\" srcset=\"https:\/\/mouldking.store\/wp-content\/uploads\/2022\/12\/Bull-Headed-Longship-MOC-116513-4-1024x1024.jpg 1024w, https:\/\/mouldking.store\/wp-content\/uploads\/2022\/12\/Bull-Headed-Longship-MOC-116513-4-300x300.jpg 300w, https:\/\/mouldking.store\/wp-content\/uploads\/2022\/12\/Bull-Headed-Longship-MOC-116513-4-768x768.jpg 768w, https:\/\/mouldking.store\/wp-content\/uploads\/2022\/12\/Bull-Headed-Longship-MOC-116513-4-600x600.jpg 600w, https:\/\/mouldking.store\/wp-content\/uploads\/2022\/12\/Bull-Headed-Longship-MOC-116513-4-150x150.jpg 150w, https:\/\/mouldking.store\/wp-content\/uploads\/2022\/12\/Bull-Headed-Longship-MOC-116513-4-60x60.jpg 60w, https:\/\/mouldking.store\/wp-content\/uploads\/2022\/12\/Bull-Headed-Longship-MOC-116513-4-90x90.jpg 90w, https:\/\/mouldking.store\/wp-content\/uploads\/2022\/12\/Bull-Headed-Longship-MOC-116513-4.jpg 1100w\" sizes=\"(max-width: 1024px) 100vw, 1024px\" \/><figcaption id=\"caption-attachment-38603\" class=\"wp-caption-text\">MOC-116513 Oksehodet langskip med 313 deler<\/figcaption><\/figure>\n<figure id=\"attachment_38604\" aria-describedby=\"caption-attachment-38604\" style=\"width: 1024px\" class=\"wp-caption aligncenter\"><img loading=\"lazy\" decoding=\"async\" class=\"wp-image-38604 size-large\" src=\"https:\/\/mouldking.store\/wp-content\/uploads\/2022\/12\/Bull-Headed-Longship-MOC-116513-6-1024x1024.jpg\" alt=\"MOC-116513 Bull Headed Longship With 313 Pieces\" width=\"1024\" height=\"1024\" title=\"-\" srcset=\"https:\/\/mouldking.store\/wp-content\/uploads\/2022\/12\/Bull-Headed-Longship-MOC-116513-6-1024x1024.jpg 1024w, https:\/\/mouldking.store\/wp-content\/uploads\/2022\/12\/Bull-Headed-Longship-MOC-116513-6-300x300.jpg 300w, https:\/\/mouldking.store\/wp-content\/uploads\/2022\/12\/Bull-Headed-Longship-MOC-116513-6-768x768.jpg 768w, https:\/\/mouldking.store\/wp-content\/uploads\/2022\/12\/Bull-Headed-Longship-MOC-116513-6-600x600.jpg 600w, https:\/\/mouldking.store\/wp-content\/uploads\/2022\/12\/Bull-Headed-Longship-MOC-116513-6-150x150.jpg 150w, https:\/\/mouldking.store\/wp-content\/uploads\/2022\/12\/Bull-Headed-Longship-MOC-116513-6-60x60.jpg 60w, https:\/\/mouldking.store\/wp-content\/uploads\/2022\/12\/Bull-Headed-Longship-MOC-116513-6-90x90.jpg 90w, https:\/\/mouldking.store\/wp-content\/uploads\/2022\/12\/Bull-Headed-Longship-MOC-116513-6.jpg 1100w\" sizes=\"(max-width: 1024px) 100vw, 1024px\" \/><figcaption id=\"caption-attachment-38604\" class=\"wp-caption-text\">MOC-116513 Oksehodet langskip med 313 deler<\/figcaption><\/figure>","protected":false},"excerpt":{"rendered":"<p>Byggeveiledning i pdf<\/p>\n<p>Uten originaleske<\/p>\n<p>Tidsbestemt: 4-8 uker<\/p>","protected":false},"featured_media":38598,"comment_status":"closed","ping_status":"closed","template":"","meta":{"_acf_changed":false},"product_cat":[1365,1406],"product_tag":[9994,9995,9996,6105,430,9993,9997,9992],"class_list":["product","first","instock","shipping-taxable","purchasable","product-type-simple"],"acf":[],"_links":{"self":[{"href":"https:\/\/mouldking.store\/nb\/wp-json\/wp\/v2\/product\/38597","targetHints":{"allow":["GET"]}}],"collection":[{"href":"https:\/\/mouldking.store\/nb\/wp-json\/wp\/v2\/product"}],"about":[{"href":"https:\/\/mouldking.store\/nb\/wp-json\/wp\/v2\/types\/product"}],"replies":[{"embeddable":true,"href":"https:\/\/mouldking.store\/nb\/wp-json\/wp\/v2\/comments?post=38597"}],"wp:featuredmedia":[{"embeddable":true,"href":"https:\/\/mouldking.store\/nb\/wp-json\/wp\/v2\/media\/38598"}],"wp:attachment":[{"href":"https:\/\/mouldking.store\/nb\/wp-json\/wp\/v2\/media?parent=38597"}],"wp:term":[{"taxonomy":"product_cat","embeddable":true,"href":"https:\/\/mouldking.store\/nb\/wp-json\/wp\/v2\/product_cat?post=38597"},{"taxonomy":"product_tag","embeddable":true,"href":"https:\/\/mouldking.store\/nb\/wp-json\/wp\/v2\/product_tag?post=38597"}],"curies":[{"name":"wp","href":"https:\/\/api.w.org\/{rel}","templated":true}]}}