{"id":38638,"date":"2022-12-22T18:00:17","date_gmt":"2022-12-22T11:00:17","guid":{"rendered":"https:\/\/mouldking.store\/?post_type=product&#038;p=38638"},"modified":"2025-12-25T09:11:57","modified_gmt":"2025-12-25T02:11:57","slug":"moc-87567-bell-towers-with-1360-pieces","status":"publish","type":"product","link":"https:\/\/mouldking.store\/nb\/shop\/moc-87567-bell-towers-with-1360-pieces\/","title":{"rendered":"MOC-87567 Klokket\u00e5rn med 1360 deler"},"content":{"rendered":"<ol>\n<li>Merke: MOC<\/li>\n<li>Kj\u00f8nn: Unisex<\/li>\n<li>Navn: Klokket\u00e5rn<\/li>\n<li>Aldersgruppe: &gt; 6 \u00e5r gammel<\/li>\n<li>Modellnummer: 87567<\/li>\n<li>Klassifisering: Montering<\/li>\n<li>Plastblokkform: Selvl\u00e5sende murstein<\/li>\n<li>Materiale: Plast<\/li>\n<li>Plasttype: ABS<\/li>\n<li>Mursteinblokker:1360 STK<\/li>\n<li>Vekt: 1500g<\/li>\n<li>Inneholder detaljerte monteringsanvisninger.<\/li>\n<\/ol>\n<p>Legge merke til:<br \/>\n1. Uten original eske, men vi garanterer at v\u00e5re produkter har kvalitetssikring og pen emballasje.<br \/>\n2. Som alle delene vi har sjekket f\u00f8r frakt, s\u00e5 hvis du finner noen deler savnet eller skadet, ikke bekymre deg og bare kontakt oss, s\u00e5 kan vi sende dem til deg p\u00e5 nytt umiddelbart gratis.<\/p>\n<figure id=\"attachment_38639\" aria-describedby=\"caption-attachment-38639\" style=\"width: 1004px\" class=\"wp-caption aligncenter\"><img fetchpriority=\"high\" decoding=\"async\" class=\"wp-image-38639 size-full\" src=\"https:\/\/mouldking.store\/wp-content\/uploads\/2022\/12\/MOC-87567-Movie-Bell-Towers-MOC-FACTORY.png\" alt=\"MOC-87567 Bell Towers With 1360 Pieces\" width=\"1004\" height=\"1004\" title=\"-\" srcset=\"https:\/\/mouldking.store\/wp-content\/uploads\/2022\/12\/MOC-87567-Movie-Bell-Towers-MOC-FACTORY.png 1004w, https:\/\/mouldking.store\/wp-content\/uploads\/2022\/12\/MOC-87567-Movie-Bell-Towers-MOC-FACTORY-300x300.png 300w, https:\/\/mouldking.store\/wp-content\/uploads\/2022\/12\/MOC-87567-Movie-Bell-Towers-MOC-FACTORY-768x768.png 768w, https:\/\/mouldking.store\/wp-content\/uploads\/2022\/12\/MOC-87567-Movie-Bell-Towers-MOC-FACTORY-600x600.png 600w, https:\/\/mouldking.store\/wp-content\/uploads\/2022\/12\/MOC-87567-Movie-Bell-Towers-MOC-FACTORY-150x150.png 150w, https:\/\/mouldking.store\/wp-content\/uploads\/2022\/12\/MOC-87567-Movie-Bell-Towers-MOC-FACTORY-60x60.png 60w, https:\/\/mouldking.store\/wp-content\/uploads\/2022\/12\/MOC-87567-Movie-Bell-Towers-MOC-FACTORY-90x90.png 90w\" sizes=\"(max-width: 1004px) 100vw, 1004px\" \/><figcaption id=\"caption-attachment-38639\" class=\"wp-caption-text\">MOC-87567 Klokket\u00e5rn med 1360 deler<\/figcaption><\/figure>\n<figure id=\"attachment_38640\" aria-describedby=\"caption-attachment-38640\" style=\"width: 1024px\" class=\"wp-caption aligncenter\"><img decoding=\"async\" class=\"wp-image-38640 size-large\" src=\"https:\/\/mouldking.store\/wp-content\/uploads\/2022\/12\/Bell-Towers-MOC-87567-1-1024x1024.jpg\" alt=\"MOC-87567 Bell Towers With 1360 Pieces\" width=\"1024\" height=\"1024\" title=\"-\" srcset=\"https:\/\/mouldking.store\/wp-content\/uploads\/2022\/12\/Bell-Towers-MOC-87567-1-1024x1024.jpg 1024w, https:\/\/mouldking.store\/wp-content\/uploads\/2022\/12\/Bell-Towers-MOC-87567-1-300x300.jpg 300w, https:\/\/mouldking.store\/wp-content\/uploads\/2022\/12\/Bell-Towers-MOC-87567-1-768x768.jpg 768w, https:\/\/mouldking.store\/wp-content\/uploads\/2022\/12\/Bell-Towers-MOC-87567-1-600x600.jpg 600w, https:\/\/mouldking.store\/wp-content\/uploads\/2022\/12\/Bell-Towers-MOC-87567-1-150x150.jpg 150w, https:\/\/mouldking.store\/wp-content\/uploads\/2022\/12\/Bell-Towers-MOC-87567-1-60x60.jpg 60w, https:\/\/mouldking.store\/wp-content\/uploads\/2022\/12\/Bell-Towers-MOC-87567-1-90x90.jpg 90w, https:\/\/mouldking.store\/wp-content\/uploads\/2022\/12\/Bell-Towers-MOC-87567-1.jpg 1100w\" sizes=\"(max-width: 1024px) 100vw, 1024px\" \/><figcaption id=\"caption-attachment-38640\" class=\"wp-caption-text\">MOC-87567 Klokket\u00e5rn med 1360 deler<\/figcaption><\/figure>\n<figure id=\"attachment_38641\" aria-describedby=\"caption-attachment-38641\" style=\"width: 1024px\" class=\"wp-caption aligncenter\"><img decoding=\"async\" class=\"wp-image-38641 size-large\" src=\"https:\/\/mouldking.store\/wp-content\/uploads\/2022\/12\/Bell-Towers-MOC-87567-2-1024x1024.jpg\" alt=\"MOC-87567 Bell Towers With 1360 Pieces\" width=\"1024\" height=\"1024\" title=\"-\" srcset=\"https:\/\/mouldking.store\/wp-content\/uploads\/2022\/12\/Bell-Towers-MOC-87567-2-1024x1024.jpg 1024w, https:\/\/mouldking.store\/wp-content\/uploads\/2022\/12\/Bell-Towers-MOC-87567-2-300x300.jpg 300w, https:\/\/mouldking.store\/wp-content\/uploads\/2022\/12\/Bell-Towers-MOC-87567-2-768x768.jpg 768w, https:\/\/mouldking.store\/wp-content\/uploads\/2022\/12\/Bell-Towers-MOC-87567-2-600x600.jpg 600w, https:\/\/mouldking.store\/wp-content\/uploads\/2022\/12\/Bell-Towers-MOC-87567-2-150x150.jpg 150w, https:\/\/mouldking.store\/wp-content\/uploads\/2022\/12\/Bell-Towers-MOC-87567-2-60x60.jpg 60w, https:\/\/mouldking.store\/wp-content\/uploads\/2022\/12\/Bell-Towers-MOC-87567-2-90x90.jpg 90w, https:\/\/mouldking.store\/wp-content\/uploads\/2022\/12\/Bell-Towers-MOC-87567-2.jpg 1100w\" sizes=\"(max-width: 1024px) 100vw, 1024px\" \/><figcaption id=\"caption-attachment-38641\" class=\"wp-caption-text\">MOC-87567 Klokket\u00e5rn med 1360 deler<\/figcaption><\/figure>\n<figure id=\"attachment_38642\" aria-describedby=\"caption-attachment-38642\" style=\"width: 1024px\" class=\"wp-caption aligncenter\"><img loading=\"lazy\" decoding=\"async\" class=\"wp-image-38642 size-large\" src=\"https:\/\/mouldking.store\/wp-content\/uploads\/2022\/12\/Bell-Towers-MOC-87567-3-1024x1024.jpg\" alt=\"MOC-87567 Bell Towers With 1360 Pieces\" width=\"1024\" height=\"1024\" title=\"-\" srcset=\"https:\/\/mouldking.store\/wp-content\/uploads\/2022\/12\/Bell-Towers-MOC-87567-3-1024x1024.jpg 1024w, https:\/\/mouldking.store\/wp-content\/uploads\/2022\/12\/Bell-Towers-MOC-87567-3-300x300.jpg 300w, https:\/\/mouldking.store\/wp-content\/uploads\/2022\/12\/Bell-Towers-MOC-87567-3-768x768.jpg 768w, https:\/\/mouldking.store\/wp-content\/uploads\/2022\/12\/Bell-Towers-MOC-87567-3-600x600.jpg 600w, https:\/\/mouldking.store\/wp-content\/uploads\/2022\/12\/Bell-Towers-MOC-87567-3-150x150.jpg 150w, https:\/\/mouldking.store\/wp-content\/uploads\/2022\/12\/Bell-Towers-MOC-87567-3-60x60.jpg 60w, https:\/\/mouldking.store\/wp-content\/uploads\/2022\/12\/Bell-Towers-MOC-87567-3-90x90.jpg 90w, https:\/\/mouldking.store\/wp-content\/uploads\/2022\/12\/Bell-Towers-MOC-87567-3.jpg 1100w\" sizes=\"(max-width: 1024px) 100vw, 1024px\" \/><figcaption id=\"caption-attachment-38642\" class=\"wp-caption-text\">MOC-87567 Klokket\u00e5rn med 1360 deler<\/figcaption><\/figure>\n<figure id=\"attachment_38643\" aria-describedby=\"caption-attachment-38643\" style=\"width: 1024px\" class=\"wp-caption aligncenter\"><img loading=\"lazy\" decoding=\"async\" class=\"wp-image-38643 size-large\" src=\"https:\/\/mouldking.store\/wp-content\/uploads\/2022\/12\/Bell-Towers-MOC-87567-4-1024x1024.jpg\" alt=\"MOC-87567 Bell Towers With 1360 Pieces\" width=\"1024\" height=\"1024\" title=\"-\" srcset=\"https:\/\/mouldking.store\/wp-content\/uploads\/2022\/12\/Bell-Towers-MOC-87567-4-1024x1024.jpg 1024w, https:\/\/mouldking.store\/wp-content\/uploads\/2022\/12\/Bell-Towers-MOC-87567-4-300x300.jpg 300w, https:\/\/mouldking.store\/wp-content\/uploads\/2022\/12\/Bell-Towers-MOC-87567-4-768x768.jpg 768w, https:\/\/mouldking.store\/wp-content\/uploads\/2022\/12\/Bell-Towers-MOC-87567-4-600x600.jpg 600w, https:\/\/mouldking.store\/wp-content\/uploads\/2022\/12\/Bell-Towers-MOC-87567-4-150x150.jpg 150w, https:\/\/mouldking.store\/wp-content\/uploads\/2022\/12\/Bell-Towers-MOC-87567-4-60x60.jpg 60w, https:\/\/mouldking.store\/wp-content\/uploads\/2022\/12\/Bell-Towers-MOC-87567-4-90x90.jpg 90w, https:\/\/mouldking.store\/wp-content\/uploads\/2022\/12\/Bell-Towers-MOC-87567-4.jpg 1100w\" sizes=\"(max-width: 1024px) 100vw, 1024px\" \/><figcaption id=\"caption-attachment-38643\" class=\"wp-caption-text\">MOC-87567 Klokket\u00e5rn med 1360 deler<\/figcaption><\/figure>\n<figure id=\"attachment_38644\" aria-describedby=\"caption-attachment-38644\" style=\"width: 1024px\" class=\"wp-caption aligncenter\"><img loading=\"lazy\" decoding=\"async\" class=\"wp-image-38644 size-large\" src=\"https:\/\/mouldking.store\/wp-content\/uploads\/2022\/12\/Bell-Towers-MOC-87567-5-1024x1024.jpg\" alt=\"MOC-87567 Bell Towers With 1360 Pieces\" width=\"1024\" height=\"1024\" title=\"-\" srcset=\"https:\/\/mouldking.store\/wp-content\/uploads\/2022\/12\/Bell-Towers-MOC-87567-5-1024x1024.jpg 1024w, https:\/\/mouldking.store\/wp-content\/uploads\/2022\/12\/Bell-Towers-MOC-87567-5-300x300.jpg 300w, https:\/\/mouldking.store\/wp-content\/uploads\/2022\/12\/Bell-Towers-MOC-87567-5-768x768.jpg 768w, https:\/\/mouldking.store\/wp-content\/uploads\/2022\/12\/Bell-Towers-MOC-87567-5-600x600.jpg 600w, https:\/\/mouldking.store\/wp-content\/uploads\/2022\/12\/Bell-Towers-MOC-87567-5-150x150.jpg 150w, https:\/\/mouldking.store\/wp-content\/uploads\/2022\/12\/Bell-Towers-MOC-87567-5-60x60.jpg 60w, https:\/\/mouldking.store\/wp-content\/uploads\/2022\/12\/Bell-Towers-MOC-87567-5-90x90.jpg 90w, https:\/\/mouldking.store\/wp-content\/uploads\/2022\/12\/Bell-Towers-MOC-87567-5.jpg 1100w\" sizes=\"(max-width: 1024px) 100vw, 1024px\" \/><figcaption id=\"caption-attachment-38644\" class=\"wp-caption-text\">MOC-87567 Klokket\u00e5rn med 1360 deler<\/figcaption><\/figure>","protected":false},"excerpt":{"rendered":"<p>Byggeveiledning i pdf<\/p>\n<p>Uten originaleske<\/p>\n<p>Tidsbestemt: 4-8 uker<\/p>","protected":false},"featured_media":38639,"comment_status":"closed","ping_status":"closed","template":"","meta":{"_acf_changed":false},"product_cat":[1395,1406,1408],"product_tag":[10033,10035,430,10032,10036,10031,10034],"class_list":["product","first","instock","shipping-taxable","purchasable","product-type-simple"],"acf":[],"_links":{"self":[{"href":"https:\/\/mouldking.store\/nb\/wp-json\/wp\/v2\/product\/38638","targetHints":{"allow":["GET"]}}],"collection":[{"href":"https:\/\/mouldking.store\/nb\/wp-json\/wp\/v2\/product"}],"about":[{"href":"https:\/\/mouldking.store\/nb\/wp-json\/wp\/v2\/types\/product"}],"replies":[{"embeddable":true,"href":"https:\/\/mouldking.store\/nb\/wp-json\/wp\/v2\/comments?post=38638"}],"wp:featuredmedia":[{"embeddable":true,"href":"https:\/\/mouldking.store\/nb\/wp-json\/wp\/v2\/media\/38639"}],"wp:attachment":[{"href":"https:\/\/mouldking.store\/nb\/wp-json\/wp\/v2\/media?parent=38638"}],"wp:term":[{"taxonomy":"product_cat","embeddable":true,"href":"https:\/\/mouldking.store\/nb\/wp-json\/wp\/v2\/product_cat?post=38638"},{"taxonomy":"product_tag","embeddable":true,"href":"https:\/\/mouldking.store\/nb\/wp-json\/wp\/v2\/product_tag?post=38638"}],"curies":[{"name":"wp","href":"https:\/\/api.w.org\/{rel}","templated":true}]}}