{"id":38646,"date":"2022-12-22T18:07:00","date_gmt":"2022-12-22T11:07:00","guid":{"rendered":"https:\/\/mouldking.store\/?post_type=product&#038;p=38646"},"modified":"2025-12-25T09:11:57","modified_gmt":"2025-12-25T02:11:57","slug":"moc-74217-gringotts-magic-movie-scene-bank-with-2060-pieces","status":"publish","type":"product","link":"https:\/\/mouldking.store\/nb\/shop\/moc-74217-gringotts-magic-movie-scene-bank-with-2060-pieces\/","title":{"rendered":"MOC-74217 Gringotts magiske filmscenebank med 2060 deler"},"content":{"rendered":"<ol>\n<li>Merke: MOC<\/li>\n<li>Kj\u00f8nn: Unisex<\/li>\n<li>Navn: Gringotts Magic Movie Scene Bank<\/li>\n<li>Aldersgruppe: &gt; 6 \u00e5r gammel<\/li>\n<li>Modellnummer: 74217<\/li>\n<li>Klassifisering: Montering<\/li>\n<li>Plastblokkform: Selvl\u00e5sende murstein<\/li>\n<li>Materiale: Plast<\/li>\n<li>Plasttype: ABS<\/li>\n<li>Mursteinblokker:2060 STK<\/li>\n<li>Vekt: 2100g<\/li>\n<li>Inneholder detaljerte monteringsanvisninger.<\/li>\n<\/ol>\n<p>Legge merke til:<br \/>\n1. Uten original eske, men vi garanterer at v\u00e5re produkter har kvalitetssikring og pen emballasje.<br \/>\n2. Som alle delene vi har sjekket f\u00f8r frakt, s\u00e5 hvis du finner noen deler savnet eller skadet, ikke bekymre deg og bare kontakt oss, s\u00e5 kan vi sende dem til deg p\u00e5 nytt umiddelbart gratis.<\/p>\n<figure id=\"attachment_38647\" aria-describedby=\"caption-attachment-38647\" style=\"width: 1004px\" class=\"wp-caption aligncenter\"><img fetchpriority=\"high\" decoding=\"async\" class=\"wp-image-38647 size-full\" src=\"https:\/\/mouldking.store\/wp-content\/uploads\/2022\/12\/MOC-74217-Movie-Gringotts-Magic-Movie-Scene-Bank-MOC-FACTORY.png\" alt=\"MOC-74217 Gringotts Magic Movie Scene Bank With 2060 Pieces\" width=\"1004\" height=\"1004\" title=\"-\" srcset=\"https:\/\/mouldking.store\/wp-content\/uploads\/2022\/12\/MOC-74217-Movie-Gringotts-Magic-Movie-Scene-Bank-MOC-FACTORY.png 1004w, https:\/\/mouldking.store\/wp-content\/uploads\/2022\/12\/MOC-74217-Movie-Gringotts-Magic-Movie-Scene-Bank-MOC-FACTORY-300x300.png 300w, https:\/\/mouldking.store\/wp-content\/uploads\/2022\/12\/MOC-74217-Movie-Gringotts-Magic-Movie-Scene-Bank-MOC-FACTORY-768x768.png 768w, https:\/\/mouldking.store\/wp-content\/uploads\/2022\/12\/MOC-74217-Movie-Gringotts-Magic-Movie-Scene-Bank-MOC-FACTORY-600x600.png 600w, https:\/\/mouldking.store\/wp-content\/uploads\/2022\/12\/MOC-74217-Movie-Gringotts-Magic-Movie-Scene-Bank-MOC-FACTORY-150x150.png 150w, https:\/\/mouldking.store\/wp-content\/uploads\/2022\/12\/MOC-74217-Movie-Gringotts-Magic-Movie-Scene-Bank-MOC-FACTORY-60x60.png 60w, https:\/\/mouldking.store\/wp-content\/uploads\/2022\/12\/MOC-74217-Movie-Gringotts-Magic-Movie-Scene-Bank-MOC-FACTORY-90x90.png 90w\" sizes=\"(max-width: 1004px) 100vw, 1004px\" \/><figcaption id=\"caption-attachment-38647\" class=\"wp-caption-text\">MOC-74217 Gringotts magiske filmscenebank med 2060 deler<\/figcaption><\/figure>\n<figure id=\"attachment_38648\" aria-describedby=\"caption-attachment-38648\" style=\"width: 1024px\" class=\"wp-caption aligncenter\"><img decoding=\"async\" class=\"wp-image-38648 size-large\" src=\"https:\/\/mouldking.store\/wp-content\/uploads\/2022\/12\/Gringotts-Magic-Movie-Scene-Bank-MOC-74217-1-1024x1024.jpg\" alt=\"MOC-74217 Gringotts Magic Movie Scene Bank With 2060 Pieces\" width=\"1024\" height=\"1024\" title=\"-\" srcset=\"https:\/\/mouldking.store\/wp-content\/uploads\/2022\/12\/Gringotts-Magic-Movie-Scene-Bank-MOC-74217-1-1024x1024.jpg 1024w, https:\/\/mouldking.store\/wp-content\/uploads\/2022\/12\/Gringotts-Magic-Movie-Scene-Bank-MOC-74217-1-300x300.jpg 300w, https:\/\/mouldking.store\/wp-content\/uploads\/2022\/12\/Gringotts-Magic-Movie-Scene-Bank-MOC-74217-1-768x768.jpg 768w, https:\/\/mouldking.store\/wp-content\/uploads\/2022\/12\/Gringotts-Magic-Movie-Scene-Bank-MOC-74217-1-600x600.jpg 600w, https:\/\/mouldking.store\/wp-content\/uploads\/2022\/12\/Gringotts-Magic-Movie-Scene-Bank-MOC-74217-1-150x150.jpg 150w, https:\/\/mouldking.store\/wp-content\/uploads\/2022\/12\/Gringotts-Magic-Movie-Scene-Bank-MOC-74217-1-60x60.jpg 60w, https:\/\/mouldking.store\/wp-content\/uploads\/2022\/12\/Gringotts-Magic-Movie-Scene-Bank-MOC-74217-1-90x90.jpg 90w, https:\/\/mouldking.store\/wp-content\/uploads\/2022\/12\/Gringotts-Magic-Movie-Scene-Bank-MOC-74217-1.jpg 1100w\" sizes=\"(max-width: 1024px) 100vw, 1024px\" \/><figcaption id=\"caption-attachment-38648\" class=\"wp-caption-text\">MOC-74217 Gringotts magiske filmscenebank med 2060 deler<\/figcaption><\/figure>\n<figure id=\"attachment_38649\" aria-describedby=\"caption-attachment-38649\" style=\"width: 1024px\" class=\"wp-caption aligncenter\"><img decoding=\"async\" class=\"wp-image-38649 size-large\" src=\"https:\/\/mouldking.store\/wp-content\/uploads\/2022\/12\/Gringotts-Magic-Movie-Scene-Bank-MOC-74217-2-1024x1024.jpg\" alt=\"MOC-74217 Gringotts Magic Movie Scene Bank With 2060 Pieces\" width=\"1024\" height=\"1024\" title=\"-\" srcset=\"https:\/\/mouldking.store\/wp-content\/uploads\/2022\/12\/Gringotts-Magic-Movie-Scene-Bank-MOC-74217-2-1024x1024.jpg 1024w, https:\/\/mouldking.store\/wp-content\/uploads\/2022\/12\/Gringotts-Magic-Movie-Scene-Bank-MOC-74217-2-300x300.jpg 300w, https:\/\/mouldking.store\/wp-content\/uploads\/2022\/12\/Gringotts-Magic-Movie-Scene-Bank-MOC-74217-2-768x768.jpg 768w, https:\/\/mouldking.store\/wp-content\/uploads\/2022\/12\/Gringotts-Magic-Movie-Scene-Bank-MOC-74217-2-600x600.jpg 600w, https:\/\/mouldking.store\/wp-content\/uploads\/2022\/12\/Gringotts-Magic-Movie-Scene-Bank-MOC-74217-2-150x150.jpg 150w, https:\/\/mouldking.store\/wp-content\/uploads\/2022\/12\/Gringotts-Magic-Movie-Scene-Bank-MOC-74217-2-60x60.jpg 60w, https:\/\/mouldking.store\/wp-content\/uploads\/2022\/12\/Gringotts-Magic-Movie-Scene-Bank-MOC-74217-2-90x90.jpg 90w, https:\/\/mouldking.store\/wp-content\/uploads\/2022\/12\/Gringotts-Magic-Movie-Scene-Bank-MOC-74217-2.jpg 1100w\" sizes=\"(max-width: 1024px) 100vw, 1024px\" \/><figcaption id=\"caption-attachment-38649\" class=\"wp-caption-text\">MOC-74217 Gringotts magiske filmscenebank med 2060 deler<\/figcaption><\/figure>\n<figure id=\"attachment_38650\" aria-describedby=\"caption-attachment-38650\" style=\"width: 1024px\" class=\"wp-caption aligncenter\"><img loading=\"lazy\" decoding=\"async\" class=\"wp-image-38650 size-large\" src=\"https:\/\/mouldking.store\/wp-content\/uploads\/2022\/12\/Gringotts-Magic-Movie-Scene-Bank-MOC-74217-3-1024x1024.jpg\" alt=\"MOC-74217 Gringotts Magic Movie Scene Bank With 2060 Pieces\" width=\"1024\" height=\"1024\" title=\"-\" srcset=\"https:\/\/mouldking.store\/wp-content\/uploads\/2022\/12\/Gringotts-Magic-Movie-Scene-Bank-MOC-74217-3-1024x1024.jpg 1024w, https:\/\/mouldking.store\/wp-content\/uploads\/2022\/12\/Gringotts-Magic-Movie-Scene-Bank-MOC-74217-3-300x300.jpg 300w, https:\/\/mouldking.store\/wp-content\/uploads\/2022\/12\/Gringotts-Magic-Movie-Scene-Bank-MOC-74217-3-768x768.jpg 768w, https:\/\/mouldking.store\/wp-content\/uploads\/2022\/12\/Gringotts-Magic-Movie-Scene-Bank-MOC-74217-3-600x600.jpg 600w, https:\/\/mouldking.store\/wp-content\/uploads\/2022\/12\/Gringotts-Magic-Movie-Scene-Bank-MOC-74217-3-150x150.jpg 150w, https:\/\/mouldking.store\/wp-content\/uploads\/2022\/12\/Gringotts-Magic-Movie-Scene-Bank-MOC-74217-3-60x60.jpg 60w, https:\/\/mouldking.store\/wp-content\/uploads\/2022\/12\/Gringotts-Magic-Movie-Scene-Bank-MOC-74217-3-90x90.jpg 90w, https:\/\/mouldking.store\/wp-content\/uploads\/2022\/12\/Gringotts-Magic-Movie-Scene-Bank-MOC-74217-3.jpg 1100w\" sizes=\"(max-width: 1024px) 100vw, 1024px\" \/><figcaption id=\"caption-attachment-38650\" class=\"wp-caption-text\">MOC-74217 Gringotts magiske filmscenebank med 2060 deler<\/figcaption><\/figure>\n<figure id=\"attachment_38651\" aria-describedby=\"caption-attachment-38651\" style=\"width: 1024px\" class=\"wp-caption aligncenter\"><img loading=\"lazy\" decoding=\"async\" class=\"wp-image-38651 size-large\" src=\"https:\/\/mouldking.store\/wp-content\/uploads\/2022\/12\/Gringotts-Magic-Movie-Scene-Bank-MOC-74217-4-1024x1024.jpg\" alt=\"MOC-74217 Gringotts Magic Movie Scene Bank With 2060 Pieces\" width=\"1024\" height=\"1024\" title=\"-\" srcset=\"https:\/\/mouldking.store\/wp-content\/uploads\/2022\/12\/Gringotts-Magic-Movie-Scene-Bank-MOC-74217-4-1024x1024.jpg 1024w, https:\/\/mouldking.store\/wp-content\/uploads\/2022\/12\/Gringotts-Magic-Movie-Scene-Bank-MOC-74217-4-300x300.jpg 300w, https:\/\/mouldking.store\/wp-content\/uploads\/2022\/12\/Gringotts-Magic-Movie-Scene-Bank-MOC-74217-4-768x768.jpg 768w, https:\/\/mouldking.store\/wp-content\/uploads\/2022\/12\/Gringotts-Magic-Movie-Scene-Bank-MOC-74217-4-600x600.jpg 600w, https:\/\/mouldking.store\/wp-content\/uploads\/2022\/12\/Gringotts-Magic-Movie-Scene-Bank-MOC-74217-4-150x150.jpg 150w, https:\/\/mouldking.store\/wp-content\/uploads\/2022\/12\/Gringotts-Magic-Movie-Scene-Bank-MOC-74217-4-60x60.jpg 60w, https:\/\/mouldking.store\/wp-content\/uploads\/2022\/12\/Gringotts-Magic-Movie-Scene-Bank-MOC-74217-4-90x90.jpg 90w, https:\/\/mouldking.store\/wp-content\/uploads\/2022\/12\/Gringotts-Magic-Movie-Scene-Bank-MOC-74217-4.jpg 1100w\" sizes=\"(max-width: 1024px) 100vw, 1024px\" \/><figcaption id=\"caption-attachment-38651\" class=\"wp-caption-text\">MOC-74217 Gringotts magiske filmscenebank med 2060 deler<\/figcaption><\/figure>\n<figure id=\"attachment_38652\" aria-describedby=\"caption-attachment-38652\" style=\"width: 1024px\" class=\"wp-caption aligncenter\"><img loading=\"lazy\" decoding=\"async\" class=\"wp-image-38652 size-large\" src=\"https:\/\/mouldking.store\/wp-content\/uploads\/2022\/12\/Gringotts-Magic-Movie-Scene-Bank-MOC-74217-5-1024x1024.jpg\" alt=\"MOC-74217 Gringotts Magic Movie Scene Bank With 2060 Pieces\" width=\"1024\" height=\"1024\" title=\"-\" srcset=\"https:\/\/mouldking.store\/wp-content\/uploads\/2022\/12\/Gringotts-Magic-Movie-Scene-Bank-MOC-74217-5-1024x1024.jpg 1024w, https:\/\/mouldking.store\/wp-content\/uploads\/2022\/12\/Gringotts-Magic-Movie-Scene-Bank-MOC-74217-5-300x300.jpg 300w, https:\/\/mouldking.store\/wp-content\/uploads\/2022\/12\/Gringotts-Magic-Movie-Scene-Bank-MOC-74217-5-768x768.jpg 768w, https:\/\/mouldking.store\/wp-content\/uploads\/2022\/12\/Gringotts-Magic-Movie-Scene-Bank-MOC-74217-5-600x600.jpg 600w, https:\/\/mouldking.store\/wp-content\/uploads\/2022\/12\/Gringotts-Magic-Movie-Scene-Bank-MOC-74217-5-150x150.jpg 150w, https:\/\/mouldking.store\/wp-content\/uploads\/2022\/12\/Gringotts-Magic-Movie-Scene-Bank-MOC-74217-5-60x60.jpg 60w, https:\/\/mouldking.store\/wp-content\/uploads\/2022\/12\/Gringotts-Magic-Movie-Scene-Bank-MOC-74217-5-90x90.jpg 90w, https:\/\/mouldking.store\/wp-content\/uploads\/2022\/12\/Gringotts-Magic-Movie-Scene-Bank-MOC-74217-5.jpg 1100w\" sizes=\"(max-width: 1024px) 100vw, 1024px\" \/><figcaption id=\"caption-attachment-38652\" class=\"wp-caption-text\">MOC-74217 Gringotts magiske filmscenebank med 2060 deler<\/figcaption><\/figure>\n<figure id=\"attachment_38653\" aria-describedby=\"caption-attachment-38653\" style=\"width: 1024px\" class=\"wp-caption aligncenter\"><img loading=\"lazy\" decoding=\"async\" class=\"wp-image-38653 size-large\" src=\"https:\/\/mouldking.store\/wp-content\/uploads\/2022\/12\/Gringotts-Magic-Movie-Scene-Bank-MOC-74217-6-1024x1024.jpg\" alt=\"MOC-74217 Gringotts Magic Movie Scene Bank With 2060 Pieces\" width=\"1024\" height=\"1024\" title=\"-\" srcset=\"https:\/\/mouldking.store\/wp-content\/uploads\/2022\/12\/Gringotts-Magic-Movie-Scene-Bank-MOC-74217-6-1024x1024.jpg 1024w, https:\/\/mouldking.store\/wp-content\/uploads\/2022\/12\/Gringotts-Magic-Movie-Scene-Bank-MOC-74217-6-300x300.jpg 300w, https:\/\/mouldking.store\/wp-content\/uploads\/2022\/12\/Gringotts-Magic-Movie-Scene-Bank-MOC-74217-6-768x768.jpg 768w, https:\/\/mouldking.store\/wp-content\/uploads\/2022\/12\/Gringotts-Magic-Movie-Scene-Bank-MOC-74217-6-600x600.jpg 600w, https:\/\/mouldking.store\/wp-content\/uploads\/2022\/12\/Gringotts-Magic-Movie-Scene-Bank-MOC-74217-6-150x150.jpg 150w, https:\/\/mouldking.store\/wp-content\/uploads\/2022\/12\/Gringotts-Magic-Movie-Scene-Bank-MOC-74217-6-60x60.jpg 60w, https:\/\/mouldking.store\/wp-content\/uploads\/2022\/12\/Gringotts-Magic-Movie-Scene-Bank-MOC-74217-6-90x90.jpg 90w, https:\/\/mouldking.store\/wp-content\/uploads\/2022\/12\/Gringotts-Magic-Movie-Scene-Bank-MOC-74217-6.jpg 1100w\" sizes=\"(max-width: 1024px) 100vw, 1024px\" \/><figcaption id=\"caption-attachment-38653\" class=\"wp-caption-text\">MOC-74217 Gringotts magiske filmscenebank med 2060 deler<\/figcaption><\/figure>","protected":false},"excerpt":{"rendered":"<p>Byggeveiledning i pdf<\/p>\n<p>Uten originaleske<\/p>\n<p>Tidsbestemt: 4-8 uker<\/p>","protected":false},"featured_media":38647,"comment_status":"closed","ping_status":"closed","template":"","meta":{"_acf_changed":false},"product_cat":[1406,390,581],"product_tag":[10041,10039,10043,430,10038,10044,10037,10040,10042],"class_list":["product","first","instock","shipping-taxable","purchasable","product-type-simple"],"acf":[],"_links":{"self":[{"href":"https:\/\/mouldking.store\/nb\/wp-json\/wp\/v2\/product\/38646","targetHints":{"allow":["GET"]}}],"collection":[{"href":"https:\/\/mouldking.store\/nb\/wp-json\/wp\/v2\/product"}],"about":[{"href":"https:\/\/mouldking.store\/nb\/wp-json\/wp\/v2\/types\/product"}],"replies":[{"embeddable":true,"href":"https:\/\/mouldking.store\/nb\/wp-json\/wp\/v2\/comments?post=38646"}],"wp:featuredmedia":[{"embeddable":true,"href":"https:\/\/mouldking.store\/nb\/wp-json\/wp\/v2\/media\/38647"}],"wp:attachment":[{"href":"https:\/\/mouldking.store\/nb\/wp-json\/wp\/v2\/media?parent=38646"}],"wp:term":[{"taxonomy":"product_cat","embeddable":true,"href":"https:\/\/mouldking.store\/nb\/wp-json\/wp\/v2\/product_cat?post=38646"},{"taxonomy":"product_tag","embeddable":true,"href":"https:\/\/mouldking.store\/nb\/wp-json\/wp\/v2\/product_tag?post=38646"}],"curies":[{"name":"wp","href":"https:\/\/api.w.org\/{rel}","templated":true}]}}