{"id":38682,"date":"2022-12-23T10:17:13","date_gmt":"2022-12-23T03:17:13","guid":{"rendered":"https:\/\/mouldking.store\/?post_type=product&#038;p=38682"},"modified":"2022-12-23T10:17:14","modified_gmt":"2022-12-23T03:17:14","slug":"mould-king-27030-zonda-no-wind-racers-car-with-374-pieces","status":"publish","type":"product","link":"https:\/\/mouldking.store\/nb\/shop\/mould-king-27030-zonda-no-wind-racers-car-with-374-pieces\/","title":{"rendered":"Mold King 27030 Zonda No.Wind Racers Bil Med 374 stk"},"content":{"rendered":"<p>Produktinformasjon:<\/p>\n<ol>\n<li>Merke: Mold King<\/li>\n<li>Kj\u00f8nn: Unisex<\/li>\n<li>Name: Zonda No.Wind Racers Car<\/li>\n<li>Aldersgruppe: &gt; 6 \u00e5r gammel<\/li>\n<li>Model Number: 27030<\/li>\n<li>Klassifisering: Montering<\/li>\n<li>Plastblokkform: Selvl\u00e5sende murstein<\/li>\n<li>Materiale: Plast<\/li>\n<li>Plasttype: ABS<\/li>\n<li>Bricks Blocks:374 PCS<\/li>\n<li>Size: 15.7 \u00d7 7.4 \u00d7 4.4 cm<\/li>\n<li>Inneholder detaljerte monteringsanvisninger.<\/li>\n<\/ol>\n<p>Legge merke til:<br \/>\n1. Uten original eske, men vi garanterer at v\u00e5re produkter har kvalitetssikring og pen emballasje.<br \/>\n2. Som alle delene vi har sjekket f\u00f8r frakt, s\u00e5 hvis du finner noen deler savnet eller skadet, ikke bekymre deg og bare kontakt oss, s\u00e5 kan vi sende dem til deg p\u00e5 nytt umiddelbart gratis.<\/p>\n<figure id=\"attachment_38685\" aria-describedby=\"caption-attachment-38685\" style=\"width: 800px\" class=\"wp-caption aligncenter\"><img fetchpriority=\"high\" decoding=\"async\" class=\"wp-image-38685 size-full\" src=\"https:\/\/mouldking.store\/wp-content\/uploads\/2022\/12\/Mould-King-27030-Technic-No.Wind-Racers-Car-3.jpg\" alt=\"Mould King 27030 Zonda No.Wind Racers Car With 374 Pieces\" width=\"800\" height=\"800\" title=\"-\" srcset=\"https:\/\/mouldking.store\/wp-content\/uploads\/2022\/12\/Mould-King-27030-Technic-No.Wind-Racers-Car-3.jpg 800w, https:\/\/mouldking.store\/wp-content\/uploads\/2022\/12\/Mould-King-27030-Technic-No.Wind-Racers-Car-3-300x300.jpg 300w, https:\/\/mouldking.store\/wp-content\/uploads\/2022\/12\/Mould-King-27030-Technic-No.Wind-Racers-Car-3-768x768.jpg 768w, https:\/\/mouldking.store\/wp-content\/uploads\/2022\/12\/Mould-King-27030-Technic-No.Wind-Racers-Car-3-600x600.jpg 600w, https:\/\/mouldking.store\/wp-content\/uploads\/2022\/12\/Mould-King-27030-Technic-No.Wind-Racers-Car-3-150x150.jpg 150w, https:\/\/mouldking.store\/wp-content\/uploads\/2022\/12\/Mould-King-27030-Technic-No.Wind-Racers-Car-3-60x60.jpg 60w, https:\/\/mouldking.store\/wp-content\/uploads\/2022\/12\/Mould-King-27030-Technic-No.Wind-Racers-Car-3-90x90.jpg 90w\" sizes=\"(max-width: 800px) 100vw, 800px\" \/><figcaption id=\"caption-attachment-38685\" class=\"wp-caption-text\">Mold King 27030 Zonda No.Wind Racers Bil Med 374 stk<\/figcaption><\/figure>\n<figure id=\"attachment_38686\" aria-describedby=\"caption-attachment-38686\" style=\"width: 800px\" class=\"wp-caption aligncenter\"><img decoding=\"async\" class=\"wp-image-38686 size-full\" src=\"https:\/\/mouldking.store\/wp-content\/uploads\/2022\/12\/Mould-King-27030-Technic-No.Wind-Racers-Car-2.jpg\" alt=\"Mould King 27030 Zonda No.Wind Racers Car With 374 Pieces\" width=\"800\" height=\"800\" title=\"-\" srcset=\"https:\/\/mouldking.store\/wp-content\/uploads\/2022\/12\/Mould-King-27030-Technic-No.Wind-Racers-Car-2.jpg 800w, https:\/\/mouldking.store\/wp-content\/uploads\/2022\/12\/Mould-King-27030-Technic-No.Wind-Racers-Car-2-300x300.jpg 300w, https:\/\/mouldking.store\/wp-content\/uploads\/2022\/12\/Mould-King-27030-Technic-No.Wind-Racers-Car-2-768x768.jpg 768w, https:\/\/mouldking.store\/wp-content\/uploads\/2022\/12\/Mould-King-27030-Technic-No.Wind-Racers-Car-2-600x600.jpg 600w, https:\/\/mouldking.store\/wp-content\/uploads\/2022\/12\/Mould-King-27030-Technic-No.Wind-Racers-Car-2-150x150.jpg 150w, https:\/\/mouldking.store\/wp-content\/uploads\/2022\/12\/Mould-King-27030-Technic-No.Wind-Racers-Car-2-60x60.jpg 60w, https:\/\/mouldking.store\/wp-content\/uploads\/2022\/12\/Mould-King-27030-Technic-No.Wind-Racers-Car-2-90x90.jpg 90w\" sizes=\"(max-width: 800px) 100vw, 800px\" \/><figcaption id=\"caption-attachment-38686\" class=\"wp-caption-text\">Mold King 27030 Zonda No.Wind Racers Bil Med 374 stk<\/figcaption><\/figure>\n<figure id=\"attachment_38687\" aria-describedby=\"caption-attachment-38687\" style=\"width: 800px\" class=\"wp-caption aligncenter\"><img decoding=\"async\" class=\"wp-image-38687 size-full\" src=\"https:\/\/mouldking.store\/wp-content\/uploads\/2022\/12\/Mould-King-27030-Technic-No.Wind-Racers-Car-1.jpg\" alt=\"Mould King 27030 Zonda No.Wind Racers Car With 374 Pieces\" width=\"800\" height=\"800\" title=\"-\" srcset=\"https:\/\/mouldking.store\/wp-content\/uploads\/2022\/12\/Mould-King-27030-Technic-No.Wind-Racers-Car-1.jpg 800w, https:\/\/mouldking.store\/wp-content\/uploads\/2022\/12\/Mould-King-27030-Technic-No.Wind-Racers-Car-1-300x300.jpg 300w, https:\/\/mouldking.store\/wp-content\/uploads\/2022\/12\/Mould-King-27030-Technic-No.Wind-Racers-Car-1-768x768.jpg 768w, https:\/\/mouldking.store\/wp-content\/uploads\/2022\/12\/Mould-King-27030-Technic-No.Wind-Racers-Car-1-600x600.jpg 600w, https:\/\/mouldking.store\/wp-content\/uploads\/2022\/12\/Mould-King-27030-Technic-No.Wind-Racers-Car-1-150x150.jpg 150w, https:\/\/mouldking.store\/wp-content\/uploads\/2022\/12\/Mould-King-27030-Technic-No.Wind-Racers-Car-1-60x60.jpg 60w, https:\/\/mouldking.store\/wp-content\/uploads\/2022\/12\/Mould-King-27030-Technic-No.Wind-Racers-Car-1-90x90.jpg 90w\" sizes=\"(max-width: 800px) 100vw, 800px\" \/><figcaption id=\"caption-attachment-38687\" class=\"wp-caption-text\">Mold King 27030 Zonda No.Wind Racers Bil Med 374 stk<\/figcaption><\/figure>","protected":false},"excerpt":{"rendered":"<p>Product information: Brand: Mould King Gender: Unisex Name: Zonda No.Wind Racers Car Age Range: &gt; 6 years old Model Number: 27030 Classification: Assemblage Plastic Block Shape: Self-Locking Bricks Material: Plastic Plastic Type: ABS Bricks Blocks:374 PCS Size: 15.7 \u00d7 7.4 \u00d7 4.4 cm Contains detailed assembly instructions. Notice: 1. Without an original box, but we [&hellip;]<\/p>","protected":false},"featured_media":38685,"comment_status":"closed","ping_status":"closed","template":"","meta":{"_acf_changed":false},"product_cat":[1360,1357],"product_tag":[10066,457,615,10070,10071,10065,10067,10068,6637,6304,10069],"class_list":["product","first","instock","shipping-taxable","purchasable","product-type-simple"],"acf":[],"_links":{"self":[{"href":"https:\/\/mouldking.store\/nb\/wp-json\/wp\/v2\/product\/38682","targetHints":{"allow":["GET"]}}],"collection":[{"href":"https:\/\/mouldking.store\/nb\/wp-json\/wp\/v2\/product"}],"about":[{"href":"https:\/\/mouldking.store\/nb\/wp-json\/wp\/v2\/types\/product"}],"replies":[{"embeddable":true,"href":"https:\/\/mouldking.store\/nb\/wp-json\/wp\/v2\/comments?post=38682"}],"wp:featuredmedia":[{"embeddable":true,"href":"https:\/\/mouldking.store\/nb\/wp-json\/wp\/v2\/media\/38685"}],"wp:attachment":[{"href":"https:\/\/mouldking.store\/nb\/wp-json\/wp\/v2\/media?parent=38682"}],"wp:term":[{"taxonomy":"product_cat","embeddable":true,"href":"https:\/\/mouldking.store\/nb\/wp-json\/wp\/v2\/product_cat?post=38682"},{"taxonomy":"product_tag","embeddable":true,"href":"https:\/\/mouldking.store\/nb\/wp-json\/wp\/v2\/product_tag?post=38682"}],"curies":[{"name":"wp","href":"https:\/\/api.w.org\/{rel}","templated":true}]}}