{"id":38688,"date":"2022-12-23T10:21:23","date_gmt":"2022-12-23T03:21:23","guid":{"rendered":"https:\/\/mouldking.store\/?post_type=product&#038;p=38688"},"modified":"2022-12-23T10:21:26","modified_gmt":"2022-12-23T03:21:26","slug":"mould-king-27029-rr-cullinan-racers-car-with-474-pieces","status":"publish","type":"product","link":"https:\/\/mouldking.store\/nb\/shop\/mould-king-27029-rr-cullinan-racers-car-with-474-pieces\/","title":{"rendered":"Mold King 27029 RR Cullinan Racers bil med 474 stk"},"content":{"rendered":"<p>Produktinformasjon:<\/p>\n<ol>\n<li>Merke: Mold King<\/li>\n<li>Kj\u00f8nn: Unisex<\/li>\n<li>Navn: RR Cullinan Racers Car<\/li>\n<li>Aldersgruppe: &gt; 6 \u00e5r gammel<\/li>\n<li>Modellnummer: 27029<\/li>\n<li>Klassifisering: Montering<\/li>\n<li>Plastblokkform: Selvl\u00e5sende murstein<\/li>\n<li>Materiale: Plast<\/li>\n<li>Plasttype: ABS<\/li>\n<li>Mursteinblokker:474 STK<\/li>\n<li>St\u00f8rrelse: 17,6 \u00d7 8 \u00d7 7,1 cm<\/li>\n<li>Inneholder detaljerte monteringsanvisninger.<\/li>\n<\/ol>\n<p>Legge merke til:<br \/>\n1. Uten original eske, men vi garanterer at v\u00e5re produkter har kvalitetssikring og pen emballasje.<br \/>\n2. Som alle delene vi har sjekket f\u00f8r frakt, s\u00e5 hvis du finner noen deler savnet eller skadet, ikke bekymre deg og bare kontakt oss, s\u00e5 kan vi sende dem til deg p\u00e5 nytt umiddelbart gratis.<\/p>\n<figure id=\"attachment_38691\" aria-describedby=\"caption-attachment-38691\" style=\"width: 800px\" class=\"wp-caption aligncenter\"><img fetchpriority=\"high\" decoding=\"async\" class=\"wp-image-38691 size-full\" src=\"https:\/\/mouldking.store\/wp-content\/uploads\/2022\/12\/Mould-King-27029-Technic-No.RR-Racers-Car-3.jpg\" alt=\"Mould King 27029 RR Cullinan Racers Car With 474 Pieces\" width=\"800\" height=\"800\" title=\"-\" srcset=\"https:\/\/mouldking.store\/wp-content\/uploads\/2022\/12\/Mould-King-27029-Technic-No.RR-Racers-Car-3.jpg 800w, https:\/\/mouldking.store\/wp-content\/uploads\/2022\/12\/Mould-King-27029-Technic-No.RR-Racers-Car-3-300x300.jpg 300w, https:\/\/mouldking.store\/wp-content\/uploads\/2022\/12\/Mould-King-27029-Technic-No.RR-Racers-Car-3-768x768.jpg 768w, https:\/\/mouldking.store\/wp-content\/uploads\/2022\/12\/Mould-King-27029-Technic-No.RR-Racers-Car-3-600x600.jpg 600w, https:\/\/mouldking.store\/wp-content\/uploads\/2022\/12\/Mould-King-27029-Technic-No.RR-Racers-Car-3-150x150.jpg 150w, https:\/\/mouldking.store\/wp-content\/uploads\/2022\/12\/Mould-King-27029-Technic-No.RR-Racers-Car-3-60x60.jpg 60w, https:\/\/mouldking.store\/wp-content\/uploads\/2022\/12\/Mould-King-27029-Technic-No.RR-Racers-Car-3-90x90.jpg 90w\" sizes=\"(max-width: 800px) 100vw, 800px\" \/><figcaption id=\"caption-attachment-38691\" class=\"wp-caption-text\">Mold King 27029 RR Cullinan Racers bil med 474 stk<\/figcaption><\/figure>\n<figure id=\"attachment_38692\" aria-describedby=\"caption-attachment-38692\" style=\"width: 800px\" class=\"wp-caption aligncenter\"><img decoding=\"async\" class=\"wp-image-38692 size-full\" src=\"https:\/\/mouldking.store\/wp-content\/uploads\/2022\/12\/Mould-King-27029-Technic-No.RR-Racers-Car-2.jpg\" alt=\"Mould King 27029 RR Cullinan Racers Car With 474 Pieces\" width=\"800\" height=\"800\" title=\"-\" srcset=\"https:\/\/mouldking.store\/wp-content\/uploads\/2022\/12\/Mould-King-27029-Technic-No.RR-Racers-Car-2.jpg 800w, https:\/\/mouldking.store\/wp-content\/uploads\/2022\/12\/Mould-King-27029-Technic-No.RR-Racers-Car-2-300x300.jpg 300w, https:\/\/mouldking.store\/wp-content\/uploads\/2022\/12\/Mould-King-27029-Technic-No.RR-Racers-Car-2-768x768.jpg 768w, https:\/\/mouldking.store\/wp-content\/uploads\/2022\/12\/Mould-King-27029-Technic-No.RR-Racers-Car-2-600x600.jpg 600w, https:\/\/mouldking.store\/wp-content\/uploads\/2022\/12\/Mould-King-27029-Technic-No.RR-Racers-Car-2-150x150.jpg 150w, https:\/\/mouldking.store\/wp-content\/uploads\/2022\/12\/Mould-King-27029-Technic-No.RR-Racers-Car-2-60x60.jpg 60w, https:\/\/mouldking.store\/wp-content\/uploads\/2022\/12\/Mould-King-27029-Technic-No.RR-Racers-Car-2-90x90.jpg 90w\" sizes=\"(max-width: 800px) 100vw, 800px\" \/><figcaption id=\"caption-attachment-38692\" class=\"wp-caption-text\">Mold King 27029 RR Cullinan Racers bil med 474 stk<\/figcaption><\/figure>\n<figure id=\"attachment_38693\" aria-describedby=\"caption-attachment-38693\" style=\"width: 800px\" class=\"wp-caption aligncenter\"><img decoding=\"async\" class=\"wp-image-38693 size-full\" src=\"https:\/\/mouldking.store\/wp-content\/uploads\/2022\/12\/Mould-King-27029-Technic-No.RR-Racers-Car-1.jpg\" alt=\"Mould King 27029 RR Cullinan Racers Car With 474 Pieces\" width=\"800\" height=\"800\" title=\"-\" srcset=\"https:\/\/mouldking.store\/wp-content\/uploads\/2022\/12\/Mould-King-27029-Technic-No.RR-Racers-Car-1.jpg 800w, https:\/\/mouldking.store\/wp-content\/uploads\/2022\/12\/Mould-King-27029-Technic-No.RR-Racers-Car-1-300x300.jpg 300w, https:\/\/mouldking.store\/wp-content\/uploads\/2022\/12\/Mould-King-27029-Technic-No.RR-Racers-Car-1-768x768.jpg 768w, https:\/\/mouldking.store\/wp-content\/uploads\/2022\/12\/Mould-King-27029-Technic-No.RR-Racers-Car-1-600x600.jpg 600w, https:\/\/mouldking.store\/wp-content\/uploads\/2022\/12\/Mould-King-27029-Technic-No.RR-Racers-Car-1-150x150.jpg 150w, https:\/\/mouldking.store\/wp-content\/uploads\/2022\/12\/Mould-King-27029-Technic-No.RR-Racers-Car-1-60x60.jpg 60w, https:\/\/mouldking.store\/wp-content\/uploads\/2022\/12\/Mould-King-27029-Technic-No.RR-Racers-Car-1-90x90.jpg 90w\" sizes=\"(max-width: 800px) 100vw, 800px\" \/><figcaption id=\"caption-attachment-38693\" class=\"wp-caption-text\">Mold King 27029 RR Cullinan Racers bil med 474 stk<\/figcaption><\/figure>","protected":false},"excerpt":{"rendered":"<p>Product information: Brand: Mould King Gender: Unisex Name: RR Cullinan Racers Car Age Range: &gt; 6 years old Model Number: 27029 Classification: Assemblage Plastic Block Shape: Self-Locking Bricks Material: Plastic Plastic Type: ABS Bricks Blocks:474 PCS Size: 17.6 \u00d7 8 \u00d7 7.1 cm Contains detailed assembly instructions. Notice: 1. Without an original box, but we [&hellip;]<\/p>","protected":false},"featured_media":38691,"comment_status":"closed","ping_status":"closed","template":"","meta":{"_acf_changed":false},"product_cat":[1360,1357,364],"product_tag":[10073,457,2942,10074,615,10076,10077,10072,6637,10075],"class_list":["product","first","instock","shipping-taxable","purchasable","product-type-simple"],"acf":[],"_links":{"self":[{"href":"https:\/\/mouldking.store\/nb\/wp-json\/wp\/v2\/product\/38688","targetHints":{"allow":["GET"]}}],"collection":[{"href":"https:\/\/mouldking.store\/nb\/wp-json\/wp\/v2\/product"}],"about":[{"href":"https:\/\/mouldking.store\/nb\/wp-json\/wp\/v2\/types\/product"}],"replies":[{"embeddable":true,"href":"https:\/\/mouldking.store\/nb\/wp-json\/wp\/v2\/comments?post=38688"}],"wp:featuredmedia":[{"embeddable":true,"href":"https:\/\/mouldking.store\/nb\/wp-json\/wp\/v2\/media\/38691"}],"wp:attachment":[{"href":"https:\/\/mouldking.store\/nb\/wp-json\/wp\/v2\/media?parent=38688"}],"wp:term":[{"taxonomy":"product_cat","embeddable":true,"href":"https:\/\/mouldking.store\/nb\/wp-json\/wp\/v2\/product_cat?post=38688"},{"taxonomy":"product_tag","embeddable":true,"href":"https:\/\/mouldking.store\/nb\/wp-json\/wp\/v2\/product_tag?post=38688"}],"curies":[{"name":"wp","href":"https:\/\/api.w.org\/{rel}","templated":true}]}}