{"id":38698,"date":"2022-09-23T10:23:33","date_gmt":"2022-09-23T03:23:33","guid":{"rendered":"https:\/\/mouldking.store\/?post_type=product&#038;p=38698"},"modified":"2022-12-23T10:29:39","modified_gmt":"2022-12-23T03:29:39","slug":"52toys-bb-51c-jawliet","status":"publish","type":"product","link":"https:\/\/mouldking.store\/nb\/shop\/52toys-bb-51c-jawliet\/","title":{"rendered":"52LEKER BB-51C JAWLIET"},"content":{"rendered":"<p>Produktinformasjon:<\/p>\n<ol>\n<li>Merke: 52TOYS<\/li>\n<li>Kj\u00f8nn: Unisex<\/li>\n<li>Name: JAWLIET<\/li>\n<li>Aldersgruppe: &gt; 6 \u00e5r gammel<\/li>\n<li>Model Number: BB-51C<\/li>\n<li>Klassifisering: Montering<\/li>\n<li>Plastblokkform: Selvl\u00e5sende murstein<\/li>\n<li>Materiale: Plast<\/li>\n<li>Plasttype: ABS<\/li>\n<li>Size: \u00a011 cm<\/li>\n<li>Inneholder detaljerte monteringsanvisninger.<\/li>\n<\/ol>\n<p>Legge merke til:<br \/>\n1. Uten original eske, men vi garanterer at v\u00e5re produkter har kvalitetssikring og pen emballasje.<br \/>\n2. Som alle delene vi har sjekket f\u00f8r frakt, s\u00e5 hvis du finner noen deler savnet eller skadet, ikke bekymre deg og bare kontakt oss, s\u00e5 kan vi sende dem til deg p\u00e5 nytt umiddelbart gratis.<\/p>\n<figure id=\"attachment_38705\" aria-describedby=\"caption-attachment-38705\" style=\"width: 800px\" class=\"wp-caption aligncenter\"><img fetchpriority=\"high\" decoding=\"async\" class=\"wp-image-38705 size-full\" src=\"https:\/\/mouldking.store\/wp-content\/uploads\/2022\/12\/52TOYS-BeastBox-BB-51C-JAWLIET-7.jpg\" alt=\"52TOYS BB-51C JAWLIET\" width=\"800\" height=\"800\" title=\"-\" srcset=\"https:\/\/mouldking.store\/wp-content\/uploads\/2022\/12\/52TOYS-BeastBox-BB-51C-JAWLIET-7.jpg 800w, https:\/\/mouldking.store\/wp-content\/uploads\/2022\/12\/52TOYS-BeastBox-BB-51C-JAWLIET-7-300x300.jpg 300w, https:\/\/mouldking.store\/wp-content\/uploads\/2022\/12\/52TOYS-BeastBox-BB-51C-JAWLIET-7-768x768.jpg 768w, https:\/\/mouldking.store\/wp-content\/uploads\/2022\/12\/52TOYS-BeastBox-BB-51C-JAWLIET-7-600x600.jpg 600w, https:\/\/mouldking.store\/wp-content\/uploads\/2022\/12\/52TOYS-BeastBox-BB-51C-JAWLIET-7-150x150.jpg 150w, https:\/\/mouldking.store\/wp-content\/uploads\/2022\/12\/52TOYS-BeastBox-BB-51C-JAWLIET-7-60x60.jpg 60w, https:\/\/mouldking.store\/wp-content\/uploads\/2022\/12\/52TOYS-BeastBox-BB-51C-JAWLIET-7-90x90.jpg 90w\" sizes=\"(max-width: 800px) 100vw, 800px\" \/><figcaption id=\"caption-attachment-38705\" class=\"wp-caption-text\">52LEKER BB-51C JAWLIET<\/figcaption><\/figure>\n<figure id=\"attachment_38706\" aria-describedby=\"caption-attachment-38706\" style=\"width: 800px\" class=\"wp-caption aligncenter\"><img decoding=\"async\" class=\"wp-image-38706 size-full\" src=\"https:\/\/mouldking.store\/wp-content\/uploads\/2022\/12\/52TOYS-BeastBox-BB-51C-JAWLIET-6.jpg\" alt=\"52TOYS BB-51C JAWLIET\" width=\"800\" height=\"800\" title=\"-\" srcset=\"https:\/\/mouldking.store\/wp-content\/uploads\/2022\/12\/52TOYS-BeastBox-BB-51C-JAWLIET-6.jpg 800w, https:\/\/mouldking.store\/wp-content\/uploads\/2022\/12\/52TOYS-BeastBox-BB-51C-JAWLIET-6-300x300.jpg 300w, https:\/\/mouldking.store\/wp-content\/uploads\/2022\/12\/52TOYS-BeastBox-BB-51C-JAWLIET-6-768x768.jpg 768w, https:\/\/mouldking.store\/wp-content\/uploads\/2022\/12\/52TOYS-BeastBox-BB-51C-JAWLIET-6-600x600.jpg 600w, https:\/\/mouldking.store\/wp-content\/uploads\/2022\/12\/52TOYS-BeastBox-BB-51C-JAWLIET-6-150x150.jpg 150w, https:\/\/mouldking.store\/wp-content\/uploads\/2022\/12\/52TOYS-BeastBox-BB-51C-JAWLIET-6-60x60.jpg 60w, https:\/\/mouldking.store\/wp-content\/uploads\/2022\/12\/52TOYS-BeastBox-BB-51C-JAWLIET-6-90x90.jpg 90w\" sizes=\"(max-width: 800px) 100vw, 800px\" \/><figcaption id=\"caption-attachment-38706\" class=\"wp-caption-text\">52LEKER BB-51C JAWLIET<\/figcaption><\/figure>\n<figure id=\"attachment_38707\" aria-describedby=\"caption-attachment-38707\" style=\"width: 800px\" class=\"wp-caption aligncenter\"><img decoding=\"async\" class=\"wp-image-38707 size-full\" src=\"https:\/\/mouldking.store\/wp-content\/uploads\/2022\/12\/52TOYS-BeastBox-BB-51C-JAWLIET-5.jpg\" alt=\"52TOYS BB-51C JAWLIET\" width=\"800\" height=\"800\" title=\"-\" srcset=\"https:\/\/mouldking.store\/wp-content\/uploads\/2022\/12\/52TOYS-BeastBox-BB-51C-JAWLIET-5.jpg 800w, https:\/\/mouldking.store\/wp-content\/uploads\/2022\/12\/52TOYS-BeastBox-BB-51C-JAWLIET-5-300x300.jpg 300w, https:\/\/mouldking.store\/wp-content\/uploads\/2022\/12\/52TOYS-BeastBox-BB-51C-JAWLIET-5-768x768.jpg 768w, https:\/\/mouldking.store\/wp-content\/uploads\/2022\/12\/52TOYS-BeastBox-BB-51C-JAWLIET-5-600x600.jpg 600w, https:\/\/mouldking.store\/wp-content\/uploads\/2022\/12\/52TOYS-BeastBox-BB-51C-JAWLIET-5-150x150.jpg 150w, https:\/\/mouldking.store\/wp-content\/uploads\/2022\/12\/52TOYS-BeastBox-BB-51C-JAWLIET-5-60x60.jpg 60w, https:\/\/mouldking.store\/wp-content\/uploads\/2022\/12\/52TOYS-BeastBox-BB-51C-JAWLIET-5-90x90.jpg 90w\" sizes=\"(max-width: 800px) 100vw, 800px\" \/><figcaption id=\"caption-attachment-38707\" class=\"wp-caption-text\">52LEKER BB-51C JAWLIET<\/figcaption><\/figure>\n<figure id=\"attachment_38708\" aria-describedby=\"caption-attachment-38708\" style=\"width: 800px\" class=\"wp-caption aligncenter\"><img loading=\"lazy\" decoding=\"async\" class=\"wp-image-38708 size-full\" src=\"https:\/\/mouldking.store\/wp-content\/uploads\/2022\/12\/52TOYS-BeastBox-BB-51C-JAWLIET-4.jpg\" alt=\"52TOYS BB-51C JAWLIET\" width=\"800\" height=\"800\" title=\"-\" srcset=\"https:\/\/mouldking.store\/wp-content\/uploads\/2022\/12\/52TOYS-BeastBox-BB-51C-JAWLIET-4.jpg 800w, https:\/\/mouldking.store\/wp-content\/uploads\/2022\/12\/52TOYS-BeastBox-BB-51C-JAWLIET-4-300x300.jpg 300w, https:\/\/mouldking.store\/wp-content\/uploads\/2022\/12\/52TOYS-BeastBox-BB-51C-JAWLIET-4-768x768.jpg 768w, https:\/\/mouldking.store\/wp-content\/uploads\/2022\/12\/52TOYS-BeastBox-BB-51C-JAWLIET-4-600x600.jpg 600w, https:\/\/mouldking.store\/wp-content\/uploads\/2022\/12\/52TOYS-BeastBox-BB-51C-JAWLIET-4-150x150.jpg 150w, https:\/\/mouldking.store\/wp-content\/uploads\/2022\/12\/52TOYS-BeastBox-BB-51C-JAWLIET-4-60x60.jpg 60w, https:\/\/mouldking.store\/wp-content\/uploads\/2022\/12\/52TOYS-BeastBox-BB-51C-JAWLIET-4-90x90.jpg 90w\" sizes=\"(max-width: 800px) 100vw, 800px\" \/><figcaption id=\"caption-attachment-38708\" class=\"wp-caption-text\">52LEKER BB-51C JAWLIET<\/figcaption><\/figure>\n<figure id=\"attachment_38709\" aria-describedby=\"caption-attachment-38709\" style=\"width: 684px\" class=\"wp-caption aligncenter\"><img loading=\"lazy\" decoding=\"async\" class=\"wp-image-38709 size-full\" src=\"https:\/\/mouldking.store\/wp-content\/uploads\/2022\/12\/52TOYS-BeastBox-BB-51C-JAWLIET-3.jpg\" alt=\"52TOYS BB-51C JAWLIET\" width=\"684\" height=\"1024\" title=\"-\" srcset=\"https:\/\/mouldking.store\/wp-content\/uploads\/2022\/12\/52TOYS-BeastBox-BB-51C-JAWLIET-3.jpg 684w, https:\/\/mouldking.store\/wp-content\/uploads\/2022\/12\/52TOYS-BeastBox-BB-51C-JAWLIET-3-200x300.jpg 200w, https:\/\/mouldking.store\/wp-content\/uploads\/2022\/12\/52TOYS-BeastBox-BB-51C-JAWLIET-3-300x449.jpg 300w, https:\/\/mouldking.store\/wp-content\/uploads\/2022\/12\/52TOYS-BeastBox-BB-51C-JAWLIET-3-600x898.jpg 600w, https:\/\/mouldking.store\/wp-content\/uploads\/2022\/12\/52TOYS-BeastBox-BB-51C-JAWLIET-3-100x150.jpg 100w, https:\/\/mouldking.store\/wp-content\/uploads\/2022\/12\/52TOYS-BeastBox-BB-51C-JAWLIET-3-40x60.jpg 40w, https:\/\/mouldking.store\/wp-content\/uploads\/2022\/12\/52TOYS-BeastBox-BB-51C-JAWLIET-3-60x90.jpg 60w\" sizes=\"(max-width: 684px) 100vw, 684px\" \/><figcaption id=\"caption-attachment-38709\" class=\"wp-caption-text\">52LEKER BB-51C JAWLIET<\/figcaption><\/figure>\n<figure id=\"attachment_38710\" aria-describedby=\"caption-attachment-38710\" style=\"width: 707px\" class=\"wp-caption aligncenter\"><img loading=\"lazy\" decoding=\"async\" class=\"wp-image-38710 size-full\" src=\"https:\/\/mouldking.store\/wp-content\/uploads\/2022\/12\/52TOYS-BeastBox-BB-51C-JAWLIET-2.jpg\" alt=\"52TOYS BB-51C JAWLIET\" width=\"707\" height=\"1024\" title=\"-\" srcset=\"https:\/\/mouldking.store\/wp-content\/uploads\/2022\/12\/52TOYS-BeastBox-BB-51C-JAWLIET-2.jpg 707w, https:\/\/mouldking.store\/wp-content\/uploads\/2022\/12\/52TOYS-BeastBox-BB-51C-JAWLIET-2-207x300.jpg 207w, https:\/\/mouldking.store\/wp-content\/uploads\/2022\/12\/52TOYS-BeastBox-BB-51C-JAWLIET-2-300x435.jpg 300w, https:\/\/mouldking.store\/wp-content\/uploads\/2022\/12\/52TOYS-BeastBox-BB-51C-JAWLIET-2-600x869.jpg 600w, https:\/\/mouldking.store\/wp-content\/uploads\/2022\/12\/52TOYS-BeastBox-BB-51C-JAWLIET-2-104x150.jpg 104w, https:\/\/mouldking.store\/wp-content\/uploads\/2022\/12\/52TOYS-BeastBox-BB-51C-JAWLIET-2-41x60.jpg 41w, https:\/\/mouldking.store\/wp-content\/uploads\/2022\/12\/52TOYS-BeastBox-BB-51C-JAWLIET-2-62x90.jpg 62w\" sizes=\"(max-width: 707px) 100vw, 707px\" \/><figcaption id=\"caption-attachment-38710\" class=\"wp-caption-text\">52LEKER BB-51C JAWLIET<\/figcaption><\/figure>\n<figure id=\"attachment_38711\" aria-describedby=\"caption-attachment-38711\" style=\"width: 1024px\" class=\"wp-caption aligncenter\"><img loading=\"lazy\" decoding=\"async\" class=\"wp-image-38711 size-full\" src=\"https:\/\/mouldking.store\/wp-content\/uploads\/2022\/12\/52TOYS-BeastBox-BB-51C-JAWLIET-1.jpg\" alt=\"52TOYS BB-51C JAWLIET\" width=\"1024\" height=\"986\" title=\"-\" srcset=\"https:\/\/mouldking.store\/wp-content\/uploads\/2022\/12\/52TOYS-BeastBox-BB-51C-JAWLIET-1.jpg 1024w, https:\/\/mouldking.store\/wp-content\/uploads\/2022\/12\/52TOYS-BeastBox-BB-51C-JAWLIET-1-300x289.jpg 300w, https:\/\/mouldking.store\/wp-content\/uploads\/2022\/12\/52TOYS-BeastBox-BB-51C-JAWLIET-1-768x740.jpg 768w, https:\/\/mouldking.store\/wp-content\/uploads\/2022\/12\/52TOYS-BeastBox-BB-51C-JAWLIET-1-600x578.jpg 600w, https:\/\/mouldking.store\/wp-content\/uploads\/2022\/12\/52TOYS-BeastBox-BB-51C-JAWLIET-1-150x144.jpg 150w, https:\/\/mouldking.store\/wp-content\/uploads\/2022\/12\/52TOYS-BeastBox-BB-51C-JAWLIET-1-62x60.jpg 62w, https:\/\/mouldking.store\/wp-content\/uploads\/2022\/12\/52TOYS-BeastBox-BB-51C-JAWLIET-1-93x90.jpg 93w\" sizes=\"(max-width: 1024px) 100vw, 1024px\" \/><figcaption id=\"caption-attachment-38711\" class=\"wp-caption-text\">52LEKER BB-51C JAWLIET<\/figcaption><\/figure>","protected":false},"excerpt":{"rendered":"<ul>\n<li>Manuell byggeveiledning<\/li>\n<li data-wpmeteor-click=\"true\">Produktet inkluderer ikke STICKER og TRYKTE deler. Alle trykte deler vil bli erstattet av standarddeler og tjener ikke med tredjepartstilbeh\u00f8r.<\/li>\n<li data-wpmeteor-click=\"true\">PRESELL<\/li>\n<\/ul>","protected":false},"featured_media":38705,"comment_status":"closed","ping_status":"closed","template":"","meta":{"_acf_changed":false},"product_cat":[1365],"product_tag":[6179,10092,10089,10090,10091],"class_list":["product","first","outofstock","shipping-taxable","purchasable","product-type-simple"],"acf":[],"_links":{"self":[{"href":"https:\/\/mouldking.store\/nb\/wp-json\/wp\/v2\/product\/38698","targetHints":{"allow":["GET"]}}],"collection":[{"href":"https:\/\/mouldking.store\/nb\/wp-json\/wp\/v2\/product"}],"about":[{"href":"https:\/\/mouldking.store\/nb\/wp-json\/wp\/v2\/types\/product"}],"replies":[{"embeddable":true,"href":"https:\/\/mouldking.store\/nb\/wp-json\/wp\/v2\/comments?post=38698"}],"wp:featuredmedia":[{"embeddable":true,"href":"https:\/\/mouldking.store\/nb\/wp-json\/wp\/v2\/media\/38705"}],"wp:attachment":[{"href":"https:\/\/mouldking.store\/nb\/wp-json\/wp\/v2\/media?parent=38698"}],"wp:term":[{"taxonomy":"product_cat","embeddable":true,"href":"https:\/\/mouldking.store\/nb\/wp-json\/wp\/v2\/product_cat?post=38698"},{"taxonomy":"product_tag","embeddable":true,"href":"https:\/\/mouldking.store\/nb\/wp-json\/wp\/v2\/product_tag?post=38698"}],"curies":[{"name":"wp","href":"https:\/\/api.w.org\/{rel}","templated":true}]}}