{"id":38723,"date":"2022-12-23T10:39:45","date_gmt":"2022-12-23T03:39:45","guid":{"rendered":"https:\/\/mouldking.store\/?post_type=product&#038;p=38723"},"modified":"2022-12-23T10:39:47","modified_gmt":"2022-12-23T03:39:47","slug":"mj-13015-lighthouse-book-with-1016pcs","status":"publish","type":"product","link":"https:\/\/mouldking.store\/nb\/shop\/mj-13015-lighthouse-book-with-1016pcs\/","title":{"rendered":"MJ 13015 Fyrbok Med 1016stk"},"content":{"rendered":"<p>Produktinformasjon:<\/p>\n<ol>\n<li>Merke: MJ<\/li>\n<li>Kj\u00f8nn: Unisex<\/li>\n<li>Navn: Fyrbok<\/li>\n<li>Aldersgruppe: &gt; 6 \u00e5r gammel<\/li>\n<li>Modellnummer: 13015<\/li>\n<li>Klassifisering: Montering<\/li>\n<li>Plastblokkform: Selvl\u00e5sende murstein<\/li>\n<li>Materiale: Plast<\/li>\n<li>Plasttype: ABS<\/li>\n<li>Mursteinsblokker:1016stk<\/li>\n<li>St\u00f8rrelse: 14,4 \u00d7 14,4 \u00d7 31 cm<\/li>\n<li>Inneholder detaljerte monteringsanvisninger.<\/li>\n<\/ol>\n<p>Legge merke til:<br \/>\n1. Uten original eske, men vi garanterer at v\u00e5re produkter har kvalitetssikring og pen emballasje.<br \/>\n2. Som alle delene vi har sjekket f\u00f8r frakt, s\u00e5 hvis du finner noen deler savnet eller skadet, ikke bekymre deg og bare kontakt oss, s\u00e5 kan vi sende dem til deg p\u00e5 nytt umiddelbart gratis.<\/p>\n<figure id=\"attachment_38725\" aria-describedby=\"caption-attachment-38725\" style=\"width: 800px\" class=\"wp-caption aligncenter\"><img fetchpriority=\"high\" decoding=\"async\" class=\"wp-image-38725 size-full\" src=\"https:\/\/mouldking.store\/wp-content\/uploads\/2022\/12\/MJ-13015-Lighthouse-Book-2.jpg\" alt=\"MJ 13015 Lighthouse Book With 1016pcs\" width=\"800\" height=\"800\" title=\"-\" srcset=\"https:\/\/mouldking.store\/wp-content\/uploads\/2022\/12\/MJ-13015-Lighthouse-Book-2.jpg 800w, https:\/\/mouldking.store\/wp-content\/uploads\/2022\/12\/MJ-13015-Lighthouse-Book-2-300x300.jpg 300w, https:\/\/mouldking.store\/wp-content\/uploads\/2022\/12\/MJ-13015-Lighthouse-Book-2-768x768.jpg 768w, https:\/\/mouldking.store\/wp-content\/uploads\/2022\/12\/MJ-13015-Lighthouse-Book-2-600x600.jpg 600w, https:\/\/mouldking.store\/wp-content\/uploads\/2022\/12\/MJ-13015-Lighthouse-Book-2-150x150.jpg 150w, https:\/\/mouldking.store\/wp-content\/uploads\/2022\/12\/MJ-13015-Lighthouse-Book-2-60x60.jpg 60w, https:\/\/mouldking.store\/wp-content\/uploads\/2022\/12\/MJ-13015-Lighthouse-Book-2-90x90.jpg 90w\" sizes=\"(max-width: 800px) 100vw, 800px\" \/><figcaption id=\"caption-attachment-38725\" class=\"wp-caption-text\">MJ 13015 Fyrbok Med 1016stk<\/figcaption><\/figure>\n<figure id=\"attachment_38726\" aria-describedby=\"caption-attachment-38726\" style=\"width: 1024px\" class=\"wp-caption aligncenter\"><img decoding=\"async\" class=\"wp-image-38726 size-full\" src=\"https:\/\/mouldking.store\/wp-content\/uploads\/2022\/12\/MJ-13015-Lighthouse-Book-1.jpg\" alt=\"MJ 13015 Lighthouse Book With 1016pcs\" width=\"1024\" height=\"1010\" title=\"-\" srcset=\"https:\/\/mouldking.store\/wp-content\/uploads\/2022\/12\/MJ-13015-Lighthouse-Book-1.jpg 1024w, https:\/\/mouldking.store\/wp-content\/uploads\/2022\/12\/MJ-13015-Lighthouse-Book-1-300x296.jpg 300w, https:\/\/mouldking.store\/wp-content\/uploads\/2022\/12\/MJ-13015-Lighthouse-Book-1-768x758.jpg 768w, https:\/\/mouldking.store\/wp-content\/uploads\/2022\/12\/MJ-13015-Lighthouse-Book-1-600x592.jpg 600w, https:\/\/mouldking.store\/wp-content\/uploads\/2022\/12\/MJ-13015-Lighthouse-Book-1-150x148.jpg 150w, https:\/\/mouldking.store\/wp-content\/uploads\/2022\/12\/MJ-13015-Lighthouse-Book-1-61x60.jpg 61w, https:\/\/mouldking.store\/wp-content\/uploads\/2022\/12\/MJ-13015-Lighthouse-Book-1-91x90.jpg 91w\" sizes=\"(max-width: 1024px) 100vw, 1024px\" \/><figcaption id=\"caption-attachment-38726\" class=\"wp-caption-text\">MJ 13015 Fyrbok Med 1016stk<\/figcaption><\/figure>","protected":false},"excerpt":{"rendered":"<p>Product information: Brand: MJ Gender: Unisex Name: Lighthouse Book Age Range: &gt; 6 years old Model Number: 13015 Classification: Assemblage Plastic Block Shape: Self-Locking Bricks Material: Plastic Plastic Type: ABS Bricks Blocks:1016pcs Size: \u00a014.4 \u00d7 14.4 \u00d7 31 cm Contains detailed assembly instructions. Notice: 1. Without an original box, but we guarantee our products have [&hellip;]<\/p>","protected":false},"featured_media":38725,"comment_status":"closed","ping_status":"closed","template":"","meta":{"_acf_changed":false},"product_cat":[1365],"product_tag":[10109,1411,10110,10111,5493,10112,10113,10108],"class_list":["product","first","instock","shipping-taxable","purchasable","product-type-simple"],"acf":[],"_links":{"self":[{"href":"https:\/\/mouldking.store\/nb\/wp-json\/wp\/v2\/product\/38723","targetHints":{"allow":["GET"]}}],"collection":[{"href":"https:\/\/mouldking.store\/nb\/wp-json\/wp\/v2\/product"}],"about":[{"href":"https:\/\/mouldking.store\/nb\/wp-json\/wp\/v2\/types\/product"}],"replies":[{"embeddable":true,"href":"https:\/\/mouldking.store\/nb\/wp-json\/wp\/v2\/comments?post=38723"}],"wp:featuredmedia":[{"embeddable":true,"href":"https:\/\/mouldking.store\/nb\/wp-json\/wp\/v2\/media\/38725"}],"wp:attachment":[{"href":"https:\/\/mouldking.store\/nb\/wp-json\/wp\/v2\/media?parent=38723"}],"wp:term":[{"taxonomy":"product_cat","embeddable":true,"href":"https:\/\/mouldking.store\/nb\/wp-json\/wp\/v2\/product_cat?post=38723"},{"taxonomy":"product_tag","embeddable":true,"href":"https:\/\/mouldking.store\/nb\/wp-json\/wp\/v2\/product_tag?post=38723"}],"curies":[{"name":"wp","href":"https:\/\/api.w.org\/{rel}","templated":true}]}}