{"id":38731,"date":"2022-12-23T10:50:35","date_gmt":"2022-12-23T03:50:35","guid":{"rendered":"https:\/\/mouldking.store\/?post_type=product&#038;p=38731"},"modified":"2022-12-23T10:50:35","modified_gmt":"2022-12-23T03:50:35","slug":"k-box-k10509-1949-madililed-vehicle-with-2618pcs","status":"publish","type":"product","link":"https:\/\/mouldking.store\/nb\/shop\/k-box-k10509-1949-madililed-vehicle-with-2618pcs\/","title":{"rendered":"K-BOX K10509 1949 Madilid kj\u00f8ret\u00f8y med 2618 stk"},"content":{"rendered":"<p>Produktinformasjon:<\/p>\n<ol>\n<li>Merke: K-BOX<\/li>\n<li>Kj\u00f8nn: Unisex<\/li>\n<li>Navn: Madililed Vehicle 1949<\/li>\n<li>Aldersgruppe: &gt; 6 \u00e5r gammel<\/li>\n<li>Modellnummer: K10509<\/li>\n<li>Klassifisering: Montering<\/li>\n<li>Plastblokkform: Selvl\u00e5sende murstein<\/li>\n<li>Materiale: Plast<\/li>\n<li>Plasttype: ABS<\/li>\n<li>Mursteinblokker:2618stk<\/li>\n<li>St\u00f8rrelse: 49 \u00d7 24,5 \u00d7 13 cm<\/li>\n<li>Inneholder detaljerte monteringsanvisninger.<\/li>\n<\/ol>\n<p>Legge merke til:<br \/>\n1. Uten original eske, men vi garanterer at v\u00e5re produkter har kvalitetssikring og pen emballasje.<br \/>\n2. Som alle delene vi har sjekket f\u00f8r frakt, s\u00e5 hvis du finner noen deler savnet eller skadet, ikke bekymre deg og bare kontakt oss, s\u00e5 kan vi sende dem til deg p\u00e5 nytt umiddelbart gratis.<\/p>\n<figure id=\"attachment_38737\" aria-describedby=\"caption-attachment-38737\" style=\"width: 800px\" class=\"wp-caption aligncenter\"><img fetchpriority=\"high\" decoding=\"async\" class=\"wp-image-38737 size-full\" src=\"https:\/\/mouldking.store\/wp-content\/uploads\/2022\/12\/K-BOX-K10509-Technic-1949-Madililed-Vehicle-5.jpg\" alt=\"K-BOX K10509 1949 Madililed Vehicle With 2618pcs\" width=\"800\" height=\"800\" title=\"-\" srcset=\"https:\/\/mouldking.store\/wp-content\/uploads\/2022\/12\/K-BOX-K10509-Technic-1949-Madililed-Vehicle-5.jpg 800w, https:\/\/mouldking.store\/wp-content\/uploads\/2022\/12\/K-BOX-K10509-Technic-1949-Madililed-Vehicle-5-300x300.jpg 300w, https:\/\/mouldking.store\/wp-content\/uploads\/2022\/12\/K-BOX-K10509-Technic-1949-Madililed-Vehicle-5-768x768.jpg 768w, https:\/\/mouldking.store\/wp-content\/uploads\/2022\/12\/K-BOX-K10509-Technic-1949-Madililed-Vehicle-5-600x600.jpg 600w, https:\/\/mouldking.store\/wp-content\/uploads\/2022\/12\/K-BOX-K10509-Technic-1949-Madililed-Vehicle-5-150x150.jpg 150w, https:\/\/mouldking.store\/wp-content\/uploads\/2022\/12\/K-BOX-K10509-Technic-1949-Madililed-Vehicle-5-60x60.jpg 60w, https:\/\/mouldking.store\/wp-content\/uploads\/2022\/12\/K-BOX-K10509-Technic-1949-Madililed-Vehicle-5-90x90.jpg 90w\" sizes=\"(max-width: 800px) 100vw, 800px\" \/><figcaption id=\"caption-attachment-38737\" class=\"wp-caption-text\">K-BOX K10509 1949 Madilid kj\u00f8ret\u00f8y med 2618 stk<\/figcaption><\/figure>\n<figure id=\"attachment_38738\" aria-describedby=\"caption-attachment-38738\" style=\"width: 800px\" class=\"wp-caption aligncenter\"><img decoding=\"async\" class=\"wp-image-38738 size-full\" src=\"https:\/\/mouldking.store\/wp-content\/uploads\/2022\/12\/K-BOX-K10509-Technic-1949-Madililed-Vehicle-4.jpg\" alt=\"K-BOX K10509 1949 Madililed Vehicle With 2618pcs\" width=\"800\" height=\"800\" title=\"-\" srcset=\"https:\/\/mouldking.store\/wp-content\/uploads\/2022\/12\/K-BOX-K10509-Technic-1949-Madililed-Vehicle-4.jpg 800w, https:\/\/mouldking.store\/wp-content\/uploads\/2022\/12\/K-BOX-K10509-Technic-1949-Madililed-Vehicle-4-300x300.jpg 300w, https:\/\/mouldking.store\/wp-content\/uploads\/2022\/12\/K-BOX-K10509-Technic-1949-Madililed-Vehicle-4-768x768.jpg 768w, https:\/\/mouldking.store\/wp-content\/uploads\/2022\/12\/K-BOX-K10509-Technic-1949-Madililed-Vehicle-4-600x600.jpg 600w, https:\/\/mouldking.store\/wp-content\/uploads\/2022\/12\/K-BOX-K10509-Technic-1949-Madililed-Vehicle-4-150x150.jpg 150w, https:\/\/mouldking.store\/wp-content\/uploads\/2022\/12\/K-BOX-K10509-Technic-1949-Madililed-Vehicle-4-60x60.jpg 60w, https:\/\/mouldking.store\/wp-content\/uploads\/2022\/12\/K-BOX-K10509-Technic-1949-Madililed-Vehicle-4-90x90.jpg 90w\" sizes=\"(max-width: 800px) 100vw, 800px\" \/><figcaption id=\"caption-attachment-38738\" class=\"wp-caption-text\">K-BOX K10509 1949 Madilid kj\u00f8ret\u00f8y med 2618 stk<\/figcaption><\/figure>\n<figure id=\"attachment_38739\" aria-describedby=\"caption-attachment-38739\" style=\"width: 800px\" class=\"wp-caption aligncenter\"><img decoding=\"async\" class=\"wp-image-38739 size-full\" src=\"https:\/\/mouldking.store\/wp-content\/uploads\/2022\/12\/K-BOX-K10509-Technic-1949-Madililed-Vehicle-43.jpg\" alt=\"K-BOX K10509 1949 Madililed Vehicle With 2618pcs\" width=\"800\" height=\"800\" title=\"-\" srcset=\"https:\/\/mouldking.store\/wp-content\/uploads\/2022\/12\/K-BOX-K10509-Technic-1949-Madililed-Vehicle-43.jpg 800w, https:\/\/mouldking.store\/wp-content\/uploads\/2022\/12\/K-BOX-K10509-Technic-1949-Madililed-Vehicle-43-300x300.jpg 300w, https:\/\/mouldking.store\/wp-content\/uploads\/2022\/12\/K-BOX-K10509-Technic-1949-Madililed-Vehicle-43-768x768.jpg 768w, https:\/\/mouldking.store\/wp-content\/uploads\/2022\/12\/K-BOX-K10509-Technic-1949-Madililed-Vehicle-43-600x600.jpg 600w, https:\/\/mouldking.store\/wp-content\/uploads\/2022\/12\/K-BOX-K10509-Technic-1949-Madililed-Vehicle-43-150x150.jpg 150w, https:\/\/mouldking.store\/wp-content\/uploads\/2022\/12\/K-BOX-K10509-Technic-1949-Madililed-Vehicle-43-60x60.jpg 60w, https:\/\/mouldking.store\/wp-content\/uploads\/2022\/12\/K-BOX-K10509-Technic-1949-Madililed-Vehicle-43-90x90.jpg 90w\" sizes=\"(max-width: 800px) 100vw, 800px\" \/><figcaption id=\"caption-attachment-38739\" class=\"wp-caption-text\">K-BOX K10509 1949 Madilid kj\u00f8ret\u00f8y med 2618 stk<\/figcaption><\/figure>\n<figure id=\"attachment_38740\" aria-describedby=\"caption-attachment-38740\" style=\"width: 800px\" class=\"wp-caption aligncenter\"><img loading=\"lazy\" decoding=\"async\" class=\"wp-image-38740 size-full\" src=\"https:\/\/mouldking.store\/wp-content\/uploads\/2022\/12\/K-BOX-K10509-Technic-1949-Madililed-Vehicle-2.jpg\" alt=\"K-BOX K10509 1949 Madililed Vehicle With 2618pcs\" width=\"800\" height=\"800\" title=\"-\" srcset=\"https:\/\/mouldking.store\/wp-content\/uploads\/2022\/12\/K-BOX-K10509-Technic-1949-Madililed-Vehicle-2.jpg 800w, https:\/\/mouldking.store\/wp-content\/uploads\/2022\/12\/K-BOX-K10509-Technic-1949-Madililed-Vehicle-2-300x300.jpg 300w, https:\/\/mouldking.store\/wp-content\/uploads\/2022\/12\/K-BOX-K10509-Technic-1949-Madililed-Vehicle-2-768x768.jpg 768w, https:\/\/mouldking.store\/wp-content\/uploads\/2022\/12\/K-BOX-K10509-Technic-1949-Madililed-Vehicle-2-600x600.jpg 600w, https:\/\/mouldking.store\/wp-content\/uploads\/2022\/12\/K-BOX-K10509-Technic-1949-Madililed-Vehicle-2-150x150.jpg 150w, https:\/\/mouldking.store\/wp-content\/uploads\/2022\/12\/K-BOX-K10509-Technic-1949-Madililed-Vehicle-2-60x60.jpg 60w, https:\/\/mouldking.store\/wp-content\/uploads\/2022\/12\/K-BOX-K10509-Technic-1949-Madililed-Vehicle-2-90x90.jpg 90w\" sizes=\"(max-width: 800px) 100vw, 800px\" \/><figcaption id=\"caption-attachment-38740\" class=\"wp-caption-text\">K-BOX K10509 1949 Madilid kj\u00f8ret\u00f8y med 2618 stk<\/figcaption><\/figure>\n<figure id=\"attachment_38741\" aria-describedby=\"caption-attachment-38741\" style=\"width: 800px\" class=\"wp-caption aligncenter\"><img loading=\"lazy\" decoding=\"async\" class=\"wp-image-38741 size-full\" src=\"https:\/\/mouldking.store\/wp-content\/uploads\/2022\/12\/K-BOX-K10509-Technic-1949-Madililed-Vehicle-1.jpg\" alt=\"K-BOX K10509 1949 Madililed Vehicle With 2618pcs\" width=\"800\" height=\"800\" title=\"-\" srcset=\"https:\/\/mouldking.store\/wp-content\/uploads\/2022\/12\/K-BOX-K10509-Technic-1949-Madililed-Vehicle-1.jpg 800w, https:\/\/mouldking.store\/wp-content\/uploads\/2022\/12\/K-BOX-K10509-Technic-1949-Madililed-Vehicle-1-300x300.jpg 300w, https:\/\/mouldking.store\/wp-content\/uploads\/2022\/12\/K-BOX-K10509-Technic-1949-Madililed-Vehicle-1-768x768.jpg 768w, https:\/\/mouldking.store\/wp-content\/uploads\/2022\/12\/K-BOX-K10509-Technic-1949-Madililed-Vehicle-1-600x600.jpg 600w, https:\/\/mouldking.store\/wp-content\/uploads\/2022\/12\/K-BOX-K10509-Technic-1949-Madililed-Vehicle-1-150x150.jpg 150w, https:\/\/mouldking.store\/wp-content\/uploads\/2022\/12\/K-BOX-K10509-Technic-1949-Madililed-Vehicle-1-60x60.jpg 60w, https:\/\/mouldking.store\/wp-content\/uploads\/2022\/12\/K-BOX-K10509-Technic-1949-Madililed-Vehicle-1-90x90.jpg 90w\" sizes=\"(max-width: 800px) 100vw, 800px\" \/><figcaption id=\"caption-attachment-38741\" class=\"wp-caption-text\">K-BOX K10509 1949 Madilid kj\u00f8ret\u00f8y med 2618 stk<\/figcaption><\/figure>","protected":false},"excerpt":{"rendered":"<p>Product information: Brand: K-BOX Gender: Unisex Name: 1949 Madililed Vehicle Age Range: &gt; 6 years old Model Number: K10509 Classification: Assemblage Plastic Block Shape: Self-Locking Bricks Material: Plastic Plastic Type: ABS Bricks Blocks:2618pcs Size: 49 \u00d7 24.5 \u00d7 13 cm Contains detailed assembly instructions. Notice: 1. Without an original box, but we guarantee our products [&hellip;]<\/p>","protected":false},"featured_media":38737,"comment_status":"closed","ping_status":"closed","template":"","meta":{"_acf_changed":false},"product_cat":[1357],"product_tag":[10129,10131,2969,10132,10133,10127,10128,10130,2803],"class_list":["product","first","instock","shipping-taxable","purchasable","product-type-variable"],"acf":[],"_links":{"self":[{"href":"https:\/\/mouldking.store\/nb\/wp-json\/wp\/v2\/product\/38731","targetHints":{"allow":["GET"]}}],"collection":[{"href":"https:\/\/mouldking.store\/nb\/wp-json\/wp\/v2\/product"}],"about":[{"href":"https:\/\/mouldking.store\/nb\/wp-json\/wp\/v2\/types\/product"}],"replies":[{"embeddable":true,"href":"https:\/\/mouldking.store\/nb\/wp-json\/wp\/v2\/comments?post=38731"}],"wp:featuredmedia":[{"embeddable":true,"href":"https:\/\/mouldking.store\/nb\/wp-json\/wp\/v2\/media\/38737"}],"wp:attachment":[{"href":"https:\/\/mouldking.store\/nb\/wp-json\/wp\/v2\/media?parent=38731"}],"wp:term":[{"taxonomy":"product_cat","embeddable":true,"href":"https:\/\/mouldking.store\/nb\/wp-json\/wp\/v2\/product_cat?post=38731"},{"taxonomy":"product_tag","embeddable":true,"href":"https:\/\/mouldking.store\/nb\/wp-json\/wp\/v2\/product_tag?post=38731"}],"curies":[{"name":"wp","href":"https:\/\/api.w.org\/{rel}","templated":true}]}}