{"id":38742,"date":"2022-12-23T10:57:41","date_gmt":"2022-12-23T03:57:41","guid":{"rendered":"https:\/\/mouldking.store\/?post_type=product&#038;p=38742"},"modified":"2022-12-23T10:57:43","modified_gmt":"2022-12-23T03:57:43","slug":"mork-031071-forest-cabin-triangular-log-cabin-with-1689pcs","status":"publish","type":"product","link":"https:\/\/mouldking.store\/nb\/shop\/mork-031071-forest-cabin-triangular-log-cabin-with-1689pcs\/","title":{"rendered":"Mork 031071 Skogshytte: Trekantet t\u00f8mmerhytte Med 1689stk"},"content":{"rendered":"<p>Produktinformasjon:<\/p>\n<ol>\n<li>Merke: Mork<\/li>\n<li>Kj\u00f8nn: Unisex<\/li>\n<li>Navn: Skogshytte: Trekantet t\u00f8mmerhytte<\/li>\n<li>Aldersgruppe: &gt; 6 \u00e5r gammel<\/li>\n<li>Modellnummer: 031071<\/li>\n<li>Klassifisering: Montering<\/li>\n<li>Plastblokkform: Selvl\u00e5sende murstein<\/li>\n<li>Materiale: Plast<\/li>\n<li>Plasttype: ABS<\/li>\n<li>Mursteinblokker:1689stk<\/li>\n<li>St\u00f8rrelse: 30 \u00d7 24,5 \u00d7 27 cm<\/li>\n<li>Inneholder detaljerte monteringsanvisninger.<\/li>\n<\/ol>\n<p>Legge merke til:<br \/>\n1. Uten original eske, men vi garanterer at v\u00e5re produkter har kvalitetssikring og pen emballasje.<br \/>\n2. Som alle delene vi har sjekket f\u00f8r frakt, s\u00e5 hvis du finner noen deler savnet eller skadet, ikke bekymre deg og bare kontakt oss, s\u00e5 kan vi sende dem til deg p\u00e5 nytt umiddelbart gratis.<\/p>\n<figure id=\"attachment_38746\" aria-describedby=\"caption-attachment-38746\" style=\"width: 800px\" class=\"wp-caption aligncenter\"><img fetchpriority=\"high\" decoding=\"async\" class=\"wp-image-38746 size-full\" src=\"https:\/\/mouldking.store\/wp-content\/uploads\/2022\/12\/Mork-031071-Creator-Expert-Forest-Cabin-6.jpg\" alt=\"Mork 031071 Forest Cabin: Triangular Log Cabin With 1689pcs\" width=\"800\" height=\"800\" title=\"-\" srcset=\"https:\/\/mouldking.store\/wp-content\/uploads\/2022\/12\/Mork-031071-Creator-Expert-Forest-Cabin-6.jpg 800w, https:\/\/mouldking.store\/wp-content\/uploads\/2022\/12\/Mork-031071-Creator-Expert-Forest-Cabin-6-300x300.jpg 300w, https:\/\/mouldking.store\/wp-content\/uploads\/2022\/12\/Mork-031071-Creator-Expert-Forest-Cabin-6-768x768.jpg 768w, https:\/\/mouldking.store\/wp-content\/uploads\/2022\/12\/Mork-031071-Creator-Expert-Forest-Cabin-6-600x600.jpg 600w, https:\/\/mouldking.store\/wp-content\/uploads\/2022\/12\/Mork-031071-Creator-Expert-Forest-Cabin-6-150x150.jpg 150w, https:\/\/mouldking.store\/wp-content\/uploads\/2022\/12\/Mork-031071-Creator-Expert-Forest-Cabin-6-60x60.jpg 60w, https:\/\/mouldking.store\/wp-content\/uploads\/2022\/12\/Mork-031071-Creator-Expert-Forest-Cabin-6-90x90.jpg 90w\" sizes=\"(max-width: 800px) 100vw, 800px\" \/><figcaption id=\"caption-attachment-38746\" class=\"wp-caption-text\">Mork 031071 Skogshytte: Trekantet t\u00f8mmerhytte Med 1689stk<\/figcaption><\/figure>\n<figure id=\"attachment_38747\" aria-describedby=\"caption-attachment-38747\" style=\"width: 800px\" class=\"wp-caption aligncenter\"><img decoding=\"async\" class=\"wp-image-38747 size-full\" src=\"https:\/\/mouldking.store\/wp-content\/uploads\/2022\/12\/Mork-031071-Creator-Expert-Forest-Cabin-5.jpg\" alt=\"Mork 031071 Forest Cabin: Triangular Log Cabin With 1689pcs\" width=\"800\" height=\"800\" title=\"-\" srcset=\"https:\/\/mouldking.store\/wp-content\/uploads\/2022\/12\/Mork-031071-Creator-Expert-Forest-Cabin-5.jpg 800w, https:\/\/mouldking.store\/wp-content\/uploads\/2022\/12\/Mork-031071-Creator-Expert-Forest-Cabin-5-300x300.jpg 300w, https:\/\/mouldking.store\/wp-content\/uploads\/2022\/12\/Mork-031071-Creator-Expert-Forest-Cabin-5-768x768.jpg 768w, https:\/\/mouldking.store\/wp-content\/uploads\/2022\/12\/Mork-031071-Creator-Expert-Forest-Cabin-5-600x600.jpg 600w, https:\/\/mouldking.store\/wp-content\/uploads\/2022\/12\/Mork-031071-Creator-Expert-Forest-Cabin-5-150x150.jpg 150w, https:\/\/mouldking.store\/wp-content\/uploads\/2022\/12\/Mork-031071-Creator-Expert-Forest-Cabin-5-60x60.jpg 60w, https:\/\/mouldking.store\/wp-content\/uploads\/2022\/12\/Mork-031071-Creator-Expert-Forest-Cabin-5-90x90.jpg 90w\" sizes=\"(max-width: 800px) 100vw, 800px\" \/><figcaption id=\"caption-attachment-38747\" class=\"wp-caption-text\">Mork 031071 Skogshytte: Trekantet t\u00f8mmerhytte Med 1689stk<\/figcaption><\/figure>\n<figure id=\"attachment_38748\" aria-describedby=\"caption-attachment-38748\" style=\"width: 800px\" class=\"wp-caption aligncenter\"><img decoding=\"async\" class=\"wp-image-38748 size-full\" src=\"https:\/\/mouldking.store\/wp-content\/uploads\/2022\/12\/Mork-031071-Creator-Expert-Forest-Cabin-4.jpg\" alt=\"Mork 031071 Forest Cabin: Triangular Log Cabin With 1689pcs\" width=\"800\" height=\"800\" title=\"-\" srcset=\"https:\/\/mouldking.store\/wp-content\/uploads\/2022\/12\/Mork-031071-Creator-Expert-Forest-Cabin-4.jpg 800w, https:\/\/mouldking.store\/wp-content\/uploads\/2022\/12\/Mork-031071-Creator-Expert-Forest-Cabin-4-300x300.jpg 300w, https:\/\/mouldking.store\/wp-content\/uploads\/2022\/12\/Mork-031071-Creator-Expert-Forest-Cabin-4-768x768.jpg 768w, https:\/\/mouldking.store\/wp-content\/uploads\/2022\/12\/Mork-031071-Creator-Expert-Forest-Cabin-4-600x600.jpg 600w, https:\/\/mouldking.store\/wp-content\/uploads\/2022\/12\/Mork-031071-Creator-Expert-Forest-Cabin-4-150x150.jpg 150w, https:\/\/mouldking.store\/wp-content\/uploads\/2022\/12\/Mork-031071-Creator-Expert-Forest-Cabin-4-60x60.jpg 60w, https:\/\/mouldking.store\/wp-content\/uploads\/2022\/12\/Mork-031071-Creator-Expert-Forest-Cabin-4-90x90.jpg 90w\" sizes=\"(max-width: 800px) 100vw, 800px\" \/><figcaption id=\"caption-attachment-38748\" class=\"wp-caption-text\">Mork 031071 Skogshytte: Trekantet t\u00f8mmerhytte Med 1689stk<\/figcaption><\/figure>\n<figure id=\"attachment_38749\" aria-describedby=\"caption-attachment-38749\" style=\"width: 800px\" class=\"wp-caption aligncenter\"><img loading=\"lazy\" decoding=\"async\" class=\"wp-image-38749 size-full\" src=\"https:\/\/mouldking.store\/wp-content\/uploads\/2022\/12\/Mork-031071-Creator-Expert-Forest-Cabin-3.jpg\" alt=\"Mork 031071 Forest Cabin: Triangular Log Cabin With 1689pcs\" width=\"800\" height=\"800\" title=\"-\" srcset=\"https:\/\/mouldking.store\/wp-content\/uploads\/2022\/12\/Mork-031071-Creator-Expert-Forest-Cabin-3.jpg 800w, https:\/\/mouldking.store\/wp-content\/uploads\/2022\/12\/Mork-031071-Creator-Expert-Forest-Cabin-3-300x300.jpg 300w, https:\/\/mouldking.store\/wp-content\/uploads\/2022\/12\/Mork-031071-Creator-Expert-Forest-Cabin-3-768x768.jpg 768w, https:\/\/mouldking.store\/wp-content\/uploads\/2022\/12\/Mork-031071-Creator-Expert-Forest-Cabin-3-600x600.jpg 600w, https:\/\/mouldking.store\/wp-content\/uploads\/2022\/12\/Mork-031071-Creator-Expert-Forest-Cabin-3-150x150.jpg 150w, https:\/\/mouldking.store\/wp-content\/uploads\/2022\/12\/Mork-031071-Creator-Expert-Forest-Cabin-3-60x60.jpg 60w, https:\/\/mouldking.store\/wp-content\/uploads\/2022\/12\/Mork-031071-Creator-Expert-Forest-Cabin-3-90x90.jpg 90w\" sizes=\"(max-width: 800px) 100vw, 800px\" \/><figcaption id=\"caption-attachment-38749\" class=\"wp-caption-text\">Mork 031071 Skogshytte: Trekantet t\u00f8mmerhytte Med 1689stk<\/figcaption><\/figure>\n<figure id=\"attachment_38750\" aria-describedby=\"caption-attachment-38750\" style=\"width: 800px\" class=\"wp-caption aligncenter\"><img loading=\"lazy\" decoding=\"async\" class=\"wp-image-38750 size-full\" src=\"https:\/\/mouldking.store\/wp-content\/uploads\/2022\/12\/Mork-031071-Creator-Expert-Forest-Cabin-2.jpg\" alt=\"Mork 031071 Forest Cabin: Triangular Log Cabin With 1689pcs\" width=\"800\" height=\"800\" title=\"-\" srcset=\"https:\/\/mouldking.store\/wp-content\/uploads\/2022\/12\/Mork-031071-Creator-Expert-Forest-Cabin-2.jpg 800w, https:\/\/mouldking.store\/wp-content\/uploads\/2022\/12\/Mork-031071-Creator-Expert-Forest-Cabin-2-300x300.jpg 300w, https:\/\/mouldking.store\/wp-content\/uploads\/2022\/12\/Mork-031071-Creator-Expert-Forest-Cabin-2-768x768.jpg 768w, https:\/\/mouldking.store\/wp-content\/uploads\/2022\/12\/Mork-031071-Creator-Expert-Forest-Cabin-2-600x600.jpg 600w, https:\/\/mouldking.store\/wp-content\/uploads\/2022\/12\/Mork-031071-Creator-Expert-Forest-Cabin-2-150x150.jpg 150w, https:\/\/mouldking.store\/wp-content\/uploads\/2022\/12\/Mork-031071-Creator-Expert-Forest-Cabin-2-60x60.jpg 60w, https:\/\/mouldking.store\/wp-content\/uploads\/2022\/12\/Mork-031071-Creator-Expert-Forest-Cabin-2-90x90.jpg 90w\" sizes=\"(max-width: 800px) 100vw, 800px\" \/><figcaption id=\"caption-attachment-38750\" class=\"wp-caption-text\">Mork 031071 Skogshytte: Trekantet t\u00f8mmerhytte Med 1689stk<\/figcaption><\/figure>\n<figure id=\"attachment_38751\" aria-describedby=\"caption-attachment-38751\" style=\"width: 800px\" class=\"wp-caption aligncenter\"><img loading=\"lazy\" decoding=\"async\" class=\"wp-image-38751 size-full\" src=\"https:\/\/mouldking.store\/wp-content\/uploads\/2022\/12\/Mork-031071-Creator-Expert-Forest-Cabin-1.jpg\" alt=\"Mork 031071 Forest Cabin: Triangular Log Cabin With 1689pcs\" width=\"800\" height=\"800\" title=\"-\" srcset=\"https:\/\/mouldking.store\/wp-content\/uploads\/2022\/12\/Mork-031071-Creator-Expert-Forest-Cabin-1.jpg 800w, https:\/\/mouldking.store\/wp-content\/uploads\/2022\/12\/Mork-031071-Creator-Expert-Forest-Cabin-1-300x300.jpg 300w, https:\/\/mouldking.store\/wp-content\/uploads\/2022\/12\/Mork-031071-Creator-Expert-Forest-Cabin-1-768x768.jpg 768w, https:\/\/mouldking.store\/wp-content\/uploads\/2022\/12\/Mork-031071-Creator-Expert-Forest-Cabin-1-600x600.jpg 600w, https:\/\/mouldking.store\/wp-content\/uploads\/2022\/12\/Mork-031071-Creator-Expert-Forest-Cabin-1-150x150.jpg 150w, https:\/\/mouldking.store\/wp-content\/uploads\/2022\/12\/Mork-031071-Creator-Expert-Forest-Cabin-1-60x60.jpg 60w, https:\/\/mouldking.store\/wp-content\/uploads\/2022\/12\/Mork-031071-Creator-Expert-Forest-Cabin-1-90x90.jpg 90w\" sizes=\"(max-width: 800px) 100vw, 800px\" \/><figcaption id=\"caption-attachment-38751\" class=\"wp-caption-text\">Mork 031071 Skogshytte: Trekantet t\u00f8mmerhytte Med 1689stk<\/figcaption><\/figure>","protected":false},"excerpt":{"rendered":"<p>Product information: Brand: Mork Gender: Unisex Name: Forest Cabin: Triangular Log Cabin Age Range: &gt; 6 years old Model Number: 031071 Classification: Assemblage Plastic Block Shape: Self-Locking Bricks Material: Plastic Plastic Type: ABS Bricks Blocks:1689pcs Size: 30 \u00d7 24.5 \u00d7 27 cm Contains detailed assembly instructions. Notice: 1. Without an original box, but we guarantee [&hellip;]<\/p>","protected":false},"featured_media":38746,"comment_status":"closed","ping_status":"closed","template":"","meta":{"_acf_changed":false},"product_cat":[1365],"product_tag":[10135,10138,3727,10141,10137,10139,2352,10142,10134,10136,10140],"class_list":["product","first","instock","shipping-taxable","purchasable","product-type-simple"],"acf":[],"_links":{"self":[{"href":"https:\/\/mouldking.store\/nb\/wp-json\/wp\/v2\/product\/38742","targetHints":{"allow":["GET"]}}],"collection":[{"href":"https:\/\/mouldking.store\/nb\/wp-json\/wp\/v2\/product"}],"about":[{"href":"https:\/\/mouldking.store\/nb\/wp-json\/wp\/v2\/types\/product"}],"replies":[{"embeddable":true,"href":"https:\/\/mouldking.store\/nb\/wp-json\/wp\/v2\/comments?post=38742"}],"wp:featuredmedia":[{"embeddable":true,"href":"https:\/\/mouldking.store\/nb\/wp-json\/wp\/v2\/media\/38746"}],"wp:attachment":[{"href":"https:\/\/mouldking.store\/nb\/wp-json\/wp\/v2\/media?parent=38742"}],"wp:term":[{"taxonomy":"product_cat","embeddable":true,"href":"https:\/\/mouldking.store\/nb\/wp-json\/wp\/v2\/product_cat?post=38742"},{"taxonomy":"product_tag","embeddable":true,"href":"https:\/\/mouldking.store\/nb\/wp-json\/wp\/v2\/product_tag?post=38742"}],"curies":[{"name":"wp","href":"https:\/\/api.w.org\/{rel}","templated":true}]}}