{"id":38773,"date":"2022-12-23T11:16:02","date_gmt":"2022-12-23T04:16:02","guid":{"rendered":"https:\/\/mouldking.store\/?post_type=product&#038;p=38773"},"modified":"2022-12-23T11:16:03","modified_gmt":"2022-12-23T04:16:03","slug":"caco-c021-t2-bus-with-2975pcs","status":"publish","type":"product","link":"https:\/\/mouldking.store\/nb\/shop\/caco-c021-t2-bus-with-2975pcs\/","title":{"rendered":"CACO C021 T2 Buss Med 2975stk"},"content":{"rendered":"<p>Produktinformasjon:<\/p>\n<ol>\n<li>Merke: CACO<\/li>\n<li>Kj\u00f8nn: Unisex<\/li>\n<li>Navn: T2 Bus<\/li>\n<li>Aldersgruppe: &gt; 6 \u00e5r gammel<\/li>\n<li>Modellnummer: C021<\/li>\n<li>Klassifisering: Montering<\/li>\n<li>Plastblokkform: Selvl\u00e5sende murstein<\/li>\n<li>Materiale: Plast<\/li>\n<li>Plasttype: ABS<\/li>\n<li>Mursteinblokker:2975stk<\/li>\n<li>St\u00f8rrelse: 28 x 48,6 x 29,3 cm<\/li>\n<li>Inneholder detaljerte monteringsanvisninger.<\/li>\n<\/ol>\n<p>Legge merke til:<br \/>\n1. Uten original eske, men vi garanterer at v\u00e5re produkter har kvalitetssikring og pen emballasje.<br \/>\n2. Som alle delene vi har sjekket f\u00f8r frakt, s\u00e5 hvis du finner noen deler savnet eller skadet, ikke bekymre deg og bare kontakt oss, s\u00e5 kan vi sende dem til deg p\u00e5 nytt umiddelbart gratis.<\/p>\n<figure id=\"attachment_38774\" aria-describedby=\"caption-attachment-38774\" style=\"width: 800px\" class=\"wp-caption aligncenter\"><img fetchpriority=\"high\" decoding=\"async\" class=\"wp-image-38774 size-full\" src=\"https:\/\/mouldking.store\/wp-content\/uploads\/2022\/12\/CACO-C021-Technic-T2-Bus-6.jpg\" alt=\"CACO C021 T2 Bus With 2975pcs\" width=\"800\" height=\"800\" title=\"-\" srcset=\"https:\/\/mouldking.store\/wp-content\/uploads\/2022\/12\/CACO-C021-Technic-T2-Bus-6.jpg 800w, https:\/\/mouldking.store\/wp-content\/uploads\/2022\/12\/CACO-C021-Technic-T2-Bus-6-300x300.jpg 300w, https:\/\/mouldking.store\/wp-content\/uploads\/2022\/12\/CACO-C021-Technic-T2-Bus-6-768x768.jpg 768w, https:\/\/mouldking.store\/wp-content\/uploads\/2022\/12\/CACO-C021-Technic-T2-Bus-6-600x600.jpg 600w, https:\/\/mouldking.store\/wp-content\/uploads\/2022\/12\/CACO-C021-Technic-T2-Bus-6-150x150.jpg 150w, https:\/\/mouldking.store\/wp-content\/uploads\/2022\/12\/CACO-C021-Technic-T2-Bus-6-60x60.jpg 60w, https:\/\/mouldking.store\/wp-content\/uploads\/2022\/12\/CACO-C021-Technic-T2-Bus-6-90x90.jpg 90w\" sizes=\"(max-width: 800px) 100vw, 800px\" \/><figcaption id=\"caption-attachment-38774\" class=\"wp-caption-text\">CACO C021 T2 Buss Med 2975stk<\/figcaption><\/figure>\n<figure id=\"attachment_38775\" aria-describedby=\"caption-attachment-38775\" style=\"width: 800px\" class=\"wp-caption aligncenter\"><img decoding=\"async\" class=\"wp-image-38775 size-full\" src=\"https:\/\/mouldking.store\/wp-content\/uploads\/2022\/12\/CACO-C021-Technic-T2-Bus-5.jpg\" alt=\"CACO C021 T2 Bus With 2975pcs\" width=\"800\" height=\"800\" title=\"-\" srcset=\"https:\/\/mouldking.store\/wp-content\/uploads\/2022\/12\/CACO-C021-Technic-T2-Bus-5.jpg 800w, https:\/\/mouldking.store\/wp-content\/uploads\/2022\/12\/CACO-C021-Technic-T2-Bus-5-300x300.jpg 300w, https:\/\/mouldking.store\/wp-content\/uploads\/2022\/12\/CACO-C021-Technic-T2-Bus-5-768x768.jpg 768w, https:\/\/mouldking.store\/wp-content\/uploads\/2022\/12\/CACO-C021-Technic-T2-Bus-5-600x600.jpg 600w, https:\/\/mouldking.store\/wp-content\/uploads\/2022\/12\/CACO-C021-Technic-T2-Bus-5-150x150.jpg 150w, https:\/\/mouldking.store\/wp-content\/uploads\/2022\/12\/CACO-C021-Technic-T2-Bus-5-60x60.jpg 60w, https:\/\/mouldking.store\/wp-content\/uploads\/2022\/12\/CACO-C021-Technic-T2-Bus-5-90x90.jpg 90w\" sizes=\"(max-width: 800px) 100vw, 800px\" \/><figcaption id=\"caption-attachment-38775\" class=\"wp-caption-text\">CACO C021 T2 Buss Med 2975stk<\/figcaption><\/figure>\n<figure id=\"attachment_38776\" aria-describedby=\"caption-attachment-38776\" style=\"width: 800px\" class=\"wp-caption aligncenter\"><img decoding=\"async\" class=\"wp-image-38776 size-full\" src=\"https:\/\/mouldking.store\/wp-content\/uploads\/2022\/12\/CACO-C021-Technic-T2-Bus-4.jpg\" alt=\"CACO C021 T2 Bus With 2975pcs\" width=\"800\" height=\"800\" title=\"-\" srcset=\"https:\/\/mouldking.store\/wp-content\/uploads\/2022\/12\/CACO-C021-Technic-T2-Bus-4.jpg 800w, https:\/\/mouldking.store\/wp-content\/uploads\/2022\/12\/CACO-C021-Technic-T2-Bus-4-300x300.jpg 300w, https:\/\/mouldking.store\/wp-content\/uploads\/2022\/12\/CACO-C021-Technic-T2-Bus-4-768x768.jpg 768w, https:\/\/mouldking.store\/wp-content\/uploads\/2022\/12\/CACO-C021-Technic-T2-Bus-4-600x600.jpg 600w, https:\/\/mouldking.store\/wp-content\/uploads\/2022\/12\/CACO-C021-Technic-T2-Bus-4-150x150.jpg 150w, https:\/\/mouldking.store\/wp-content\/uploads\/2022\/12\/CACO-C021-Technic-T2-Bus-4-60x60.jpg 60w, https:\/\/mouldking.store\/wp-content\/uploads\/2022\/12\/CACO-C021-Technic-T2-Bus-4-90x90.jpg 90w\" sizes=\"(max-width: 800px) 100vw, 800px\" \/><figcaption id=\"caption-attachment-38776\" class=\"wp-caption-text\">CACO C021 T2 Buss Med 2975stk<\/figcaption><\/figure>\n<figure id=\"attachment_38777\" aria-describedby=\"caption-attachment-38777\" style=\"width: 800px\" class=\"wp-caption aligncenter\"><img loading=\"lazy\" decoding=\"async\" class=\"wp-image-38777 size-full\" src=\"https:\/\/mouldking.store\/wp-content\/uploads\/2022\/12\/CACO-C021-Technic-T2-Bus-3.jpg\" alt=\"CACO C021 T2 Bus With 2975pcs\" width=\"800\" height=\"800\" title=\"-\" srcset=\"https:\/\/mouldking.store\/wp-content\/uploads\/2022\/12\/CACO-C021-Technic-T2-Bus-3.jpg 800w, https:\/\/mouldking.store\/wp-content\/uploads\/2022\/12\/CACO-C021-Technic-T2-Bus-3-300x300.jpg 300w, https:\/\/mouldking.store\/wp-content\/uploads\/2022\/12\/CACO-C021-Technic-T2-Bus-3-768x768.jpg 768w, https:\/\/mouldking.store\/wp-content\/uploads\/2022\/12\/CACO-C021-Technic-T2-Bus-3-600x600.jpg 600w, https:\/\/mouldking.store\/wp-content\/uploads\/2022\/12\/CACO-C021-Technic-T2-Bus-3-150x150.jpg 150w, https:\/\/mouldking.store\/wp-content\/uploads\/2022\/12\/CACO-C021-Technic-T2-Bus-3-60x60.jpg 60w, https:\/\/mouldking.store\/wp-content\/uploads\/2022\/12\/CACO-C021-Technic-T2-Bus-3-90x90.jpg 90w\" sizes=\"(max-width: 800px) 100vw, 800px\" \/><figcaption id=\"caption-attachment-38777\" class=\"wp-caption-text\">CACO C021 T2 Buss Med 2975stk<\/figcaption><\/figure>\n<figure id=\"attachment_38778\" aria-describedby=\"caption-attachment-38778\" style=\"width: 800px\" class=\"wp-caption aligncenter\"><img loading=\"lazy\" decoding=\"async\" class=\"wp-image-38778 size-full\" src=\"https:\/\/mouldking.store\/wp-content\/uploads\/2022\/12\/CACO-C021-Technic-T2-Bus-2.jpg\" alt=\"CACO C021 T2 Bus With 2975pcs\" width=\"800\" height=\"800\" title=\"-\" srcset=\"https:\/\/mouldking.store\/wp-content\/uploads\/2022\/12\/CACO-C021-Technic-T2-Bus-2.jpg 800w, https:\/\/mouldking.store\/wp-content\/uploads\/2022\/12\/CACO-C021-Technic-T2-Bus-2-300x300.jpg 300w, https:\/\/mouldking.store\/wp-content\/uploads\/2022\/12\/CACO-C021-Technic-T2-Bus-2-768x768.jpg 768w, https:\/\/mouldking.store\/wp-content\/uploads\/2022\/12\/CACO-C021-Technic-T2-Bus-2-600x600.jpg 600w, https:\/\/mouldking.store\/wp-content\/uploads\/2022\/12\/CACO-C021-Technic-T2-Bus-2-150x150.jpg 150w, https:\/\/mouldking.store\/wp-content\/uploads\/2022\/12\/CACO-C021-Technic-T2-Bus-2-60x60.jpg 60w, https:\/\/mouldking.store\/wp-content\/uploads\/2022\/12\/CACO-C021-Technic-T2-Bus-2-90x90.jpg 90w\" sizes=\"(max-width: 800px) 100vw, 800px\" \/><figcaption id=\"caption-attachment-38778\" class=\"wp-caption-text\">CACO C021 T2 Buss Med 2975stk<\/figcaption><\/figure>\n<figure id=\"attachment_38779\" aria-describedby=\"caption-attachment-38779\" style=\"width: 800px\" class=\"wp-caption aligncenter\"><img loading=\"lazy\" decoding=\"async\" class=\"wp-image-38779 size-full\" src=\"https:\/\/mouldking.store\/wp-content\/uploads\/2022\/12\/CACO-C021-Technic-T2-Bus-1.jpg\" alt=\"CACO C021 T2 Bus With 2975pcs\" width=\"800\" height=\"800\" title=\"-\" srcset=\"https:\/\/mouldking.store\/wp-content\/uploads\/2022\/12\/CACO-C021-Technic-T2-Bus-1.jpg 800w, https:\/\/mouldking.store\/wp-content\/uploads\/2022\/12\/CACO-C021-Technic-T2-Bus-1-300x300.jpg 300w, https:\/\/mouldking.store\/wp-content\/uploads\/2022\/12\/CACO-C021-Technic-T2-Bus-1-768x768.jpg 768w, https:\/\/mouldking.store\/wp-content\/uploads\/2022\/12\/CACO-C021-Technic-T2-Bus-1-600x600.jpg 600w, https:\/\/mouldking.store\/wp-content\/uploads\/2022\/12\/CACO-C021-Technic-T2-Bus-1-150x150.jpg 150w, https:\/\/mouldking.store\/wp-content\/uploads\/2022\/12\/CACO-C021-Technic-T2-Bus-1-60x60.jpg 60w, https:\/\/mouldking.store\/wp-content\/uploads\/2022\/12\/CACO-C021-Technic-T2-Bus-1-90x90.jpg 90w\" sizes=\"(max-width: 800px) 100vw, 800px\" \/><figcaption id=\"caption-attachment-38779\" class=\"wp-caption-text\">CACO C021 T2 Buss Med 2975stk<\/figcaption><\/figure>","protected":false},"excerpt":{"rendered":"<p>Product information: Brand: CACO Gender: Unisex Name: T2 Bus Age Range: &gt; 6 years old Model Number: C021 Classification: Assemblage Plastic Block Shape: Self-Locking Bricks Material: Plastic Plastic Type: ABS Bricks Blocks:2975pcs Size: 28 x 48.6 x 29.3 cm Contains detailed assembly instructions. Notice: 1. Without an original box, but we guarantee our products have [&hellip;]<\/p>","protected":false},"featured_media":38774,"comment_status":"closed","ping_status":"closed","template":"","meta":{"_acf_changed":false},"product_cat":[1357],"product_tag":[4572,10176,10175,10178,10179,10174,10177],"class_list":["product","first","instock","shipping-taxable","purchasable","product-type-variable"],"acf":[],"_links":{"self":[{"href":"https:\/\/mouldking.store\/nb\/wp-json\/wp\/v2\/product\/38773","targetHints":{"allow":["GET"]}}],"collection":[{"href":"https:\/\/mouldking.store\/nb\/wp-json\/wp\/v2\/product"}],"about":[{"href":"https:\/\/mouldking.store\/nb\/wp-json\/wp\/v2\/types\/product"}],"replies":[{"embeddable":true,"href":"https:\/\/mouldking.store\/nb\/wp-json\/wp\/v2\/comments?post=38773"}],"wp:featuredmedia":[{"embeddable":true,"href":"https:\/\/mouldking.store\/nb\/wp-json\/wp\/v2\/media\/38774"}],"wp:attachment":[{"href":"https:\/\/mouldking.store\/nb\/wp-json\/wp\/v2\/media?parent=38773"}],"wp:term":[{"taxonomy":"product_cat","embeddable":true,"href":"https:\/\/mouldking.store\/nb\/wp-json\/wp\/v2\/product_cat?post=38773"},{"taxonomy":"product_tag","embeddable":true,"href":"https:\/\/mouldking.store\/nb\/wp-json\/wp\/v2\/product_tag?post=38773"}],"curies":[{"name":"wp","href":"https:\/\/api.w.org\/{rel}","templated":true}]}}