{"id":38802,"date":"2022-12-23T11:29:11","date_gmt":"2022-12-23T04:29:11","guid":{"rendered":"https:\/\/mouldking.store\/?post_type=product&#038;p=38802"},"modified":"2022-12-23T11:30:16","modified_gmt":"2022-12-23T04:30:16","slug":"jaki-8501-project-dawn-dawn-5-rocket","status":"publish","type":"product","link":"https:\/\/mouldking.store\/nb\/shop\/jaki-8501-project-dawn-dawn-5-rocket\/","title":{"rendered":"JAKI 8501 Project Dawn: Dawn 5 Rocket"},"content":{"rendered":"<p>Produktinformasjon:<\/p>\n<ol>\n<li>Merke: JAKI<\/li>\n<li>Kj\u00f8nn: Unisex<\/li>\n<li>Name: Project Dawn: Dawn 5 Rocket<\/li>\n<li>Aldersgruppe: &gt; 6 \u00e5r gammel<\/li>\n<li>Model Number: 8501<\/li>\n<li>Klassifisering: Montering<\/li>\n<li>Plastblokkform: Selvl\u00e5sende murstein<\/li>\n<li>Materiale: Plast<\/li>\n<li>Plasttype: ABS<\/li>\n<li>Size:14.4 \u00d7 15.8 \u00d7 43 cm<\/li>\n<li>Inneholder detaljerte monteringsanvisninger.<\/li>\n<\/ol>\n<p>Legge merke til:<br \/>\n1. Uten original eske, men vi garanterer at v\u00e5re produkter har kvalitetssikring og pen emballasje.<br \/>\n2. Som alle delene vi har sjekket f\u00f8r frakt, s\u00e5 hvis du finner noen deler savnet eller skadet, ikke bekymre deg og bare kontakt oss, s\u00e5 kan vi sende dem til deg p\u00e5 nytt umiddelbart gratis.<\/p>\n<figure id=\"attachment_38804\" aria-describedby=\"caption-attachment-38804\" style=\"width: 800px\" class=\"wp-caption aligncenter\"><img fetchpriority=\"high\" decoding=\"async\" class=\"wp-image-38804 size-full\" src=\"https:\/\/mouldking.store\/wp-content\/uploads\/2022\/12\/JAKI-8501-Project-Dawn-12.jpg\" alt=\"JAKI 8501 Project Dawn: Dawn 5 Rocket \" width=\"800\" height=\"800\" title=\"-\" srcset=\"https:\/\/mouldking.store\/wp-content\/uploads\/2022\/12\/JAKI-8501-Project-Dawn-12.jpg 800w, https:\/\/mouldking.store\/wp-content\/uploads\/2022\/12\/JAKI-8501-Project-Dawn-12-300x300.jpg 300w, https:\/\/mouldking.store\/wp-content\/uploads\/2022\/12\/JAKI-8501-Project-Dawn-12-768x768.jpg 768w, https:\/\/mouldking.store\/wp-content\/uploads\/2022\/12\/JAKI-8501-Project-Dawn-12-600x600.jpg 600w, https:\/\/mouldking.store\/wp-content\/uploads\/2022\/12\/JAKI-8501-Project-Dawn-12-150x150.jpg 150w, https:\/\/mouldking.store\/wp-content\/uploads\/2022\/12\/JAKI-8501-Project-Dawn-12-60x60.jpg 60w, https:\/\/mouldking.store\/wp-content\/uploads\/2022\/12\/JAKI-8501-Project-Dawn-12-90x90.jpg 90w\" sizes=\"(max-width: 800px) 100vw, 800px\" \/><figcaption id=\"caption-attachment-38804\" class=\"wp-caption-text\">JAKI 8501 Project Dawn: Dawn 5 Rocket<\/figcaption><\/figure>\n<figure id=\"attachment_38805\" aria-describedby=\"caption-attachment-38805\" style=\"width: 750px\" class=\"wp-caption aligncenter\"><img decoding=\"async\" class=\"wp-image-38805 size-full\" src=\"https:\/\/mouldking.store\/wp-content\/uploads\/2022\/12\/JAKI-8501-Project-Dawn-11.jpg\" alt=\"JAKI 8501 Project Dawn: Dawn 5 Rocket \" width=\"750\" height=\"1000\" title=\"-\" srcset=\"https:\/\/mouldking.store\/wp-content\/uploads\/2022\/12\/JAKI-8501-Project-Dawn-11.jpg 750w, https:\/\/mouldking.store\/wp-content\/uploads\/2022\/12\/JAKI-8501-Project-Dawn-11-225x300.jpg 225w, https:\/\/mouldking.store\/wp-content\/uploads\/2022\/12\/JAKI-8501-Project-Dawn-11-300x400.jpg 300w, https:\/\/mouldking.store\/wp-content\/uploads\/2022\/12\/JAKI-8501-Project-Dawn-11-600x800.jpg 600w, https:\/\/mouldking.store\/wp-content\/uploads\/2022\/12\/JAKI-8501-Project-Dawn-11-113x150.jpg 113w, https:\/\/mouldking.store\/wp-content\/uploads\/2022\/12\/JAKI-8501-Project-Dawn-11-45x60.jpg 45w, https:\/\/mouldking.store\/wp-content\/uploads\/2022\/12\/JAKI-8501-Project-Dawn-11-68x90.jpg 68w\" sizes=\"(max-width: 750px) 100vw, 750px\" \/><figcaption id=\"caption-attachment-38805\" class=\"wp-caption-text\">JAKI 8501 Project Dawn: Dawn 5 Rocket<\/figcaption><\/figure>\n<figure id=\"attachment_38806\" aria-describedby=\"caption-attachment-38806\" style=\"width: 750px\" class=\"wp-caption aligncenter\"><img decoding=\"async\" class=\"wp-image-38806 size-full\" src=\"https:\/\/mouldking.store\/wp-content\/uploads\/2022\/12\/JAKI-8501-Project-Dawn-10.jpg\" alt=\"JAKI 8501 Project Dawn: Dawn 5 Rocket \" width=\"750\" height=\"1000\" title=\"-\" srcset=\"https:\/\/mouldking.store\/wp-content\/uploads\/2022\/12\/JAKI-8501-Project-Dawn-10.jpg 750w, https:\/\/mouldking.store\/wp-content\/uploads\/2022\/12\/JAKI-8501-Project-Dawn-10-225x300.jpg 225w, https:\/\/mouldking.store\/wp-content\/uploads\/2022\/12\/JAKI-8501-Project-Dawn-10-300x400.jpg 300w, https:\/\/mouldking.store\/wp-content\/uploads\/2022\/12\/JAKI-8501-Project-Dawn-10-600x800.jpg 600w, https:\/\/mouldking.store\/wp-content\/uploads\/2022\/12\/JAKI-8501-Project-Dawn-10-113x150.jpg 113w, https:\/\/mouldking.store\/wp-content\/uploads\/2022\/12\/JAKI-8501-Project-Dawn-10-45x60.jpg 45w, https:\/\/mouldking.store\/wp-content\/uploads\/2022\/12\/JAKI-8501-Project-Dawn-10-68x90.jpg 68w\" sizes=\"(max-width: 750px) 100vw, 750px\" \/><figcaption id=\"caption-attachment-38806\" class=\"wp-caption-text\">JAKI 8501 Project Dawn: Dawn 5 Rocket<\/figcaption><\/figure>\n<figure id=\"attachment_38807\" aria-describedby=\"caption-attachment-38807\" style=\"width: 750px\" class=\"wp-caption aligncenter\"><img loading=\"lazy\" decoding=\"async\" class=\"wp-image-38807 size-full\" src=\"https:\/\/mouldking.store\/wp-content\/uploads\/2022\/12\/JAKI-8501-Project-Dawn-9.jpg\" alt=\"JAKI 8501 Project Dawn: Dawn 5 Rocket \" width=\"750\" height=\"1000\" title=\"-\" srcset=\"https:\/\/mouldking.store\/wp-content\/uploads\/2022\/12\/JAKI-8501-Project-Dawn-9.jpg 750w, https:\/\/mouldking.store\/wp-content\/uploads\/2022\/12\/JAKI-8501-Project-Dawn-9-225x300.jpg 225w, https:\/\/mouldking.store\/wp-content\/uploads\/2022\/12\/JAKI-8501-Project-Dawn-9-300x400.jpg 300w, https:\/\/mouldking.store\/wp-content\/uploads\/2022\/12\/JAKI-8501-Project-Dawn-9-600x800.jpg 600w, https:\/\/mouldking.store\/wp-content\/uploads\/2022\/12\/JAKI-8501-Project-Dawn-9-113x150.jpg 113w, https:\/\/mouldking.store\/wp-content\/uploads\/2022\/12\/JAKI-8501-Project-Dawn-9-45x60.jpg 45w, https:\/\/mouldking.store\/wp-content\/uploads\/2022\/12\/JAKI-8501-Project-Dawn-9-68x90.jpg 68w\" sizes=\"(max-width: 750px) 100vw, 750px\" \/><figcaption id=\"caption-attachment-38807\" class=\"wp-caption-text\">JAKI 8501 Project Dawn: Dawn 5 Rocket<\/figcaption><\/figure>\n<figure id=\"attachment_38808\" aria-describedby=\"caption-attachment-38808\" style=\"width: 750px\" class=\"wp-caption aligncenter\"><img loading=\"lazy\" decoding=\"async\" class=\"wp-image-38808 size-full\" src=\"https:\/\/mouldking.store\/wp-content\/uploads\/2022\/12\/JAKI-8501-Project-Dawn-8.jpg\" alt=\"JAKI 8501 Project Dawn: Dawn 5 Rocket \" width=\"750\" height=\"1000\" title=\"-\" srcset=\"https:\/\/mouldking.store\/wp-content\/uploads\/2022\/12\/JAKI-8501-Project-Dawn-8.jpg 750w, https:\/\/mouldking.store\/wp-content\/uploads\/2022\/12\/JAKI-8501-Project-Dawn-8-225x300.jpg 225w, https:\/\/mouldking.store\/wp-content\/uploads\/2022\/12\/JAKI-8501-Project-Dawn-8-300x400.jpg 300w, https:\/\/mouldking.store\/wp-content\/uploads\/2022\/12\/JAKI-8501-Project-Dawn-8-600x800.jpg 600w, https:\/\/mouldking.store\/wp-content\/uploads\/2022\/12\/JAKI-8501-Project-Dawn-8-113x150.jpg 113w, https:\/\/mouldking.store\/wp-content\/uploads\/2022\/12\/JAKI-8501-Project-Dawn-8-45x60.jpg 45w, https:\/\/mouldking.store\/wp-content\/uploads\/2022\/12\/JAKI-8501-Project-Dawn-8-68x90.jpg 68w\" sizes=\"(max-width: 750px) 100vw, 750px\" \/><figcaption id=\"caption-attachment-38808\" class=\"wp-caption-text\">JAKI 8501 Project Dawn: Dawn 5 Rocket<\/figcaption><\/figure>\n<figure id=\"attachment_38809\" aria-describedby=\"caption-attachment-38809\" style=\"width: 561px\" class=\"wp-caption aligncenter\"><img loading=\"lazy\" decoding=\"async\" class=\"wp-image-38809 size-full\" src=\"https:\/\/mouldking.store\/wp-content\/uploads\/2022\/12\/JAKI-8501-Project-Dawn-7.jpg\" alt=\"JAKI 8501 Project Dawn: Dawn 5 Rocket \" width=\"561\" height=\"1024\" title=\"-\" srcset=\"https:\/\/mouldking.store\/wp-content\/uploads\/2022\/12\/JAKI-8501-Project-Dawn-7.jpg 561w, https:\/\/mouldking.store\/wp-content\/uploads\/2022\/12\/JAKI-8501-Project-Dawn-7-164x300.jpg 164w, https:\/\/mouldking.store\/wp-content\/uploads\/2022\/12\/JAKI-8501-Project-Dawn-7-300x548.jpg 300w, https:\/\/mouldking.store\/wp-content\/uploads\/2022\/12\/JAKI-8501-Project-Dawn-7-82x150.jpg 82w, https:\/\/mouldking.store\/wp-content\/uploads\/2022\/12\/JAKI-8501-Project-Dawn-7-33x60.jpg 33w, https:\/\/mouldking.store\/wp-content\/uploads\/2022\/12\/JAKI-8501-Project-Dawn-7-49x90.jpg 49w\" sizes=\"(max-width: 561px) 100vw, 561px\" \/><figcaption id=\"caption-attachment-38809\" class=\"wp-caption-text\">JAKI 8501 Project Dawn: Dawn 5 Rocket<\/figcaption><\/figure>\n<figure id=\"attachment_38810\" aria-describedby=\"caption-attachment-38810\" style=\"width: 597px\" class=\"wp-caption aligncenter\"><img loading=\"lazy\" decoding=\"async\" class=\"wp-image-38810 size-full\" src=\"https:\/\/mouldking.store\/wp-content\/uploads\/2022\/12\/JAKI-8501-Project-Dawn-6.jpg\" alt=\"JAKI 8501 Project Dawn: Dawn 5 Rocket \" width=\"597\" height=\"1024\" title=\"-\" srcset=\"https:\/\/mouldking.store\/wp-content\/uploads\/2022\/12\/JAKI-8501-Project-Dawn-6.jpg 597w, https:\/\/mouldking.store\/wp-content\/uploads\/2022\/12\/JAKI-8501-Project-Dawn-6-175x300.jpg 175w, https:\/\/mouldking.store\/wp-content\/uploads\/2022\/12\/JAKI-8501-Project-Dawn-6-300x515.jpg 300w, https:\/\/mouldking.store\/wp-content\/uploads\/2022\/12\/JAKI-8501-Project-Dawn-6-87x150.jpg 87w, https:\/\/mouldking.store\/wp-content\/uploads\/2022\/12\/JAKI-8501-Project-Dawn-6-35x60.jpg 35w, https:\/\/mouldking.store\/wp-content\/uploads\/2022\/12\/JAKI-8501-Project-Dawn-6-52x90.jpg 52w\" sizes=\"(max-width: 597px) 100vw, 597px\" \/><figcaption id=\"caption-attachment-38810\" class=\"wp-caption-text\">JAKI 8501 Project Dawn: Dawn 5 Rocket<\/figcaption><\/figure>\n<figure id=\"attachment_38811\" aria-describedby=\"caption-attachment-38811\" style=\"width: 912px\" class=\"wp-caption aligncenter\"><img loading=\"lazy\" decoding=\"async\" class=\"wp-image-38811 size-full\" src=\"https:\/\/mouldking.store\/wp-content\/uploads\/2022\/12\/JAKI-8501-Project-Dawn-5.jpg\" alt=\"JAKI 8501 Project Dawn: Dawn 5 Rocket \" width=\"912\" height=\"1024\" title=\"-\" srcset=\"https:\/\/mouldking.store\/wp-content\/uploads\/2022\/12\/JAKI-8501-Project-Dawn-5.jpg 912w, https:\/\/mouldking.store\/wp-content\/uploads\/2022\/12\/JAKI-8501-Project-Dawn-5-267x300.jpg 267w, https:\/\/mouldking.store\/wp-content\/uploads\/2022\/12\/JAKI-8501-Project-Dawn-5-768x862.jpg 768w, https:\/\/mouldking.store\/wp-content\/uploads\/2022\/12\/JAKI-8501-Project-Dawn-5-300x337.jpg 300w, https:\/\/mouldking.store\/wp-content\/uploads\/2022\/12\/JAKI-8501-Project-Dawn-5-600x674.jpg 600w, https:\/\/mouldking.store\/wp-content\/uploads\/2022\/12\/JAKI-8501-Project-Dawn-5-134x150.jpg 134w, https:\/\/mouldking.store\/wp-content\/uploads\/2022\/12\/JAKI-8501-Project-Dawn-5-53x60.jpg 53w, https:\/\/mouldking.store\/wp-content\/uploads\/2022\/12\/JAKI-8501-Project-Dawn-5-80x90.jpg 80w\" sizes=\"(max-width: 912px) 100vw, 912px\" \/><figcaption id=\"caption-attachment-38811\" class=\"wp-caption-text\">JAKI 8501 Project Dawn: Dawn 5 Rocket<\/figcaption><\/figure>\n<figure id=\"attachment_38812\" aria-describedby=\"caption-attachment-38812\" style=\"width: 739px\" class=\"wp-caption aligncenter\"><img loading=\"lazy\" decoding=\"async\" class=\"wp-image-38812 size-full\" src=\"https:\/\/mouldking.store\/wp-content\/uploads\/2022\/12\/JAKI-8501-Project-Dawn-4.jpg\" alt=\"JAKI 8501 Project Dawn: Dawn 5 Rocket \" width=\"739\" height=\"1024\" title=\"-\" srcset=\"https:\/\/mouldking.store\/wp-content\/uploads\/2022\/12\/JAKI-8501-Project-Dawn-4.jpg 739w, https:\/\/mouldking.store\/wp-content\/uploads\/2022\/12\/JAKI-8501-Project-Dawn-4-217x300.jpg 217w, https:\/\/mouldking.store\/wp-content\/uploads\/2022\/12\/JAKI-8501-Project-Dawn-4-300x416.jpg 300w, https:\/\/mouldking.store\/wp-content\/uploads\/2022\/12\/JAKI-8501-Project-Dawn-4-600x831.jpg 600w, https:\/\/mouldking.store\/wp-content\/uploads\/2022\/12\/JAKI-8501-Project-Dawn-4-108x150.jpg 108w, https:\/\/mouldking.store\/wp-content\/uploads\/2022\/12\/JAKI-8501-Project-Dawn-4-43x60.jpg 43w, https:\/\/mouldking.store\/wp-content\/uploads\/2022\/12\/JAKI-8501-Project-Dawn-4-65x90.jpg 65w\" sizes=\"(max-width: 739px) 100vw, 739px\" \/><figcaption id=\"caption-attachment-38812\" class=\"wp-caption-text\">JAKI 8501 Project Dawn: Dawn 5 Rocket<\/figcaption><\/figure>\n<figure id=\"attachment_38814\" aria-describedby=\"caption-attachment-38814\" style=\"width: 597px\" class=\"wp-caption aligncenter\"><img loading=\"lazy\" decoding=\"async\" class=\"wp-image-38814 size-full\" src=\"https:\/\/mouldking.store\/wp-content\/uploads\/2022\/12\/JAKI-8501-Project-Dawn-3.jpg\" alt=\"JAKI 8501 Project Dawn: Dawn 5 Rocket \" width=\"597\" height=\"1024\" title=\"-\" srcset=\"https:\/\/mouldking.store\/wp-content\/uploads\/2022\/12\/JAKI-8501-Project-Dawn-3.jpg 597w, https:\/\/mouldking.store\/wp-content\/uploads\/2022\/12\/JAKI-8501-Project-Dawn-3-175x300.jpg 175w, https:\/\/mouldking.store\/wp-content\/uploads\/2022\/12\/JAKI-8501-Project-Dawn-3-300x515.jpg 300w, https:\/\/mouldking.store\/wp-content\/uploads\/2022\/12\/JAKI-8501-Project-Dawn-3-87x150.jpg 87w, https:\/\/mouldking.store\/wp-content\/uploads\/2022\/12\/JAKI-8501-Project-Dawn-3-35x60.jpg 35w, https:\/\/mouldking.store\/wp-content\/uploads\/2022\/12\/JAKI-8501-Project-Dawn-3-52x90.jpg 52w\" sizes=\"(max-width: 597px) 100vw, 597px\" \/><figcaption id=\"caption-attachment-38814\" class=\"wp-caption-text\">JAKI 8501 Project Dawn: Dawn 5 Rocket<\/figcaption><\/figure>\n<figure id=\"attachment_38815\" aria-describedby=\"caption-attachment-38815\" style=\"width: 621px\" class=\"wp-caption aligncenter\"><img loading=\"lazy\" decoding=\"async\" class=\"wp-image-38815 size-full\" src=\"https:\/\/mouldking.store\/wp-content\/uploads\/2022\/12\/JAKI-8501-Project-Dawn-2.jpg\" alt=\"JAKI 8501 Project Dawn: Dawn 5 Rocket \" width=\"621\" height=\"1024\" title=\"-\" srcset=\"https:\/\/mouldking.store\/wp-content\/uploads\/2022\/12\/JAKI-8501-Project-Dawn-2.jpg 621w, https:\/\/mouldking.store\/wp-content\/uploads\/2022\/12\/JAKI-8501-Project-Dawn-2-182x300.jpg 182w, https:\/\/mouldking.store\/wp-content\/uploads\/2022\/12\/JAKI-8501-Project-Dawn-2-300x495.jpg 300w, https:\/\/mouldking.store\/wp-content\/uploads\/2022\/12\/JAKI-8501-Project-Dawn-2-600x989.jpg 600w, https:\/\/mouldking.store\/wp-content\/uploads\/2022\/12\/JAKI-8501-Project-Dawn-2-91x150.jpg 91w, https:\/\/mouldking.store\/wp-content\/uploads\/2022\/12\/JAKI-8501-Project-Dawn-2-36x60.jpg 36w, https:\/\/mouldking.store\/wp-content\/uploads\/2022\/12\/JAKI-8501-Project-Dawn-2-55x90.jpg 55w\" sizes=\"(max-width: 621px) 100vw, 621px\" \/><figcaption id=\"caption-attachment-38815\" class=\"wp-caption-text\">JAKI 8501 Project Dawn: Dawn 5 Rocket<\/figcaption><\/figure>\n<figure id=\"attachment_38817\" aria-describedby=\"caption-attachment-38817\" style=\"width: 627px\" class=\"wp-caption aligncenter\"><img loading=\"lazy\" decoding=\"async\" class=\"wp-image-38817 size-full\" src=\"https:\/\/mouldking.store\/wp-content\/uploads\/2022\/12\/JAKI-8501-Project-Dawn-1.jpg\" alt=\"JAKI 8501 Project Dawn: Dawn 5 Rocket \" width=\"627\" height=\"1024\" title=\"-\" srcset=\"https:\/\/mouldking.store\/wp-content\/uploads\/2022\/12\/JAKI-8501-Project-Dawn-1.jpg 627w, https:\/\/mouldking.store\/wp-content\/uploads\/2022\/12\/JAKI-8501-Project-Dawn-1-184x300.jpg 184w, https:\/\/mouldking.store\/wp-content\/uploads\/2022\/12\/JAKI-8501-Project-Dawn-1-300x490.jpg 300w, https:\/\/mouldking.store\/wp-content\/uploads\/2022\/12\/JAKI-8501-Project-Dawn-1-600x980.jpg 600w, https:\/\/mouldking.store\/wp-content\/uploads\/2022\/12\/JAKI-8501-Project-Dawn-1-92x150.jpg 92w, https:\/\/mouldking.store\/wp-content\/uploads\/2022\/12\/JAKI-8501-Project-Dawn-1-37x60.jpg 37w, https:\/\/mouldking.store\/wp-content\/uploads\/2022\/12\/JAKI-8501-Project-Dawn-1-55x90.jpg 55w\" sizes=\"(max-width: 627px) 100vw, 627px\" \/><figcaption id=\"caption-attachment-38817\" class=\"wp-caption-text\">JAKI 8501 Project Dawn: Dawn 5 Rocket<\/figcaption><\/figure>","protected":false},"excerpt":{"rendered":"<p>Product information: Brand: JAKI Gender: Unisex Name: Project Dawn: Dawn 5 Rocket Age Range: &gt; 6 years old Model Number: 8501 Classification: Assemblage Plastic Block Shape: Self-Locking Bricks Material: Plastic Plastic Type: ABS Size:14.4 \u00d7 15.8 \u00d7 43 cm Contains detailed assembly instructions. Notice: 1. Without an original box, but we guarantee our products have [&hellip;]<\/p>","protected":false},"featured_media":38804,"comment_status":"closed","ping_status":"closed","template":"","meta":{"_acf_changed":false},"product_cat":[6016],"product_tag":[10202,10204,10205,6440,10207,10201,10203,10206,8162],"class_list":["product","first","instock","shipping-taxable","purchasable","product-type-simple"],"acf":[],"_links":{"self":[{"href":"https:\/\/mouldking.store\/nb\/wp-json\/wp\/v2\/product\/38802","targetHints":{"allow":["GET"]}}],"collection":[{"href":"https:\/\/mouldking.store\/nb\/wp-json\/wp\/v2\/product"}],"about":[{"href":"https:\/\/mouldking.store\/nb\/wp-json\/wp\/v2\/types\/product"}],"replies":[{"embeddable":true,"href":"https:\/\/mouldking.store\/nb\/wp-json\/wp\/v2\/comments?post=38802"}],"wp:featuredmedia":[{"embeddable":true,"href":"https:\/\/mouldking.store\/nb\/wp-json\/wp\/v2\/media\/38804"}],"wp:attachment":[{"href":"https:\/\/mouldking.store\/nb\/wp-json\/wp\/v2\/media?parent=38802"}],"wp:term":[{"taxonomy":"product_cat","embeddable":true,"href":"https:\/\/mouldking.store\/nb\/wp-json\/wp\/v2\/product_cat?post=38802"},{"taxonomy":"product_tag","embeddable":true,"href":"https:\/\/mouldking.store\/nb\/wp-json\/wp\/v2\/product_tag?post=38802"}],"curies":[{"name":"wp","href":"https:\/\/api.w.org\/{rel}","templated":true}]}}