{"id":38803,"date":"2022-12-23T11:31:04","date_gmt":"2022-12-23T04:31:04","guid":{"rendered":"https:\/\/mouldking.store\/?post_type=product&#038;p=38803"},"modified":"2022-12-23T11:31:05","modified_gmt":"2022-12-23T04:31:05","slug":"zuanpai-z016-christmas-picture-frame","status":"publish","type":"product","link":"https:\/\/mouldking.store\/nb\/shop\/zuanpai-z016-christmas-picture-frame\/","title":{"rendered":"ZUANPAI Z016 Julebilderamme"},"content":{"rendered":"<p>Produktinformasjon:<\/p>\n<ol>\n<li>Merke: ZUANPAI<\/li>\n<li>Kj\u00f8nn: Unisex<\/li>\n<li>Name: Christmas Picture Frame<\/li>\n<li>Aldersgruppe: &gt; 6 \u00e5r gammel<\/li>\n<li>Model Number: Z016<\/li>\n<li>Klassifisering: Montering<\/li>\n<li>Plastblokkform: Selvl\u00e5sende murstein<\/li>\n<li>Materiale: Plast<\/li>\n<li>Plasttype: ABS<\/li>\n<li>Size:16 x 18 cm<\/li>\n<li>Inneholder detaljerte monteringsanvisninger.<\/li>\n<\/ol>\n<p>Legge merke til:<br \/>\n1. Uten original eske, men vi garanterer at v\u00e5re produkter har kvalitetssikring og pen emballasje.<br \/>\n2. Som alle delene vi har sjekket f\u00f8r frakt, s\u00e5 hvis du finner noen deler savnet eller skadet, ikke bekymre deg og bare kontakt oss, s\u00e5 kan vi sende dem til deg p\u00e5 nytt umiddelbart gratis.<\/p>\n<figure id=\"attachment_38813\" aria-describedby=\"caption-attachment-38813\" style=\"width: 800px\" class=\"wp-caption aligncenter\"><img fetchpriority=\"high\" decoding=\"async\" class=\"wp-image-38813 size-full\" src=\"https:\/\/mouldking.store\/wp-content\/uploads\/2022\/12\/Christmas-Picture-Frame-ZUANPAI-Z016-7.jpg\" alt=\"ZUANPAI Z016 Christmas Picture Frame\" width=\"800\" height=\"800\" title=\"-\" srcset=\"https:\/\/mouldking.store\/wp-content\/uploads\/2022\/12\/Christmas-Picture-Frame-ZUANPAI-Z016-7.jpg 800w, https:\/\/mouldking.store\/wp-content\/uploads\/2022\/12\/Christmas-Picture-Frame-ZUANPAI-Z016-7-300x300.jpg 300w, https:\/\/mouldking.store\/wp-content\/uploads\/2022\/12\/Christmas-Picture-Frame-ZUANPAI-Z016-7-768x768.jpg 768w, https:\/\/mouldking.store\/wp-content\/uploads\/2022\/12\/Christmas-Picture-Frame-ZUANPAI-Z016-7-600x600.jpg 600w, https:\/\/mouldking.store\/wp-content\/uploads\/2022\/12\/Christmas-Picture-Frame-ZUANPAI-Z016-7-150x150.jpg 150w, https:\/\/mouldking.store\/wp-content\/uploads\/2022\/12\/Christmas-Picture-Frame-ZUANPAI-Z016-7-60x60.jpg 60w, https:\/\/mouldking.store\/wp-content\/uploads\/2022\/12\/Christmas-Picture-Frame-ZUANPAI-Z016-7-90x90.jpg 90w\" sizes=\"(max-width: 800px) 100vw, 800px\" \/><figcaption id=\"caption-attachment-38813\" class=\"wp-caption-text\">ZUANPAI Z016 Julebilderamme<\/figcaption><\/figure>\n<figure id=\"attachment_38816\" aria-describedby=\"caption-attachment-38816\" style=\"width: 800px\" class=\"wp-caption aligncenter\"><img decoding=\"async\" class=\"wp-image-38816 size-full\" src=\"https:\/\/mouldking.store\/wp-content\/uploads\/2022\/12\/Christmas-Picture-Frame-ZUANPAI-Z016-6.jpg\" alt=\"ZUANPAI Z016 Christmas Picture Frame\" width=\"800\" height=\"800\" title=\"-\" srcset=\"https:\/\/mouldking.store\/wp-content\/uploads\/2022\/12\/Christmas-Picture-Frame-ZUANPAI-Z016-6.jpg 800w, https:\/\/mouldking.store\/wp-content\/uploads\/2022\/12\/Christmas-Picture-Frame-ZUANPAI-Z016-6-300x300.jpg 300w, https:\/\/mouldking.store\/wp-content\/uploads\/2022\/12\/Christmas-Picture-Frame-ZUANPAI-Z016-6-768x768.jpg 768w, https:\/\/mouldking.store\/wp-content\/uploads\/2022\/12\/Christmas-Picture-Frame-ZUANPAI-Z016-6-600x600.jpg 600w, https:\/\/mouldking.store\/wp-content\/uploads\/2022\/12\/Christmas-Picture-Frame-ZUANPAI-Z016-6-150x150.jpg 150w, https:\/\/mouldking.store\/wp-content\/uploads\/2022\/12\/Christmas-Picture-Frame-ZUANPAI-Z016-6-60x60.jpg 60w, https:\/\/mouldking.store\/wp-content\/uploads\/2022\/12\/Christmas-Picture-Frame-ZUANPAI-Z016-6-90x90.jpg 90w\" sizes=\"(max-width: 800px) 100vw, 800px\" \/><figcaption id=\"caption-attachment-38816\" class=\"wp-caption-text\">ZUANPAI Z016 Julebilderamme<\/figcaption><\/figure>\n<figure id=\"attachment_38818\" aria-describedby=\"caption-attachment-38818\" style=\"width: 800px\" class=\"wp-caption aligncenter\"><img decoding=\"async\" class=\"wp-image-38818 size-full\" src=\"https:\/\/mouldking.store\/wp-content\/uploads\/2022\/12\/Christmas-Picture-Frame-ZUANPAI-Z016-5.jpg\" alt=\"ZUANPAI Z016 Christmas Picture Frame\" width=\"800\" height=\"800\" title=\"-\" srcset=\"https:\/\/mouldking.store\/wp-content\/uploads\/2022\/12\/Christmas-Picture-Frame-ZUANPAI-Z016-5.jpg 800w, https:\/\/mouldking.store\/wp-content\/uploads\/2022\/12\/Christmas-Picture-Frame-ZUANPAI-Z016-5-300x300.jpg 300w, https:\/\/mouldking.store\/wp-content\/uploads\/2022\/12\/Christmas-Picture-Frame-ZUANPAI-Z016-5-768x768.jpg 768w, https:\/\/mouldking.store\/wp-content\/uploads\/2022\/12\/Christmas-Picture-Frame-ZUANPAI-Z016-5-600x600.jpg 600w, https:\/\/mouldking.store\/wp-content\/uploads\/2022\/12\/Christmas-Picture-Frame-ZUANPAI-Z016-5-150x150.jpg 150w, https:\/\/mouldking.store\/wp-content\/uploads\/2022\/12\/Christmas-Picture-Frame-ZUANPAI-Z016-5-60x60.jpg 60w, https:\/\/mouldking.store\/wp-content\/uploads\/2022\/12\/Christmas-Picture-Frame-ZUANPAI-Z016-5-90x90.jpg 90w\" sizes=\"(max-width: 800px) 100vw, 800px\" \/><figcaption id=\"caption-attachment-38818\" class=\"wp-caption-text\">ZUANPAI Z016 Julebilderamme<\/figcaption><\/figure>\n<figure id=\"attachment_38819\" aria-describedby=\"caption-attachment-38819\" style=\"width: 800px\" class=\"wp-caption aligncenter\"><img loading=\"lazy\" decoding=\"async\" class=\"wp-image-38819 size-full\" src=\"https:\/\/mouldking.store\/wp-content\/uploads\/2022\/12\/Christmas-Picture-Frame-ZUANPAI-Z016-4.jpg\" alt=\"ZUANPAI Z016 Christmas Picture Frame\" width=\"800\" height=\"800\" title=\"-\" srcset=\"https:\/\/mouldking.store\/wp-content\/uploads\/2022\/12\/Christmas-Picture-Frame-ZUANPAI-Z016-4.jpg 800w, https:\/\/mouldking.store\/wp-content\/uploads\/2022\/12\/Christmas-Picture-Frame-ZUANPAI-Z016-4-300x300.jpg 300w, https:\/\/mouldking.store\/wp-content\/uploads\/2022\/12\/Christmas-Picture-Frame-ZUANPAI-Z016-4-768x768.jpg 768w, https:\/\/mouldking.store\/wp-content\/uploads\/2022\/12\/Christmas-Picture-Frame-ZUANPAI-Z016-4-600x600.jpg 600w, https:\/\/mouldking.store\/wp-content\/uploads\/2022\/12\/Christmas-Picture-Frame-ZUANPAI-Z016-4-150x150.jpg 150w, https:\/\/mouldking.store\/wp-content\/uploads\/2022\/12\/Christmas-Picture-Frame-ZUANPAI-Z016-4-60x60.jpg 60w, https:\/\/mouldking.store\/wp-content\/uploads\/2022\/12\/Christmas-Picture-Frame-ZUANPAI-Z016-4-90x90.jpg 90w\" sizes=\"(max-width: 800px) 100vw, 800px\" \/><figcaption id=\"caption-attachment-38819\" class=\"wp-caption-text\">ZUANPAI Z016 Julebilderamme<\/figcaption><\/figure>\n<figure id=\"attachment_38820\" aria-describedby=\"caption-attachment-38820\" style=\"width: 800px\" class=\"wp-caption aligncenter\"><img loading=\"lazy\" decoding=\"async\" class=\"wp-image-38820 size-full\" src=\"https:\/\/mouldking.store\/wp-content\/uploads\/2022\/12\/Christmas-Picture-Frame-ZUANPAI-Z016-3.jpg\" alt=\"ZUANPAI Z016 Christmas Picture Frame\" width=\"800\" height=\"800\" title=\"-\" srcset=\"https:\/\/mouldking.store\/wp-content\/uploads\/2022\/12\/Christmas-Picture-Frame-ZUANPAI-Z016-3.jpg 800w, https:\/\/mouldking.store\/wp-content\/uploads\/2022\/12\/Christmas-Picture-Frame-ZUANPAI-Z016-3-300x300.jpg 300w, https:\/\/mouldking.store\/wp-content\/uploads\/2022\/12\/Christmas-Picture-Frame-ZUANPAI-Z016-3-768x768.jpg 768w, https:\/\/mouldking.store\/wp-content\/uploads\/2022\/12\/Christmas-Picture-Frame-ZUANPAI-Z016-3-600x600.jpg 600w, https:\/\/mouldking.store\/wp-content\/uploads\/2022\/12\/Christmas-Picture-Frame-ZUANPAI-Z016-3-150x150.jpg 150w, https:\/\/mouldking.store\/wp-content\/uploads\/2022\/12\/Christmas-Picture-Frame-ZUANPAI-Z016-3-60x60.jpg 60w, https:\/\/mouldking.store\/wp-content\/uploads\/2022\/12\/Christmas-Picture-Frame-ZUANPAI-Z016-3-90x90.jpg 90w\" sizes=\"(max-width: 800px) 100vw, 800px\" \/><figcaption id=\"caption-attachment-38820\" class=\"wp-caption-text\">ZUANPAI Z016 Julebilderamme<\/figcaption><\/figure>\n<figure id=\"attachment_38821\" aria-describedby=\"caption-attachment-38821\" style=\"width: 800px\" class=\"wp-caption aligncenter\"><img loading=\"lazy\" decoding=\"async\" class=\"wp-image-38821 size-full\" src=\"https:\/\/mouldking.store\/wp-content\/uploads\/2022\/12\/Christmas-Picture-Frame-ZUANPAI-Z016-2.jpg\" alt=\"ZUANPAI Z016 Christmas Picture Frame\" width=\"800\" height=\"800\" title=\"-\" srcset=\"https:\/\/mouldking.store\/wp-content\/uploads\/2022\/12\/Christmas-Picture-Frame-ZUANPAI-Z016-2.jpg 800w, https:\/\/mouldking.store\/wp-content\/uploads\/2022\/12\/Christmas-Picture-Frame-ZUANPAI-Z016-2-300x300.jpg 300w, https:\/\/mouldking.store\/wp-content\/uploads\/2022\/12\/Christmas-Picture-Frame-ZUANPAI-Z016-2-768x768.jpg 768w, https:\/\/mouldking.store\/wp-content\/uploads\/2022\/12\/Christmas-Picture-Frame-ZUANPAI-Z016-2-600x600.jpg 600w, https:\/\/mouldking.store\/wp-content\/uploads\/2022\/12\/Christmas-Picture-Frame-ZUANPAI-Z016-2-150x150.jpg 150w, https:\/\/mouldking.store\/wp-content\/uploads\/2022\/12\/Christmas-Picture-Frame-ZUANPAI-Z016-2-60x60.jpg 60w, https:\/\/mouldking.store\/wp-content\/uploads\/2022\/12\/Christmas-Picture-Frame-ZUANPAI-Z016-2-90x90.jpg 90w\" sizes=\"(max-width: 800px) 100vw, 800px\" \/><figcaption id=\"caption-attachment-38821\" class=\"wp-caption-text\">ZUANPAI Z016 Julebilderamme<\/figcaption><\/figure>\n<figure id=\"attachment_38822\" aria-describedby=\"caption-attachment-38822\" style=\"width: 800px\" class=\"wp-caption aligncenter\"><img loading=\"lazy\" decoding=\"async\" class=\"wp-image-38822 size-full\" src=\"https:\/\/mouldking.store\/wp-content\/uploads\/2022\/12\/Christmas-Picture-Frame-ZUANPAI-Z016-1.jpg\" alt=\"ZUANPAI Z016 Christmas Picture Frame\" width=\"800\" height=\"800\" title=\"-\" srcset=\"https:\/\/mouldking.store\/wp-content\/uploads\/2022\/12\/Christmas-Picture-Frame-ZUANPAI-Z016-1.jpg 800w, https:\/\/mouldking.store\/wp-content\/uploads\/2022\/12\/Christmas-Picture-Frame-ZUANPAI-Z016-1-300x300.jpg 300w, https:\/\/mouldking.store\/wp-content\/uploads\/2022\/12\/Christmas-Picture-Frame-ZUANPAI-Z016-1-768x768.jpg 768w, https:\/\/mouldking.store\/wp-content\/uploads\/2022\/12\/Christmas-Picture-Frame-ZUANPAI-Z016-1-600x600.jpg 600w, https:\/\/mouldking.store\/wp-content\/uploads\/2022\/12\/Christmas-Picture-Frame-ZUANPAI-Z016-1-150x150.jpg 150w, https:\/\/mouldking.store\/wp-content\/uploads\/2022\/12\/Christmas-Picture-Frame-ZUANPAI-Z016-1-60x60.jpg 60w, https:\/\/mouldking.store\/wp-content\/uploads\/2022\/12\/Christmas-Picture-Frame-ZUANPAI-Z016-1-90x90.jpg 90w\" sizes=\"(max-width: 800px) 100vw, 800px\" \/><figcaption id=\"caption-attachment-38822\" class=\"wp-caption-text\">ZUANPAI Z016 Julebilderamme<\/figcaption><\/figure>","protected":false},"excerpt":{"rendered":"<p>Product information: Brand: ZUANPAI Gender: Unisex Name: Christmas Picture Frame Age Range: &gt; 6 years old Model Number: Z016 Classification: Assemblage Plastic Block Shape: Self-Locking Bricks Material: Plastic Plastic Type: ABS Size:16 x 18 cm Contains detailed assembly instructions. Notice: 1. Without an original box, but we guarantee our products have quality assurance and nice [&hellip;]<\/p>","protected":false},"featured_media":38813,"comment_status":"closed","ping_status":"closed","template":"","meta":{"_acf_changed":false},"product_cat":[1365],"product_tag":[1066,10212,10211,10210,10213,10209,7236,10214,10208],"class_list":["product","first","instock","shipping-taxable","purchasable","product-type-simple"],"acf":[],"_links":{"self":[{"href":"https:\/\/mouldking.store\/nb\/wp-json\/wp\/v2\/product\/38803","targetHints":{"allow":["GET"]}}],"collection":[{"href":"https:\/\/mouldking.store\/nb\/wp-json\/wp\/v2\/product"}],"about":[{"href":"https:\/\/mouldking.store\/nb\/wp-json\/wp\/v2\/types\/product"}],"replies":[{"embeddable":true,"href":"https:\/\/mouldking.store\/nb\/wp-json\/wp\/v2\/comments?post=38803"}],"wp:featuredmedia":[{"embeddable":true,"href":"https:\/\/mouldking.store\/nb\/wp-json\/wp\/v2\/media\/38813"}],"wp:attachment":[{"href":"https:\/\/mouldking.store\/nb\/wp-json\/wp\/v2\/media?parent=38803"}],"wp:term":[{"taxonomy":"product_cat","embeddable":true,"href":"https:\/\/mouldking.store\/nb\/wp-json\/wp\/v2\/product_cat?post=38803"},{"taxonomy":"product_tag","embeddable":true,"href":"https:\/\/mouldking.store\/nb\/wp-json\/wp\/v2\/product_tag?post=38803"}],"curies":[{"name":"wp","href":"https:\/\/api.w.org\/{rel}","templated":true}]}}