{"id":38842,"date":"2022-12-23T11:49:25","date_gmt":"2022-12-23T04:49:25","guid":{"rendered":"https:\/\/mouldking.store\/?post_type=product&#038;p=38842"},"modified":"2022-12-23T11:49:26","modified_gmt":"2022-12-23T04:49:26","slug":"keeppley-k10217-sky-core-module-small-column-segments-and-node-compartments-with-5400pcs","status":"publish","type":"product","link":"https:\/\/mouldking.store\/nb\/shop\/keeppley-k10217-sky-core-module-small-column-segments-and-node-compartments-with-5400pcs\/","title":{"rendered":"Keeppley K10217 Sky Core Module Sm\u00e5 kolonnesegmenter og noderom med 5400 STK"},"content":{"rendered":"<p>Produktinformasjon:<\/p>\n<ol>\n<li>Merke: Keeppley<\/li>\n<li>Kj\u00f8nn: Unisex<\/li>\n<li>Navn: Sky Core Module Sm\u00e5 kolonnesegmenter og noderom<\/li>\n<li>Aldersgruppe: &gt; 6 \u00e5r gammel<\/li>\n<li>Modellnummer: K10217<\/li>\n<li>Klassifisering: Montering<\/li>\n<li>Plastblokkform: Selvl\u00e5sende murstein<\/li>\n<li>Materiale: Plast<\/li>\n<li>Plasttype: ABS<\/li>\n<li>Mursteinblokker: 5400 STK<\/li>\n<li>St\u00f8rrelse: 97 \u00d7 35 \u00d7 19 cm<\/li>\n<li>Inneholder detaljerte monteringsanvisninger.<\/li>\n<\/ol>\n<p>Legge merke til:<br \/>\n1. Uten original eske, men vi garanterer at v\u00e5re produkter har kvalitetssikring og pen emballasje.<br \/>\n2. Som alle delene vi har sjekket f\u00f8r frakt, s\u00e5 hvis du finner noen deler savnet eller skadet, ikke bekymre deg og bare kontakt oss, s\u00e5 kan vi sende dem til deg p\u00e5 nytt umiddelbart gratis.<\/p>\n<figure id=\"attachment_38849\" aria-describedby=\"caption-attachment-38849\" style=\"width: 800px\" class=\"wp-caption aligncenter\"><img fetchpriority=\"high\" decoding=\"async\" class=\"wp-image-38849 size-full\" src=\"https:\/\/mouldking.store\/wp-content\/uploads\/2022\/12\/K10217-1-b339.jpg\" alt=\"Keeppley K10217 Sky Core Module Small Column Segments and Node Compartments With 5400PCS\" width=\"800\" height=\"800\" title=\"-\" srcset=\"https:\/\/mouldking.store\/wp-content\/uploads\/2022\/12\/K10217-1-b339.jpg 800w, https:\/\/mouldking.store\/wp-content\/uploads\/2022\/12\/K10217-1-b339-300x300.jpg 300w, https:\/\/mouldking.store\/wp-content\/uploads\/2022\/12\/K10217-1-b339-768x768.jpg 768w, https:\/\/mouldking.store\/wp-content\/uploads\/2022\/12\/K10217-1-b339-600x600.jpg 600w, https:\/\/mouldking.store\/wp-content\/uploads\/2022\/12\/K10217-1-b339-150x150.jpg 150w, https:\/\/mouldking.store\/wp-content\/uploads\/2022\/12\/K10217-1-b339-60x60.jpg 60w, https:\/\/mouldking.store\/wp-content\/uploads\/2022\/12\/K10217-1-b339-90x90.jpg 90w\" sizes=\"(max-width: 800px) 100vw, 800px\" \/><figcaption id=\"caption-attachment-38849\" class=\"wp-caption-text\">Keeppley K10217 Sky Core Module Sm\u00e5 kolonnesegmenter og noderom med 5400 STK<\/figcaption><\/figure>\n<figure id=\"attachment_38850\" aria-describedby=\"caption-attachment-38850\" style=\"width: 800px\" class=\"wp-caption aligncenter\"><img decoding=\"async\" class=\"wp-image-38850 size-full\" src=\"https:\/\/mouldking.store\/wp-content\/uploads\/2022\/12\/K10217-2-bfd4.jpg\" alt=\"Keeppley K10217 Sky Core Module Small Column Segments and Node Compartments With 5400PCS\" width=\"800\" height=\"800\" title=\"-\" srcset=\"https:\/\/mouldking.store\/wp-content\/uploads\/2022\/12\/K10217-2-bfd4.jpg 800w, https:\/\/mouldking.store\/wp-content\/uploads\/2022\/12\/K10217-2-bfd4-300x300.jpg 300w, https:\/\/mouldking.store\/wp-content\/uploads\/2022\/12\/K10217-2-bfd4-768x768.jpg 768w, https:\/\/mouldking.store\/wp-content\/uploads\/2022\/12\/K10217-2-bfd4-600x600.jpg 600w, https:\/\/mouldking.store\/wp-content\/uploads\/2022\/12\/K10217-2-bfd4-150x150.jpg 150w, https:\/\/mouldking.store\/wp-content\/uploads\/2022\/12\/K10217-2-bfd4-60x60.jpg 60w, https:\/\/mouldking.store\/wp-content\/uploads\/2022\/12\/K10217-2-bfd4-90x90.jpg 90w\" sizes=\"(max-width: 800px) 100vw, 800px\" \/><figcaption id=\"caption-attachment-38850\" class=\"wp-caption-text\">Keeppley K10217 Sky Core Module Sm\u00e5 kolonnesegmenter og noderom med 5400 STK<\/figcaption><\/figure>\n<figure id=\"attachment_38851\" aria-describedby=\"caption-attachment-38851\" style=\"width: 800px\" class=\"wp-caption aligncenter\"><img decoding=\"async\" class=\"wp-image-38851 size-full\" src=\"https:\/\/mouldking.store\/wp-content\/uploads\/2022\/12\/K10217-3-7f19.jpg\" alt=\"Keeppley K10217 Sky Core Module Small Column Segments and Node Compartments With 5400PCS\" width=\"800\" height=\"800\" title=\"-\" srcset=\"https:\/\/mouldking.store\/wp-content\/uploads\/2022\/12\/K10217-3-7f19.jpg 800w, https:\/\/mouldking.store\/wp-content\/uploads\/2022\/12\/K10217-3-7f19-300x300.jpg 300w, https:\/\/mouldking.store\/wp-content\/uploads\/2022\/12\/K10217-3-7f19-768x768.jpg 768w, https:\/\/mouldking.store\/wp-content\/uploads\/2022\/12\/K10217-3-7f19-600x600.jpg 600w, https:\/\/mouldking.store\/wp-content\/uploads\/2022\/12\/K10217-3-7f19-150x150.jpg 150w, https:\/\/mouldking.store\/wp-content\/uploads\/2022\/12\/K10217-3-7f19-60x60.jpg 60w, https:\/\/mouldking.store\/wp-content\/uploads\/2022\/12\/K10217-3-7f19-90x90.jpg 90w\" sizes=\"(max-width: 800px) 100vw, 800px\" \/><figcaption id=\"caption-attachment-38851\" class=\"wp-caption-text\">Keeppley K10217 Sky Core Module Sm\u00e5 kolonnesegmenter og noderom med 5400 STK<\/figcaption><\/figure>","protected":false},"excerpt":{"rendered":"<p>Product information: Brand: Keeppley Gender: Unisex Name: Sky Core Module Small Column Segments and Node Compartments Age Range: &gt; 6 years old Model Number: K10217 Classification: Assemblage Plastic Block Shape: Self-Locking Bricks Material: Plastic Plastic Type: ABS Bricks Blocks:5400PCS Size: 97 \u00d7 35 \u00d7 19 cm Contains detailed assembly instructions. Notice: 1. Without an original [&hellip;]<\/p>","protected":false},"featured_media":38849,"comment_status":"closed","ping_status":"closed","template":"","meta":{"_acf_changed":false},"product_cat":[6016],"product_tag":[10246,10242,10241,6429,10249,10250,10240,3167,10245,10247,10244,790,10248,10243],"class_list":["product","first","instock","shipping-taxable","purchasable","product-type-simple"],"acf":[],"_links":{"self":[{"href":"https:\/\/mouldking.store\/nb\/wp-json\/wp\/v2\/product\/38842","targetHints":{"allow":["GET"]}}],"collection":[{"href":"https:\/\/mouldking.store\/nb\/wp-json\/wp\/v2\/product"}],"about":[{"href":"https:\/\/mouldking.store\/nb\/wp-json\/wp\/v2\/types\/product"}],"replies":[{"embeddable":true,"href":"https:\/\/mouldking.store\/nb\/wp-json\/wp\/v2\/comments?post=38842"}],"wp:featuredmedia":[{"embeddable":true,"href":"https:\/\/mouldking.store\/nb\/wp-json\/wp\/v2\/media\/38849"}],"wp:attachment":[{"href":"https:\/\/mouldking.store\/nb\/wp-json\/wp\/v2\/media?parent=38842"}],"wp:term":[{"taxonomy":"product_cat","embeddable":true,"href":"https:\/\/mouldking.store\/nb\/wp-json\/wp\/v2\/product_cat?post=38842"},{"taxonomy":"product_tag","embeddable":true,"href":"https:\/\/mouldking.store\/nb\/wp-json\/wp\/v2\/product_tag?post=38842"}],"curies":[{"name":"wp","href":"https:\/\/api.w.org\/{rel}","templated":true}]}}