{"id":38852,"date":"2022-12-23T12:08:30","date_gmt":"2022-12-23T05:08:30","guid":{"rendered":"https:\/\/mouldking.store\/?post_type=product&#038;p=38852"},"modified":"2025-12-25T09:11:57","modified_gmt":"2025-12-25T02:11:57","slug":"moc-100562-beaux-arts-modular-building-with-interior-with-4881-pieces","status":"publish","type":"product","link":"https:\/\/mouldking.store\/nb\/shop\/moc-100562-beaux-arts-modular-building-with-interior-with-4881-pieces\/","title":{"rendered":"MOC-100562 Beaux-Arts modulbygg med interi\u00f8r med 4881 deler"},"content":{"rendered":"<ol>\n<li>Merke: MOC<\/li>\n<li>Kj\u00f8nn: Unisex<\/li>\n<li>Navn: Beaux-Arts modulbygg med interi\u00f8r<\/li>\n<li>Aldersgruppe: &gt; 6 \u00e5r gammel<\/li>\n<li>Modellnummer: 100562<\/li>\n<li>Klassifisering: Montering<\/li>\n<li>Plastblokkform: Selvl\u00e5sende murstein<\/li>\n<li>Materiale: Plast<\/li>\n<li>Plasttype: ABS<\/li>\n<li>Mursteinsblokker:4881 STK<\/li>\n<li>St\u00f8rrelse: 49 x 25,6 x 25,6 cm<\/li>\n<li>Vekt: 4000g<\/li>\n<li>Inneholder detaljerte monteringsanvisninger.<\/li>\n<\/ol>\n<p>Legge merke til:<br \/>\n1. Uten original eske, men vi garanterer at v\u00e5re produkter har kvalitetssikring og pen emballasje.<br \/>\n2. Som alle delene vi har sjekket f\u00f8r frakt, s\u00e5 hvis du finner noen deler savnet eller skadet, ikke bekymre deg og bare kontakt oss, s\u00e5 kan vi sende dem til deg p\u00e5 nytt umiddelbart gratis.<\/p>\n<figure id=\"attachment_38853\" aria-describedby=\"caption-attachment-38853\" style=\"width: 1004px\" class=\"wp-caption aligncenter\"><img fetchpriority=\"high\" decoding=\"async\" class=\"wp-image-38853 size-full\" src=\"https:\/\/mouldking.store\/wp-content\/uploads\/2022\/12\/MOC-100562-Modular-Buildings-Beaux-Arts-Modular-Building-With-Interior-MOC-FACTORY.png\" alt=\"MOC-100562 Beaux-Arts Modular Building With Interior With 4881 Pieces\" width=\"1004\" height=\"1004\" title=\"-\" srcset=\"https:\/\/mouldking.store\/wp-content\/uploads\/2022\/12\/MOC-100562-Modular-Buildings-Beaux-Arts-Modular-Building-With-Interior-MOC-FACTORY.png 1004w, https:\/\/mouldking.store\/wp-content\/uploads\/2022\/12\/MOC-100562-Modular-Buildings-Beaux-Arts-Modular-Building-With-Interior-MOC-FACTORY-300x300.png 300w, https:\/\/mouldking.store\/wp-content\/uploads\/2022\/12\/MOC-100562-Modular-Buildings-Beaux-Arts-Modular-Building-With-Interior-MOC-FACTORY-768x768.png 768w, https:\/\/mouldking.store\/wp-content\/uploads\/2022\/12\/MOC-100562-Modular-Buildings-Beaux-Arts-Modular-Building-With-Interior-MOC-FACTORY-600x600.png 600w, https:\/\/mouldking.store\/wp-content\/uploads\/2022\/12\/MOC-100562-Modular-Buildings-Beaux-Arts-Modular-Building-With-Interior-MOC-FACTORY-150x150.png 150w, https:\/\/mouldking.store\/wp-content\/uploads\/2022\/12\/MOC-100562-Modular-Buildings-Beaux-Arts-Modular-Building-With-Interior-MOC-FACTORY-60x60.png 60w, https:\/\/mouldking.store\/wp-content\/uploads\/2022\/12\/MOC-100562-Modular-Buildings-Beaux-Arts-Modular-Building-With-Interior-MOC-FACTORY-90x90.png 90w\" sizes=\"(max-width: 1004px) 100vw, 1004px\" \/><figcaption id=\"caption-attachment-38853\" class=\"wp-caption-text\">MOC-100562 Beaux-Arts modulbygg med interi\u00f8r med 4881 deler<\/figcaption><\/figure>\n<figure id=\"attachment_38854\" aria-describedby=\"caption-attachment-38854\" style=\"width: 1024px\" class=\"wp-caption aligncenter\"><img decoding=\"async\" class=\"wp-image-38854 size-large\" src=\"https:\/\/mouldking.store\/wp-content\/uploads\/2022\/12\/Beaux-Arts-Modular-Building-With-Interior-MOC-100562-1-1024x1024.jpg\" alt=\"MOC-100562 Beaux-Arts Modular Building With Interior With 4881 Pieces\" width=\"1024\" height=\"1024\" title=\"-\" srcset=\"https:\/\/mouldking.store\/wp-content\/uploads\/2022\/12\/Beaux-Arts-Modular-Building-With-Interior-MOC-100562-1-1024x1024.jpg 1024w, https:\/\/mouldking.store\/wp-content\/uploads\/2022\/12\/Beaux-Arts-Modular-Building-With-Interior-MOC-100562-1-300x300.jpg 300w, https:\/\/mouldking.store\/wp-content\/uploads\/2022\/12\/Beaux-Arts-Modular-Building-With-Interior-MOC-100562-1-768x768.jpg 768w, https:\/\/mouldking.store\/wp-content\/uploads\/2022\/12\/Beaux-Arts-Modular-Building-With-Interior-MOC-100562-1-600x600.jpg 600w, https:\/\/mouldking.store\/wp-content\/uploads\/2022\/12\/Beaux-Arts-Modular-Building-With-Interior-MOC-100562-1-150x150.jpg 150w, https:\/\/mouldking.store\/wp-content\/uploads\/2022\/12\/Beaux-Arts-Modular-Building-With-Interior-MOC-100562-1-60x60.jpg 60w, https:\/\/mouldking.store\/wp-content\/uploads\/2022\/12\/Beaux-Arts-Modular-Building-With-Interior-MOC-100562-1-90x90.jpg 90w, https:\/\/mouldking.store\/wp-content\/uploads\/2022\/12\/Beaux-Arts-Modular-Building-With-Interior-MOC-100562-1.jpg 1100w\" sizes=\"(max-width: 1024px) 100vw, 1024px\" \/><figcaption id=\"caption-attachment-38854\" class=\"wp-caption-text\">MOC-100562 Beaux-Arts modulbygg med interi\u00f8r med 4881 deler<\/figcaption><\/figure>\n<figure id=\"attachment_38855\" aria-describedby=\"caption-attachment-38855\" style=\"width: 1024px\" class=\"wp-caption aligncenter\"><img decoding=\"async\" class=\"wp-image-38855 size-large\" src=\"https:\/\/mouldking.store\/wp-content\/uploads\/2022\/12\/Beaux-Arts-Modular-Building-With-Interior-MOC-100562-2-1024x1024.jpg\" alt=\"MOC-100562 Beaux-Arts Modular Building With Interior With 4881 Pieces\" width=\"1024\" height=\"1024\" title=\"-\" srcset=\"https:\/\/mouldking.store\/wp-content\/uploads\/2022\/12\/Beaux-Arts-Modular-Building-With-Interior-MOC-100562-2-1024x1024.jpg 1024w, https:\/\/mouldking.store\/wp-content\/uploads\/2022\/12\/Beaux-Arts-Modular-Building-With-Interior-MOC-100562-2-300x300.jpg 300w, https:\/\/mouldking.store\/wp-content\/uploads\/2022\/12\/Beaux-Arts-Modular-Building-With-Interior-MOC-100562-2-768x768.jpg 768w, https:\/\/mouldking.store\/wp-content\/uploads\/2022\/12\/Beaux-Arts-Modular-Building-With-Interior-MOC-100562-2-600x600.jpg 600w, https:\/\/mouldking.store\/wp-content\/uploads\/2022\/12\/Beaux-Arts-Modular-Building-With-Interior-MOC-100562-2-150x150.jpg 150w, https:\/\/mouldking.store\/wp-content\/uploads\/2022\/12\/Beaux-Arts-Modular-Building-With-Interior-MOC-100562-2-60x60.jpg 60w, https:\/\/mouldking.store\/wp-content\/uploads\/2022\/12\/Beaux-Arts-Modular-Building-With-Interior-MOC-100562-2-90x90.jpg 90w, https:\/\/mouldking.store\/wp-content\/uploads\/2022\/12\/Beaux-Arts-Modular-Building-With-Interior-MOC-100562-2.jpg 1100w\" sizes=\"(max-width: 1024px) 100vw, 1024px\" \/><figcaption id=\"caption-attachment-38855\" class=\"wp-caption-text\">MOC-100562 Beaux-Arts modulbygg med interi\u00f8r med 4881 deler<\/figcaption><\/figure>\n<figure id=\"attachment_38856\" aria-describedby=\"caption-attachment-38856\" style=\"width: 1100px\" class=\"wp-caption aligncenter\"><img loading=\"lazy\" decoding=\"async\" class=\"wp-image-38856 size-full\" src=\"https:\/\/mouldking.store\/wp-content\/uploads\/2022\/12\/Beaux-Arts-Modular-Building-With-Interior-MOC-100562-3.jpg\" alt=\"MOC-100562 Beaux-Arts Modular Building With Interior With 4881 Pieces\" width=\"1100\" height=\"1100\" title=\"-\" srcset=\"https:\/\/mouldking.store\/wp-content\/uploads\/2022\/12\/Beaux-Arts-Modular-Building-With-Interior-MOC-100562-3.jpg 1100w, https:\/\/mouldking.store\/wp-content\/uploads\/2022\/12\/Beaux-Arts-Modular-Building-With-Interior-MOC-100562-3-300x300.jpg 300w, https:\/\/mouldking.store\/wp-content\/uploads\/2022\/12\/Beaux-Arts-Modular-Building-With-Interior-MOC-100562-3-1024x1024.jpg 1024w, https:\/\/mouldking.store\/wp-content\/uploads\/2022\/12\/Beaux-Arts-Modular-Building-With-Interior-MOC-100562-3-768x768.jpg 768w, https:\/\/mouldking.store\/wp-content\/uploads\/2022\/12\/Beaux-Arts-Modular-Building-With-Interior-MOC-100562-3-600x600.jpg 600w, https:\/\/mouldking.store\/wp-content\/uploads\/2022\/12\/Beaux-Arts-Modular-Building-With-Interior-MOC-100562-3-150x150.jpg 150w, https:\/\/mouldking.store\/wp-content\/uploads\/2022\/12\/Beaux-Arts-Modular-Building-With-Interior-MOC-100562-3-60x60.jpg 60w, https:\/\/mouldking.store\/wp-content\/uploads\/2022\/12\/Beaux-Arts-Modular-Building-With-Interior-MOC-100562-3-90x90.jpg 90w\" sizes=\"(max-width: 1100px) 100vw, 1100px\" \/><figcaption id=\"caption-attachment-38856\" class=\"wp-caption-text\">MOC-100562 Beaux-Arts modulbygg med interi\u00f8r med 4881 deler<\/figcaption><\/figure>\n<figure id=\"attachment_38857\" aria-describedby=\"caption-attachment-38857\" style=\"width: 1024px\" class=\"wp-caption aligncenter\"><img loading=\"lazy\" decoding=\"async\" class=\"wp-image-38857 size-large\" src=\"https:\/\/mouldking.store\/wp-content\/uploads\/2022\/12\/Beaux-Arts-Modular-Building-With-Interior-MOC-100562-4-1024x1024.jpg\" alt=\"MOC-100562 Beaux-Arts Modular Building With Interior With 4881 Pieces\" width=\"1024\" height=\"1024\" title=\"-\" srcset=\"https:\/\/mouldking.store\/wp-content\/uploads\/2022\/12\/Beaux-Arts-Modular-Building-With-Interior-MOC-100562-4-1024x1024.jpg 1024w, https:\/\/mouldking.store\/wp-content\/uploads\/2022\/12\/Beaux-Arts-Modular-Building-With-Interior-MOC-100562-4-300x300.jpg 300w, https:\/\/mouldking.store\/wp-content\/uploads\/2022\/12\/Beaux-Arts-Modular-Building-With-Interior-MOC-100562-4-768x768.jpg 768w, https:\/\/mouldking.store\/wp-content\/uploads\/2022\/12\/Beaux-Arts-Modular-Building-With-Interior-MOC-100562-4-600x600.jpg 600w, https:\/\/mouldking.store\/wp-content\/uploads\/2022\/12\/Beaux-Arts-Modular-Building-With-Interior-MOC-100562-4-150x150.jpg 150w, https:\/\/mouldking.store\/wp-content\/uploads\/2022\/12\/Beaux-Arts-Modular-Building-With-Interior-MOC-100562-4-60x60.jpg 60w, https:\/\/mouldking.store\/wp-content\/uploads\/2022\/12\/Beaux-Arts-Modular-Building-With-Interior-MOC-100562-4-90x90.jpg 90w, https:\/\/mouldking.store\/wp-content\/uploads\/2022\/12\/Beaux-Arts-Modular-Building-With-Interior-MOC-100562-4.jpg 1100w\" sizes=\"(max-width: 1024px) 100vw, 1024px\" \/><figcaption id=\"caption-attachment-38857\" class=\"wp-caption-text\">MOC-100562 Beaux-Arts modulbygg med interi\u00f8r med 4881 deler<\/figcaption><\/figure>\n<figure id=\"attachment_38858\" aria-describedby=\"caption-attachment-38858\" style=\"width: 1024px\" class=\"wp-caption aligncenter\"><img loading=\"lazy\" decoding=\"async\" class=\"wp-image-38858 size-large\" src=\"https:\/\/mouldking.store\/wp-content\/uploads\/2022\/12\/Beaux-Arts-Modular-Building-With-Interior-MOC-100562-5-1024x1024.jpg\" alt=\"MOC-100562 Beaux-Arts Modular Building With Interior With 4881 Pieces\" width=\"1024\" height=\"1024\" title=\"-\" srcset=\"https:\/\/mouldking.store\/wp-content\/uploads\/2022\/12\/Beaux-Arts-Modular-Building-With-Interior-MOC-100562-5-1024x1024.jpg 1024w, https:\/\/mouldking.store\/wp-content\/uploads\/2022\/12\/Beaux-Arts-Modular-Building-With-Interior-MOC-100562-5-300x300.jpg 300w, https:\/\/mouldking.store\/wp-content\/uploads\/2022\/12\/Beaux-Arts-Modular-Building-With-Interior-MOC-100562-5-768x768.jpg 768w, https:\/\/mouldking.store\/wp-content\/uploads\/2022\/12\/Beaux-Arts-Modular-Building-With-Interior-MOC-100562-5-600x600.jpg 600w, https:\/\/mouldking.store\/wp-content\/uploads\/2022\/12\/Beaux-Arts-Modular-Building-With-Interior-MOC-100562-5-150x150.jpg 150w, https:\/\/mouldking.store\/wp-content\/uploads\/2022\/12\/Beaux-Arts-Modular-Building-With-Interior-MOC-100562-5-60x60.jpg 60w, https:\/\/mouldking.store\/wp-content\/uploads\/2022\/12\/Beaux-Arts-Modular-Building-With-Interior-MOC-100562-5-90x90.jpg 90w, https:\/\/mouldking.store\/wp-content\/uploads\/2022\/12\/Beaux-Arts-Modular-Building-With-Interior-MOC-100562-5.jpg 1100w\" sizes=\"(max-width: 1024px) 100vw, 1024px\" \/><figcaption id=\"caption-attachment-38858\" class=\"wp-caption-text\">MOC-100562 Beaux-Arts modulbygg med interi\u00f8r med 4881 deler<\/figcaption><\/figure>\n<figure id=\"attachment_38859\" aria-describedby=\"caption-attachment-38859\" style=\"width: 1024px\" class=\"wp-caption aligncenter\"><img loading=\"lazy\" decoding=\"async\" class=\"wp-image-38859 size-large\" src=\"https:\/\/mouldking.store\/wp-content\/uploads\/2022\/12\/Beaux-Arts-Modular-Building-With-Interior-MOC-100562-6-1024x1024.jpg\" alt=\"MOC-100562 Beaux-Arts Modular Building With Interior With 4881 Pieces\" width=\"1024\" height=\"1024\" title=\"-\" srcset=\"https:\/\/mouldking.store\/wp-content\/uploads\/2022\/12\/Beaux-Arts-Modular-Building-With-Interior-MOC-100562-6-1024x1024.jpg 1024w, https:\/\/mouldking.store\/wp-content\/uploads\/2022\/12\/Beaux-Arts-Modular-Building-With-Interior-MOC-100562-6-300x300.jpg 300w, https:\/\/mouldking.store\/wp-content\/uploads\/2022\/12\/Beaux-Arts-Modular-Building-With-Interior-MOC-100562-6-768x768.jpg 768w, https:\/\/mouldking.store\/wp-content\/uploads\/2022\/12\/Beaux-Arts-Modular-Building-With-Interior-MOC-100562-6-600x600.jpg 600w, https:\/\/mouldking.store\/wp-content\/uploads\/2022\/12\/Beaux-Arts-Modular-Building-With-Interior-MOC-100562-6-150x150.jpg 150w, https:\/\/mouldking.store\/wp-content\/uploads\/2022\/12\/Beaux-Arts-Modular-Building-With-Interior-MOC-100562-6-60x60.jpg 60w, https:\/\/mouldking.store\/wp-content\/uploads\/2022\/12\/Beaux-Arts-Modular-Building-With-Interior-MOC-100562-6-90x90.jpg 90w, https:\/\/mouldking.store\/wp-content\/uploads\/2022\/12\/Beaux-Arts-Modular-Building-With-Interior-MOC-100562-6.jpg 1100w\" sizes=\"(max-width: 1024px) 100vw, 1024px\" \/><figcaption id=\"caption-attachment-38859\" class=\"wp-caption-text\">MOC-100562 Beaux-Arts modulbygg med interi\u00f8r med 4881 deler<\/figcaption><\/figure>","protected":false},"excerpt":{"rendered":"<p>Byggeveiledning i pdf<\/p>\n<p>Uten originaleske<\/p>\n<p>Tidsbestemt: 4-8 uker<\/p>","protected":false},"featured_media":38853,"comment_status":"closed","ping_status":"closed","template":"","meta":{"_acf_changed":false},"product_cat":[1395,1406],"product_tag":[10253,10254,10256,10257,10255,430,10252,10258,10251,392],"class_list":["product","first","instock","shipping-taxable","purchasable","product-type-simple"],"acf":[],"_links":{"self":[{"href":"https:\/\/mouldking.store\/nb\/wp-json\/wp\/v2\/product\/38852","targetHints":{"allow":["GET"]}}],"collection":[{"href":"https:\/\/mouldking.store\/nb\/wp-json\/wp\/v2\/product"}],"about":[{"href":"https:\/\/mouldking.store\/nb\/wp-json\/wp\/v2\/types\/product"}],"replies":[{"embeddable":true,"href":"https:\/\/mouldking.store\/nb\/wp-json\/wp\/v2\/comments?post=38852"}],"wp:featuredmedia":[{"embeddable":true,"href":"https:\/\/mouldking.store\/nb\/wp-json\/wp\/v2\/media\/38853"}],"wp:attachment":[{"href":"https:\/\/mouldking.store\/nb\/wp-json\/wp\/v2\/media?parent=38852"}],"wp:term":[{"taxonomy":"product_cat","embeddable":true,"href":"https:\/\/mouldking.store\/nb\/wp-json\/wp\/v2\/product_cat?post=38852"},{"taxonomy":"product_tag","embeddable":true,"href":"https:\/\/mouldking.store\/nb\/wp-json\/wp\/v2\/product_tag?post=38852"}],"curies":[{"name":"wp","href":"https:\/\/api.w.org\/{rel}","templated":true}]}}