{"id":38860,"date":"2022-12-23T12:15:21","date_gmt":"2022-12-23T05:15:21","guid":{"rendered":"https:\/\/mouldking.store\/?post_type=product&#038;p=38860"},"modified":"2025-12-25T09:11:57","modified_gmt":"2025-12-25T02:11:57","slug":"moc-39837-modular-house-with-2788-pieces","status":"publish","type":"product","link":"https:\/\/mouldking.store\/nb\/shop\/moc-39837-modular-house-with-2788-pieces\/","title":{"rendered":"MOC-39837 Modulhus med 2788 deler"},"content":{"rendered":"<ol>\n<li>Merke: MOC<\/li>\n<li>Kj\u00f8nn: Unisex<\/li>\n<li>Name: Modular House<\/li>\n<li>Aldersgruppe: &gt; 6 \u00e5r gammel<\/li>\n<li>Model Number: 39837<\/li>\n<li>Klassifisering: Montering<\/li>\n<li>Plastblokkform: Selvl\u00e5sende murstein<\/li>\n<li>Materiale: Plast<\/li>\n<li>Plasttype: ABS<\/li>\n<li>Bricks Blocks:2788 PCS<\/li>\n<li>Size: \u00a025.6 x 25.6 x 42.2cm<\/li>\n<li>Weight:2500g<\/li>\n<li>Inneholder detaljerte monteringsanvisninger.<\/li>\n<\/ol>\n<p>Legge merke til:<br \/>\n1. Uten original eske, men vi garanterer at v\u00e5re produkter har kvalitetssikring og pen emballasje.<br \/>\n2. Som alle delene vi har sjekket f\u00f8r frakt, s\u00e5 hvis du finner noen deler savnet eller skadet, ikke bekymre deg og bare kontakt oss, s\u00e5 kan vi sende dem til deg p\u00e5 nytt umiddelbart gratis.<\/p>\n<figure id=\"attachment_38861\" aria-describedby=\"caption-attachment-38861\" style=\"width: 1004px\" class=\"wp-caption aligncenter\"><img fetchpriority=\"high\" decoding=\"async\" class=\"wp-image-38861 size-full\" src=\"https:\/\/mouldking.store\/wp-content\/uploads\/2022\/12\/MOC-39837-Modular-Buildings-Modular-House-MOC-FACTORY.png\" alt=\"MOC-39837 Modular House With 2788 Pieces\" width=\"1004\" height=\"1004\" title=\"-\" srcset=\"https:\/\/mouldking.store\/wp-content\/uploads\/2022\/12\/MOC-39837-Modular-Buildings-Modular-House-MOC-FACTORY.png 1004w, https:\/\/mouldking.store\/wp-content\/uploads\/2022\/12\/MOC-39837-Modular-Buildings-Modular-House-MOC-FACTORY-300x300.png 300w, https:\/\/mouldking.store\/wp-content\/uploads\/2022\/12\/MOC-39837-Modular-Buildings-Modular-House-MOC-FACTORY-768x768.png 768w, https:\/\/mouldking.store\/wp-content\/uploads\/2022\/12\/MOC-39837-Modular-Buildings-Modular-House-MOC-FACTORY-600x600.png 600w, https:\/\/mouldking.store\/wp-content\/uploads\/2022\/12\/MOC-39837-Modular-Buildings-Modular-House-MOC-FACTORY-150x150.png 150w, https:\/\/mouldking.store\/wp-content\/uploads\/2022\/12\/MOC-39837-Modular-Buildings-Modular-House-MOC-FACTORY-60x60.png 60w, https:\/\/mouldking.store\/wp-content\/uploads\/2022\/12\/MOC-39837-Modular-Buildings-Modular-House-MOC-FACTORY-90x90.png 90w\" sizes=\"(max-width: 1004px) 100vw, 1004px\" \/><figcaption id=\"caption-attachment-38861\" class=\"wp-caption-text\">MOC-39837 Modulhus med 2788 deler<\/figcaption><\/figure>\n<figure id=\"attachment_38862\" aria-describedby=\"caption-attachment-38862\" style=\"width: 1024px\" class=\"wp-caption aligncenter\"><img decoding=\"async\" class=\"wp-image-38862 size-large\" src=\"https:\/\/mouldking.store\/wp-content\/uploads\/2022\/12\/Modular-House-MOC-39837-1-1024x1024.jpg\" alt=\"MOC-39837 Modular House With 2788 Pieces\" width=\"1024\" height=\"1024\" title=\"-\" srcset=\"https:\/\/mouldking.store\/wp-content\/uploads\/2022\/12\/Modular-House-MOC-39837-1-1024x1024.jpg 1024w, https:\/\/mouldking.store\/wp-content\/uploads\/2022\/12\/Modular-House-MOC-39837-1-300x300.jpg 300w, https:\/\/mouldking.store\/wp-content\/uploads\/2022\/12\/Modular-House-MOC-39837-1-768x768.jpg 768w, https:\/\/mouldking.store\/wp-content\/uploads\/2022\/12\/Modular-House-MOC-39837-1-600x600.jpg 600w, https:\/\/mouldking.store\/wp-content\/uploads\/2022\/12\/Modular-House-MOC-39837-1-150x150.jpg 150w, https:\/\/mouldking.store\/wp-content\/uploads\/2022\/12\/Modular-House-MOC-39837-1-60x60.jpg 60w, https:\/\/mouldking.store\/wp-content\/uploads\/2022\/12\/Modular-House-MOC-39837-1-90x90.jpg 90w, https:\/\/mouldking.store\/wp-content\/uploads\/2022\/12\/Modular-House-MOC-39837-1.jpg 1100w\" sizes=\"(max-width: 1024px) 100vw, 1024px\" \/><figcaption id=\"caption-attachment-38862\" class=\"wp-caption-text\">MOC-39837 Modulhus med 2788 deler<\/figcaption><\/figure>\n<figure id=\"attachment_38863\" aria-describedby=\"caption-attachment-38863\" style=\"width: 1024px\" class=\"wp-caption aligncenter\"><img decoding=\"async\" class=\"wp-image-38863 size-large\" src=\"https:\/\/mouldking.store\/wp-content\/uploads\/2022\/12\/Modular-House-MOC-39837-2-1024x1024.jpg\" alt=\"MOC-39837 Modular House With 2788 Pieces\" width=\"1024\" height=\"1024\" title=\"-\" srcset=\"https:\/\/mouldking.store\/wp-content\/uploads\/2022\/12\/Modular-House-MOC-39837-2-1024x1024.jpg 1024w, https:\/\/mouldking.store\/wp-content\/uploads\/2022\/12\/Modular-House-MOC-39837-2-300x300.jpg 300w, https:\/\/mouldking.store\/wp-content\/uploads\/2022\/12\/Modular-House-MOC-39837-2-768x768.jpg 768w, https:\/\/mouldking.store\/wp-content\/uploads\/2022\/12\/Modular-House-MOC-39837-2-600x600.jpg 600w, https:\/\/mouldking.store\/wp-content\/uploads\/2022\/12\/Modular-House-MOC-39837-2-150x150.jpg 150w, https:\/\/mouldking.store\/wp-content\/uploads\/2022\/12\/Modular-House-MOC-39837-2-60x60.jpg 60w, https:\/\/mouldking.store\/wp-content\/uploads\/2022\/12\/Modular-House-MOC-39837-2-90x90.jpg 90w, https:\/\/mouldking.store\/wp-content\/uploads\/2022\/12\/Modular-House-MOC-39837-2.jpg 1100w\" sizes=\"(max-width: 1024px) 100vw, 1024px\" \/><figcaption id=\"caption-attachment-38863\" class=\"wp-caption-text\">MOC-39837 Modulhus med 2788 deler<\/figcaption><\/figure>\n<figure id=\"attachment_38864\" aria-describedby=\"caption-attachment-38864\" style=\"width: 1024px\" class=\"wp-caption aligncenter\"><img loading=\"lazy\" decoding=\"async\" class=\"wp-image-38864 size-large\" src=\"https:\/\/mouldking.store\/wp-content\/uploads\/2022\/12\/Modular-House-MOC-39837-3-1024x1024.jpg\" alt=\"MOC-39837 Modular House With 2788 Pieces\" width=\"1024\" height=\"1024\" title=\"-\" srcset=\"https:\/\/mouldking.store\/wp-content\/uploads\/2022\/12\/Modular-House-MOC-39837-3-1024x1024.jpg 1024w, https:\/\/mouldking.store\/wp-content\/uploads\/2022\/12\/Modular-House-MOC-39837-3-300x300.jpg 300w, https:\/\/mouldking.store\/wp-content\/uploads\/2022\/12\/Modular-House-MOC-39837-3-768x768.jpg 768w, https:\/\/mouldking.store\/wp-content\/uploads\/2022\/12\/Modular-House-MOC-39837-3-600x600.jpg 600w, https:\/\/mouldking.store\/wp-content\/uploads\/2022\/12\/Modular-House-MOC-39837-3-150x150.jpg 150w, https:\/\/mouldking.store\/wp-content\/uploads\/2022\/12\/Modular-House-MOC-39837-3-60x60.jpg 60w, https:\/\/mouldking.store\/wp-content\/uploads\/2022\/12\/Modular-House-MOC-39837-3-90x90.jpg 90w, https:\/\/mouldking.store\/wp-content\/uploads\/2022\/12\/Modular-House-MOC-39837-3.jpg 1100w\" sizes=\"(max-width: 1024px) 100vw, 1024px\" \/><figcaption id=\"caption-attachment-38864\" class=\"wp-caption-text\">MOC-39837 Modulhus med 2788 deler<\/figcaption><\/figure>\n<figure id=\"attachment_38865\" aria-describedby=\"caption-attachment-38865\" style=\"width: 1024px\" class=\"wp-caption aligncenter\"><img loading=\"lazy\" decoding=\"async\" class=\"wp-image-38865 size-large\" src=\"https:\/\/mouldking.store\/wp-content\/uploads\/2022\/12\/Modular-House-MOC-39837-4-1024x1024.jpg\" alt=\"MOC-39837 Modular House With 2788 Pieces\" width=\"1024\" height=\"1024\" title=\"-\" srcset=\"https:\/\/mouldking.store\/wp-content\/uploads\/2022\/12\/Modular-House-MOC-39837-4-1024x1024.jpg 1024w, https:\/\/mouldking.store\/wp-content\/uploads\/2022\/12\/Modular-House-MOC-39837-4-300x300.jpg 300w, https:\/\/mouldking.store\/wp-content\/uploads\/2022\/12\/Modular-House-MOC-39837-4-768x768.jpg 768w, https:\/\/mouldking.store\/wp-content\/uploads\/2022\/12\/Modular-House-MOC-39837-4-600x600.jpg 600w, https:\/\/mouldking.store\/wp-content\/uploads\/2022\/12\/Modular-House-MOC-39837-4-150x150.jpg 150w, https:\/\/mouldking.store\/wp-content\/uploads\/2022\/12\/Modular-House-MOC-39837-4-60x60.jpg 60w, https:\/\/mouldking.store\/wp-content\/uploads\/2022\/12\/Modular-House-MOC-39837-4-90x90.jpg 90w, https:\/\/mouldking.store\/wp-content\/uploads\/2022\/12\/Modular-House-MOC-39837-4.jpg 1100w\" sizes=\"(max-width: 1024px) 100vw, 1024px\" \/><figcaption id=\"caption-attachment-38865\" class=\"wp-caption-text\">MOC-39837 Modulhus med 2788 deler<\/figcaption><\/figure>\n<figure id=\"attachment_38866\" aria-describedby=\"caption-attachment-38866\" style=\"width: 1024px\" class=\"wp-caption aligncenter\"><img loading=\"lazy\" decoding=\"async\" class=\"wp-image-38866 size-large\" src=\"https:\/\/mouldking.store\/wp-content\/uploads\/2022\/12\/Modular-House-MOC-39837-5-1024x1024.jpg\" alt=\"MOC-39837 Modular House With 2788 Pieces\" width=\"1024\" height=\"1024\" title=\"-\" srcset=\"https:\/\/mouldking.store\/wp-content\/uploads\/2022\/12\/Modular-House-MOC-39837-5-1024x1024.jpg 1024w, https:\/\/mouldking.store\/wp-content\/uploads\/2022\/12\/Modular-House-MOC-39837-5-300x300.jpg 300w, https:\/\/mouldking.store\/wp-content\/uploads\/2022\/12\/Modular-House-MOC-39837-5-768x768.jpg 768w, https:\/\/mouldking.store\/wp-content\/uploads\/2022\/12\/Modular-House-MOC-39837-5-600x600.jpg 600w, https:\/\/mouldking.store\/wp-content\/uploads\/2022\/12\/Modular-House-MOC-39837-5-150x150.jpg 150w, https:\/\/mouldking.store\/wp-content\/uploads\/2022\/12\/Modular-House-MOC-39837-5-60x60.jpg 60w, https:\/\/mouldking.store\/wp-content\/uploads\/2022\/12\/Modular-House-MOC-39837-5-90x90.jpg 90w, https:\/\/mouldking.store\/wp-content\/uploads\/2022\/12\/Modular-House-MOC-39837-5.jpg 1100w\" sizes=\"(max-width: 1024px) 100vw, 1024px\" \/><figcaption id=\"caption-attachment-38866\" class=\"wp-caption-text\">MOC-39837 Modulhus med 2788 deler<\/figcaption><\/figure>\n<figure id=\"attachment_38867\" aria-describedby=\"caption-attachment-38867\" style=\"width: 1024px\" class=\"wp-caption aligncenter\"><img loading=\"lazy\" decoding=\"async\" class=\"wp-image-38867 size-large\" src=\"https:\/\/mouldking.store\/wp-content\/uploads\/2022\/12\/Modular-House-MOC-39837-6-1024x1024.jpg\" alt=\"MOC-39837 Modular House With 2788 Pieces\" width=\"1024\" height=\"1024\" title=\"-\" srcset=\"https:\/\/mouldking.store\/wp-content\/uploads\/2022\/12\/Modular-House-MOC-39837-6-1024x1024.jpg 1024w, https:\/\/mouldking.store\/wp-content\/uploads\/2022\/12\/Modular-House-MOC-39837-6-300x300.jpg 300w, https:\/\/mouldking.store\/wp-content\/uploads\/2022\/12\/Modular-House-MOC-39837-6-768x768.jpg 768w, https:\/\/mouldking.store\/wp-content\/uploads\/2022\/12\/Modular-House-MOC-39837-6-600x600.jpg 600w, https:\/\/mouldking.store\/wp-content\/uploads\/2022\/12\/Modular-House-MOC-39837-6-150x150.jpg 150w, https:\/\/mouldking.store\/wp-content\/uploads\/2022\/12\/Modular-House-MOC-39837-6-60x60.jpg 60w, https:\/\/mouldking.store\/wp-content\/uploads\/2022\/12\/Modular-House-MOC-39837-6-90x90.jpg 90w, https:\/\/mouldking.store\/wp-content\/uploads\/2022\/12\/Modular-House-MOC-39837-6.jpg 1100w\" sizes=\"(max-width: 1024px) 100vw, 1024px\" \/><figcaption id=\"caption-attachment-38867\" class=\"wp-caption-text\">MOC-39837 Modulhus med 2788 deler<\/figcaption><\/figure>","protected":false},"excerpt":{"rendered":"<p>Byggeveiledning i pdf<\/p>\n<p>Uten originaleske<\/p>\n<p>Tidsbestemt: 4-8 uker<\/p>","protected":false},"featured_media":38861,"comment_status":"closed","ping_status":"closed","template":"","meta":{"_acf_changed":false},"product_cat":[1395,1406,390],"product_tag":[2318,430,10260,10262,10259,5679,10261],"class_list":["product","first","instock","shipping-taxable","purchasable","product-type-simple"],"acf":[],"_links":{"self":[{"href":"https:\/\/mouldking.store\/nb\/wp-json\/wp\/v2\/product\/38860","targetHints":{"allow":["GET"]}}],"collection":[{"href":"https:\/\/mouldking.store\/nb\/wp-json\/wp\/v2\/product"}],"about":[{"href":"https:\/\/mouldking.store\/nb\/wp-json\/wp\/v2\/types\/product"}],"replies":[{"embeddable":true,"href":"https:\/\/mouldking.store\/nb\/wp-json\/wp\/v2\/comments?post=38860"}],"wp:featuredmedia":[{"embeddable":true,"href":"https:\/\/mouldking.store\/nb\/wp-json\/wp\/v2\/media\/38861"}],"wp:attachment":[{"href":"https:\/\/mouldking.store\/nb\/wp-json\/wp\/v2\/media?parent=38860"}],"wp:term":[{"taxonomy":"product_cat","embeddable":true,"href":"https:\/\/mouldking.store\/nb\/wp-json\/wp\/v2\/product_cat?post=38860"},{"taxonomy":"product_tag","embeddable":true,"href":"https:\/\/mouldking.store\/nb\/wp-json\/wp\/v2\/product_tag?post=38860"}],"curies":[{"name":"wp","href":"https:\/\/api.w.org\/{rel}","templated":true}]}}