{"id":38868,"date":"2022-12-23T12:22:56","date_gmt":"2022-12-23T05:22:56","guid":{"rendered":"https:\/\/mouldking.store\/?post_type=product&#038;p=38868"},"modified":"2025-12-25T09:11:57","modified_gmt":"2025-12-25T02:11:57","slug":"moc-113482-burj-al-arab-with-8481-pieces","status":"publish","type":"product","link":"https:\/\/mouldking.store\/nb\/shop\/moc-113482-burj-al-arab-with-8481-pieces\/","title":{"rendered":"MOC-113482 BURJ AL-ARAB Med 8481 stk"},"content":{"rendered":"<ol>\n<li>Merke: MOC<\/li>\n<li>Kj\u00f8nn: Unisex<\/li>\n<li>Name: BURJ AL-ARAB<\/li>\n<li>Aldersgruppe: &gt; 6 \u00e5r gammel<\/li>\n<li>Model Number: 113482<\/li>\n<li>Klassifisering: Montering<\/li>\n<li>Plastblokkform: Selvl\u00e5sende murstein<\/li>\n<li>Materiale: Plast<\/li>\n<li>Plasttype: ABS<\/li>\n<li>Bricks Blocks:8481 PCS<\/li>\n<li>Size: 45.2 x 45.2 x 85.6cm<\/li>\n<li>Weight:8 kg<\/li>\n<li>Inneholder detaljerte monteringsanvisninger.<\/li>\n<\/ol>\n<p>Legge merke til:<br \/>\n1. Uten original eske, men vi garanterer at v\u00e5re produkter har kvalitetssikring og pen emballasje.<br \/>\n2. Som alle delene vi har sjekket f\u00f8r frakt, s\u00e5 hvis du finner noen deler savnet eller skadet, ikke bekymre deg og bare kontakt oss, s\u00e5 kan vi sende dem til deg p\u00e5 nytt umiddelbart gratis.<\/p>\n<figure id=\"attachment_38869\" aria-describedby=\"caption-attachment-38869\" style=\"width: 1004px\" class=\"wp-caption aligncenter\"><img fetchpriority=\"high\" decoding=\"async\" class=\"wp-image-38869 size-full\" src=\"https:\/\/mouldking.store\/wp-content\/uploads\/2022\/12\/MOC-113482-Modular-Building-BURJ-AL-ARAB-MOC-FACTORY.png\" alt=\"MOC-113482 BURJ AL-ARAB With 8481 Pieces\" width=\"1004\" height=\"1004\" title=\"-\" srcset=\"https:\/\/mouldking.store\/wp-content\/uploads\/2022\/12\/MOC-113482-Modular-Building-BURJ-AL-ARAB-MOC-FACTORY.png 1004w, https:\/\/mouldking.store\/wp-content\/uploads\/2022\/12\/MOC-113482-Modular-Building-BURJ-AL-ARAB-MOC-FACTORY-300x300.png 300w, https:\/\/mouldking.store\/wp-content\/uploads\/2022\/12\/MOC-113482-Modular-Building-BURJ-AL-ARAB-MOC-FACTORY-768x768.png 768w, https:\/\/mouldking.store\/wp-content\/uploads\/2022\/12\/MOC-113482-Modular-Building-BURJ-AL-ARAB-MOC-FACTORY-600x600.png 600w, https:\/\/mouldking.store\/wp-content\/uploads\/2022\/12\/MOC-113482-Modular-Building-BURJ-AL-ARAB-MOC-FACTORY-150x150.png 150w, https:\/\/mouldking.store\/wp-content\/uploads\/2022\/12\/MOC-113482-Modular-Building-BURJ-AL-ARAB-MOC-FACTORY-60x60.png 60w, https:\/\/mouldking.store\/wp-content\/uploads\/2022\/12\/MOC-113482-Modular-Building-BURJ-AL-ARAB-MOC-FACTORY-90x90.png 90w\" sizes=\"(max-width: 1004px) 100vw, 1004px\" \/><figcaption id=\"caption-attachment-38869\" class=\"wp-caption-text\">MOC-113482 BURJ AL-ARAB Med 8481 stk<\/figcaption><\/figure>\n<figure id=\"attachment_38870\" aria-describedby=\"caption-attachment-38870\" style=\"width: 1024px\" class=\"wp-caption aligncenter\"><img decoding=\"async\" class=\"wp-image-38870 size-large\" src=\"https:\/\/mouldking.store\/wp-content\/uploads\/2022\/12\/BURJ-AL-ARAB-MOC-113482-1-1024x1024.jpg\" alt=\"MOC-113482 BURJ AL-ARAB With 8481 Pieces\" width=\"1024\" height=\"1024\" title=\"-\" srcset=\"https:\/\/mouldking.store\/wp-content\/uploads\/2022\/12\/BURJ-AL-ARAB-MOC-113482-1-1024x1024.jpg 1024w, https:\/\/mouldking.store\/wp-content\/uploads\/2022\/12\/BURJ-AL-ARAB-MOC-113482-1-300x300.jpg 300w, https:\/\/mouldking.store\/wp-content\/uploads\/2022\/12\/BURJ-AL-ARAB-MOC-113482-1-768x768.jpg 768w, https:\/\/mouldking.store\/wp-content\/uploads\/2022\/12\/BURJ-AL-ARAB-MOC-113482-1-600x600.jpg 600w, https:\/\/mouldking.store\/wp-content\/uploads\/2022\/12\/BURJ-AL-ARAB-MOC-113482-1-150x150.jpg 150w, https:\/\/mouldking.store\/wp-content\/uploads\/2022\/12\/BURJ-AL-ARAB-MOC-113482-1-60x60.jpg 60w, https:\/\/mouldking.store\/wp-content\/uploads\/2022\/12\/BURJ-AL-ARAB-MOC-113482-1-90x90.jpg 90w, https:\/\/mouldking.store\/wp-content\/uploads\/2022\/12\/BURJ-AL-ARAB-MOC-113482-1.jpg 1100w\" sizes=\"(max-width: 1024px) 100vw, 1024px\" \/><figcaption id=\"caption-attachment-38870\" class=\"wp-caption-text\">MOC-113482 BURJ AL-ARAB Med 8481 stk<\/figcaption><\/figure>\n<figure id=\"attachment_38871\" aria-describedby=\"caption-attachment-38871\" style=\"width: 1024px\" class=\"wp-caption aligncenter\"><img decoding=\"async\" class=\"wp-image-38871 size-large\" src=\"https:\/\/mouldking.store\/wp-content\/uploads\/2022\/12\/BURJ-AL-ARAB-MOC-113482-2-1024x1024.jpg\" alt=\"MOC-113482 BURJ AL-ARAB With 8481 Pieces\" width=\"1024\" height=\"1024\" title=\"-\" srcset=\"https:\/\/mouldking.store\/wp-content\/uploads\/2022\/12\/BURJ-AL-ARAB-MOC-113482-2-1024x1024.jpg 1024w, https:\/\/mouldking.store\/wp-content\/uploads\/2022\/12\/BURJ-AL-ARAB-MOC-113482-2-300x300.jpg 300w, https:\/\/mouldking.store\/wp-content\/uploads\/2022\/12\/BURJ-AL-ARAB-MOC-113482-2-768x768.jpg 768w, https:\/\/mouldking.store\/wp-content\/uploads\/2022\/12\/BURJ-AL-ARAB-MOC-113482-2-600x600.jpg 600w, https:\/\/mouldking.store\/wp-content\/uploads\/2022\/12\/BURJ-AL-ARAB-MOC-113482-2-150x150.jpg 150w, https:\/\/mouldking.store\/wp-content\/uploads\/2022\/12\/BURJ-AL-ARAB-MOC-113482-2-60x60.jpg 60w, https:\/\/mouldking.store\/wp-content\/uploads\/2022\/12\/BURJ-AL-ARAB-MOC-113482-2-90x90.jpg 90w, https:\/\/mouldking.store\/wp-content\/uploads\/2022\/12\/BURJ-AL-ARAB-MOC-113482-2.jpg 1100w\" sizes=\"(max-width: 1024px) 100vw, 1024px\" \/><figcaption id=\"caption-attachment-38871\" class=\"wp-caption-text\">MOC-113482 BURJ AL-ARAB Med 8481 stk<\/figcaption><\/figure>\n<figure id=\"attachment_38872\" aria-describedby=\"caption-attachment-38872\" style=\"width: 1100px\" class=\"wp-caption aligncenter\"><img loading=\"lazy\" decoding=\"async\" class=\"wp-image-38872 size-full\" src=\"https:\/\/mouldking.store\/wp-content\/uploads\/2022\/12\/BURJ-AL-ARAB-MOC-113482-3.jpg\" alt=\"MOC-113482 BURJ AL-ARAB With 8481 Pieces\" width=\"1100\" height=\"1100\" title=\"-\" srcset=\"https:\/\/mouldking.store\/wp-content\/uploads\/2022\/12\/BURJ-AL-ARAB-MOC-113482-3.jpg 1100w, https:\/\/mouldking.store\/wp-content\/uploads\/2022\/12\/BURJ-AL-ARAB-MOC-113482-3-300x300.jpg 300w, https:\/\/mouldking.store\/wp-content\/uploads\/2022\/12\/BURJ-AL-ARAB-MOC-113482-3-1024x1024.jpg 1024w, https:\/\/mouldking.store\/wp-content\/uploads\/2022\/12\/BURJ-AL-ARAB-MOC-113482-3-768x768.jpg 768w, https:\/\/mouldking.store\/wp-content\/uploads\/2022\/12\/BURJ-AL-ARAB-MOC-113482-3-600x600.jpg 600w, https:\/\/mouldking.store\/wp-content\/uploads\/2022\/12\/BURJ-AL-ARAB-MOC-113482-3-150x150.jpg 150w, https:\/\/mouldking.store\/wp-content\/uploads\/2022\/12\/BURJ-AL-ARAB-MOC-113482-3-60x60.jpg 60w, https:\/\/mouldking.store\/wp-content\/uploads\/2022\/12\/BURJ-AL-ARAB-MOC-113482-3-90x90.jpg 90w\" sizes=\"(max-width: 1100px) 100vw, 1100px\" \/><figcaption id=\"caption-attachment-38872\" class=\"wp-caption-text\">MOC-113482 BURJ AL-ARAB Med 8481 stk<\/figcaption><\/figure>\n<figure id=\"attachment_38873\" aria-describedby=\"caption-attachment-38873\" style=\"width: 1024px\" class=\"wp-caption aligncenter\"><img loading=\"lazy\" decoding=\"async\" class=\"wp-image-38873 size-large\" src=\"https:\/\/mouldking.store\/wp-content\/uploads\/2022\/12\/BURJ-AL-ARAB-MOC-113482-4-1024x1024.jpg\" alt=\"MOC-113482 BURJ AL-ARAB With 8481 Pieces\" width=\"1024\" height=\"1024\" title=\"-\" srcset=\"https:\/\/mouldking.store\/wp-content\/uploads\/2022\/12\/BURJ-AL-ARAB-MOC-113482-4-1024x1024.jpg 1024w, https:\/\/mouldking.store\/wp-content\/uploads\/2022\/12\/BURJ-AL-ARAB-MOC-113482-4-300x300.jpg 300w, https:\/\/mouldking.store\/wp-content\/uploads\/2022\/12\/BURJ-AL-ARAB-MOC-113482-4-768x768.jpg 768w, https:\/\/mouldking.store\/wp-content\/uploads\/2022\/12\/BURJ-AL-ARAB-MOC-113482-4-600x600.jpg 600w, https:\/\/mouldking.store\/wp-content\/uploads\/2022\/12\/BURJ-AL-ARAB-MOC-113482-4-150x150.jpg 150w, https:\/\/mouldking.store\/wp-content\/uploads\/2022\/12\/BURJ-AL-ARAB-MOC-113482-4-60x60.jpg 60w, https:\/\/mouldking.store\/wp-content\/uploads\/2022\/12\/BURJ-AL-ARAB-MOC-113482-4-90x90.jpg 90w, https:\/\/mouldking.store\/wp-content\/uploads\/2022\/12\/BURJ-AL-ARAB-MOC-113482-4.jpg 1100w\" sizes=\"(max-width: 1024px) 100vw, 1024px\" \/><figcaption id=\"caption-attachment-38873\" class=\"wp-caption-text\">MOC-113482 BURJ AL-ARAB Med 8481 stk<\/figcaption><\/figure>\n<figure id=\"attachment_38874\" aria-describedby=\"caption-attachment-38874\" style=\"width: 1100px\" class=\"wp-caption aligncenter\"><img loading=\"lazy\" decoding=\"async\" class=\"wp-image-38874 size-full\" src=\"https:\/\/mouldking.store\/wp-content\/uploads\/2022\/12\/BURJ-AL-ARAB-MOC-113482-6.jpg\" alt=\"MOC-113482 BURJ AL-ARAB With 8481 Pieces\" width=\"1100\" height=\"1100\" title=\"-\" srcset=\"https:\/\/mouldking.store\/wp-content\/uploads\/2022\/12\/BURJ-AL-ARAB-MOC-113482-6.jpg 1100w, https:\/\/mouldking.store\/wp-content\/uploads\/2022\/12\/BURJ-AL-ARAB-MOC-113482-6-300x300.jpg 300w, https:\/\/mouldking.store\/wp-content\/uploads\/2022\/12\/BURJ-AL-ARAB-MOC-113482-6-1024x1024.jpg 1024w, https:\/\/mouldking.store\/wp-content\/uploads\/2022\/12\/BURJ-AL-ARAB-MOC-113482-6-768x768.jpg 768w, https:\/\/mouldking.store\/wp-content\/uploads\/2022\/12\/BURJ-AL-ARAB-MOC-113482-6-600x600.jpg 600w, https:\/\/mouldking.store\/wp-content\/uploads\/2022\/12\/BURJ-AL-ARAB-MOC-113482-6-150x150.jpg 150w, https:\/\/mouldking.store\/wp-content\/uploads\/2022\/12\/BURJ-AL-ARAB-MOC-113482-6-60x60.jpg 60w, https:\/\/mouldking.store\/wp-content\/uploads\/2022\/12\/BURJ-AL-ARAB-MOC-113482-6-90x90.jpg 90w\" sizes=\"(max-width: 1100px) 100vw, 1100px\" \/><figcaption id=\"caption-attachment-38874\" class=\"wp-caption-text\">MOC-113482 BURJ AL-ARAB Med 8481 stk<\/figcaption><\/figure>\n<figure id=\"attachment_38875\" aria-describedby=\"caption-attachment-38875\" style=\"width: 1100px\" class=\"wp-caption aligncenter\"><img loading=\"lazy\" decoding=\"async\" class=\"wp-image-38875 size-full\" src=\"https:\/\/mouldking.store\/wp-content\/uploads\/2022\/12\/BURJ-AL-ARAB-MOC-113482-5.jpg\" alt=\"MOC-113482 BURJ AL-ARAB With 8481 Pieces\" width=\"1100\" height=\"1100\" title=\"-\" srcset=\"https:\/\/mouldking.store\/wp-content\/uploads\/2022\/12\/BURJ-AL-ARAB-MOC-113482-5.jpg 1100w, https:\/\/mouldking.store\/wp-content\/uploads\/2022\/12\/BURJ-AL-ARAB-MOC-113482-5-300x300.jpg 300w, https:\/\/mouldking.store\/wp-content\/uploads\/2022\/12\/BURJ-AL-ARAB-MOC-113482-5-1024x1024.jpg 1024w, https:\/\/mouldking.store\/wp-content\/uploads\/2022\/12\/BURJ-AL-ARAB-MOC-113482-5-768x768.jpg 768w, https:\/\/mouldking.store\/wp-content\/uploads\/2022\/12\/BURJ-AL-ARAB-MOC-113482-5-600x600.jpg 600w, https:\/\/mouldking.store\/wp-content\/uploads\/2022\/12\/BURJ-AL-ARAB-MOC-113482-5-150x150.jpg 150w, https:\/\/mouldking.store\/wp-content\/uploads\/2022\/12\/BURJ-AL-ARAB-MOC-113482-5-60x60.jpg 60w, https:\/\/mouldking.store\/wp-content\/uploads\/2022\/12\/BURJ-AL-ARAB-MOC-113482-5-90x90.jpg 90w\" sizes=\"(max-width: 1100px) 100vw, 1100px\" \/><figcaption id=\"caption-attachment-38875\" class=\"wp-caption-text\">MOC-113482 BURJ AL-ARAB Med 8481 stk<\/figcaption><\/figure>","protected":false},"excerpt":{"rendered":"<p>Byggeveiledning i pdf<\/p>\n<p>Uten originaleske<\/p>\n<p>Tidsbestemt: 4-8 uker<\/p>","protected":false},"featured_media":38869,"comment_status":"closed","ping_status":"closed","template":"","meta":{"_acf_changed":false},"product_cat":[1395,1406],"product_tag":[10266,10265,10267,430,10264,10268,10263],"class_list":["product","first","instock","shipping-taxable","purchasable","product-type-simple"],"acf":[],"_links":{"self":[{"href":"https:\/\/mouldking.store\/nb\/wp-json\/wp\/v2\/product\/38868","targetHints":{"allow":["GET"]}}],"collection":[{"href":"https:\/\/mouldking.store\/nb\/wp-json\/wp\/v2\/product"}],"about":[{"href":"https:\/\/mouldking.store\/nb\/wp-json\/wp\/v2\/types\/product"}],"replies":[{"embeddable":true,"href":"https:\/\/mouldking.store\/nb\/wp-json\/wp\/v2\/comments?post=38868"}],"wp:featuredmedia":[{"embeddable":true,"href":"https:\/\/mouldking.store\/nb\/wp-json\/wp\/v2\/media\/38869"}],"wp:attachment":[{"href":"https:\/\/mouldking.store\/nb\/wp-json\/wp\/v2\/media?parent=38868"}],"wp:term":[{"taxonomy":"product_cat","embeddable":true,"href":"https:\/\/mouldking.store\/nb\/wp-json\/wp\/v2\/product_cat?post=38868"},{"taxonomy":"product_tag","embeddable":true,"href":"https:\/\/mouldking.store\/nb\/wp-json\/wp\/v2\/product_tag?post=38868"}],"curies":[{"name":"wp","href":"https:\/\/api.w.org\/{rel}","templated":true}]}}