{"id":38884,"date":"2022-12-23T14:13:23","date_gmt":"2022-12-23T07:13:23","guid":{"rendered":"https:\/\/mouldking.store\/?post_type=product&#038;p=38884"},"modified":"2025-12-25T09:11:57","modified_gmt":"2025-12-25T02:11:57","slug":"moc-108178-interdictor-class-star-destroyer-with-922pcs","status":"publish","type":"product","link":"https:\/\/mouldking.store\/nb\/shop\/moc-108178-interdictor-class-star-destroyer-with-922pcs\/","title":{"rendered":"MOC-108178 Interdictor-klasse Star Destroyer med 922 STK"},"content":{"rendered":"<ol>\n<li>Merke: MOC<\/li>\n<li>Kj\u00f8nn: Unisex<\/li>\n<li>Name: Interdictor-class Star Destroyer<\/li>\n<li>Aldersgruppe: &gt; 6 \u00e5r gammel<\/li>\n<li>Model Number: 108178<\/li>\n<li>Klassifisering: Montering<\/li>\n<li>Plastblokkform: Selvl\u00e5sende murstein<\/li>\n<li>Materiale: Plast<\/li>\n<li>Plasttype: ABS<\/li>\n<li>Bricks Blocks:922PCS<\/li>\n<li>Weight:800g<\/li>\n<li>Inneholder detaljerte monteringsanvisninger.<\/li>\n<\/ol>\n<p>Legge merke til:<br \/>\n1. Uten original eske, men vi garanterer at v\u00e5re produkter har kvalitetssikring og pen emballasje.<br \/>\n2. Som alle delene vi har sjekket f\u00f8r frakt, s\u00e5 hvis du finner noen deler savnet eller skadet, ikke bekymre deg og bare kontakt oss, s\u00e5 kan vi sende dem til deg p\u00e5 nytt umiddelbart gratis.<\/p>\n<figure id=\"attachment_38885\" aria-describedby=\"caption-attachment-38885\" style=\"width: 1004px\" class=\"wp-caption aligncenter\"><img fetchpriority=\"high\" decoding=\"async\" class=\"wp-image-38885 size-full\" src=\"https:\/\/mouldking.store\/wp-content\/uploads\/2022\/12\/MOC-108178-Star-Wars-Interdictor-class-Star-Destroyer-MOC-FACTORY.png\" alt=\"MOC-108178 Interdictor-class Star Destroyer With 922PCS\" width=\"1004\" height=\"1004\" title=\"-\" srcset=\"https:\/\/mouldking.store\/wp-content\/uploads\/2022\/12\/MOC-108178-Star-Wars-Interdictor-class-Star-Destroyer-MOC-FACTORY.png 1004w, https:\/\/mouldking.store\/wp-content\/uploads\/2022\/12\/MOC-108178-Star-Wars-Interdictor-class-Star-Destroyer-MOC-FACTORY-300x300.png 300w, https:\/\/mouldking.store\/wp-content\/uploads\/2022\/12\/MOC-108178-Star-Wars-Interdictor-class-Star-Destroyer-MOC-FACTORY-768x768.png 768w, https:\/\/mouldking.store\/wp-content\/uploads\/2022\/12\/MOC-108178-Star-Wars-Interdictor-class-Star-Destroyer-MOC-FACTORY-600x600.png 600w, https:\/\/mouldking.store\/wp-content\/uploads\/2022\/12\/MOC-108178-Star-Wars-Interdictor-class-Star-Destroyer-MOC-FACTORY-150x150.png 150w, https:\/\/mouldking.store\/wp-content\/uploads\/2022\/12\/MOC-108178-Star-Wars-Interdictor-class-Star-Destroyer-MOC-FACTORY-60x60.png 60w, https:\/\/mouldking.store\/wp-content\/uploads\/2022\/12\/MOC-108178-Star-Wars-Interdictor-class-Star-Destroyer-MOC-FACTORY-90x90.png 90w\" sizes=\"(max-width: 1004px) 100vw, 1004px\" \/><figcaption id=\"caption-attachment-38885\" class=\"wp-caption-text\">MOC-108178 Interdictor-klasse Star Destroyer med 922 STK<\/figcaption><\/figure>\n<figure id=\"attachment_38886\" aria-describedby=\"caption-attachment-38886\" style=\"width: 1024px\" class=\"wp-caption aligncenter\"><img decoding=\"async\" class=\"wp-image-38886 size-large\" src=\"https:\/\/mouldking.store\/wp-content\/uploads\/2022\/12\/Interdictor-class-Star-Destroyer-MOC-108178-1-1024x1024.jpg\" alt=\"MOC-108178 Interdictor-class Star Destroyer With 922PCS\" width=\"1024\" height=\"1024\" title=\"-\" srcset=\"https:\/\/mouldking.store\/wp-content\/uploads\/2022\/12\/Interdictor-class-Star-Destroyer-MOC-108178-1-1024x1024.jpg 1024w, https:\/\/mouldking.store\/wp-content\/uploads\/2022\/12\/Interdictor-class-Star-Destroyer-MOC-108178-1-300x300.jpg 300w, https:\/\/mouldking.store\/wp-content\/uploads\/2022\/12\/Interdictor-class-Star-Destroyer-MOC-108178-1-768x768.jpg 768w, https:\/\/mouldking.store\/wp-content\/uploads\/2022\/12\/Interdictor-class-Star-Destroyer-MOC-108178-1-600x600.jpg 600w, https:\/\/mouldking.store\/wp-content\/uploads\/2022\/12\/Interdictor-class-Star-Destroyer-MOC-108178-1-150x150.jpg 150w, https:\/\/mouldking.store\/wp-content\/uploads\/2022\/12\/Interdictor-class-Star-Destroyer-MOC-108178-1-60x60.jpg 60w, https:\/\/mouldking.store\/wp-content\/uploads\/2022\/12\/Interdictor-class-Star-Destroyer-MOC-108178-1-90x90.jpg 90w, https:\/\/mouldking.store\/wp-content\/uploads\/2022\/12\/Interdictor-class-Star-Destroyer-MOC-108178-1.jpg 1100w\" sizes=\"(max-width: 1024px) 100vw, 1024px\" \/><figcaption id=\"caption-attachment-38886\" class=\"wp-caption-text\">MOC-108178 Interdictor-klasse Star Destroyer med 922 STK<\/figcaption><\/figure>\n<figure id=\"attachment_38887\" aria-describedby=\"caption-attachment-38887\" style=\"width: 1024px\" class=\"wp-caption aligncenter\"><img decoding=\"async\" class=\"wp-image-38887 size-large\" src=\"https:\/\/mouldking.store\/wp-content\/uploads\/2022\/12\/Interdictor-class-Star-Destroyer-MOC-108178-2-1024x1024.jpg\" alt=\"MOC-108178 Interdictor-class Star Destroyer With 922PCS\" width=\"1024\" height=\"1024\" title=\"-\" srcset=\"https:\/\/mouldking.store\/wp-content\/uploads\/2022\/12\/Interdictor-class-Star-Destroyer-MOC-108178-2-1024x1024.jpg 1024w, https:\/\/mouldking.store\/wp-content\/uploads\/2022\/12\/Interdictor-class-Star-Destroyer-MOC-108178-2-300x300.jpg 300w, https:\/\/mouldking.store\/wp-content\/uploads\/2022\/12\/Interdictor-class-Star-Destroyer-MOC-108178-2-768x768.jpg 768w, https:\/\/mouldking.store\/wp-content\/uploads\/2022\/12\/Interdictor-class-Star-Destroyer-MOC-108178-2-600x600.jpg 600w, https:\/\/mouldking.store\/wp-content\/uploads\/2022\/12\/Interdictor-class-Star-Destroyer-MOC-108178-2-150x150.jpg 150w, https:\/\/mouldking.store\/wp-content\/uploads\/2022\/12\/Interdictor-class-Star-Destroyer-MOC-108178-2-60x60.jpg 60w, https:\/\/mouldking.store\/wp-content\/uploads\/2022\/12\/Interdictor-class-Star-Destroyer-MOC-108178-2-90x90.jpg 90w, https:\/\/mouldking.store\/wp-content\/uploads\/2022\/12\/Interdictor-class-Star-Destroyer-MOC-108178-2.jpg 1100w\" sizes=\"(max-width: 1024px) 100vw, 1024px\" \/><figcaption id=\"caption-attachment-38887\" class=\"wp-caption-text\">MOC-108178 Interdictor-klasse Star Destroyer med 922 STK<\/figcaption><\/figure>\n<figure id=\"attachment_38888\" aria-describedby=\"caption-attachment-38888\" style=\"width: 1024px\" class=\"wp-caption aligncenter\"><img loading=\"lazy\" decoding=\"async\" class=\"wp-image-38888 size-large\" src=\"https:\/\/mouldking.store\/wp-content\/uploads\/2022\/12\/Interdictor-class-Star-Destroyer-MOC-108178-3-1024x1024.jpg\" alt=\"MOC-108178 Interdictor-class Star Destroyer With 922PCS\" width=\"1024\" height=\"1024\" title=\"-\" srcset=\"https:\/\/mouldking.store\/wp-content\/uploads\/2022\/12\/Interdictor-class-Star-Destroyer-MOC-108178-3-1024x1024.jpg 1024w, https:\/\/mouldking.store\/wp-content\/uploads\/2022\/12\/Interdictor-class-Star-Destroyer-MOC-108178-3-300x300.jpg 300w, https:\/\/mouldking.store\/wp-content\/uploads\/2022\/12\/Interdictor-class-Star-Destroyer-MOC-108178-3-768x768.jpg 768w, https:\/\/mouldking.store\/wp-content\/uploads\/2022\/12\/Interdictor-class-Star-Destroyer-MOC-108178-3-600x600.jpg 600w, https:\/\/mouldking.store\/wp-content\/uploads\/2022\/12\/Interdictor-class-Star-Destroyer-MOC-108178-3-150x150.jpg 150w, https:\/\/mouldking.store\/wp-content\/uploads\/2022\/12\/Interdictor-class-Star-Destroyer-MOC-108178-3-60x60.jpg 60w, https:\/\/mouldking.store\/wp-content\/uploads\/2022\/12\/Interdictor-class-Star-Destroyer-MOC-108178-3-90x90.jpg 90w, https:\/\/mouldking.store\/wp-content\/uploads\/2022\/12\/Interdictor-class-Star-Destroyer-MOC-108178-3.jpg 1100w\" sizes=\"(max-width: 1024px) 100vw, 1024px\" \/><figcaption id=\"caption-attachment-38888\" class=\"wp-caption-text\">MOC-108178 Interdictor-klasse Star Destroyer med 922 STK<\/figcaption><\/figure>\n<figure id=\"attachment_38889\" aria-describedby=\"caption-attachment-38889\" style=\"width: 1024px\" class=\"wp-caption aligncenter\"><img loading=\"lazy\" decoding=\"async\" class=\"wp-image-38889 size-large\" src=\"https:\/\/mouldking.store\/wp-content\/uploads\/2022\/12\/Interdictor-class-Star-Destroyer-MOC-108178-4-1024x1024.jpg\" alt=\"MOC-108178 Interdictor-class Star Destroyer With 922PCS\" width=\"1024\" height=\"1024\" title=\"-\" srcset=\"https:\/\/mouldking.store\/wp-content\/uploads\/2022\/12\/Interdictor-class-Star-Destroyer-MOC-108178-4-1024x1024.jpg 1024w, https:\/\/mouldking.store\/wp-content\/uploads\/2022\/12\/Interdictor-class-Star-Destroyer-MOC-108178-4-300x300.jpg 300w, https:\/\/mouldking.store\/wp-content\/uploads\/2022\/12\/Interdictor-class-Star-Destroyer-MOC-108178-4-768x768.jpg 768w, https:\/\/mouldking.store\/wp-content\/uploads\/2022\/12\/Interdictor-class-Star-Destroyer-MOC-108178-4-600x600.jpg 600w, https:\/\/mouldking.store\/wp-content\/uploads\/2022\/12\/Interdictor-class-Star-Destroyer-MOC-108178-4-150x150.jpg 150w, https:\/\/mouldking.store\/wp-content\/uploads\/2022\/12\/Interdictor-class-Star-Destroyer-MOC-108178-4-60x60.jpg 60w, https:\/\/mouldking.store\/wp-content\/uploads\/2022\/12\/Interdictor-class-Star-Destroyer-MOC-108178-4-90x90.jpg 90w, https:\/\/mouldking.store\/wp-content\/uploads\/2022\/12\/Interdictor-class-Star-Destroyer-MOC-108178-4.jpg 1100w\" sizes=\"(max-width: 1024px) 100vw, 1024px\" \/><figcaption id=\"caption-attachment-38889\" class=\"wp-caption-text\">MOC-108178 Interdictor-klasse Star Destroyer med 922 STK<\/figcaption><\/figure>\n<figure id=\"attachment_38890\" aria-describedby=\"caption-attachment-38890\" style=\"width: 1024px\" class=\"wp-caption aligncenter\"><img loading=\"lazy\" decoding=\"async\" class=\"wp-image-38890 size-large\" src=\"https:\/\/mouldking.store\/wp-content\/uploads\/2022\/12\/Interdictor-class-Star-Destroyer-MOC-108178-5-1024x1024.jpg\" alt=\"MOC-108178 Interdictor-class Star Destroyer With 922PCS\" width=\"1024\" height=\"1024\" title=\"-\" srcset=\"https:\/\/mouldking.store\/wp-content\/uploads\/2022\/12\/Interdictor-class-Star-Destroyer-MOC-108178-5-1024x1024.jpg 1024w, https:\/\/mouldking.store\/wp-content\/uploads\/2022\/12\/Interdictor-class-Star-Destroyer-MOC-108178-5-300x300.jpg 300w, https:\/\/mouldking.store\/wp-content\/uploads\/2022\/12\/Interdictor-class-Star-Destroyer-MOC-108178-5-768x768.jpg 768w, https:\/\/mouldking.store\/wp-content\/uploads\/2022\/12\/Interdictor-class-Star-Destroyer-MOC-108178-5-600x600.jpg 600w, https:\/\/mouldking.store\/wp-content\/uploads\/2022\/12\/Interdictor-class-Star-Destroyer-MOC-108178-5-150x150.jpg 150w, https:\/\/mouldking.store\/wp-content\/uploads\/2022\/12\/Interdictor-class-Star-Destroyer-MOC-108178-5-60x60.jpg 60w, https:\/\/mouldking.store\/wp-content\/uploads\/2022\/12\/Interdictor-class-Star-Destroyer-MOC-108178-5-90x90.jpg 90w, https:\/\/mouldking.store\/wp-content\/uploads\/2022\/12\/Interdictor-class-Star-Destroyer-MOC-108178-5.jpg 1100w\" sizes=\"(max-width: 1024px) 100vw, 1024px\" \/><figcaption id=\"caption-attachment-38890\" class=\"wp-caption-text\">MOC-108178 Interdictor-klasse Star Destroyer med 922 STK<\/figcaption><\/figure>\n<figure id=\"attachment_38891\" aria-describedby=\"caption-attachment-38891\" style=\"width: 1100px\" class=\"wp-caption aligncenter\"><img loading=\"lazy\" decoding=\"async\" class=\"wp-image-38891 size-full\" src=\"https:\/\/mouldking.store\/wp-content\/uploads\/2022\/12\/Interdictor-class-Star-Destroyer-MOC-108178-6.jpg\" alt=\"MOC-108178 Interdictor-class Star Destroyer With 922PCS\" width=\"1100\" height=\"1100\" title=\"-\" srcset=\"https:\/\/mouldking.store\/wp-content\/uploads\/2022\/12\/Interdictor-class-Star-Destroyer-MOC-108178-6.jpg 1100w, https:\/\/mouldking.store\/wp-content\/uploads\/2022\/12\/Interdictor-class-Star-Destroyer-MOC-108178-6-300x300.jpg 300w, https:\/\/mouldking.store\/wp-content\/uploads\/2022\/12\/Interdictor-class-Star-Destroyer-MOC-108178-6-1024x1024.jpg 1024w, https:\/\/mouldking.store\/wp-content\/uploads\/2022\/12\/Interdictor-class-Star-Destroyer-MOC-108178-6-768x768.jpg 768w, https:\/\/mouldking.store\/wp-content\/uploads\/2022\/12\/Interdictor-class-Star-Destroyer-MOC-108178-6-600x600.jpg 600w, https:\/\/mouldking.store\/wp-content\/uploads\/2022\/12\/Interdictor-class-Star-Destroyer-MOC-108178-6-150x150.jpg 150w, https:\/\/mouldking.store\/wp-content\/uploads\/2022\/12\/Interdictor-class-Star-Destroyer-MOC-108178-6-60x60.jpg 60w, https:\/\/mouldking.store\/wp-content\/uploads\/2022\/12\/Interdictor-class-Star-Destroyer-MOC-108178-6-90x90.jpg 90w\" sizes=\"(max-width: 1100px) 100vw, 1100px\" \/><figcaption id=\"caption-attachment-38891\" class=\"wp-caption-text\">MOC-108178 Interdictor-klasse Star Destroyer med 922 STK<\/figcaption><\/figure>","protected":false},"excerpt":{"rendered":"<p>Byggeveiledning i pdf<\/p>\n<p>Uten originaleske<\/p>\n<p>Tidsbestemt: 4-8 uker<\/p>","protected":false},"featured_media":38885,"comment_status":"closed","ping_status":"closed","template":"","meta":{"_acf_changed":false},"product_cat":[1406,415],"product_tag":[682,9250,10278,10279,430,10277,10280,10276,673,3427],"class_list":["product","first","instock","shipping-taxable","purchasable","product-type-simple"],"acf":[],"_links":{"self":[{"href":"https:\/\/mouldking.store\/nb\/wp-json\/wp\/v2\/product\/38884","targetHints":{"allow":["GET"]}}],"collection":[{"href":"https:\/\/mouldking.store\/nb\/wp-json\/wp\/v2\/product"}],"about":[{"href":"https:\/\/mouldking.store\/nb\/wp-json\/wp\/v2\/types\/product"}],"replies":[{"embeddable":true,"href":"https:\/\/mouldking.store\/nb\/wp-json\/wp\/v2\/comments?post=38884"}],"wp:featuredmedia":[{"embeddable":true,"href":"https:\/\/mouldking.store\/nb\/wp-json\/wp\/v2\/media\/38885"}],"wp:attachment":[{"href":"https:\/\/mouldking.store\/nb\/wp-json\/wp\/v2\/media?parent=38884"}],"wp:term":[{"taxonomy":"product_cat","embeddable":true,"href":"https:\/\/mouldking.store\/nb\/wp-json\/wp\/v2\/product_cat?post=38884"},{"taxonomy":"product_tag","embeddable":true,"href":"https:\/\/mouldking.store\/nb\/wp-json\/wp\/v2\/product_tag?post=38884"}],"curies":[{"name":"wp","href":"https:\/\/api.w.org\/{rel}","templated":true}]}}