{"id":38892,"date":"2022-12-23T14:21:14","date_gmt":"2022-12-23T07:21:14","guid":{"rendered":"https:\/\/mouldking.store\/?post_type=product&#038;p=38892"},"modified":"2025-12-25T09:11:57","modified_gmt":"2025-12-25T02:11:57","slug":"moc-106566-imperial-combat-assault-tank-with-310pcs","status":"publish","type":"product","link":"https:\/\/mouldking.store\/nb\/shop\/moc-106566-imperial-combat-assault-tank-with-310pcs\/","title":{"rendered":"MOC-106566 Imperial Combat Assault Tank med 310 STK"},"content":{"rendered":"<ol>\n<li>Merke: MOC<\/li>\n<li>Kj\u00f8nn: Unisex<\/li>\n<li>Name: Imperial Combat Assault Tank<\/li>\n<li>Aldersgruppe: &gt; 6 \u00e5r gammel<\/li>\n<li>Model Number: 106566<\/li>\n<li>Klassifisering: Montering<\/li>\n<li>Plastblokkform: Selvl\u00e5sende murstein<\/li>\n<li>Materiale: Plast<\/li>\n<li>Plasttype: ABS<\/li>\n<li>Bricks Blocks:310PCS<\/li>\n<li>Weight:250g<\/li>\n<li>Inneholder detaljerte monteringsanvisninger.<\/li>\n<\/ol>\n<p>Legge merke til:<br \/>\n1. Uten original eske, men vi garanterer at v\u00e5re produkter har kvalitetssikring og pen emballasje.<br \/>\n2. Som alle delene vi har sjekket f\u00f8r frakt, s\u00e5 hvis du finner noen deler savnet eller skadet, ikke bekymre deg og bare kontakt oss, s\u00e5 kan vi sende dem til deg p\u00e5 nytt umiddelbart gratis.<\/p>\n<figure id=\"attachment_38893\" aria-describedby=\"caption-attachment-38893\" style=\"width: 1004px\" class=\"wp-caption aligncenter\"><img fetchpriority=\"high\" decoding=\"async\" class=\"wp-image-38893 size-full\" src=\"https:\/\/mouldking.store\/wp-content\/uploads\/2022\/12\/MOC-106566-Star-Wars-Imperial-Combat-Assault-Tank-MOC-FACTORY.png\" alt=\"MOC-106566 Imperial Combat Assault Tank With 310PCS\" width=\"1004\" height=\"1004\" title=\"-\" srcset=\"https:\/\/mouldking.store\/wp-content\/uploads\/2022\/12\/MOC-106566-Star-Wars-Imperial-Combat-Assault-Tank-MOC-FACTORY.png 1004w, https:\/\/mouldking.store\/wp-content\/uploads\/2022\/12\/MOC-106566-Star-Wars-Imperial-Combat-Assault-Tank-MOC-FACTORY-300x300.png 300w, https:\/\/mouldking.store\/wp-content\/uploads\/2022\/12\/MOC-106566-Star-Wars-Imperial-Combat-Assault-Tank-MOC-FACTORY-768x768.png 768w, https:\/\/mouldking.store\/wp-content\/uploads\/2022\/12\/MOC-106566-Star-Wars-Imperial-Combat-Assault-Tank-MOC-FACTORY-600x600.png 600w, https:\/\/mouldking.store\/wp-content\/uploads\/2022\/12\/MOC-106566-Star-Wars-Imperial-Combat-Assault-Tank-MOC-FACTORY-150x150.png 150w, https:\/\/mouldking.store\/wp-content\/uploads\/2022\/12\/MOC-106566-Star-Wars-Imperial-Combat-Assault-Tank-MOC-FACTORY-60x60.png 60w, https:\/\/mouldking.store\/wp-content\/uploads\/2022\/12\/MOC-106566-Star-Wars-Imperial-Combat-Assault-Tank-MOC-FACTORY-90x90.png 90w\" sizes=\"(max-width: 1004px) 100vw, 1004px\" \/><figcaption id=\"caption-attachment-38893\" class=\"wp-caption-text\">MOC-106566 Imperial Combat Assault Tank med 310 STK<\/figcaption><\/figure>\n<figure id=\"attachment_38894\" aria-describedby=\"caption-attachment-38894\" style=\"width: 1024px\" class=\"wp-caption aligncenter\"><img decoding=\"async\" class=\"wp-image-38894 size-large\" src=\"https:\/\/mouldking.store\/wp-content\/uploads\/2022\/12\/Imperial-Combat-Assault-Tank-MOC-106566-1-1024x1024.jpg\" alt=\"MOC-106566 Imperial Combat Assault Tank With 310PCS\" width=\"1024\" height=\"1024\" title=\"-\" srcset=\"https:\/\/mouldking.store\/wp-content\/uploads\/2022\/12\/Imperial-Combat-Assault-Tank-MOC-106566-1-1024x1024.jpg 1024w, https:\/\/mouldking.store\/wp-content\/uploads\/2022\/12\/Imperial-Combat-Assault-Tank-MOC-106566-1-300x300.jpg 300w, https:\/\/mouldking.store\/wp-content\/uploads\/2022\/12\/Imperial-Combat-Assault-Tank-MOC-106566-1-768x768.jpg 768w, https:\/\/mouldking.store\/wp-content\/uploads\/2022\/12\/Imperial-Combat-Assault-Tank-MOC-106566-1-600x600.jpg 600w, https:\/\/mouldking.store\/wp-content\/uploads\/2022\/12\/Imperial-Combat-Assault-Tank-MOC-106566-1-150x150.jpg 150w, https:\/\/mouldking.store\/wp-content\/uploads\/2022\/12\/Imperial-Combat-Assault-Tank-MOC-106566-1-60x60.jpg 60w, https:\/\/mouldking.store\/wp-content\/uploads\/2022\/12\/Imperial-Combat-Assault-Tank-MOC-106566-1-90x90.jpg 90w, https:\/\/mouldking.store\/wp-content\/uploads\/2022\/12\/Imperial-Combat-Assault-Tank-MOC-106566-1.jpg 1100w\" sizes=\"(max-width: 1024px) 100vw, 1024px\" \/><figcaption id=\"caption-attachment-38894\" class=\"wp-caption-text\">MOC-106566 Imperial Combat Assault Tank med 310 STK<\/figcaption><\/figure>\n<figure id=\"attachment_38895\" aria-describedby=\"caption-attachment-38895\" style=\"width: 1024px\" class=\"wp-caption alignnone\"><img decoding=\"async\" class=\"wp-image-38895 size-large\" src=\"https:\/\/mouldking.store\/wp-content\/uploads\/2022\/12\/Imperial-Combat-Assault-Tank-MOC-106566-2-1024x1024.jpg\" alt=\"MOC-106566 Imperial Combat Assault Tank With 310PCS\" width=\"1024\" height=\"1024\" title=\"-\" srcset=\"https:\/\/mouldking.store\/wp-content\/uploads\/2022\/12\/Imperial-Combat-Assault-Tank-MOC-106566-2-1024x1024.jpg 1024w, https:\/\/mouldking.store\/wp-content\/uploads\/2022\/12\/Imperial-Combat-Assault-Tank-MOC-106566-2-300x300.jpg 300w, https:\/\/mouldking.store\/wp-content\/uploads\/2022\/12\/Imperial-Combat-Assault-Tank-MOC-106566-2-768x768.jpg 768w, https:\/\/mouldking.store\/wp-content\/uploads\/2022\/12\/Imperial-Combat-Assault-Tank-MOC-106566-2-600x600.jpg 600w, https:\/\/mouldking.store\/wp-content\/uploads\/2022\/12\/Imperial-Combat-Assault-Tank-MOC-106566-2-150x150.jpg 150w, https:\/\/mouldking.store\/wp-content\/uploads\/2022\/12\/Imperial-Combat-Assault-Tank-MOC-106566-2-60x60.jpg 60w, https:\/\/mouldking.store\/wp-content\/uploads\/2022\/12\/Imperial-Combat-Assault-Tank-MOC-106566-2-90x90.jpg 90w, https:\/\/mouldking.store\/wp-content\/uploads\/2022\/12\/Imperial-Combat-Assault-Tank-MOC-106566-2.jpg 1100w\" sizes=\"(max-width: 1024px) 100vw, 1024px\" \/><figcaption id=\"caption-attachment-38895\" class=\"wp-caption-text\">MOC-106566 Imperial Combat Assault Tank med 310 STK<\/figcaption><\/figure>\n<figure id=\"attachment_38896\" aria-describedby=\"caption-attachment-38896\" style=\"width: 1024px\" class=\"wp-caption aligncenter\"><img loading=\"lazy\" decoding=\"async\" class=\"wp-image-38896 size-large\" src=\"https:\/\/mouldking.store\/wp-content\/uploads\/2022\/12\/Imperial-Combat-Assault-Tank-MOC-106566-3-1024x1024.jpg\" alt=\"MOC-106566 Imperial Combat Assault Tank With 310PCS\" width=\"1024\" height=\"1024\" title=\"-\" srcset=\"https:\/\/mouldking.store\/wp-content\/uploads\/2022\/12\/Imperial-Combat-Assault-Tank-MOC-106566-3-1024x1024.jpg 1024w, https:\/\/mouldking.store\/wp-content\/uploads\/2022\/12\/Imperial-Combat-Assault-Tank-MOC-106566-3-300x300.jpg 300w, https:\/\/mouldking.store\/wp-content\/uploads\/2022\/12\/Imperial-Combat-Assault-Tank-MOC-106566-3-768x768.jpg 768w, https:\/\/mouldking.store\/wp-content\/uploads\/2022\/12\/Imperial-Combat-Assault-Tank-MOC-106566-3-600x600.jpg 600w, https:\/\/mouldking.store\/wp-content\/uploads\/2022\/12\/Imperial-Combat-Assault-Tank-MOC-106566-3-150x150.jpg 150w, https:\/\/mouldking.store\/wp-content\/uploads\/2022\/12\/Imperial-Combat-Assault-Tank-MOC-106566-3-60x60.jpg 60w, https:\/\/mouldking.store\/wp-content\/uploads\/2022\/12\/Imperial-Combat-Assault-Tank-MOC-106566-3-90x90.jpg 90w, https:\/\/mouldking.store\/wp-content\/uploads\/2022\/12\/Imperial-Combat-Assault-Tank-MOC-106566-3.jpg 1100w\" sizes=\"(max-width: 1024px) 100vw, 1024px\" \/><figcaption id=\"caption-attachment-38896\" class=\"wp-caption-text\">MOC-106566 Imperial Combat Assault Tank med 310 STK<\/figcaption><\/figure>\n<figure id=\"attachment_38897\" aria-describedby=\"caption-attachment-38897\" style=\"width: 1024px\" class=\"wp-caption aligncenter\"><img loading=\"lazy\" decoding=\"async\" class=\"wp-image-38897 size-large\" src=\"https:\/\/mouldking.store\/wp-content\/uploads\/2022\/12\/Imperial-Combat-Assault-Tank-MOC-106566-4-1024x1024.jpg\" alt=\"MOC-106566 Imperial Combat Assault Tank With 310PCS\" width=\"1024\" height=\"1024\" title=\"-\" srcset=\"https:\/\/mouldking.store\/wp-content\/uploads\/2022\/12\/Imperial-Combat-Assault-Tank-MOC-106566-4-1024x1024.jpg 1024w, https:\/\/mouldking.store\/wp-content\/uploads\/2022\/12\/Imperial-Combat-Assault-Tank-MOC-106566-4-300x300.jpg 300w, https:\/\/mouldking.store\/wp-content\/uploads\/2022\/12\/Imperial-Combat-Assault-Tank-MOC-106566-4-768x768.jpg 768w, https:\/\/mouldking.store\/wp-content\/uploads\/2022\/12\/Imperial-Combat-Assault-Tank-MOC-106566-4-600x600.jpg 600w, https:\/\/mouldking.store\/wp-content\/uploads\/2022\/12\/Imperial-Combat-Assault-Tank-MOC-106566-4-150x150.jpg 150w, https:\/\/mouldking.store\/wp-content\/uploads\/2022\/12\/Imperial-Combat-Assault-Tank-MOC-106566-4-60x60.jpg 60w, https:\/\/mouldking.store\/wp-content\/uploads\/2022\/12\/Imperial-Combat-Assault-Tank-MOC-106566-4-90x90.jpg 90w, https:\/\/mouldking.store\/wp-content\/uploads\/2022\/12\/Imperial-Combat-Assault-Tank-MOC-106566-4.jpg 1100w\" sizes=\"(max-width: 1024px) 100vw, 1024px\" \/><figcaption id=\"caption-attachment-38897\" class=\"wp-caption-text\">MOC-106566 Imperial Combat Assault Tank med 310 STK<\/figcaption><\/figure>\n<figure id=\"attachment_38898\" aria-describedby=\"caption-attachment-38898\" style=\"width: 1100px\" class=\"wp-caption aligncenter\"><img loading=\"lazy\" decoding=\"async\" class=\"wp-image-38898 size-full\" src=\"https:\/\/mouldking.store\/wp-content\/uploads\/2022\/12\/Imperial-Combat-Assault-Tank-MOC-106566-5.jpg\" alt=\"MOC-106566 Imperial Combat Assault Tank With 310PCS\" width=\"1100\" height=\"1100\" title=\"-\" srcset=\"https:\/\/mouldking.store\/wp-content\/uploads\/2022\/12\/Imperial-Combat-Assault-Tank-MOC-106566-5.jpg 1100w, https:\/\/mouldking.store\/wp-content\/uploads\/2022\/12\/Imperial-Combat-Assault-Tank-MOC-106566-5-300x300.jpg 300w, https:\/\/mouldking.store\/wp-content\/uploads\/2022\/12\/Imperial-Combat-Assault-Tank-MOC-106566-5-1024x1024.jpg 1024w, https:\/\/mouldking.store\/wp-content\/uploads\/2022\/12\/Imperial-Combat-Assault-Tank-MOC-106566-5-768x768.jpg 768w, https:\/\/mouldking.store\/wp-content\/uploads\/2022\/12\/Imperial-Combat-Assault-Tank-MOC-106566-5-600x600.jpg 600w, https:\/\/mouldking.store\/wp-content\/uploads\/2022\/12\/Imperial-Combat-Assault-Tank-MOC-106566-5-150x150.jpg 150w, https:\/\/mouldking.store\/wp-content\/uploads\/2022\/12\/Imperial-Combat-Assault-Tank-MOC-106566-5-60x60.jpg 60w, https:\/\/mouldking.store\/wp-content\/uploads\/2022\/12\/Imperial-Combat-Assault-Tank-MOC-106566-5-90x90.jpg 90w\" sizes=\"(max-width: 1100px) 100vw, 1100px\" \/><figcaption id=\"caption-attachment-38898\" class=\"wp-caption-text\">MOC-106566 Imperial Combat Assault Tank med 310 STK<\/figcaption><\/figure>\n<figure id=\"attachment_38899\" aria-describedby=\"caption-attachment-38899\" style=\"width: 1100px\" class=\"wp-caption aligncenter\"><img loading=\"lazy\" decoding=\"async\" class=\"wp-image-38899 size-full\" src=\"https:\/\/mouldking.store\/wp-content\/uploads\/2022\/12\/Imperial-Combat-Assault-Tank-MOC-106566-6.jpg\" alt=\"MOC-106566 Imperial Combat Assault Tank With 310PCS\" width=\"1100\" height=\"1100\" title=\"-\" srcset=\"https:\/\/mouldking.store\/wp-content\/uploads\/2022\/12\/Imperial-Combat-Assault-Tank-MOC-106566-6.jpg 1100w, https:\/\/mouldking.store\/wp-content\/uploads\/2022\/12\/Imperial-Combat-Assault-Tank-MOC-106566-6-300x300.jpg 300w, https:\/\/mouldking.store\/wp-content\/uploads\/2022\/12\/Imperial-Combat-Assault-Tank-MOC-106566-6-1024x1024.jpg 1024w, https:\/\/mouldking.store\/wp-content\/uploads\/2022\/12\/Imperial-Combat-Assault-Tank-MOC-106566-6-768x768.jpg 768w, https:\/\/mouldking.store\/wp-content\/uploads\/2022\/12\/Imperial-Combat-Assault-Tank-MOC-106566-6-600x600.jpg 600w, https:\/\/mouldking.store\/wp-content\/uploads\/2022\/12\/Imperial-Combat-Assault-Tank-MOC-106566-6-150x150.jpg 150w, https:\/\/mouldking.store\/wp-content\/uploads\/2022\/12\/Imperial-Combat-Assault-Tank-MOC-106566-6-60x60.jpg 60w, https:\/\/mouldking.store\/wp-content\/uploads\/2022\/12\/Imperial-Combat-Assault-Tank-MOC-106566-6-90x90.jpg 90w\" sizes=\"(max-width: 1100px) 100vw, 1100px\" \/><figcaption id=\"caption-attachment-38899\" class=\"wp-caption-text\">MOC-106566 Imperial Combat Assault Tank med 310 STK<\/figcaption><\/figure>","protected":false},"excerpt":{"rendered":"<p>Byggeveiledning i pdf<\/p>\n<p>Uten originaleske<\/p>\n<p>Tidsbestemt: 4-8 uker<\/p>","protected":false},"featured_media":38893,"comment_status":"closed","ping_status":"closed","template":"","meta":{"_acf_changed":false},"product_cat":[1406,415],"product_tag":[7147,10283,8443,10284,430,10282,10285,10281,485],"class_list":["product","first","instock","shipping-taxable","purchasable","product-type-simple"],"acf":[],"_links":{"self":[{"href":"https:\/\/mouldking.store\/nb\/wp-json\/wp\/v2\/product\/38892","targetHints":{"allow":["GET"]}}],"collection":[{"href":"https:\/\/mouldking.store\/nb\/wp-json\/wp\/v2\/product"}],"about":[{"href":"https:\/\/mouldking.store\/nb\/wp-json\/wp\/v2\/types\/product"}],"replies":[{"embeddable":true,"href":"https:\/\/mouldking.store\/nb\/wp-json\/wp\/v2\/comments?post=38892"}],"wp:featuredmedia":[{"embeddable":true,"href":"https:\/\/mouldking.store\/nb\/wp-json\/wp\/v2\/media\/38893"}],"wp:attachment":[{"href":"https:\/\/mouldking.store\/nb\/wp-json\/wp\/v2\/media?parent=38892"}],"wp:term":[{"taxonomy":"product_cat","embeddable":true,"href":"https:\/\/mouldking.store\/nb\/wp-json\/wp\/v2\/product_cat?post=38892"},{"taxonomy":"product_tag","embeddable":true,"href":"https:\/\/mouldking.store\/nb\/wp-json\/wp\/v2\/product_tag?post=38892"}],"curies":[{"name":"wp","href":"https:\/\/api.w.org\/{rel}","templated":true}]}}