{"id":38923,"date":"2022-12-23T14:54:30","date_gmt":"2022-12-23T07:54:30","guid":{"rendered":"https:\/\/mouldking.store\/?post_type=product&#038;p=38923"},"modified":"2025-12-25T09:11:56","modified_gmt":"2025-12-25T02:11:56","slug":"moc-76974-21-ton-hopper-car-with-561pcs","status":"publish","type":"product","link":"https:\/\/mouldking.store\/nb\/shop\/moc-76974-21-ton-hopper-car-with-561pcs\/","title":{"rendered":"MOC-76974 21 Tons Hopper Car With 561PCS"},"content":{"rendered":"<ol>\n<li>Merke: MOC<\/li>\n<li>Kj\u00f8nn: Unisex<\/li>\n<li>Name: 21 Ton Hopper Car<\/li>\n<li>Aldersgruppe: &gt; 6 \u00e5r gammel<\/li>\n<li>Model Number: 76974<\/li>\n<li>Klassifisering: Montering<\/li>\n<li>Plastblokkform: Selvl\u00e5sende murstein<\/li>\n<li>Materiale: Plast<\/li>\n<li>Plasttype: ABS<\/li>\n<li>Bricks Blocks:561PCS<\/li>\n<li>Vekt: 400g<\/li>\n<li>Inneholder detaljerte monteringsanvisninger.<\/li>\n<\/ol>\n<p>Legge merke til:<br \/>\n1. Uten original eske, men vi garanterer at v\u00e5re produkter har kvalitetssikring og pen emballasje.<br \/>\n2. Som alle delene vi har sjekket f\u00f8r frakt, s\u00e5 hvis du finner noen deler savnet eller skadet, ikke bekymre deg og bare kontakt oss, s\u00e5 kan vi sende dem til deg p\u00e5 nytt umiddelbart gratis.<\/p>\n<figure id=\"attachment_38930\" aria-describedby=\"caption-attachment-38930\" style=\"width: 1004px\" class=\"wp-caption aligncenter\"><img fetchpriority=\"high\" decoding=\"async\" class=\"wp-image-38930 size-full\" src=\"https:\/\/mouldking.store\/wp-content\/uploads\/2022\/12\/MOC-76974-21-Ton-Hopper-Car.png\" alt=\"MOC-76974 21 Ton Hopper Car With 561PCS\" width=\"1004\" height=\"1004\" title=\"-\" srcset=\"https:\/\/mouldking.store\/wp-content\/uploads\/2022\/12\/MOC-76974-21-Ton-Hopper-Car.png 1004w, https:\/\/mouldking.store\/wp-content\/uploads\/2022\/12\/MOC-76974-21-Ton-Hopper-Car-300x300.png 300w, https:\/\/mouldking.store\/wp-content\/uploads\/2022\/12\/MOC-76974-21-Ton-Hopper-Car-768x768.png 768w, https:\/\/mouldking.store\/wp-content\/uploads\/2022\/12\/MOC-76974-21-Ton-Hopper-Car-600x600.png 600w, https:\/\/mouldking.store\/wp-content\/uploads\/2022\/12\/MOC-76974-21-Ton-Hopper-Car-150x150.png 150w, https:\/\/mouldking.store\/wp-content\/uploads\/2022\/12\/MOC-76974-21-Ton-Hopper-Car-60x60.png 60w, https:\/\/mouldking.store\/wp-content\/uploads\/2022\/12\/MOC-76974-21-Ton-Hopper-Car-90x90.png 90w\" sizes=\"(max-width: 1004px) 100vw, 1004px\" \/><figcaption id=\"caption-attachment-38930\" class=\"wp-caption-text\">MOC-76974 21 Tons Hopper Car With 561PCS<\/figcaption><\/figure>\n<figure id=\"attachment_38931\" aria-describedby=\"caption-attachment-38931\" style=\"width: 1024px\" class=\"wp-caption aligncenter\"><img decoding=\"async\" class=\"wp-image-38931 size-large\" src=\"https:\/\/mouldking.store\/wp-content\/uploads\/2022\/12\/21-Ton-Hopper-Car-MOC-76974-1-1024x1024.jpg\" alt=\"MOC-76974 21 Ton Hopper Car With 561PCS\" width=\"1024\" height=\"1024\" title=\"-\" srcset=\"https:\/\/mouldking.store\/wp-content\/uploads\/2022\/12\/21-Ton-Hopper-Car-MOC-76974-1-1024x1024.jpg 1024w, https:\/\/mouldking.store\/wp-content\/uploads\/2022\/12\/21-Ton-Hopper-Car-MOC-76974-1-300x300.jpg 300w, https:\/\/mouldking.store\/wp-content\/uploads\/2022\/12\/21-Ton-Hopper-Car-MOC-76974-1-768x768.jpg 768w, https:\/\/mouldking.store\/wp-content\/uploads\/2022\/12\/21-Ton-Hopper-Car-MOC-76974-1-600x600.jpg 600w, https:\/\/mouldking.store\/wp-content\/uploads\/2022\/12\/21-Ton-Hopper-Car-MOC-76974-1-150x150.jpg 150w, https:\/\/mouldking.store\/wp-content\/uploads\/2022\/12\/21-Ton-Hopper-Car-MOC-76974-1-60x60.jpg 60w, https:\/\/mouldking.store\/wp-content\/uploads\/2022\/12\/21-Ton-Hopper-Car-MOC-76974-1-90x90.jpg 90w, https:\/\/mouldking.store\/wp-content\/uploads\/2022\/12\/21-Ton-Hopper-Car-MOC-76974-1.jpg 1100w\" sizes=\"(max-width: 1024px) 100vw, 1024px\" \/><figcaption id=\"caption-attachment-38931\" class=\"wp-caption-text\">MOC-76974 21 Tons Hopper Car With 561PCS<\/figcaption><\/figure>\n<figure id=\"attachment_38932\" aria-describedby=\"caption-attachment-38932\" style=\"width: 1024px\" class=\"wp-caption aligncenter\"><img decoding=\"async\" class=\"wp-image-38932 size-large\" src=\"https:\/\/mouldking.store\/wp-content\/uploads\/2022\/12\/21-Ton-Hopper-Car-MOC-76974-2-1024x1024.jpg\" alt=\"MOC-76974 21 Ton Hopper Car With 561PCS\" width=\"1024\" height=\"1024\" title=\"-\" srcset=\"https:\/\/mouldking.store\/wp-content\/uploads\/2022\/12\/21-Ton-Hopper-Car-MOC-76974-2-1024x1024.jpg 1024w, https:\/\/mouldking.store\/wp-content\/uploads\/2022\/12\/21-Ton-Hopper-Car-MOC-76974-2-300x300.jpg 300w, https:\/\/mouldking.store\/wp-content\/uploads\/2022\/12\/21-Ton-Hopper-Car-MOC-76974-2-768x768.jpg 768w, https:\/\/mouldking.store\/wp-content\/uploads\/2022\/12\/21-Ton-Hopper-Car-MOC-76974-2-600x600.jpg 600w, https:\/\/mouldking.store\/wp-content\/uploads\/2022\/12\/21-Ton-Hopper-Car-MOC-76974-2-150x150.jpg 150w, https:\/\/mouldking.store\/wp-content\/uploads\/2022\/12\/21-Ton-Hopper-Car-MOC-76974-2-60x60.jpg 60w, https:\/\/mouldking.store\/wp-content\/uploads\/2022\/12\/21-Ton-Hopper-Car-MOC-76974-2-90x90.jpg 90w, https:\/\/mouldking.store\/wp-content\/uploads\/2022\/12\/21-Ton-Hopper-Car-MOC-76974-2.jpg 1100w\" sizes=\"(max-width: 1024px) 100vw, 1024px\" \/><figcaption id=\"caption-attachment-38932\" class=\"wp-caption-text\">MOC-76974 21 Tons Hopper Car With 561PCS<\/figcaption><\/figure>\n<figure id=\"attachment_38933\" aria-describedby=\"caption-attachment-38933\" style=\"width: 1024px\" class=\"wp-caption aligncenter\"><img loading=\"lazy\" decoding=\"async\" class=\"wp-image-38933 size-large\" src=\"https:\/\/mouldking.store\/wp-content\/uploads\/2022\/12\/21-Ton-Hopper-Car-MOC-76974-3-1024x1024.jpg\" alt=\"MOC-76974 21 Ton Hopper Car With 561PCS\" width=\"1024\" height=\"1024\" title=\"-\" srcset=\"https:\/\/mouldking.store\/wp-content\/uploads\/2022\/12\/21-Ton-Hopper-Car-MOC-76974-3-1024x1024.jpg 1024w, https:\/\/mouldking.store\/wp-content\/uploads\/2022\/12\/21-Ton-Hopper-Car-MOC-76974-3-300x300.jpg 300w, https:\/\/mouldking.store\/wp-content\/uploads\/2022\/12\/21-Ton-Hopper-Car-MOC-76974-3-768x768.jpg 768w, https:\/\/mouldking.store\/wp-content\/uploads\/2022\/12\/21-Ton-Hopper-Car-MOC-76974-3-600x600.jpg 600w, https:\/\/mouldking.store\/wp-content\/uploads\/2022\/12\/21-Ton-Hopper-Car-MOC-76974-3-150x150.jpg 150w, https:\/\/mouldking.store\/wp-content\/uploads\/2022\/12\/21-Ton-Hopper-Car-MOC-76974-3-60x60.jpg 60w, https:\/\/mouldking.store\/wp-content\/uploads\/2022\/12\/21-Ton-Hopper-Car-MOC-76974-3-90x90.jpg 90w, https:\/\/mouldking.store\/wp-content\/uploads\/2022\/12\/21-Ton-Hopper-Car-MOC-76974-3.jpg 1100w\" sizes=\"(max-width: 1024px) 100vw, 1024px\" \/><figcaption id=\"caption-attachment-38933\" class=\"wp-caption-text\">MOC-76974 21 Tons Hopper Car With 561PCS<\/figcaption><\/figure>\n<figure id=\"attachment_38934\" aria-describedby=\"caption-attachment-38934\" style=\"width: 1024px\" class=\"wp-caption aligncenter\"><img loading=\"lazy\" decoding=\"async\" class=\"wp-image-38934 size-large\" src=\"https:\/\/mouldking.store\/wp-content\/uploads\/2022\/12\/21-Ton-Hopper-Car-MOC-76974-4-1024x1024.jpg\" alt=\"MOC-76974 21 Ton Hopper Car With 561PCS\" width=\"1024\" height=\"1024\" title=\"-\" srcset=\"https:\/\/mouldking.store\/wp-content\/uploads\/2022\/12\/21-Ton-Hopper-Car-MOC-76974-4-1024x1024.jpg 1024w, https:\/\/mouldking.store\/wp-content\/uploads\/2022\/12\/21-Ton-Hopper-Car-MOC-76974-4-300x300.jpg 300w, https:\/\/mouldking.store\/wp-content\/uploads\/2022\/12\/21-Ton-Hopper-Car-MOC-76974-4-768x768.jpg 768w, https:\/\/mouldking.store\/wp-content\/uploads\/2022\/12\/21-Ton-Hopper-Car-MOC-76974-4-600x600.jpg 600w, https:\/\/mouldking.store\/wp-content\/uploads\/2022\/12\/21-Ton-Hopper-Car-MOC-76974-4-150x150.jpg 150w, https:\/\/mouldking.store\/wp-content\/uploads\/2022\/12\/21-Ton-Hopper-Car-MOC-76974-4-60x60.jpg 60w, https:\/\/mouldking.store\/wp-content\/uploads\/2022\/12\/21-Ton-Hopper-Car-MOC-76974-4-90x90.jpg 90w, https:\/\/mouldking.store\/wp-content\/uploads\/2022\/12\/21-Ton-Hopper-Car-MOC-76974-4.jpg 1100w\" sizes=\"(max-width: 1024px) 100vw, 1024px\" \/><figcaption id=\"caption-attachment-38934\" class=\"wp-caption-text\">MOC-76974 21 Tons Hopper Car With 561PCS<\/figcaption><\/figure>\n<figure id=\"attachment_38935\" aria-describedby=\"caption-attachment-38935\" style=\"width: 1024px\" class=\"wp-caption aligncenter\"><img loading=\"lazy\" decoding=\"async\" class=\"wp-image-38935 size-large\" src=\"https:\/\/mouldking.store\/wp-content\/uploads\/2022\/12\/21-Ton-Hopper-Car-MOC-76974-5-1024x1024.jpg\" alt=\"MOC-76974 21 Ton Hopper Car With 561PCS\" width=\"1024\" height=\"1024\" title=\"-\" srcset=\"https:\/\/mouldking.store\/wp-content\/uploads\/2022\/12\/21-Ton-Hopper-Car-MOC-76974-5-1024x1024.jpg 1024w, https:\/\/mouldking.store\/wp-content\/uploads\/2022\/12\/21-Ton-Hopper-Car-MOC-76974-5-300x300.jpg 300w, https:\/\/mouldking.store\/wp-content\/uploads\/2022\/12\/21-Ton-Hopper-Car-MOC-76974-5-768x768.jpg 768w, https:\/\/mouldking.store\/wp-content\/uploads\/2022\/12\/21-Ton-Hopper-Car-MOC-76974-5-600x600.jpg 600w, https:\/\/mouldking.store\/wp-content\/uploads\/2022\/12\/21-Ton-Hopper-Car-MOC-76974-5-150x150.jpg 150w, https:\/\/mouldking.store\/wp-content\/uploads\/2022\/12\/21-Ton-Hopper-Car-MOC-76974-5-60x60.jpg 60w, https:\/\/mouldking.store\/wp-content\/uploads\/2022\/12\/21-Ton-Hopper-Car-MOC-76974-5-90x90.jpg 90w, https:\/\/mouldking.store\/wp-content\/uploads\/2022\/12\/21-Ton-Hopper-Car-MOC-76974-5.jpg 1100w\" sizes=\"(max-width: 1024px) 100vw, 1024px\" \/><figcaption id=\"caption-attachment-38935\" class=\"wp-caption-text\">MOC-76974 21 Tons Hopper Car With 561PCS<\/figcaption><\/figure>","protected":false},"excerpt":{"rendered":"<p>Byggeveiledning i pdf<\/p>\n<p>Uten originaleske<\/p>\n<p>Tidsbestemt: 4-8 uker<\/p>","protected":false},"featured_media":38930,"comment_status":"closed","ping_status":"closed","template":"","meta":{"_acf_changed":false},"product_cat":[1357,1406,364],"product_tag":[10312,10314,457,8054,10313,430,10311,10315,10310],"class_list":["product","first","instock","shipping-taxable","purchasable","product-type-simple"],"acf":[],"_links":{"self":[{"href":"https:\/\/mouldking.store\/nb\/wp-json\/wp\/v2\/product\/38923","targetHints":{"allow":["GET"]}}],"collection":[{"href":"https:\/\/mouldking.store\/nb\/wp-json\/wp\/v2\/product"}],"about":[{"href":"https:\/\/mouldking.store\/nb\/wp-json\/wp\/v2\/types\/product"}],"replies":[{"embeddable":true,"href":"https:\/\/mouldking.store\/nb\/wp-json\/wp\/v2\/comments?post=38923"}],"wp:featuredmedia":[{"embeddable":true,"href":"https:\/\/mouldking.store\/nb\/wp-json\/wp\/v2\/media\/38930"}],"wp:attachment":[{"href":"https:\/\/mouldking.store\/nb\/wp-json\/wp\/v2\/media?parent=38923"}],"wp:term":[{"taxonomy":"product_cat","embeddable":true,"href":"https:\/\/mouldking.store\/nb\/wp-json\/wp\/v2\/product_cat?post=38923"},{"taxonomy":"product_tag","embeddable":true,"href":"https:\/\/mouldking.store\/nb\/wp-json\/wp\/v2\/product_tag?post=38923"}],"curies":[{"name":"wp","href":"https:\/\/api.w.org\/{rel}","templated":true}]}}