{"id":38936,"date":"2022-12-23T15:02:54","date_gmt":"2022-12-23T08:02:54","guid":{"rendered":"https:\/\/mouldking.store\/?post_type=product&#038;p=38936"},"modified":"2025-12-25T09:11:55","modified_gmt":"2025-12-25T02:11:55","slug":"moc-124106-museum-of-exploration-and-adventure-with-2701-pieces","status":"publish","type":"product","link":"https:\/\/mouldking.store\/nb\/shop\/moc-124106-museum-of-exploration-and-adventure-with-2701-pieces\/","title":{"rendered":"MOC-124106 Museum of Exploration and Adventure med 2701 stykker"},"content":{"rendered":"<ol>\n<li>Merke: MOC<\/li>\n<li>Kj\u00f8nn: Unisex<\/li>\n<li>Name: Museum of Exploration and Adventure<\/li>\n<li>Aldersgruppe: &gt; 6 \u00e5r gammel<\/li>\n<li>Model Number: 124106<\/li>\n<li>Klassifisering: Montering<\/li>\n<li>Plastblokkform: Selvl\u00e5sende murstein<\/li>\n<li>Materiale: Plast<\/li>\n<li>Plasttype: ABS<\/li>\n<li>Bricks Blocks:2701 PCS<\/li>\n<li>Weight:2600g<\/li>\n<li>Inneholder detaljerte monteringsanvisninger.<\/li>\n<\/ol>\n<p>Legge merke til:<br \/>\n1. Uten original eske, men vi garanterer at v\u00e5re produkter har kvalitetssikring og pen emballasje.<br \/>\n2. Som alle delene vi har sjekket f\u00f8r frakt, s\u00e5 hvis du finner noen deler savnet eller skadet, ikke bekymre deg og bare kontakt oss, s\u00e5 kan vi sende dem til deg p\u00e5 nytt umiddelbart gratis.<\/p>\n<figure id=\"attachment_38938\" aria-describedby=\"caption-attachment-38938\" style=\"width: 1004px\" class=\"wp-caption aligncenter\"><img fetchpriority=\"high\" decoding=\"async\" class=\"wp-image-38938 size-full\" src=\"https:\/\/mouldking.store\/wp-content\/uploads\/2022\/12\/MOC-124106-Museum-of-Exploration-and-Adventure.png\" alt=\"MOC-124106 Museum of Exploration and Adventure With 2701 Pieces\" width=\"1004\" height=\"1004\" title=\"-\" srcset=\"https:\/\/mouldking.store\/wp-content\/uploads\/2022\/12\/MOC-124106-Museum-of-Exploration-and-Adventure.png 1004w, https:\/\/mouldking.store\/wp-content\/uploads\/2022\/12\/MOC-124106-Museum-of-Exploration-and-Adventure-300x300.png 300w, https:\/\/mouldking.store\/wp-content\/uploads\/2022\/12\/MOC-124106-Museum-of-Exploration-and-Adventure-768x768.png 768w, https:\/\/mouldking.store\/wp-content\/uploads\/2022\/12\/MOC-124106-Museum-of-Exploration-and-Adventure-600x600.png 600w, https:\/\/mouldking.store\/wp-content\/uploads\/2022\/12\/MOC-124106-Museum-of-Exploration-and-Adventure-150x150.png 150w, https:\/\/mouldking.store\/wp-content\/uploads\/2022\/12\/MOC-124106-Museum-of-Exploration-and-Adventure-60x60.png 60w, https:\/\/mouldking.store\/wp-content\/uploads\/2022\/12\/MOC-124106-Museum-of-Exploration-and-Adventure-90x90.png 90w\" sizes=\"(max-width: 1004px) 100vw, 1004px\" \/><figcaption id=\"caption-attachment-38938\" class=\"wp-caption-text\">MOC-124106 Museum of Exploration and Adventure med 2701 stykker<\/figcaption><\/figure>\n<figure id=\"attachment_38939\" aria-describedby=\"caption-attachment-38939\" style=\"width: 1024px\" class=\"wp-caption aligncenter\"><img decoding=\"async\" class=\"wp-image-38939 size-large\" src=\"https:\/\/mouldking.store\/wp-content\/uploads\/2022\/12\/Museum-of-Exploration-and-Adventure-MOC-124106-1-1024x1024.jpg\" alt=\"MOC-124106 Museum of Exploration and Adventure With 2701 Pieces\" width=\"1024\" height=\"1024\" title=\"-\" srcset=\"https:\/\/mouldking.store\/wp-content\/uploads\/2022\/12\/Museum-of-Exploration-and-Adventure-MOC-124106-1-1024x1024.jpg 1024w, https:\/\/mouldking.store\/wp-content\/uploads\/2022\/12\/Museum-of-Exploration-and-Adventure-MOC-124106-1-300x300.jpg 300w, https:\/\/mouldking.store\/wp-content\/uploads\/2022\/12\/Museum-of-Exploration-and-Adventure-MOC-124106-1-768x768.jpg 768w, https:\/\/mouldking.store\/wp-content\/uploads\/2022\/12\/Museum-of-Exploration-and-Adventure-MOC-124106-1-600x600.jpg 600w, https:\/\/mouldking.store\/wp-content\/uploads\/2022\/12\/Museum-of-Exploration-and-Adventure-MOC-124106-1-150x150.jpg 150w, https:\/\/mouldking.store\/wp-content\/uploads\/2022\/12\/Museum-of-Exploration-and-Adventure-MOC-124106-1-60x60.jpg 60w, https:\/\/mouldking.store\/wp-content\/uploads\/2022\/12\/Museum-of-Exploration-and-Adventure-MOC-124106-1-90x90.jpg 90w, https:\/\/mouldking.store\/wp-content\/uploads\/2022\/12\/Museum-of-Exploration-and-Adventure-MOC-124106-1.jpg 1100w\" sizes=\"(max-width: 1024px) 100vw, 1024px\" \/><figcaption id=\"caption-attachment-38939\" class=\"wp-caption-text\">MOC-124106 Museum of Exploration and Adventure med 2701 stykker<\/figcaption><\/figure>\n<figure id=\"attachment_38940\" aria-describedby=\"caption-attachment-38940\" style=\"width: 1024px\" class=\"wp-caption aligncenter\"><img decoding=\"async\" class=\"wp-image-38940 size-large\" src=\"https:\/\/mouldking.store\/wp-content\/uploads\/2022\/12\/Museum-of-Exploration-and-Adventure-MOC-124106-2-1024x1024.jpg\" alt=\"MOC-124106 Museum of Exploration and Adventure With 2701 Pieces\" width=\"1024\" height=\"1024\" title=\"-\" srcset=\"https:\/\/mouldking.store\/wp-content\/uploads\/2022\/12\/Museum-of-Exploration-and-Adventure-MOC-124106-2-1024x1024.jpg 1024w, https:\/\/mouldking.store\/wp-content\/uploads\/2022\/12\/Museum-of-Exploration-and-Adventure-MOC-124106-2-300x300.jpg 300w, https:\/\/mouldking.store\/wp-content\/uploads\/2022\/12\/Museum-of-Exploration-and-Adventure-MOC-124106-2-768x768.jpg 768w, https:\/\/mouldking.store\/wp-content\/uploads\/2022\/12\/Museum-of-Exploration-and-Adventure-MOC-124106-2-600x600.jpg 600w, https:\/\/mouldking.store\/wp-content\/uploads\/2022\/12\/Museum-of-Exploration-and-Adventure-MOC-124106-2-150x150.jpg 150w, https:\/\/mouldking.store\/wp-content\/uploads\/2022\/12\/Museum-of-Exploration-and-Adventure-MOC-124106-2-60x60.jpg 60w, https:\/\/mouldking.store\/wp-content\/uploads\/2022\/12\/Museum-of-Exploration-and-Adventure-MOC-124106-2-90x90.jpg 90w, https:\/\/mouldking.store\/wp-content\/uploads\/2022\/12\/Museum-of-Exploration-and-Adventure-MOC-124106-2.jpg 1100w\" sizes=\"(max-width: 1024px) 100vw, 1024px\" \/><figcaption id=\"caption-attachment-38940\" class=\"wp-caption-text\">MOC-124106 Museum of Exploration and Adventure med 2701 stykker<\/figcaption><\/figure>\n<figure id=\"attachment_38941\" aria-describedby=\"caption-attachment-38941\" style=\"width: 1100px\" class=\"wp-caption aligncenter\"><img loading=\"lazy\" decoding=\"async\" class=\"wp-image-38941 size-full\" src=\"https:\/\/mouldking.store\/wp-content\/uploads\/2022\/12\/Museum-of-Exploration-and-Adventure-MOC-124106-3.jpg\" alt=\"MOC-124106 Museum of Exploration and Adventure With 2701 Pieces\" width=\"1100\" height=\"1100\" title=\"-\" srcset=\"https:\/\/mouldking.store\/wp-content\/uploads\/2022\/12\/Museum-of-Exploration-and-Adventure-MOC-124106-3.jpg 1100w, https:\/\/mouldking.store\/wp-content\/uploads\/2022\/12\/Museum-of-Exploration-and-Adventure-MOC-124106-3-300x300.jpg 300w, https:\/\/mouldking.store\/wp-content\/uploads\/2022\/12\/Museum-of-Exploration-and-Adventure-MOC-124106-3-1024x1024.jpg 1024w, https:\/\/mouldking.store\/wp-content\/uploads\/2022\/12\/Museum-of-Exploration-and-Adventure-MOC-124106-3-768x768.jpg 768w, https:\/\/mouldking.store\/wp-content\/uploads\/2022\/12\/Museum-of-Exploration-and-Adventure-MOC-124106-3-600x600.jpg 600w, https:\/\/mouldking.store\/wp-content\/uploads\/2022\/12\/Museum-of-Exploration-and-Adventure-MOC-124106-3-150x150.jpg 150w, https:\/\/mouldking.store\/wp-content\/uploads\/2022\/12\/Museum-of-Exploration-and-Adventure-MOC-124106-3-60x60.jpg 60w, https:\/\/mouldking.store\/wp-content\/uploads\/2022\/12\/Museum-of-Exploration-and-Adventure-MOC-124106-3-90x90.jpg 90w\" sizes=\"(max-width: 1100px) 100vw, 1100px\" \/><figcaption id=\"caption-attachment-38941\" class=\"wp-caption-text\">MOC-124106 Museum of Exploration and Adventure med 2701 stykker<\/figcaption><\/figure>\n<figure id=\"attachment_38942\" aria-describedby=\"caption-attachment-38942\" style=\"width: 1100px\" class=\"wp-caption aligncenter\"><img loading=\"lazy\" decoding=\"async\" class=\"wp-image-38942 size-full\" src=\"https:\/\/mouldking.store\/wp-content\/uploads\/2022\/12\/Museum-of-Exploration-and-Adventure-MOC-124106-4.jpg\" alt=\"MOC-124106 Museum of Exploration and Adventure With 2701 Pieces\" width=\"1100\" height=\"1100\" title=\"-\" srcset=\"https:\/\/mouldking.store\/wp-content\/uploads\/2022\/12\/Museum-of-Exploration-and-Adventure-MOC-124106-4.jpg 1100w, https:\/\/mouldking.store\/wp-content\/uploads\/2022\/12\/Museum-of-Exploration-and-Adventure-MOC-124106-4-300x300.jpg 300w, https:\/\/mouldking.store\/wp-content\/uploads\/2022\/12\/Museum-of-Exploration-and-Adventure-MOC-124106-4-1024x1024.jpg 1024w, https:\/\/mouldking.store\/wp-content\/uploads\/2022\/12\/Museum-of-Exploration-and-Adventure-MOC-124106-4-768x768.jpg 768w, https:\/\/mouldking.store\/wp-content\/uploads\/2022\/12\/Museum-of-Exploration-and-Adventure-MOC-124106-4-600x600.jpg 600w, https:\/\/mouldking.store\/wp-content\/uploads\/2022\/12\/Museum-of-Exploration-and-Adventure-MOC-124106-4-150x150.jpg 150w, https:\/\/mouldking.store\/wp-content\/uploads\/2022\/12\/Museum-of-Exploration-and-Adventure-MOC-124106-4-60x60.jpg 60w, https:\/\/mouldking.store\/wp-content\/uploads\/2022\/12\/Museum-of-Exploration-and-Adventure-MOC-124106-4-90x90.jpg 90w\" sizes=\"(max-width: 1100px) 100vw, 1100px\" \/><figcaption id=\"caption-attachment-38942\" class=\"wp-caption-text\">MOC-124106 Museum of Exploration and Adventure med 2701 stykker<\/figcaption><\/figure>\n<figure id=\"attachment_38943\" aria-describedby=\"caption-attachment-38943\" style=\"width: 1024px\" class=\"wp-caption aligncenter\"><img loading=\"lazy\" decoding=\"async\" class=\"wp-image-38943 size-large\" src=\"https:\/\/mouldking.store\/wp-content\/uploads\/2022\/12\/Museum-of-Exploration-and-Adventure-MOC-124106-5-1024x1024.jpg\" alt=\"MOC-124106 Museum of Exploration and Adventure With 2701 Pieces\" width=\"1024\" height=\"1024\" title=\"-\" srcset=\"https:\/\/mouldking.store\/wp-content\/uploads\/2022\/12\/Museum-of-Exploration-and-Adventure-MOC-124106-5-1024x1024.jpg 1024w, https:\/\/mouldking.store\/wp-content\/uploads\/2022\/12\/Museum-of-Exploration-and-Adventure-MOC-124106-5-300x300.jpg 300w, https:\/\/mouldking.store\/wp-content\/uploads\/2022\/12\/Museum-of-Exploration-and-Adventure-MOC-124106-5-768x768.jpg 768w, https:\/\/mouldking.store\/wp-content\/uploads\/2022\/12\/Museum-of-Exploration-and-Adventure-MOC-124106-5-600x600.jpg 600w, https:\/\/mouldking.store\/wp-content\/uploads\/2022\/12\/Museum-of-Exploration-and-Adventure-MOC-124106-5-150x150.jpg 150w, https:\/\/mouldking.store\/wp-content\/uploads\/2022\/12\/Museum-of-Exploration-and-Adventure-MOC-124106-5-60x60.jpg 60w, https:\/\/mouldking.store\/wp-content\/uploads\/2022\/12\/Museum-of-Exploration-and-Adventure-MOC-124106-5-90x90.jpg 90w, https:\/\/mouldking.store\/wp-content\/uploads\/2022\/12\/Museum-of-Exploration-and-Adventure-MOC-124106-5.jpg 1100w\" sizes=\"(max-width: 1024px) 100vw, 1024px\" \/><figcaption id=\"caption-attachment-38943\" class=\"wp-caption-text\">MOC-124106 Museum of Exploration and Adventure med 2701 stykker<\/figcaption><\/figure>","protected":false},"excerpt":{"rendered":"<p>Byggeveiledning i pdf<\/p>\n<p>Uten originaleske<\/p>\n<p>Tidsbestemt: 4-8 uker<\/p>","protected":false},"author":1145,"featured_media":38938,"comment_status":"closed","ping_status":"closed","template":"","meta":{"_acf_changed":false},"product_cat":[1395,1406,390],"product_tag":[6470,7210,430,10317,10319,10316,3244,10318],"class_list":["product","first","instock","shipping-taxable","purchasable","product-type-simple"],"acf":[],"_links":{"self":[{"href":"https:\/\/mouldking.store\/nb\/wp-json\/wp\/v2\/product\/38936","targetHints":{"allow":["GET"]}}],"collection":[{"href":"https:\/\/mouldking.store\/nb\/wp-json\/wp\/v2\/product"}],"about":[{"href":"https:\/\/mouldking.store\/nb\/wp-json\/wp\/v2\/types\/product"}],"author":[{"embeddable":true,"href":"https:\/\/mouldking.store\/nb\/wp-json\/wp\/v2\/users\/1145"}],"replies":[{"embeddable":true,"href":"https:\/\/mouldking.store\/nb\/wp-json\/wp\/v2\/comments?post=38936"}],"wp:featuredmedia":[{"embeddable":true,"href":"https:\/\/mouldking.store\/nb\/wp-json\/wp\/v2\/media\/38938"}],"wp:attachment":[{"href":"https:\/\/mouldking.store\/nb\/wp-json\/wp\/v2\/media?parent=38936"}],"wp:term":[{"taxonomy":"product_cat","embeddable":true,"href":"https:\/\/mouldking.store\/nb\/wp-json\/wp\/v2\/product_cat?post=38936"},{"taxonomy":"product_tag","embeddable":true,"href":"https:\/\/mouldking.store\/nb\/wp-json\/wp\/v2\/product_tag?post=38936"}],"curies":[{"name":"wp","href":"https:\/\/api.w.org\/{rel}","templated":true}]}}