{"id":38937,"date":"2022-12-23T15:04:32","date_gmt":"2022-12-23T08:04:32","guid":{"rendered":"https:\/\/mouldking.store\/?post_type=product&#038;p=38937"},"modified":"2025-12-25T09:11:55","modified_gmt":"2025-12-25T02:11:55","slug":"moc-84541-pirate-island-lighthouse-with-807-pieces","status":"publish","type":"product","link":"https:\/\/mouldking.store\/nb\/shop\/moc-84541-pirate-island-lighthouse-with-807-pieces\/","title":{"rendered":"MOC-84541 Pirate Island fyrt\u00e5rn med 807 deler"},"content":{"rendered":"<ol>\n<li>Merke: MOC<\/li>\n<li>Kj\u00f8nn: Unisex<\/li>\n<li>Name: Pirate Island Lighthouse<\/li>\n<li>Aldersgruppe: &gt; 6 \u00e5r gammel<\/li>\n<li>Model Number: 84541<\/li>\n<li>Klassifisering: Montering<\/li>\n<li>Plastblokkform: Selvl\u00e5sende murstein<\/li>\n<li>Materiale: Plast<\/li>\n<li>Plasttype: ABS<\/li>\n<li>Bricks Blocks:807 PCS<\/li>\n<li>Weight:800g<\/li>\n<li>Inneholder detaljerte monteringsanvisninger.<\/li>\n<\/ol>\n<p>Legge merke til:<br \/>\n1. Uten original eske, men vi garanterer at v\u00e5re produkter har kvalitetssikring og pen emballasje.<br \/>\n2. Som alle delene vi har sjekket f\u00f8r frakt, s\u00e5 hvis du finner noen deler savnet eller skadet, ikke bekymre deg og bare kontakt oss, s\u00e5 kan vi sende dem til deg p\u00e5 nytt umiddelbart gratis.<\/p>\n<figure id=\"attachment_38944\" aria-describedby=\"caption-attachment-38944\" style=\"width: 1004px\" class=\"wp-caption aligncenter\"><img fetchpriority=\"high\" decoding=\"async\" class=\"wp-image-38944 size-full\" src=\"https:\/\/mouldking.store\/wp-content\/uploads\/2022\/12\/MOC-84541-Pirate-Island-Lighthouse.png\" alt=\"MOC-84541 Pirate Island Lighthouse With 807 Pieces\" width=\"1004\" height=\"1004\" title=\"-\" srcset=\"https:\/\/mouldking.store\/wp-content\/uploads\/2022\/12\/MOC-84541-Pirate-Island-Lighthouse.png 1004w, https:\/\/mouldking.store\/wp-content\/uploads\/2022\/12\/MOC-84541-Pirate-Island-Lighthouse-300x300.png 300w, https:\/\/mouldking.store\/wp-content\/uploads\/2022\/12\/MOC-84541-Pirate-Island-Lighthouse-768x768.png 768w, https:\/\/mouldking.store\/wp-content\/uploads\/2022\/12\/MOC-84541-Pirate-Island-Lighthouse-600x600.png 600w, https:\/\/mouldking.store\/wp-content\/uploads\/2022\/12\/MOC-84541-Pirate-Island-Lighthouse-150x150.png 150w, https:\/\/mouldking.store\/wp-content\/uploads\/2022\/12\/MOC-84541-Pirate-Island-Lighthouse-60x60.png 60w, https:\/\/mouldking.store\/wp-content\/uploads\/2022\/12\/MOC-84541-Pirate-Island-Lighthouse-90x90.png 90w\" sizes=\"(max-width: 1004px) 100vw, 1004px\" \/><figcaption id=\"caption-attachment-38944\" class=\"wp-caption-text\">MOC-84541 Pirate Island fyrt\u00e5rn med 807 deler<\/figcaption><\/figure>\n<figure id=\"attachment_38945\" aria-describedby=\"caption-attachment-38945\" style=\"width: 1024px\" class=\"wp-caption aligncenter\"><img decoding=\"async\" class=\"wp-image-38945 size-large\" src=\"https:\/\/mouldking.store\/wp-content\/uploads\/2022\/12\/Pirate-Island-Lighthouse-MOC-84541-1-1024x1024.jpg\" alt=\"MOC-84541 Pirate Island Lighthouse With 807 Pieces\" width=\"1024\" height=\"1024\" title=\"-\" srcset=\"https:\/\/mouldking.store\/wp-content\/uploads\/2022\/12\/Pirate-Island-Lighthouse-MOC-84541-1-1024x1024.jpg 1024w, https:\/\/mouldking.store\/wp-content\/uploads\/2022\/12\/Pirate-Island-Lighthouse-MOC-84541-1-300x300.jpg 300w, https:\/\/mouldking.store\/wp-content\/uploads\/2022\/12\/Pirate-Island-Lighthouse-MOC-84541-1-768x768.jpg 768w, https:\/\/mouldking.store\/wp-content\/uploads\/2022\/12\/Pirate-Island-Lighthouse-MOC-84541-1-600x600.jpg 600w, https:\/\/mouldking.store\/wp-content\/uploads\/2022\/12\/Pirate-Island-Lighthouse-MOC-84541-1-150x150.jpg 150w, https:\/\/mouldking.store\/wp-content\/uploads\/2022\/12\/Pirate-Island-Lighthouse-MOC-84541-1-60x60.jpg 60w, https:\/\/mouldking.store\/wp-content\/uploads\/2022\/12\/Pirate-Island-Lighthouse-MOC-84541-1-90x90.jpg 90w, https:\/\/mouldking.store\/wp-content\/uploads\/2022\/12\/Pirate-Island-Lighthouse-MOC-84541-1.jpg 1100w\" sizes=\"(max-width: 1024px) 100vw, 1024px\" \/><figcaption id=\"caption-attachment-38945\" class=\"wp-caption-text\">MOC-84541 Pirate Island fyrt\u00e5rn med 807 deler<\/figcaption><\/figure>\n<figure id=\"attachment_38946\" aria-describedby=\"caption-attachment-38946\" style=\"width: 1024px\" class=\"wp-caption aligncenter\"><img decoding=\"async\" class=\"wp-image-38946 size-large\" src=\"https:\/\/mouldking.store\/wp-content\/uploads\/2022\/12\/Pirate-Island-Lighthouse-MOC-84541-2-1024x1024.jpg\" alt=\"MOC-84541 Pirate Island Lighthouse With 807 Pieces\" width=\"1024\" height=\"1024\" title=\"-\" srcset=\"https:\/\/mouldking.store\/wp-content\/uploads\/2022\/12\/Pirate-Island-Lighthouse-MOC-84541-2-1024x1024.jpg 1024w, https:\/\/mouldking.store\/wp-content\/uploads\/2022\/12\/Pirate-Island-Lighthouse-MOC-84541-2-300x300.jpg 300w, https:\/\/mouldking.store\/wp-content\/uploads\/2022\/12\/Pirate-Island-Lighthouse-MOC-84541-2-768x768.jpg 768w, https:\/\/mouldking.store\/wp-content\/uploads\/2022\/12\/Pirate-Island-Lighthouse-MOC-84541-2-600x600.jpg 600w, https:\/\/mouldking.store\/wp-content\/uploads\/2022\/12\/Pirate-Island-Lighthouse-MOC-84541-2-150x150.jpg 150w, https:\/\/mouldking.store\/wp-content\/uploads\/2022\/12\/Pirate-Island-Lighthouse-MOC-84541-2-60x60.jpg 60w, https:\/\/mouldking.store\/wp-content\/uploads\/2022\/12\/Pirate-Island-Lighthouse-MOC-84541-2-90x90.jpg 90w, https:\/\/mouldking.store\/wp-content\/uploads\/2022\/12\/Pirate-Island-Lighthouse-MOC-84541-2.jpg 1100w\" sizes=\"(max-width: 1024px) 100vw, 1024px\" \/><figcaption id=\"caption-attachment-38946\" class=\"wp-caption-text\">MOC-84541 Pirate Island fyrt\u00e5rn med 807 deler<\/figcaption><\/figure>","protected":false},"excerpt":{"rendered":"<p>Byggeveiledning i pdf<\/p>\n<p>Uten originaleske<\/p>\n<p>Tidsbestemt: 4-8 uker<\/p>","protected":false},"featured_media":38944,"comment_status":"closed","ping_status":"closed","template":"","meta":{"_acf_changed":false},"product_cat":[1365,1406,371],"product_tag":[9493,10110,430,10321,10323,10320,5487,10322],"class_list":["product","first","instock","shipping-taxable","purchasable","product-type-simple"],"acf":[],"_links":{"self":[{"href":"https:\/\/mouldking.store\/nb\/wp-json\/wp\/v2\/product\/38937","targetHints":{"allow":["GET"]}}],"collection":[{"href":"https:\/\/mouldking.store\/nb\/wp-json\/wp\/v2\/product"}],"about":[{"href":"https:\/\/mouldking.store\/nb\/wp-json\/wp\/v2\/types\/product"}],"replies":[{"embeddable":true,"href":"https:\/\/mouldking.store\/nb\/wp-json\/wp\/v2\/comments?post=38937"}],"wp:featuredmedia":[{"embeddable":true,"href":"https:\/\/mouldking.store\/nb\/wp-json\/wp\/v2\/media\/38944"}],"wp:attachment":[{"href":"https:\/\/mouldking.store\/nb\/wp-json\/wp\/v2\/media?parent=38937"}],"wp:term":[{"taxonomy":"product_cat","embeddable":true,"href":"https:\/\/mouldking.store\/nb\/wp-json\/wp\/v2\/product_cat?post=38937"},{"taxonomy":"product_tag","embeddable":true,"href":"https:\/\/mouldking.store\/nb\/wp-json\/wp\/v2\/product_tag?post=38937"}],"curies":[{"name":"wp","href":"https:\/\/api.w.org\/{rel}","templated":true}]}}