{"id":39063,"date":"2022-12-27T11:56:51","date_gmt":"2022-12-27T04:56:51","guid":{"rendered":"https:\/\/mouldking.store\/?post_type=product&#038;p=39063"},"modified":"2025-12-25T09:11:55","modified_gmt":"2025-12-25T02:11:55","slug":"moc-118230-volvo-fh16-750-8x6-with-crane-with-4351pcs","status":"publish","type":"product","link":"https:\/\/mouldking.store\/nb\/shop\/moc-118230-volvo-fh16-750-8x6-with-crane-with-4351pcs\/","title":{"rendered":"MOC-118230 Volvo FH16 750 8\u00d76 Med Kran Med 4351STK"},"content":{"rendered":"<ol>\n<li>Merke: MOC<\/li>\n<li>Kj\u00f8nn: Unisex<\/li>\n<li>Navn: Volvo FH16 750 8\u00d76 Med kran<\/li>\n<li>Aldersgruppe: &gt; 6 \u00e5r gammel<\/li>\n<li>Modellnummer: 118230<\/li>\n<li>Klassifisering: Montering<\/li>\n<li>Plastblokkform: Selvl\u00e5sende murstein<\/li>\n<li>Materiale: Plast<\/li>\n<li>Plasttype: ABS<\/li>\n<li>Mursteinblokker:4351STK<\/li>\n<li>Vekt: 4400g<\/li>\n<li>Inneholder detaljerte monteringsanvisninger.<\/li>\n<\/ol>\n<p>Legge merke til:<br \/>\n1. Uten original eske, men vi garanterer at v\u00e5re produkter har kvalitetssikring og pen emballasje.<br \/>\n2. Som alle delene vi har sjekket f\u00f8r frakt, s\u00e5 hvis du finner noen deler savnet eller skadet, ikke bekymre deg og bare kontakt oss, s\u00e5 kan vi sende dem til deg p\u00e5 nytt umiddelbart gratis.<\/p>\n<figure id=\"attachment_39064\" aria-describedby=\"caption-attachment-39064\" style=\"width: 1004px\" class=\"wp-caption aligncenter\"><img fetchpriority=\"high\" decoding=\"async\" class=\"wp-image-39064 size-full\" src=\"https:\/\/mouldking.store\/wp-content\/uploads\/2022\/12\/MOC-118230-Technic-Volvo-FH16-750-8\u00d76-With-Crane-MOC-FACTORY.png\" alt=\"MOC-118230 Volvo FH16 750 8\u00d76 With Crane With 4351PCS\" width=\"1004\" height=\"1004\" title=\"-\" srcset=\"https:\/\/mouldking.store\/wp-content\/uploads\/2022\/12\/MOC-118230-Technic-Volvo-FH16-750-8\u00d76-With-Crane-MOC-FACTORY.png 1004w, https:\/\/mouldking.store\/wp-content\/uploads\/2022\/12\/MOC-118230-Technic-Volvo-FH16-750-8\u00d76-With-Crane-MOC-FACTORY-300x300.png 300w, https:\/\/mouldking.store\/wp-content\/uploads\/2022\/12\/MOC-118230-Technic-Volvo-FH16-750-8\u00d76-With-Crane-MOC-FACTORY-768x768.png 768w, https:\/\/mouldking.store\/wp-content\/uploads\/2022\/12\/MOC-118230-Technic-Volvo-FH16-750-8\u00d76-With-Crane-MOC-FACTORY-600x600.png 600w, https:\/\/mouldking.store\/wp-content\/uploads\/2022\/12\/MOC-118230-Technic-Volvo-FH16-750-8\u00d76-With-Crane-MOC-FACTORY-150x150.png 150w, https:\/\/mouldking.store\/wp-content\/uploads\/2022\/12\/MOC-118230-Technic-Volvo-FH16-750-8\u00d76-With-Crane-MOC-FACTORY-60x60.png 60w, https:\/\/mouldking.store\/wp-content\/uploads\/2022\/12\/MOC-118230-Technic-Volvo-FH16-750-8\u00d76-With-Crane-MOC-FACTORY-90x90.png 90w\" sizes=\"(max-width: 1004px) 100vw, 1004px\" \/><figcaption id=\"caption-attachment-39064\" class=\"wp-caption-text\">MOC-118230 Volvo FH16 750 8\u00d76 Med Kran Med 4351STK<\/figcaption><\/figure>\n<figure id=\"attachment_39065\" aria-describedby=\"caption-attachment-39065\" style=\"width: 1024px\" class=\"wp-caption aligncenter\"><img decoding=\"async\" class=\"wp-image-39065 size-large\" src=\"https:\/\/mouldking.store\/wp-content\/uploads\/2022\/12\/Volvo-FH16-750-8x6-With-Crane-MOC-118230-2-1024x1024.jpg\" alt=\"MOC-118230 Volvo FH16 750 8\u00d76 With Crane With 4351PCS\" width=\"1024\" height=\"1024\" title=\"-\" srcset=\"https:\/\/mouldking.store\/wp-content\/uploads\/2022\/12\/Volvo-FH16-750-8x6-With-Crane-MOC-118230-2-1024x1024.jpg 1024w, https:\/\/mouldking.store\/wp-content\/uploads\/2022\/12\/Volvo-FH16-750-8x6-With-Crane-MOC-118230-2-300x300.jpg 300w, https:\/\/mouldking.store\/wp-content\/uploads\/2022\/12\/Volvo-FH16-750-8x6-With-Crane-MOC-118230-2-768x768.jpg 768w, https:\/\/mouldking.store\/wp-content\/uploads\/2022\/12\/Volvo-FH16-750-8x6-With-Crane-MOC-118230-2-600x600.jpg 600w, https:\/\/mouldking.store\/wp-content\/uploads\/2022\/12\/Volvo-FH16-750-8x6-With-Crane-MOC-118230-2-150x150.jpg 150w, https:\/\/mouldking.store\/wp-content\/uploads\/2022\/12\/Volvo-FH16-750-8x6-With-Crane-MOC-118230-2-60x60.jpg 60w, https:\/\/mouldking.store\/wp-content\/uploads\/2022\/12\/Volvo-FH16-750-8x6-With-Crane-MOC-118230-2-90x90.jpg 90w, https:\/\/mouldking.store\/wp-content\/uploads\/2022\/12\/Volvo-FH16-750-8x6-With-Crane-MOC-118230-2.jpg 1100w\" sizes=\"(max-width: 1024px) 100vw, 1024px\" \/><figcaption id=\"caption-attachment-39065\" class=\"wp-caption-text\">MOC-118230 Volvo FH16 750 8\u00d76 Med Kran Med 4351STK<\/figcaption><\/figure>\n<figure id=\"attachment_39066\" aria-describedby=\"caption-attachment-39066\" style=\"width: 1024px\" class=\"wp-caption aligncenter\"><img decoding=\"async\" class=\"wp-image-39066 size-large\" src=\"https:\/\/mouldking.store\/wp-content\/uploads\/2022\/12\/Volvo-FH16-750-8x6-With-Crane-MOC-118230-3-1024x1024.jpg\" alt=\"MOC-118230 Volvo FH16 750 8\u00d76 With Crane With 4351PCS\" width=\"1024\" height=\"1024\" title=\"-\" srcset=\"https:\/\/mouldking.store\/wp-content\/uploads\/2022\/12\/Volvo-FH16-750-8x6-With-Crane-MOC-118230-3-1024x1024.jpg 1024w, https:\/\/mouldking.store\/wp-content\/uploads\/2022\/12\/Volvo-FH16-750-8x6-With-Crane-MOC-118230-3-300x300.jpg 300w, https:\/\/mouldking.store\/wp-content\/uploads\/2022\/12\/Volvo-FH16-750-8x6-With-Crane-MOC-118230-3-768x768.jpg 768w, https:\/\/mouldking.store\/wp-content\/uploads\/2022\/12\/Volvo-FH16-750-8x6-With-Crane-MOC-118230-3-600x600.jpg 600w, https:\/\/mouldking.store\/wp-content\/uploads\/2022\/12\/Volvo-FH16-750-8x6-With-Crane-MOC-118230-3-150x150.jpg 150w, https:\/\/mouldking.store\/wp-content\/uploads\/2022\/12\/Volvo-FH16-750-8x6-With-Crane-MOC-118230-3-60x60.jpg 60w, https:\/\/mouldking.store\/wp-content\/uploads\/2022\/12\/Volvo-FH16-750-8x6-With-Crane-MOC-118230-3-90x90.jpg 90w, https:\/\/mouldking.store\/wp-content\/uploads\/2022\/12\/Volvo-FH16-750-8x6-With-Crane-MOC-118230-3.jpg 1100w\" sizes=\"(max-width: 1024px) 100vw, 1024px\" \/><figcaption id=\"caption-attachment-39066\" class=\"wp-caption-text\">MOC-118230 Volvo FH16 750 8\u00d76 Med Kran Med 4351STK<\/figcaption><\/figure>\n<figure id=\"attachment_39067\" aria-describedby=\"caption-attachment-39067\" style=\"width: 1024px\" class=\"wp-caption aligncenter\"><img loading=\"lazy\" decoding=\"async\" class=\"wp-image-39067 size-large\" src=\"https:\/\/mouldking.store\/wp-content\/uploads\/2022\/12\/Volvo-FH16-750-8x6-With-Crane-MOC-118230-4-1024x1024.jpg\" alt=\"MOC-118230 Volvo FH16 750 8\u00d76 With Crane With 4351PCS\" width=\"1024\" height=\"1024\" title=\"-\" srcset=\"https:\/\/mouldking.store\/wp-content\/uploads\/2022\/12\/Volvo-FH16-750-8x6-With-Crane-MOC-118230-4-1024x1024.jpg 1024w, https:\/\/mouldking.store\/wp-content\/uploads\/2022\/12\/Volvo-FH16-750-8x6-With-Crane-MOC-118230-4-300x300.jpg 300w, https:\/\/mouldking.store\/wp-content\/uploads\/2022\/12\/Volvo-FH16-750-8x6-With-Crane-MOC-118230-4-768x768.jpg 768w, https:\/\/mouldking.store\/wp-content\/uploads\/2022\/12\/Volvo-FH16-750-8x6-With-Crane-MOC-118230-4-600x600.jpg 600w, https:\/\/mouldking.store\/wp-content\/uploads\/2022\/12\/Volvo-FH16-750-8x6-With-Crane-MOC-118230-4-150x150.jpg 150w, https:\/\/mouldking.store\/wp-content\/uploads\/2022\/12\/Volvo-FH16-750-8x6-With-Crane-MOC-118230-4-60x60.jpg 60w, https:\/\/mouldking.store\/wp-content\/uploads\/2022\/12\/Volvo-FH16-750-8x6-With-Crane-MOC-118230-4-90x90.jpg 90w, https:\/\/mouldking.store\/wp-content\/uploads\/2022\/12\/Volvo-FH16-750-8x6-With-Crane-MOC-118230-4.jpg 1100w\" sizes=\"(max-width: 1024px) 100vw, 1024px\" \/><figcaption id=\"caption-attachment-39067\" class=\"wp-caption-text\">MOC-118230 Volvo FH16 750 8\u00d76 Med Kran Med 4351STK<\/figcaption><\/figure>\n<figure id=\"attachment_39068\" aria-describedby=\"caption-attachment-39068\" style=\"width: 1024px\" class=\"wp-caption aligncenter\"><img loading=\"lazy\" decoding=\"async\" class=\"wp-image-39068 size-large\" src=\"https:\/\/mouldking.store\/wp-content\/uploads\/2022\/12\/Volvo-FH16-750-8x6-With-Crane-MOC-118230-5-1024x1024.jpg\" alt=\"MOC-118230 Volvo FH16 750 8\u00d76 With Crane With 4351PCS\" width=\"1024\" height=\"1024\" title=\"-\" srcset=\"https:\/\/mouldking.store\/wp-content\/uploads\/2022\/12\/Volvo-FH16-750-8x6-With-Crane-MOC-118230-5-1024x1024.jpg 1024w, https:\/\/mouldking.store\/wp-content\/uploads\/2022\/12\/Volvo-FH16-750-8x6-With-Crane-MOC-118230-5-300x300.jpg 300w, https:\/\/mouldking.store\/wp-content\/uploads\/2022\/12\/Volvo-FH16-750-8x6-With-Crane-MOC-118230-5-768x768.jpg 768w, https:\/\/mouldking.store\/wp-content\/uploads\/2022\/12\/Volvo-FH16-750-8x6-With-Crane-MOC-118230-5-600x600.jpg 600w, https:\/\/mouldking.store\/wp-content\/uploads\/2022\/12\/Volvo-FH16-750-8x6-With-Crane-MOC-118230-5-150x150.jpg 150w, https:\/\/mouldking.store\/wp-content\/uploads\/2022\/12\/Volvo-FH16-750-8x6-With-Crane-MOC-118230-5-60x60.jpg 60w, https:\/\/mouldking.store\/wp-content\/uploads\/2022\/12\/Volvo-FH16-750-8x6-With-Crane-MOC-118230-5-90x90.jpg 90w, https:\/\/mouldking.store\/wp-content\/uploads\/2022\/12\/Volvo-FH16-750-8x6-With-Crane-MOC-118230-5.jpg 1100w\" sizes=\"(max-width: 1024px) 100vw, 1024px\" \/><figcaption id=\"caption-attachment-39068\" class=\"wp-caption-text\">MOC-118230 Volvo FH16 750 8\u00d76 Med Kran Med 4351STK<\/figcaption><\/figure>\n<figure id=\"attachment_39069\" aria-describedby=\"caption-attachment-39069\" style=\"width: 1024px\" class=\"wp-caption aligncenter\"><img loading=\"lazy\" decoding=\"async\" class=\"wp-image-39069 size-large\" src=\"https:\/\/mouldking.store\/wp-content\/uploads\/2022\/12\/Volvo-FH16-750-8x6-With-Crane-MOC-118230-6-1024x1024.jpg\" alt=\"MOC-118230 Volvo FH16 750 8\u00d76 With Crane With 4351PCS\" width=\"1024\" height=\"1024\" title=\"-\" srcset=\"https:\/\/mouldking.store\/wp-content\/uploads\/2022\/12\/Volvo-FH16-750-8x6-With-Crane-MOC-118230-6-1024x1024.jpg 1024w, https:\/\/mouldking.store\/wp-content\/uploads\/2022\/12\/Volvo-FH16-750-8x6-With-Crane-MOC-118230-6-300x300.jpg 300w, https:\/\/mouldking.store\/wp-content\/uploads\/2022\/12\/Volvo-FH16-750-8x6-With-Crane-MOC-118230-6-768x768.jpg 768w, https:\/\/mouldking.store\/wp-content\/uploads\/2022\/12\/Volvo-FH16-750-8x6-With-Crane-MOC-118230-6-600x600.jpg 600w, https:\/\/mouldking.store\/wp-content\/uploads\/2022\/12\/Volvo-FH16-750-8x6-With-Crane-MOC-118230-6-150x150.jpg 150w, https:\/\/mouldking.store\/wp-content\/uploads\/2022\/12\/Volvo-FH16-750-8x6-With-Crane-MOC-118230-6-60x60.jpg 60w, https:\/\/mouldking.store\/wp-content\/uploads\/2022\/12\/Volvo-FH16-750-8x6-With-Crane-MOC-118230-6-90x90.jpg 90w, https:\/\/mouldking.store\/wp-content\/uploads\/2022\/12\/Volvo-FH16-750-8x6-With-Crane-MOC-118230-6.jpg 1100w\" sizes=\"(max-width: 1024px) 100vw, 1024px\" \/><figcaption id=\"caption-attachment-39069\" class=\"wp-caption-text\">MOC-118230 Volvo FH16 750 8\u00d76 Med Kran Med 4351STK<\/figcaption><\/figure>\n<figure id=\"attachment_39070\" aria-describedby=\"caption-attachment-39070\" style=\"width: 1100px\" class=\"wp-caption aligncenter\"><img loading=\"lazy\" decoding=\"async\" class=\"wp-image-39070 size-full\" src=\"https:\/\/mouldking.store\/wp-content\/uploads\/2022\/12\/Volvo-FH16-750-8x6-With-Crane-MOC-118230-7.jpg\" alt=\"MOC-118230 Volvo FH16 750 8\u00d76 With Crane With 4351PCS\" width=\"1100\" height=\"1100\" title=\"-\" srcset=\"https:\/\/mouldking.store\/wp-content\/uploads\/2022\/12\/Volvo-FH16-750-8x6-With-Crane-MOC-118230-7.jpg 1100w, https:\/\/mouldking.store\/wp-content\/uploads\/2022\/12\/Volvo-FH16-750-8x6-With-Crane-MOC-118230-7-300x300.jpg 300w, https:\/\/mouldking.store\/wp-content\/uploads\/2022\/12\/Volvo-FH16-750-8x6-With-Crane-MOC-118230-7-1024x1024.jpg 1024w, https:\/\/mouldking.store\/wp-content\/uploads\/2022\/12\/Volvo-FH16-750-8x6-With-Crane-MOC-118230-7-768x768.jpg 768w, https:\/\/mouldking.store\/wp-content\/uploads\/2022\/12\/Volvo-FH16-750-8x6-With-Crane-MOC-118230-7-600x600.jpg 600w, https:\/\/mouldking.store\/wp-content\/uploads\/2022\/12\/Volvo-FH16-750-8x6-With-Crane-MOC-118230-7-150x150.jpg 150w, https:\/\/mouldking.store\/wp-content\/uploads\/2022\/12\/Volvo-FH16-750-8x6-With-Crane-MOC-118230-7-60x60.jpg 60w, https:\/\/mouldking.store\/wp-content\/uploads\/2022\/12\/Volvo-FH16-750-8x6-With-Crane-MOC-118230-7-90x90.jpg 90w\" sizes=\"(max-width: 1100px) 100vw, 1100px\" \/><figcaption id=\"caption-attachment-39070\" class=\"wp-caption-text\">MOC-118230 Volvo FH16 750 8\u00d76 Med Kran Med 4351STK<\/figcaption><\/figure>","protected":false},"excerpt":{"rendered":"<p>Byggeveiledning i pdf<\/p>\n<p>Uten originaleske<\/p>\n<p>Tidsbestemt: 4-8 uker<\/p>","protected":false},"featured_media":39064,"comment_status":"closed","ping_status":"closed","template":"","meta":{"_acf_changed":false},"product_cat":[1357,1406,364],"product_tag":[10412,10411,430,10409,10416,10408,10410,10414,10415,10413],"class_list":["product","first","instock","shipping-taxable","purchasable","product-type-simple"],"acf":[],"_links":{"self":[{"href":"https:\/\/mouldking.store\/nb\/wp-json\/wp\/v2\/product\/39063","targetHints":{"allow":["GET"]}}],"collection":[{"href":"https:\/\/mouldking.store\/nb\/wp-json\/wp\/v2\/product"}],"about":[{"href":"https:\/\/mouldking.store\/nb\/wp-json\/wp\/v2\/types\/product"}],"replies":[{"embeddable":true,"href":"https:\/\/mouldking.store\/nb\/wp-json\/wp\/v2\/comments?post=39063"}],"wp:featuredmedia":[{"embeddable":true,"href":"https:\/\/mouldking.store\/nb\/wp-json\/wp\/v2\/media\/39064"}],"wp:attachment":[{"href":"https:\/\/mouldking.store\/nb\/wp-json\/wp\/v2\/media?parent=39063"}],"wp:term":[{"taxonomy":"product_cat","embeddable":true,"href":"https:\/\/mouldking.store\/nb\/wp-json\/wp\/v2\/product_cat?post=39063"},{"taxonomy":"product_tag","embeddable":true,"href":"https:\/\/mouldking.store\/nb\/wp-json\/wp\/v2\/product_tag?post=39063"}],"curies":[{"name":"wp","href":"https:\/\/api.w.org\/{rel}","templated":true}]}}