{"id":39079,"date":"2022-12-27T12:11:07","date_gmt":"2022-12-27T05:11:07","guid":{"rendered":"https:\/\/mouldking.store\/?post_type=product&#038;p=39079"},"modified":"2025-12-25T09:11:55","modified_gmt":"2025-12-25T02:11:55","slug":"moc-101513-large-knuckle-boom-crane-with-1261pcs","status":"publish","type":"product","link":"https:\/\/mouldking.store\/nb\/shop\/moc-101513-large-knuckle-boom-crane-with-1261pcs\/","title":{"rendered":"MOC-101513 Stor knokebomkran med 1261 STK"},"content":{"rendered":"<ol>\n<li>Merke: MOC<\/li>\n<li>Kj\u00f8nn: Unisex<\/li>\n<li>Navn: Stor knokebomkran<\/li>\n<li>Aldersgruppe: &gt; 6 \u00e5r gammel<\/li>\n<li>Modellnummer: 101513<\/li>\n<li>Klassifisering: Montering<\/li>\n<li>Plastblokkform: Selvl\u00e5sende murstein<\/li>\n<li>Materiale: Plast<\/li>\n<li>Plasttype: ABS<\/li>\n<li>Mursteinblokker: 1261 STK<\/li>\n<li>Vekt: 1300g<\/li>\n<li>Inneholder detaljerte monteringsanvisninger.<\/li>\n<\/ol>\n<p>Legge merke til:<br \/>\n1. Uten original eske, men vi garanterer at v\u00e5re produkter har kvalitetssikring og pen emballasje.<br \/>\n2. Som alle delene vi har sjekket f\u00f8r frakt, s\u00e5 hvis du finner noen deler savnet eller skadet, ikke bekymre deg og bare kontakt oss, s\u00e5 kan vi sende dem til deg p\u00e5 nytt umiddelbart gratis.<\/p>\n<figure id=\"attachment_39080\" aria-describedby=\"caption-attachment-39080\" style=\"width: 1004px\" class=\"wp-caption aligncenter\"><img fetchpriority=\"high\" decoding=\"async\" class=\"wp-image-39080 size-full\" src=\"https:\/\/mouldking.store\/wp-content\/uploads\/2022\/12\/MOC-101513-Technic-Large-Knuckle-Boom-Crane-MOC-FACTORY.png\" alt=\"MOC-101513 Large Knuckle Boom Crane With 1261PCS\" width=\"1004\" height=\"1004\" title=\"-\" srcset=\"https:\/\/mouldking.store\/wp-content\/uploads\/2022\/12\/MOC-101513-Technic-Large-Knuckle-Boom-Crane-MOC-FACTORY.png 1004w, https:\/\/mouldking.store\/wp-content\/uploads\/2022\/12\/MOC-101513-Technic-Large-Knuckle-Boom-Crane-MOC-FACTORY-300x300.png 300w, https:\/\/mouldking.store\/wp-content\/uploads\/2022\/12\/MOC-101513-Technic-Large-Knuckle-Boom-Crane-MOC-FACTORY-768x768.png 768w, https:\/\/mouldking.store\/wp-content\/uploads\/2022\/12\/MOC-101513-Technic-Large-Knuckle-Boom-Crane-MOC-FACTORY-600x600.png 600w, https:\/\/mouldking.store\/wp-content\/uploads\/2022\/12\/MOC-101513-Technic-Large-Knuckle-Boom-Crane-MOC-FACTORY-150x150.png 150w, https:\/\/mouldking.store\/wp-content\/uploads\/2022\/12\/MOC-101513-Technic-Large-Knuckle-Boom-Crane-MOC-FACTORY-60x60.png 60w, https:\/\/mouldking.store\/wp-content\/uploads\/2022\/12\/MOC-101513-Technic-Large-Knuckle-Boom-Crane-MOC-FACTORY-90x90.png 90w\" sizes=\"(max-width: 1004px) 100vw, 1004px\" \/><figcaption id=\"caption-attachment-39080\" class=\"wp-caption-text\">MOC-101513 Stor knokebomkran med 1261 STK<\/figcaption><\/figure>\n<figure id=\"attachment_39081\" aria-describedby=\"caption-attachment-39081\" style=\"width: 1024px\" class=\"wp-caption aligncenter\"><img decoding=\"async\" class=\"wp-image-39081 size-large\" src=\"https:\/\/mouldking.store\/wp-content\/uploads\/2022\/12\/Large-Knuckle-Boom-Crane-MOC-101513-2-1024x1024.jpg\" alt=\"MOC-101513 Large Knuckle Boom Crane With 1261PCS\" width=\"1024\" height=\"1024\" title=\"-\" srcset=\"https:\/\/mouldking.store\/wp-content\/uploads\/2022\/12\/Large-Knuckle-Boom-Crane-MOC-101513-2-1024x1024.jpg 1024w, https:\/\/mouldking.store\/wp-content\/uploads\/2022\/12\/Large-Knuckle-Boom-Crane-MOC-101513-2-300x300.jpg 300w, https:\/\/mouldking.store\/wp-content\/uploads\/2022\/12\/Large-Knuckle-Boom-Crane-MOC-101513-2-768x768.jpg 768w, https:\/\/mouldking.store\/wp-content\/uploads\/2022\/12\/Large-Knuckle-Boom-Crane-MOC-101513-2-600x600.jpg 600w, https:\/\/mouldking.store\/wp-content\/uploads\/2022\/12\/Large-Knuckle-Boom-Crane-MOC-101513-2-150x150.jpg 150w, https:\/\/mouldking.store\/wp-content\/uploads\/2022\/12\/Large-Knuckle-Boom-Crane-MOC-101513-2-60x60.jpg 60w, https:\/\/mouldking.store\/wp-content\/uploads\/2022\/12\/Large-Knuckle-Boom-Crane-MOC-101513-2-90x90.jpg 90w, https:\/\/mouldking.store\/wp-content\/uploads\/2022\/12\/Large-Knuckle-Boom-Crane-MOC-101513-2.jpg 1100w\" sizes=\"(max-width: 1024px) 100vw, 1024px\" \/><figcaption id=\"caption-attachment-39081\" class=\"wp-caption-text\">MOC-101513 Stor knokebomkran med 1261 STK<\/figcaption><\/figure>\n<figure id=\"attachment_39082\" aria-describedby=\"caption-attachment-39082\" style=\"width: 1024px\" class=\"wp-caption aligncenter\"><img decoding=\"async\" class=\"wp-image-39082 size-large\" src=\"https:\/\/mouldking.store\/wp-content\/uploads\/2022\/12\/Large-Knuckle-Boom-Crane-MOC-101513-3-1024x1024.jpg\" alt=\"MOC-101513 Large Knuckle Boom Crane With 1261PCS\" width=\"1024\" height=\"1024\" title=\"-\" srcset=\"https:\/\/mouldking.store\/wp-content\/uploads\/2022\/12\/Large-Knuckle-Boom-Crane-MOC-101513-3-1024x1024.jpg 1024w, https:\/\/mouldking.store\/wp-content\/uploads\/2022\/12\/Large-Knuckle-Boom-Crane-MOC-101513-3-300x300.jpg 300w, https:\/\/mouldking.store\/wp-content\/uploads\/2022\/12\/Large-Knuckle-Boom-Crane-MOC-101513-3-768x768.jpg 768w, https:\/\/mouldking.store\/wp-content\/uploads\/2022\/12\/Large-Knuckle-Boom-Crane-MOC-101513-3-600x600.jpg 600w, https:\/\/mouldking.store\/wp-content\/uploads\/2022\/12\/Large-Knuckle-Boom-Crane-MOC-101513-3-150x150.jpg 150w, https:\/\/mouldking.store\/wp-content\/uploads\/2022\/12\/Large-Knuckle-Boom-Crane-MOC-101513-3-60x60.jpg 60w, https:\/\/mouldking.store\/wp-content\/uploads\/2022\/12\/Large-Knuckle-Boom-Crane-MOC-101513-3-90x90.jpg 90w, https:\/\/mouldking.store\/wp-content\/uploads\/2022\/12\/Large-Knuckle-Boom-Crane-MOC-101513-3.jpg 1100w\" sizes=\"(max-width: 1024px) 100vw, 1024px\" \/><figcaption id=\"caption-attachment-39082\" class=\"wp-caption-text\">MOC-101513 Stor knokebomkran med 1261 STK<\/figcaption><\/figure>\n<figure id=\"attachment_39083\" aria-describedby=\"caption-attachment-39083\" style=\"width: 1024px\" class=\"wp-caption aligncenter\"><img loading=\"lazy\" decoding=\"async\" class=\"wp-image-39083 size-large\" src=\"https:\/\/mouldking.store\/wp-content\/uploads\/2022\/12\/Large-Knuckle-Boom-Crane-MOC-101513-4-1024x1024.jpg\" alt=\"MOC-101513 Large Knuckle Boom Crane With 1261PCS\" width=\"1024\" height=\"1024\" title=\"-\" srcset=\"https:\/\/mouldking.store\/wp-content\/uploads\/2022\/12\/Large-Knuckle-Boom-Crane-MOC-101513-4-1024x1024.jpg 1024w, https:\/\/mouldking.store\/wp-content\/uploads\/2022\/12\/Large-Knuckle-Boom-Crane-MOC-101513-4-300x300.jpg 300w, https:\/\/mouldking.store\/wp-content\/uploads\/2022\/12\/Large-Knuckle-Boom-Crane-MOC-101513-4-768x768.jpg 768w, https:\/\/mouldking.store\/wp-content\/uploads\/2022\/12\/Large-Knuckle-Boom-Crane-MOC-101513-4-600x600.jpg 600w, https:\/\/mouldking.store\/wp-content\/uploads\/2022\/12\/Large-Knuckle-Boom-Crane-MOC-101513-4-150x150.jpg 150w, https:\/\/mouldking.store\/wp-content\/uploads\/2022\/12\/Large-Knuckle-Boom-Crane-MOC-101513-4-60x60.jpg 60w, https:\/\/mouldking.store\/wp-content\/uploads\/2022\/12\/Large-Knuckle-Boom-Crane-MOC-101513-4-90x90.jpg 90w, https:\/\/mouldking.store\/wp-content\/uploads\/2022\/12\/Large-Knuckle-Boom-Crane-MOC-101513-4.jpg 1100w\" sizes=\"(max-width: 1024px) 100vw, 1024px\" \/><figcaption id=\"caption-attachment-39083\" class=\"wp-caption-text\">MOC-101513 Stor knokebomkran med 1261 STK<\/figcaption><\/figure>\n<figure id=\"attachment_39084\" aria-describedby=\"caption-attachment-39084\" style=\"width: 1100px\" class=\"wp-caption aligncenter\"><img loading=\"lazy\" decoding=\"async\" class=\"wp-image-39084 size-full\" src=\"https:\/\/mouldking.store\/wp-content\/uploads\/2022\/12\/Large-Knuckle-Boom-Crane-MOC-101513-5.jpg\" alt=\"MOC-101513 Large Knuckle Boom Crane With 1261PCS\" width=\"1100\" height=\"1100\" title=\"-\" srcset=\"https:\/\/mouldking.store\/wp-content\/uploads\/2022\/12\/Large-Knuckle-Boom-Crane-MOC-101513-5.jpg 1100w, https:\/\/mouldking.store\/wp-content\/uploads\/2022\/12\/Large-Knuckle-Boom-Crane-MOC-101513-5-300x300.jpg 300w, https:\/\/mouldking.store\/wp-content\/uploads\/2022\/12\/Large-Knuckle-Boom-Crane-MOC-101513-5-1024x1024.jpg 1024w, https:\/\/mouldking.store\/wp-content\/uploads\/2022\/12\/Large-Knuckle-Boom-Crane-MOC-101513-5-768x768.jpg 768w, https:\/\/mouldking.store\/wp-content\/uploads\/2022\/12\/Large-Knuckle-Boom-Crane-MOC-101513-5-600x600.jpg 600w, https:\/\/mouldking.store\/wp-content\/uploads\/2022\/12\/Large-Knuckle-Boom-Crane-MOC-101513-5-150x150.jpg 150w, https:\/\/mouldking.store\/wp-content\/uploads\/2022\/12\/Large-Knuckle-Boom-Crane-MOC-101513-5-60x60.jpg 60w, https:\/\/mouldking.store\/wp-content\/uploads\/2022\/12\/Large-Knuckle-Boom-Crane-MOC-101513-5-90x90.jpg 90w\" sizes=\"(max-width: 1100px) 100vw, 1100px\" \/><figcaption id=\"caption-attachment-39084\" class=\"wp-caption-text\">MOC-101513 Stor knokebomkran med 1261 STK<\/figcaption><\/figure>\n<figure id=\"attachment_39085\" aria-describedby=\"caption-attachment-39085\" style=\"width: 1100px\" class=\"wp-caption aligncenter\"><img loading=\"lazy\" decoding=\"async\" class=\"wp-image-39085 size-full\" src=\"https:\/\/mouldking.store\/wp-content\/uploads\/2022\/12\/Large-Knuckle-Boom-Crane-MOC-101513-6.jpg\" alt=\"MOC-101513 Large Knuckle Boom Crane With 1261PCS\" width=\"1100\" height=\"1100\" title=\"-\" srcset=\"https:\/\/mouldking.store\/wp-content\/uploads\/2022\/12\/Large-Knuckle-Boom-Crane-MOC-101513-6.jpg 1100w, https:\/\/mouldking.store\/wp-content\/uploads\/2022\/12\/Large-Knuckle-Boom-Crane-MOC-101513-6-300x300.jpg 300w, https:\/\/mouldking.store\/wp-content\/uploads\/2022\/12\/Large-Knuckle-Boom-Crane-MOC-101513-6-1024x1024.jpg 1024w, https:\/\/mouldking.store\/wp-content\/uploads\/2022\/12\/Large-Knuckle-Boom-Crane-MOC-101513-6-768x768.jpg 768w, https:\/\/mouldking.store\/wp-content\/uploads\/2022\/12\/Large-Knuckle-Boom-Crane-MOC-101513-6-600x600.jpg 600w, https:\/\/mouldking.store\/wp-content\/uploads\/2022\/12\/Large-Knuckle-Boom-Crane-MOC-101513-6-150x150.jpg 150w, https:\/\/mouldking.store\/wp-content\/uploads\/2022\/12\/Large-Knuckle-Boom-Crane-MOC-101513-6-60x60.jpg 60w, https:\/\/mouldking.store\/wp-content\/uploads\/2022\/12\/Large-Knuckle-Boom-Crane-MOC-101513-6-90x90.jpg 90w\" sizes=\"(max-width: 1100px) 100vw, 1100px\" \/><figcaption id=\"caption-attachment-39085\" class=\"wp-caption-text\">MOC-101513 Stor knokebomkran med 1261 STK<\/figcaption><\/figure>","protected":false},"excerpt":{"rendered":"<p>Byggeveiledning i pdf<\/p>\n<p>Uten originaleske<\/p>\n<p>Tidsbestemt: 4-8 uker<\/p>","protected":false},"featured_media":39080,"comment_status":"closed","ping_status":"closed","template":"","meta":{"_acf_changed":false},"product_cat":[1357,1406,364],"product_tag":[10425,5205,10424,10426,8896,10427,430,10423,10428,10422],"class_list":["product","first","instock","shipping-taxable","purchasable","product-type-simple"],"acf":[],"_links":{"self":[{"href":"https:\/\/mouldking.store\/nb\/wp-json\/wp\/v2\/product\/39079","targetHints":{"allow":["GET"]}}],"collection":[{"href":"https:\/\/mouldking.store\/nb\/wp-json\/wp\/v2\/product"}],"about":[{"href":"https:\/\/mouldking.store\/nb\/wp-json\/wp\/v2\/types\/product"}],"replies":[{"embeddable":true,"href":"https:\/\/mouldking.store\/nb\/wp-json\/wp\/v2\/comments?post=39079"}],"wp:featuredmedia":[{"embeddable":true,"href":"https:\/\/mouldking.store\/nb\/wp-json\/wp\/v2\/media\/39080"}],"wp:attachment":[{"href":"https:\/\/mouldking.store\/nb\/wp-json\/wp\/v2\/media?parent=39079"}],"wp:term":[{"taxonomy":"product_cat","embeddable":true,"href":"https:\/\/mouldking.store\/nb\/wp-json\/wp\/v2\/product_cat?post=39079"},{"taxonomy":"product_tag","embeddable":true,"href":"https:\/\/mouldking.store\/nb\/wp-json\/wp\/v2\/product_tag?post=39079"}],"curies":[{"name":"wp","href":"https:\/\/api.w.org\/{rel}","templated":true}]}}