{"id":39116,"date":"2022-12-27T14:32:38","date_gmt":"2022-12-27T07:32:38","guid":{"rendered":"https:\/\/mouldking.store\/?post_type=product&#038;p=39116"},"modified":"2025-12-25T09:11:54","modified_gmt":"2025-12-25T02:11:54","slug":"moc-128617-lion-knights-outpost-with-1216pcs","status":"publish","type":"product","link":"https:\/\/mouldking.store\/nb\/shop\/moc-128617-lion-knights-outpost-with-1216pcs\/","title":{"rendered":"MOC-128617 L\u00f8veriddernes utpost med 1216 STK"},"content":{"rendered":"<ol>\n<li>Merke: MOC<\/li>\n<li>Kj\u00f8nn: Unisex<\/li>\n<li>Name: Lion Knights\u2019 Outpost<\/li>\n<li>Aldersgruppe: &gt; 6 \u00e5r gammel<\/li>\n<li>Model Number: 128617<\/li>\n<li>Klassifisering: Montering<\/li>\n<li>Plastblokkform: Selvl\u00e5sende murstein<\/li>\n<li>Materiale: Plast<\/li>\n<li>Plasttype: ABS<\/li>\n<li>Bricks Blocks:1216PCS<\/li>\n<li>Weight:1020g<\/li>\n<li>Inneholder detaljerte monteringsanvisninger.<\/li>\n<\/ol>\n<p>Legge merke til:<br \/>\n1. Uten original eske, men vi garanterer at v\u00e5re produkter har kvalitetssikring og pen emballasje.<br \/>\n2. Som alle delene vi har sjekket f\u00f8r frakt, s\u00e5 hvis du finner noen deler savnet eller skadet, ikke bekymre deg og bare kontakt oss, s\u00e5 kan vi sende dem til deg p\u00e5 nytt umiddelbart gratis.<\/p>\n<figure id=\"attachment_39117\" aria-describedby=\"caption-attachment-39117\" style=\"width: 1004px\" class=\"wp-caption aligncenter\"><img fetchpriority=\"high\" decoding=\"async\" class=\"wp-image-39117 size-full\" src=\"https:\/\/mouldking.store\/wp-content\/uploads\/2022\/12\/MOC-128617-Modular-Building-Lion-Knights-Outpost-MOC-FACTORY.png\" alt=\"MOC-128617 Lion Knights\u2019 Outpost With 1216PCS\" width=\"1004\" height=\"1004\" title=\"-\" srcset=\"https:\/\/mouldking.store\/wp-content\/uploads\/2022\/12\/MOC-128617-Modular-Building-Lion-Knights-Outpost-MOC-FACTORY.png 1004w, https:\/\/mouldking.store\/wp-content\/uploads\/2022\/12\/MOC-128617-Modular-Building-Lion-Knights-Outpost-MOC-FACTORY-300x300.png 300w, https:\/\/mouldking.store\/wp-content\/uploads\/2022\/12\/MOC-128617-Modular-Building-Lion-Knights-Outpost-MOC-FACTORY-768x768.png 768w, https:\/\/mouldking.store\/wp-content\/uploads\/2022\/12\/MOC-128617-Modular-Building-Lion-Knights-Outpost-MOC-FACTORY-600x600.png 600w, https:\/\/mouldking.store\/wp-content\/uploads\/2022\/12\/MOC-128617-Modular-Building-Lion-Knights-Outpost-MOC-FACTORY-150x150.png 150w, https:\/\/mouldking.store\/wp-content\/uploads\/2022\/12\/MOC-128617-Modular-Building-Lion-Knights-Outpost-MOC-FACTORY-60x60.png 60w, https:\/\/mouldking.store\/wp-content\/uploads\/2022\/12\/MOC-128617-Modular-Building-Lion-Knights-Outpost-MOC-FACTORY-90x90.png 90w\" sizes=\"(max-width: 1004px) 100vw, 1004px\" \/><figcaption id=\"caption-attachment-39117\" class=\"wp-caption-text\">MOC-128617 L\u00f8veriddernes utpost med 1216 STK<\/figcaption><\/figure>\n<figure id=\"attachment_39118\" aria-describedby=\"caption-attachment-39118\" style=\"width: 1024px\" class=\"wp-caption aligncenter\"><img decoding=\"async\" class=\"wp-image-39118 size-large\" src=\"https:\/\/mouldking.store\/wp-content\/uploads\/2022\/12\/Lion-Knights-Outpost-MOC-128617-2-1024x1024.jpg\" alt=\"MOC-128617 Lion Knights\u2019 Outpost With 1216PCS\" width=\"1024\" height=\"1024\" title=\"-\" srcset=\"https:\/\/mouldking.store\/wp-content\/uploads\/2022\/12\/Lion-Knights-Outpost-MOC-128617-2-1024x1024.jpg 1024w, https:\/\/mouldking.store\/wp-content\/uploads\/2022\/12\/Lion-Knights-Outpost-MOC-128617-2-300x300.jpg 300w, https:\/\/mouldking.store\/wp-content\/uploads\/2022\/12\/Lion-Knights-Outpost-MOC-128617-2-768x768.jpg 768w, https:\/\/mouldking.store\/wp-content\/uploads\/2022\/12\/Lion-Knights-Outpost-MOC-128617-2-600x600.jpg 600w, https:\/\/mouldking.store\/wp-content\/uploads\/2022\/12\/Lion-Knights-Outpost-MOC-128617-2-150x150.jpg 150w, https:\/\/mouldking.store\/wp-content\/uploads\/2022\/12\/Lion-Knights-Outpost-MOC-128617-2-60x60.jpg 60w, https:\/\/mouldking.store\/wp-content\/uploads\/2022\/12\/Lion-Knights-Outpost-MOC-128617-2-90x90.jpg 90w, https:\/\/mouldking.store\/wp-content\/uploads\/2022\/12\/Lion-Knights-Outpost-MOC-128617-2.jpg 1100w\" sizes=\"(max-width: 1024px) 100vw, 1024px\" \/><figcaption id=\"caption-attachment-39118\" class=\"wp-caption-text\">MOC-128617 L\u00f8veriddernes utpost med 1216 STK<\/figcaption><\/figure>\n<figure id=\"attachment_39119\" aria-describedby=\"caption-attachment-39119\" style=\"width: 1024px\" class=\"wp-caption aligncenter\"><img decoding=\"async\" class=\"wp-image-39119 size-large\" src=\"https:\/\/mouldking.store\/wp-content\/uploads\/2022\/12\/Lion-Knights-Outpost-MOC-128617-3-1024x1024.jpg\" alt=\"MOC-128617 Lion Knights\u2019 Outpost With 1216PCS\" width=\"1024\" height=\"1024\" title=\"-\" srcset=\"https:\/\/mouldking.store\/wp-content\/uploads\/2022\/12\/Lion-Knights-Outpost-MOC-128617-3-1024x1024.jpg 1024w, https:\/\/mouldking.store\/wp-content\/uploads\/2022\/12\/Lion-Knights-Outpost-MOC-128617-3-300x300.jpg 300w, https:\/\/mouldking.store\/wp-content\/uploads\/2022\/12\/Lion-Knights-Outpost-MOC-128617-3-768x768.jpg 768w, https:\/\/mouldking.store\/wp-content\/uploads\/2022\/12\/Lion-Knights-Outpost-MOC-128617-3-600x600.jpg 600w, https:\/\/mouldking.store\/wp-content\/uploads\/2022\/12\/Lion-Knights-Outpost-MOC-128617-3-150x150.jpg 150w, https:\/\/mouldking.store\/wp-content\/uploads\/2022\/12\/Lion-Knights-Outpost-MOC-128617-3-60x60.jpg 60w, https:\/\/mouldking.store\/wp-content\/uploads\/2022\/12\/Lion-Knights-Outpost-MOC-128617-3-90x90.jpg 90w, https:\/\/mouldking.store\/wp-content\/uploads\/2022\/12\/Lion-Knights-Outpost-MOC-128617-3.jpg 1100w\" sizes=\"(max-width: 1024px) 100vw, 1024px\" \/><figcaption id=\"caption-attachment-39119\" class=\"wp-caption-text\">MOC-128617 L\u00f8veriddernes utpost med 1216 STK<\/figcaption><\/figure>\n<figure id=\"attachment_39120\" aria-describedby=\"caption-attachment-39120\" style=\"width: 1024px\" class=\"wp-caption aligncenter\"><img loading=\"lazy\" decoding=\"async\" class=\"wp-image-39120 size-large\" src=\"https:\/\/mouldking.store\/wp-content\/uploads\/2022\/12\/Lion-Knights-Outpost-MOC-128617-4-1024x1024.jpg\" alt=\"MOC-128617 Lion Knights\u2019 Outpost With 1216PCS\" width=\"1024\" height=\"1024\" title=\"-\" srcset=\"https:\/\/mouldking.store\/wp-content\/uploads\/2022\/12\/Lion-Knights-Outpost-MOC-128617-4-1024x1024.jpg 1024w, https:\/\/mouldking.store\/wp-content\/uploads\/2022\/12\/Lion-Knights-Outpost-MOC-128617-4-300x300.jpg 300w, https:\/\/mouldking.store\/wp-content\/uploads\/2022\/12\/Lion-Knights-Outpost-MOC-128617-4-768x768.jpg 768w, https:\/\/mouldking.store\/wp-content\/uploads\/2022\/12\/Lion-Knights-Outpost-MOC-128617-4-600x600.jpg 600w, https:\/\/mouldking.store\/wp-content\/uploads\/2022\/12\/Lion-Knights-Outpost-MOC-128617-4-150x150.jpg 150w, https:\/\/mouldking.store\/wp-content\/uploads\/2022\/12\/Lion-Knights-Outpost-MOC-128617-4-60x60.jpg 60w, https:\/\/mouldking.store\/wp-content\/uploads\/2022\/12\/Lion-Knights-Outpost-MOC-128617-4-90x90.jpg 90w, https:\/\/mouldking.store\/wp-content\/uploads\/2022\/12\/Lion-Knights-Outpost-MOC-128617-4.jpg 1100w\" sizes=\"(max-width: 1024px) 100vw, 1024px\" \/><figcaption id=\"caption-attachment-39120\" class=\"wp-caption-text\">MOC-128617 L\u00f8veriddernes utpost med 1216 STK<\/figcaption><\/figure>\n<figure id=\"attachment_39121\" aria-describedby=\"caption-attachment-39121\" style=\"width: 1024px\" class=\"wp-caption aligncenter\"><img loading=\"lazy\" decoding=\"async\" class=\"wp-image-39121 size-large\" src=\"https:\/\/mouldking.store\/wp-content\/uploads\/2022\/12\/Lion-Knights-Outpost-MOC-128617-5-1024x1024.jpg\" alt=\"MOC-128617 Lion Knights\u2019 Outpost With 1216PCS\" width=\"1024\" height=\"1024\" title=\"-\" srcset=\"https:\/\/mouldking.store\/wp-content\/uploads\/2022\/12\/Lion-Knights-Outpost-MOC-128617-5-1024x1024.jpg 1024w, https:\/\/mouldking.store\/wp-content\/uploads\/2022\/12\/Lion-Knights-Outpost-MOC-128617-5-300x300.jpg 300w, https:\/\/mouldking.store\/wp-content\/uploads\/2022\/12\/Lion-Knights-Outpost-MOC-128617-5-768x768.jpg 768w, https:\/\/mouldking.store\/wp-content\/uploads\/2022\/12\/Lion-Knights-Outpost-MOC-128617-5-600x600.jpg 600w, https:\/\/mouldking.store\/wp-content\/uploads\/2022\/12\/Lion-Knights-Outpost-MOC-128617-5-150x150.jpg 150w, https:\/\/mouldking.store\/wp-content\/uploads\/2022\/12\/Lion-Knights-Outpost-MOC-128617-5-60x60.jpg 60w, https:\/\/mouldking.store\/wp-content\/uploads\/2022\/12\/Lion-Knights-Outpost-MOC-128617-5-90x90.jpg 90w, https:\/\/mouldking.store\/wp-content\/uploads\/2022\/12\/Lion-Knights-Outpost-MOC-128617-5.jpg 1100w\" sizes=\"(max-width: 1024px) 100vw, 1024px\" \/><figcaption id=\"caption-attachment-39121\" class=\"wp-caption-text\">MOC-128617 L\u00f8veriddernes utpost med 1216 STK<\/figcaption><\/figure>\n<figure id=\"attachment_39122\" aria-describedby=\"caption-attachment-39122\" style=\"width: 1024px\" class=\"wp-caption aligncenter\"><img loading=\"lazy\" decoding=\"async\" class=\"wp-image-39122 size-large\" src=\"https:\/\/mouldking.store\/wp-content\/uploads\/2022\/12\/Lion-Knights-Outpost-MOC-128617-6-1024x1024.jpg\" alt=\"MOC-128617 Lion Knights\u2019 Outpost With 1216PCS\" width=\"1024\" height=\"1024\" title=\"-\" srcset=\"https:\/\/mouldking.store\/wp-content\/uploads\/2022\/12\/Lion-Knights-Outpost-MOC-128617-6-1024x1024.jpg 1024w, https:\/\/mouldking.store\/wp-content\/uploads\/2022\/12\/Lion-Knights-Outpost-MOC-128617-6-300x300.jpg 300w, https:\/\/mouldking.store\/wp-content\/uploads\/2022\/12\/Lion-Knights-Outpost-MOC-128617-6-768x768.jpg 768w, https:\/\/mouldking.store\/wp-content\/uploads\/2022\/12\/Lion-Knights-Outpost-MOC-128617-6-600x600.jpg 600w, https:\/\/mouldking.store\/wp-content\/uploads\/2022\/12\/Lion-Knights-Outpost-MOC-128617-6-150x150.jpg 150w, https:\/\/mouldking.store\/wp-content\/uploads\/2022\/12\/Lion-Knights-Outpost-MOC-128617-6-60x60.jpg 60w, https:\/\/mouldking.store\/wp-content\/uploads\/2022\/12\/Lion-Knights-Outpost-MOC-128617-6-90x90.jpg 90w, https:\/\/mouldking.store\/wp-content\/uploads\/2022\/12\/Lion-Knights-Outpost-MOC-128617-6.jpg 1100w\" sizes=\"(max-width: 1024px) 100vw, 1024px\" \/><figcaption id=\"caption-attachment-39122\" class=\"wp-caption-text\">MOC-128617 L\u00f8veriddernes utpost med 1216 STK<\/figcaption><\/figure>","protected":false},"excerpt":{"rendered":"<p>Byggeveiledning i pdf<\/p>\n<p>Uten originaleske<\/p>\n<p>Tidsbestemt: 4-8 uker<\/p>","protected":false},"featured_media":39117,"comment_status":"closed","ping_status":"closed","template":"","meta":{"_acf_changed":false},"product_cat":[1395,1406,390],"product_tag":[6576,10453,10454,430,10452,10455,10451,10344],"class_list":["product","first","instock","shipping-taxable","purchasable","product-type-simple"],"acf":[],"_links":{"self":[{"href":"https:\/\/mouldking.store\/nb\/wp-json\/wp\/v2\/product\/39116","targetHints":{"allow":["GET"]}}],"collection":[{"href":"https:\/\/mouldking.store\/nb\/wp-json\/wp\/v2\/product"}],"about":[{"href":"https:\/\/mouldking.store\/nb\/wp-json\/wp\/v2\/types\/product"}],"replies":[{"embeddable":true,"href":"https:\/\/mouldking.store\/nb\/wp-json\/wp\/v2\/comments?post=39116"}],"wp:featuredmedia":[{"embeddable":true,"href":"https:\/\/mouldking.store\/nb\/wp-json\/wp\/v2\/media\/39117"}],"wp:attachment":[{"href":"https:\/\/mouldking.store\/nb\/wp-json\/wp\/v2\/media?parent=39116"}],"wp:term":[{"taxonomy":"product_cat","embeddable":true,"href":"https:\/\/mouldking.store\/nb\/wp-json\/wp\/v2\/product_cat?post=39116"},{"taxonomy":"product_tag","embeddable":true,"href":"https:\/\/mouldking.store\/nb\/wp-json\/wp\/v2\/product_tag?post=39116"}],"curies":[{"name":"wp","href":"https:\/\/api.w.org\/{rel}","templated":true}]}}