{"id":39241,"date":"2023-01-03T11:39:22","date_gmt":"2023-01-03T04:39:22","guid":{"rendered":"https:\/\/mouldking.store\/?post_type=product&#038;p=39241"},"modified":"2025-12-25T09:11:54","modified_gmt":"2025-12-25T02:11:54","slug":"moc-89515-neuschwanstein-replica-castle-architecture-with-57139pcs","status":"publish","type":"product","link":"https:\/\/mouldking.store\/nb\/shop\/moc-89515-neuschwanstein-replica-castle-architecture-with-57139pcs\/","title":{"rendered":"MOC-89515 Neuschwanstein Replica Castle Architecture With 57139PCS"},"content":{"rendered":"<ol>\n<li>Merke: MOC<\/li>\n<li>Kj\u00f8nn: Unisex<\/li>\n<li>Name: Neuschwanstein Replica Castle Architecture<\/li>\n<li>Aldersgruppe: &gt; 6 \u00e5r gammel<\/li>\n<li>Model Number: 89515<\/li>\n<li>Klassifisering: Montering<\/li>\n<li>Plastblokkform: Selvl\u00e5sende murstein<\/li>\n<li>Materiale: Plast<\/li>\n<li>Plasttype: ABS<\/li>\n<li>Bricks Blocks:57139PCS<\/li>\n<li>Inneholder detaljerte monteringsanvisninger.<\/li>\n<\/ol>\n<p>Legge merke til:<br \/>\n1. Uten original eske, men vi garanterer at v\u00e5re produkter har kvalitetssikring og pen emballasje.<br \/>\n2. Som alle delene vi har sjekket f\u00f8r frakt, s\u00e5 hvis du finner noen deler savnet eller skadet, ikke bekymre deg og bare kontakt oss, s\u00e5 kan vi sende dem til deg p\u00e5 nytt umiddelbart gratis.<\/p>\n<figure id=\"attachment_39242\" aria-describedby=\"caption-attachment-39242\" style=\"width: 1004px\" class=\"wp-caption aligncenter\"><img fetchpriority=\"high\" decoding=\"async\" class=\"wp-image-39242 size-full\" src=\"https:\/\/mouldking.store\/wp-content\/uploads\/2023\/01\/MOC-89515-Modular-Building-Neuschwanstein-Replica-Castle-Architecture-MOC-FACTORY.png\" alt=\"MOC-89515 Neuschwanstein Replica Castle Architecture With 57139PCS \" width=\"1004\" height=\"1004\" title=\"-\"><figcaption id=\"caption-attachment-39242\" class=\"wp-caption-text\">MOC-89515 Neuschwanstein Replica Castle Architecture With 57139PCS<\/figcaption><\/figure>\n<figure id=\"attachment_39243\" aria-describedby=\"caption-attachment-39243\" style=\"width: 1000px\" class=\"wp-caption aligncenter\"><img decoding=\"async\" class=\"wp-image-39243 size-full\" src=\"https:\/\/mouldking.store\/wp-content\/uploads\/2023\/01\/Neuschwanstein-Replica-Castle-Architecture-MOC-89515-2.png\" alt=\"MOC-89515 Neuschwanstein Replica Castle Architecture With 57139PCS \" width=\"1000\" height=\"1000\" title=\"-\"><figcaption id=\"caption-attachment-39243\" class=\"wp-caption-text\">MOC-89515 Neuschwanstein Replica Castle Architecture With 57139PCS<\/figcaption><\/figure>\n<figure id=\"attachment_39244\" aria-describedby=\"caption-attachment-39244\" style=\"width: 1000px\" class=\"wp-caption aligncenter\"><img decoding=\"async\" class=\"wp-image-39244 size-full\" src=\"https:\/\/mouldking.store\/wp-content\/uploads\/2023\/01\/Neuschwanstein-Replica-Castle-Architecture-MOC-89515-1.png\" alt=\"MOC-89515 Neuschwanstein Replica Castle Architecture With 57139PCS \" width=\"1000\" height=\"1000\" title=\"-\"><figcaption id=\"caption-attachment-39244\" class=\"wp-caption-text\">MOC-89515 Neuschwanstein Replica Castle Architecture With 57139PCS<\/figcaption><\/figure>","protected":false},"excerpt":{"rendered":"<p>Byggeveiledning i pdf<\/p>\n<p>Uten originaleske<\/p>\n<p>Tidsbestemt: 4-8 uker<\/p>","protected":false},"featured_media":39242,"comment_status":"closed","ping_status":"closed","template":"","meta":{"_acf_changed":false},"product_cat":[390],"product_tag":[787,10562,430,10559,10564,10558,2876,10561,10563,10560],"class_list":["product","first","instock","shipping-taxable","purchasable","product-type-simple"],"acf":[],"_links":{"self":[{"href":"https:\/\/mouldking.store\/nb\/wp-json\/wp\/v2\/product\/39241","targetHints":{"allow":["GET"]}}],"collection":[{"href":"https:\/\/mouldking.store\/nb\/wp-json\/wp\/v2\/product"}],"about":[{"href":"https:\/\/mouldking.store\/nb\/wp-json\/wp\/v2\/types\/product"}],"replies":[{"embeddable":true,"href":"https:\/\/mouldking.store\/nb\/wp-json\/wp\/v2\/comments?post=39241"}],"wp:featuredmedia":[{"embeddable":true,"href":"https:\/\/mouldking.store\/nb\/wp-json\/wp\/v2\/media\/39242"}],"wp:attachment":[{"href":"https:\/\/mouldking.store\/nb\/wp-json\/wp\/v2\/media?parent=39241"}],"wp:term":[{"taxonomy":"product_cat","embeddable":true,"href":"https:\/\/mouldking.store\/nb\/wp-json\/wp\/v2\/product_cat?post=39241"},{"taxonomy":"product_tag","embeddable":true,"href":"https:\/\/mouldking.store\/nb\/wp-json\/wp\/v2\/product_tag?post=39241"}],"curies":[{"name":"wp","href":"https:\/\/api.w.org\/{rel}","templated":true}]}}