{"id":39248,"date":"2023-01-03T11:57:53","date_gmt":"2023-01-03T04:57:53","guid":{"rendered":"https:\/\/mouldking.store\/?post_type=product&#038;p=39248"},"modified":"2025-12-25T09:11:54","modified_gmt":"2025-12-25T02:11:54","slug":"moc-64235-the-seven-rings-part-a-with-99538-pieces","status":"publish","type":"product","link":"https:\/\/mouldking.store\/nb\/shop\/moc-64235-the-seven-rings-part-a-with-99538-pieces\/","title":{"rendered":"MOC-64235 De syv ringene \u2013 del A med 99538 deler"},"content":{"rendered":"<ol>\n<li>Merke: MOC<\/li>\n<li>Kj\u00f8nn: Unisex<\/li>\n<li>Navn: De syv ringene \u2013 del A<\/li>\n<li>Aldersgruppe: &gt; 6 \u00e5r gammel<\/li>\n<li>Modellnummer: 64235<\/li>\n<li>Klassifisering: Montering<\/li>\n<li>Plastblokkform: Selvl\u00e5sende murstein<\/li>\n<li>Materiale: Plast<\/li>\n<li>Plasttype: ABS<\/li>\n<li>Mursteinsblokker:99538 STK<\/li>\n<li>Dimensjoner<strong>:<\/strong>\u00a0B: 231,8cm L: 116,7cm H: 131,2cm<\/li>\n<li>Inneholder detaljerte monteringsanvisninger.<\/li>\n<\/ol>\n<p>Legge merke til:<br \/>\n1. Uten original eske, men vi garanterer at v\u00e5re produkter har kvalitetssikring og pen emballasje.<br \/>\n2. Som alle delene vi har sjekket f\u00f8r frakt, s\u00e5 hvis du finner noen deler savnet eller skadet, ikke bekymre deg og bare kontakt oss, s\u00e5 kan vi sende dem til deg p\u00e5 nytt umiddelbart gratis.<\/p>\n<figure id=\"attachment_39249\" aria-describedby=\"caption-attachment-39249\" style=\"width: 1004px\" class=\"wp-caption aligncenter\"><img fetchpriority=\"high\" decoding=\"async\" class=\"wp-image-39249 size-full\" src=\"https:\/\/mouldking.store\/wp-content\/uploads\/2023\/01\/MOC-64235-Modular-Building-The-Seven-Rings-\u2013-Part-A-MOC-FACTORY.png\" alt=\"MOC-64235 The Seven Rings \u2013 Part A With 99538 Pieces\" width=\"1004\" height=\"1004\" title=\"-\"><figcaption id=\"caption-attachment-39249\" class=\"wp-caption-text\">MOC-64235 De syv ringene \u2013 del A med 99538 deler<\/figcaption><\/figure>\n<figure id=\"attachment_39250\" aria-describedby=\"caption-attachment-39250\" style=\"width: 1000px\" class=\"wp-caption aligncenter\"><img decoding=\"async\" class=\"wp-image-39250 size-full\" src=\"https:\/\/mouldking.store\/wp-content\/uploads\/2023\/01\/The-Seven-Rings-Part-A-MOC-64235-2.png\" alt=\"MOC-64235 The Seven Rings \u2013 Part A With 99538 Pieces\" width=\"1000\" height=\"1000\" title=\"-\"><figcaption id=\"caption-attachment-39250\" class=\"wp-caption-text\">MOC-64235 De syv ringene \u2013 del A med 99538 deler<\/figcaption><\/figure>\n<figure id=\"attachment_39251\" aria-describedby=\"caption-attachment-39251\" style=\"width: 1000px\" class=\"wp-caption aligncenter\"><img decoding=\"async\" class=\"wp-image-39251 size-full\" src=\"https:\/\/mouldking.store\/wp-content\/uploads\/2023\/01\/The-Seven-Rings-Part-A-MOC-64235-3.png\" alt=\"MOC-64235 The Seven Rings \u2013 Part A With 99538 Pieces\" width=\"1000\" height=\"1000\" title=\"-\"><figcaption id=\"caption-attachment-39251\" class=\"wp-caption-text\">MOC-64235 De syv ringene \u2013 del A med 99538 deler<\/figcaption><\/figure>\n<figure id=\"attachment_39252\" aria-describedby=\"caption-attachment-39252\" style=\"width: 1000px\" class=\"wp-caption aligncenter\"><img loading=\"lazy\" decoding=\"async\" class=\"wp-image-39252 size-full\" src=\"https:\/\/mouldking.store\/wp-content\/uploads\/2023\/01\/The-Seven-Rings-Part-A-MOC-64235-4.png\" alt=\"MOC-64235 The Seven Rings \u2013 Part A With 99538 Pieces\" width=\"1000\" height=\"1000\" title=\"-\"><figcaption id=\"caption-attachment-39252\" class=\"wp-caption-text\">MOC-64235 De syv ringene \u2013 del A med 99538 deler<\/figcaption><\/figure>","protected":false},"excerpt":{"rendered":"<p>Uten originaleske<\/p>\n<p>Tidsbestemt: 4-8 uker<\/p>","protected":false},"featured_media":39249,"comment_status":"closed","ping_status":"closed","template":"","meta":{"_acf_changed":false},"product_cat":[1395,390],"product_tag":[430,10570,10574,10569,10572,10571,10573],"class_list":["product","first","instock","shipping-taxable","purchasable","product-type-simple"],"acf":[],"_links":{"self":[{"href":"https:\/\/mouldking.store\/nb\/wp-json\/wp\/v2\/product\/39248","targetHints":{"allow":["GET"]}}],"collection":[{"href":"https:\/\/mouldking.store\/nb\/wp-json\/wp\/v2\/product"}],"about":[{"href":"https:\/\/mouldking.store\/nb\/wp-json\/wp\/v2\/types\/product"}],"replies":[{"embeddable":true,"href":"https:\/\/mouldking.store\/nb\/wp-json\/wp\/v2\/comments?post=39248"}],"wp:featuredmedia":[{"embeddable":true,"href":"https:\/\/mouldking.store\/nb\/wp-json\/wp\/v2\/media\/39249"}],"wp:attachment":[{"href":"https:\/\/mouldking.store\/nb\/wp-json\/wp\/v2\/media?parent=39248"}],"wp:term":[{"taxonomy":"product_cat","embeddable":true,"href":"https:\/\/mouldking.store\/nb\/wp-json\/wp\/v2\/product_cat?post=39248"},{"taxonomy":"product_tag","embeddable":true,"href":"https:\/\/mouldking.store\/nb\/wp-json\/wp\/v2\/product_tag?post=39248"}],"curies":[{"name":"wp","href":"https:\/\/api.w.org\/{rel}","templated":true}]}}