{"id":39259,"date":"2023-01-03T12:15:13","date_gmt":"2023-01-03T05:15:13","guid":{"rendered":"https:\/\/mouldking.store\/?post_type=product&#038;p=39259"},"modified":"2025-12-25T09:11:54","modified_gmt":"2025-12-25T02:11:54","slug":"moc-122847-1-4-potion-classroom-with-1084-pieces","status":"publish","type":"product","link":"https:\/\/mouldking.store\/nb\/shop\/moc-122847-1-4-potion-classroom-with-1084-pieces\/","title":{"rendered":"MOC-122847 1\/4 potion klasserom med 1084 deler"},"content":{"rendered":"<ol>\n<li>Merke: MOC<\/li>\n<li>Kj\u00f8nn: Unisex<\/li>\n<li>Name: 1\/4 Potion Classroom<\/li>\n<li>Aldersgruppe: &gt; 6 \u00e5r gammel<\/li>\n<li>Model Number: 122847<\/li>\n<li>Klassifisering: Montering<\/li>\n<li>Plastblokkform: Selvl\u00e5sende murstein<\/li>\n<li>Materiale: Plast<\/li>\n<li>Plasttype: ABS<\/li>\n<li>Bricks Blocks:1084 PCS<\/li>\n<li>Inneholder detaljerte monteringsanvisninger.<\/li>\n<\/ol>\n<p>Legge merke til:<br \/>\n1. Uten original eske, men vi garanterer at v\u00e5re produkter har kvalitetssikring og pen emballasje.<br \/>\n2. Som alle delene vi har sjekket f\u00f8r frakt, s\u00e5 hvis du finner noen deler savnet eller skadet, ikke bekymre deg og bare kontakt oss, s\u00e5 kan vi sende dem til deg p\u00e5 nytt umiddelbart gratis.<\/p>\n<figure id=\"attachment_39260\" aria-describedby=\"caption-attachment-39260\" style=\"width: 1004px\" class=\"wp-caption aligncenter\"><img fetchpriority=\"high\" decoding=\"async\" class=\"wp-image-39260 size-full\" src=\"https:\/\/mouldking.store\/wp-content\/uploads\/2023\/01\/MOC-122847-Movie-14-Potion-Classroom-MOC-FACTORY.png\" alt=\"MOC-122847 1\/4 Potion Classroom With 1084 Pieces\" width=\"1004\" height=\"1004\" title=\"-\"><figcaption id=\"caption-attachment-39260\" class=\"wp-caption-text\">MOC-122847 1\/4 potion klasserom med 1084 deler<\/figcaption><\/figure>\n<figure id=\"attachment_39261\" aria-describedby=\"caption-attachment-39261\" style=\"width: 683px\" class=\"wp-caption aligncenter\"><img decoding=\"async\" class=\"wp-image-39261 size-full\" src=\"https:\/\/mouldking.store\/wp-content\/uploads\/2023\/01\/14-Potion-Classroom-MOC-122847-2.png\" alt=\"MOC-122847 1\/4 Potion Classroom With 1084 Pieces\" width=\"683\" height=\"501\" title=\"-\"><figcaption id=\"caption-attachment-39261\" class=\"wp-caption-text\">MOC-122847 1\/4 potion klasserom med 1084 deler<\/figcaption><\/figure>\n<figure id=\"attachment_39262\" aria-describedby=\"caption-attachment-39262\" style=\"width: 683px\" class=\"wp-caption aligncenter\"><img decoding=\"async\" class=\"wp-image-39262 size-full\" src=\"https:\/\/mouldking.store\/wp-content\/uploads\/2023\/01\/14-Potion-Classroom-MOC-122847-3.png\" alt=\"MOC-122847 1\/4 Potion Classroom With 1084 Pieces\" width=\"683\" height=\"501\" title=\"-\"><figcaption id=\"caption-attachment-39262\" class=\"wp-caption-text\">MOC-122847 1\/4 potion klasserom med 1084 deler<\/figcaption><\/figure>\n<figure id=\"attachment_39263\" aria-describedby=\"caption-attachment-39263\" style=\"width: 683px\" class=\"wp-caption aligncenter\"><img loading=\"lazy\" decoding=\"async\" class=\"wp-image-39263 size-full\" src=\"https:\/\/mouldking.store\/wp-content\/uploads\/2023\/01\/14-Potion-Classroom-MOC-122847-4.png\" alt=\"MOC-122847 1\/4 Potion Classroom With 1084 Pieces\" width=\"683\" height=\"501\" title=\"-\"><figcaption id=\"caption-attachment-39263\" class=\"wp-caption-text\">MOC-122847 1\/4 potion klasserom med 1084 deler<\/figcaption><\/figure>","protected":false},"excerpt":{"rendered":"<p>Byggeveiledning i pdf<\/p>\n<p>Uten originaleske<\/p>\n<p>Tidsbestemt: 4-8 uker<\/p>","protected":false},"featured_media":39260,"comment_status":"closed","ping_status":"closed","template":"","meta":{"_acf_changed":false},"product_cat":[1406,581],"product_tag":[10583,10587,10585,430,10582,10588,10581,10584,10586],"class_list":["product","first","instock","shipping-taxable","purchasable","product-type-simple"],"acf":[],"_links":{"self":[{"href":"https:\/\/mouldking.store\/nb\/wp-json\/wp\/v2\/product\/39259","targetHints":{"allow":["GET"]}}],"collection":[{"href":"https:\/\/mouldking.store\/nb\/wp-json\/wp\/v2\/product"}],"about":[{"href":"https:\/\/mouldking.store\/nb\/wp-json\/wp\/v2\/types\/product"}],"replies":[{"embeddable":true,"href":"https:\/\/mouldking.store\/nb\/wp-json\/wp\/v2\/comments?post=39259"}],"wp:featuredmedia":[{"embeddable":true,"href":"https:\/\/mouldking.store\/nb\/wp-json\/wp\/v2\/media\/39260"}],"wp:attachment":[{"href":"https:\/\/mouldking.store\/nb\/wp-json\/wp\/v2\/media?parent=39259"}],"wp:term":[{"taxonomy":"product_cat","embeddable":true,"href":"https:\/\/mouldking.store\/nb\/wp-json\/wp\/v2\/product_cat?post=39259"},{"taxonomy":"product_tag","embeddable":true,"href":"https:\/\/mouldking.store\/nb\/wp-json\/wp\/v2\/product_tag?post=39259"}],"curies":[{"name":"wp","href":"https:\/\/api.w.org\/{rel}","templated":true}]}}