{"id":39264,"date":"2023-01-03T12:22:42","date_gmt":"2023-01-03T05:22:42","guid":{"rendered":"https:\/\/mouldking.store\/?post_type=product&#038;p=39264"},"modified":"2025-12-25T09:11:54","modified_gmt":"2025-12-25T02:11:54","slug":"moc-122859-2-4-hufflepuf-common-room-with-751-pieces","status":"publish","type":"product","link":"https:\/\/mouldking.store\/nb\/shop\/moc-122859-2-4-hufflepuf-common-room-with-751-pieces\/","title":{"rendered":"MOC-122859 2\/4 Hufflepuf* fellesrom med 751 deler"},"content":{"rendered":"<ol>\n<li>Merke: MOC<\/li>\n<li>Kj\u00f8nn: Unisex<\/li>\n<li>Name: 2\/4 Hufflepuf* Common Room<\/li>\n<li>Aldersgruppe: &gt; 6 \u00e5r gammel<\/li>\n<li>Model Number: 122859<\/li>\n<li>Klassifisering: Montering<\/li>\n<li>Plastblokkform: Selvl\u00e5sende murstein<\/li>\n<li>Materiale: Plast<\/li>\n<li>Plasttype: ABS<\/li>\n<li>Bricks Blocks:751 PCS<\/li>\n<li>Inneholder detaljerte monteringsanvisninger.<\/li>\n<\/ol>\n<p>Legge merke til:<br \/>\n1. Uten original eske, men vi garanterer at v\u00e5re produkter har kvalitetssikring og pen emballasje.<br \/>\n2. Som alle delene vi har sjekket f\u00f8r frakt, s\u00e5 hvis du finner noen deler savnet eller skadet, ikke bekymre deg og bare kontakt oss, s\u00e5 kan vi sende dem til deg p\u00e5 nytt umiddelbart gratis.<\/p>\n<figure id=\"attachment_39265\" aria-describedby=\"caption-attachment-39265\" style=\"width: 1004px\" class=\"wp-caption aligncenter\"><img fetchpriority=\"high\" decoding=\"async\" class=\"wp-image-39265 size-full\" src=\"https:\/\/mouldking.store\/wp-content\/uploads\/2023\/01\/MOC-122859-Movie-24-Hufflepuf-Common-Room-MOC-FACTORY.png\" alt=\"MOC-122859 2\/4 Hufflepuf* Common Room With 751 Pieces\" width=\"1004\" height=\"1004\" title=\"-\"><figcaption id=\"caption-attachment-39265\" class=\"wp-caption-text\">MOC-122859 2\/4 Hufflepuf* fellesrom med 751 deler<\/figcaption><\/figure>\n<figure id=\"attachment_39266\" aria-describedby=\"caption-attachment-39266\" style=\"width: 800px\" class=\"wp-caption aligncenter\"><img decoding=\"async\" class=\"wp-image-39266 size-full\" src=\"https:\/\/mouldking.store\/wp-content\/uploads\/2023\/01\/24-Hufflepuf-Common-Room-MOC-122859-2.png\" alt=\"MOC-122859 2\/4 Hufflepuf* Common Room With 751 Pieces\" width=\"800\" height=\"600\" title=\"-\"><figcaption id=\"caption-attachment-39266\" class=\"wp-caption-text\">MOC-122859 2\/4 Hufflepuf* fellesrom med 751 deler<\/figcaption><\/figure>\n<figure id=\"attachment_39267\" aria-describedby=\"caption-attachment-39267\" style=\"width: 800px\" class=\"wp-caption aligncenter\"><img decoding=\"async\" class=\"wp-image-39267 size-full\" src=\"https:\/\/mouldking.store\/wp-content\/uploads\/2023\/01\/24-Hufflepuf-Common-Room-MOC-122859-3.png\" alt=\"MOC-122859 2\/4 Hufflepuf* Common Room With 751 Pieces\" width=\"800\" height=\"600\" title=\"-\"><figcaption id=\"caption-attachment-39267\" class=\"wp-caption-text\">MOC-122859 2\/4 Hufflepuf* fellesrom med 751 deler<\/figcaption><\/figure>\n<figure id=\"attachment_39268\" aria-describedby=\"caption-attachment-39268\" style=\"width: 1000px\" class=\"wp-caption aligncenter\"><img loading=\"lazy\" decoding=\"async\" class=\"wp-image-39268 size-full\" src=\"https:\/\/mouldking.store\/wp-content\/uploads\/2023\/01\/24-Hufflepuf-Common-Room-MOC-122859-4.png\" alt=\"MOC-122859 2\/4 Hufflepuf* Common Room With 751 Pieces\" width=\"1000\" height=\"750\" title=\"-\"><figcaption id=\"caption-attachment-39268\" class=\"wp-caption-text\">MOC-122859 2\/4 Hufflepuf* fellesrom med 751 deler<\/figcaption><\/figure>","protected":false},"excerpt":{"rendered":"<p>Byggeveiledning i pdf<\/p>\n<p>Uten originaleske<\/p>\n<p>Tidsbestemt: 4-8 uker<\/p>","protected":false},"featured_media":39265,"comment_status":"closed","ping_status":"closed","template":"","meta":{"_acf_changed":false},"product_cat":[581],"product_tag":[10591,10596,10593,10594,10592,10595,430,10590,10597,10589,6442],"class_list":["product","first","instock","shipping-taxable","purchasable","product-type-simple"],"acf":[],"_links":{"self":[{"href":"https:\/\/mouldking.store\/nb\/wp-json\/wp\/v2\/product\/39264","targetHints":{"allow":["GET"]}}],"collection":[{"href":"https:\/\/mouldking.store\/nb\/wp-json\/wp\/v2\/product"}],"about":[{"href":"https:\/\/mouldking.store\/nb\/wp-json\/wp\/v2\/types\/product"}],"replies":[{"embeddable":true,"href":"https:\/\/mouldking.store\/nb\/wp-json\/wp\/v2\/comments?post=39264"}],"wp:featuredmedia":[{"embeddable":true,"href":"https:\/\/mouldking.store\/nb\/wp-json\/wp\/v2\/media\/39265"}],"wp:attachment":[{"href":"https:\/\/mouldking.store\/nb\/wp-json\/wp\/v2\/media?parent=39264"}],"wp:term":[{"taxonomy":"product_cat","embeddable":true,"href":"https:\/\/mouldking.store\/nb\/wp-json\/wp\/v2\/product_cat?post=39264"},{"taxonomy":"product_tag","embeddable":true,"href":"https:\/\/mouldking.store\/nb\/wp-json\/wp\/v2\/product_tag?post=39264"}],"curies":[{"name":"wp","href":"https:\/\/api.w.org\/{rel}","templated":true}]}}