{"id":39269,"date":"2023-01-03T12:29:26","date_gmt":"2023-01-03T05:29:26","guid":{"rendered":"https:\/\/mouldking.store\/?post_type=product&#038;p=39269"},"modified":"2025-12-25T09:11:54","modified_gmt":"2025-12-25T02:11:54","slug":"moc-122948-3-4-dumbledores-office-with-622-pieces","status":"publish","type":"product","link":"https:\/\/mouldking.store\/nb\/shop\/moc-122948-3-4-dumbledores-office-with-622-pieces\/","title":{"rendered":"MOC-122948 3\/4 Humlesnurr kontor med 622 deler"},"content":{"rendered":"<ol>\n<li>Merke: MOC<\/li>\n<li>Kj\u00f8nn: Unisex<\/li>\n<li>Name: 3\/4 Dumbledore\u2019s Office<\/li>\n<li>Aldersgruppe: &gt; 6 \u00e5r gammel<\/li>\n<li>Model Number: 122948<\/li>\n<li>Klassifisering: Montering<\/li>\n<li>Plastblokkform: Selvl\u00e5sende murstein<\/li>\n<li>Materiale: Plast<\/li>\n<li>Plasttype: ABS<\/li>\n<li>Bricks Blocks:622 PCS<\/li>\n<li>Inneholder detaljerte monteringsanvisninger.<\/li>\n<\/ol>\n<p>Legge merke til:<br \/>\n1. Uten original eske, men vi garanterer at v\u00e5re produkter har kvalitetssikring og pen emballasje.<br \/>\n2. Som alle delene vi har sjekket f\u00f8r frakt, s\u00e5 hvis du finner noen deler savnet eller skadet, ikke bekymre deg og bare kontakt oss, s\u00e5 kan vi sende dem til deg p\u00e5 nytt umiddelbart gratis.<\/p>\n<figure id=\"attachment_39270\" aria-describedby=\"caption-attachment-39270\" style=\"width: 1004px\" class=\"wp-caption aligncenter\"><img fetchpriority=\"high\" decoding=\"async\" class=\"wp-image-39270 size-full\" src=\"https:\/\/mouldking.store\/wp-content\/uploads\/2023\/01\/MOC-122948-Movie-34-Dumbledores-Office-MOC-FACTORY.png\" alt=\"MOC-122948 3\/4 Dumbledore\u2019s Office With 622 Pieces\" width=\"1004\" height=\"1004\" title=\"-\"><figcaption id=\"caption-attachment-39270\" class=\"wp-caption-text\">MOC-122948 3\/4 Humlesnurr kontor med 622 deler<\/figcaption><\/figure>\n<figure id=\"attachment_39271\" aria-describedby=\"caption-attachment-39271\" style=\"width: 800px\" class=\"wp-caption aligncenter\"><img decoding=\"async\" class=\"wp-image-39271 size-full\" src=\"https:\/\/mouldking.store\/wp-content\/uploads\/2023\/01\/34-Dumbledores-Office-MOC-122948-2.png\" alt=\"MOC-122948 3\/4 Dumbledore\u2019s Office With 622 Pieces\" width=\"800\" height=\"600\" title=\"-\"><figcaption id=\"caption-attachment-39271\" class=\"wp-caption-text\">MOC-122948 3\/4 Humlesnurr kontor med 622 deler<\/figcaption><\/figure>\n<figure id=\"attachment_39272\" aria-describedby=\"caption-attachment-39272\" style=\"width: 800px\" class=\"wp-caption aligncenter\"><img decoding=\"async\" class=\"wp-image-39272 size-full\" src=\"https:\/\/mouldking.store\/wp-content\/uploads\/2023\/01\/34-Dumbledores-Office-MOC-122948-3.png\" alt=\"MOC-122948 3\/4 Dumbledore\u2019s Office With 622 Pieces\" width=\"800\" height=\"600\" title=\"-\"><figcaption id=\"caption-attachment-39272\" class=\"wp-caption-text\">MOC-122948 3\/4 Humlesnurr kontor med 622 deler<\/figcaption><\/figure>\n<figure id=\"attachment_39273\" aria-describedby=\"caption-attachment-39273\" style=\"width: 800px\" class=\"wp-caption aligncenter\"><img loading=\"lazy\" decoding=\"async\" class=\"wp-image-39273 size-full\" src=\"https:\/\/mouldking.store\/wp-content\/uploads\/2023\/01\/34-Dumbledores-Office-MOC-122948-4.png\" alt=\"MOC-122948 3\/4 Dumbledore\u2019s Office With 622 Pieces\" width=\"800\" height=\"600\" title=\"-\"><figcaption id=\"caption-attachment-39273\" class=\"wp-caption-text\">MOC-122948 3\/4 Humlesnurr kontor med 622 deler<\/figcaption><\/figure>","protected":false},"excerpt":{"rendered":"<p>Byggeveiledning i pdf<\/p>\n<p>Uten originaleske<\/p>\n<p>Tidsbestemt: 4-8 uker<\/p>","protected":false},"featured_media":39270,"comment_status":"closed","ping_status":"closed","template":"","meta":{"_acf_changed":false},"product_cat":[390,581],"product_tag":[10600,10604,10601,10603,430,10599,10605,10598,10602],"class_list":["product","first","instock","shipping-taxable","purchasable","product-type-simple"],"acf":[],"_links":{"self":[{"href":"https:\/\/mouldking.store\/nb\/wp-json\/wp\/v2\/product\/39269","targetHints":{"allow":["GET"]}}],"collection":[{"href":"https:\/\/mouldking.store\/nb\/wp-json\/wp\/v2\/product"}],"about":[{"href":"https:\/\/mouldking.store\/nb\/wp-json\/wp\/v2\/types\/product"}],"replies":[{"embeddable":true,"href":"https:\/\/mouldking.store\/nb\/wp-json\/wp\/v2\/comments?post=39269"}],"wp:featuredmedia":[{"embeddable":true,"href":"https:\/\/mouldking.store\/nb\/wp-json\/wp\/v2\/media\/39270"}],"wp:attachment":[{"href":"https:\/\/mouldking.store\/nb\/wp-json\/wp\/v2\/media?parent=39269"}],"wp:term":[{"taxonomy":"product_cat","embeddable":true,"href":"https:\/\/mouldking.store\/nb\/wp-json\/wp\/v2\/product_cat?post=39269"},{"taxonomy":"product_tag","embeddable":true,"href":"https:\/\/mouldking.store\/nb\/wp-json\/wp\/v2\/product_tag?post=39269"}],"curies":[{"name":"wp","href":"https:\/\/api.w.org\/{rel}","templated":true}]}}