{"id":39275,"date":"2023-01-03T14:15:45","date_gmt":"2023-01-03T07:15:45","guid":{"rendered":"https:\/\/mouldking.store\/?post_type=product&#038;p=39275"},"modified":"2025-12-25T09:11:53","modified_gmt":"2025-12-25T02:11:53","slug":"moc-124887-4-4-divination-classroom-with-672-pieces","status":"publish","type":"product","link":"https:\/\/mouldking.store\/nb\/shop\/moc-124887-4-4-divination-classroom-with-672-pieces\/","title":{"rendered":"MOC-124887 4\/4 sp\u00e5domsklasserom med 672 deler"},"content":{"rendered":"<ol>\n<li>Merke: MOC<\/li>\n<li>Kj\u00f8nn: Unisex<\/li>\n<li>Navn: 4\/4 Divination Classroom<\/li>\n<li>Aldersgruppe: &gt; 6 \u00e5r gammel<\/li>\n<li>Modellnummer: 124887<\/li>\n<li>Klassifisering: Montering<\/li>\n<li>Plastblokkform: Selvl\u00e5sende murstein<\/li>\n<li>Materiale: Plast<\/li>\n<li>Plasttype: ABS<\/li>\n<li>Mursteinblokker:672 STK<\/li>\n<li>Inneholder detaljerte monteringsanvisninger.<\/li>\n<\/ol>\n<p>Legge merke til:<br \/>\n1. Uten original eske, men vi garanterer at v\u00e5re produkter har kvalitetssikring og pen emballasje.<br \/>\n2. Som alle delene vi har sjekket f\u00f8r frakt, s\u00e5 hvis du finner noen deler savnet eller skadet, ikke bekymre deg og bare kontakt oss, s\u00e5 kan vi sende dem til deg p\u00e5 nytt umiddelbart gratis.<\/p>\n<figure id=\"attachment_39276\" aria-describedby=\"caption-attachment-39276\" style=\"width: 1004px\" class=\"wp-caption aligncenter\"><img fetchpriority=\"high\" decoding=\"async\" class=\"wp-image-39276 size-full\" src=\"https:\/\/mouldking.store\/wp-content\/uploads\/2023\/01\/MOC-124887-Movie-44-Divination-Classroom-MOC-FACTORY.png\" alt=\"MOC-124887 4\/4 Divination Classroom With 672 Pieces\" width=\"1004\" height=\"1004\" title=\"-\"><figcaption id=\"caption-attachment-39276\" class=\"wp-caption-text\">MOC-124887 4\/4 sp\u00e5domsklasserom med 672 deler<\/figcaption><\/figure>\n<figure id=\"attachment_39277\" aria-describedby=\"caption-attachment-39277\" style=\"width: 1000px\" class=\"wp-caption aligncenter\"><img decoding=\"async\" class=\"wp-image-39277 size-full\" src=\"https:\/\/mouldking.store\/wp-content\/uploads\/2023\/01\/44-Divination-Classroom-MOC-124887-2.png\" alt=\"MOC-124887 4\/4 Divination Classroom With 672 Pieces\" width=\"1000\" height=\"750\" title=\"-\"><figcaption id=\"caption-attachment-39277\" class=\"wp-caption-text\">MOC-124887 4\/4 sp\u00e5domsklasserom med 672 deler<\/figcaption><\/figure>\n<figure id=\"attachment_39278\" aria-describedby=\"caption-attachment-39278\" style=\"width: 800px\" class=\"wp-caption aligncenter\"><img decoding=\"async\" class=\"wp-image-39278 size-full\" src=\"https:\/\/mouldking.store\/wp-content\/uploads\/2023\/01\/44-Divination-Classroom-MOC-124887-3.png\" alt=\"MOC-124887 4\/4 Divination Classroom With 672 Pieces\" width=\"800\" height=\"600\" title=\"-\"><figcaption id=\"caption-attachment-39278\" class=\"wp-caption-text\">MOC-124887 4\/4 sp\u00e5domsklasserom med 672 deler<\/figcaption><\/figure>\n<figure id=\"attachment_39279\" aria-describedby=\"caption-attachment-39279\" style=\"width: 800px\" class=\"wp-caption aligncenter\"><img loading=\"lazy\" decoding=\"async\" class=\"wp-image-39279 size-full\" src=\"https:\/\/mouldking.store\/wp-content\/uploads\/2023\/01\/44-Divination-Classroom-MOC-124887-4.png\" alt=\"MOC-124887 4\/4 Divination Classroom With 672 Pieces\" width=\"800\" height=\"600\" title=\"-\"><figcaption id=\"caption-attachment-39279\" class=\"wp-caption-text\">MOC-124887 4\/4 sp\u00e5domsklasserom med 672 deler<\/figcaption><\/figure>\n<figure id=\"attachment_39280\" aria-describedby=\"caption-attachment-39280\" style=\"width: 800px\" class=\"wp-caption aligncenter\"><img loading=\"lazy\" decoding=\"async\" class=\"wp-image-39280 size-full\" src=\"https:\/\/mouldking.store\/wp-content\/uploads\/2023\/01\/44-Divination-Classroom-MOC-124887-5.png\" alt=\"MOC-124887 4\/4 Divination Classroom With 672 Pieces\" width=\"800\" height=\"600\" title=\"-\"><figcaption id=\"caption-attachment-39280\" class=\"wp-caption-text\">MOC-124887 4\/4 sp\u00e5domsklasserom med 672 deler<\/figcaption><\/figure>","protected":false},"excerpt":{"rendered":"<p>Byggeveiledning i pdf<\/p>\n<p>Uten originaleske<\/p>\n<p>Tidsbestemt: 4-8 uker<\/p>","protected":false},"featured_media":39276,"comment_status":"closed","ping_status":"closed","template":"","meta":{"_acf_changed":false},"product_cat":[581,1408],"product_tag":[10608,10611,10585,10609,10610,430,10607,10612,10606],"class_list":["product","first","instock","shipping-taxable","purchasable","product-type-simple"],"acf":[],"_links":{"self":[{"href":"https:\/\/mouldking.store\/nb\/wp-json\/wp\/v2\/product\/39275","targetHints":{"allow":["GET"]}}],"collection":[{"href":"https:\/\/mouldking.store\/nb\/wp-json\/wp\/v2\/product"}],"about":[{"href":"https:\/\/mouldking.store\/nb\/wp-json\/wp\/v2\/types\/product"}],"replies":[{"embeddable":true,"href":"https:\/\/mouldking.store\/nb\/wp-json\/wp\/v2\/comments?post=39275"}],"wp:featuredmedia":[{"embeddable":true,"href":"https:\/\/mouldking.store\/nb\/wp-json\/wp\/v2\/media\/39276"}],"wp:attachment":[{"href":"https:\/\/mouldking.store\/nb\/wp-json\/wp\/v2\/media?parent=39275"}],"wp:term":[{"taxonomy":"product_cat","embeddable":true,"href":"https:\/\/mouldking.store\/nb\/wp-json\/wp\/v2\/product_cat?post=39275"},{"taxonomy":"product_tag","embeddable":true,"href":"https:\/\/mouldking.store\/nb\/wp-json\/wp\/v2\/product_tag?post=39275"}],"curies":[{"name":"wp","href":"https:\/\/api.w.org\/{rel}","templated":true}]}}