{"id":39297,"date":"2023-01-03T14:53:25","date_gmt":"2023-01-03T07:53:25","guid":{"rendered":"https:\/\/mouldking.store\/?post_type=product&#038;p=39297"},"modified":"2025-12-25T09:11:53","modified_gmt":"2025-12-25T02:11:53","slug":"moc-91029-winter-village-swiss-restaurant-and-hotel-with-2235-pieces","status":"publish","type":"product","link":"https:\/\/mouldking.store\/nb\/shop\/moc-91029-winter-village-swiss-restaurant-and-hotel-with-2235-pieces\/","title":{"rendered":"MOC-91029 Winter Village Swiss Restaurant and Hotel With 2235 Pieces"},"content":{"rendered":"<ol>\n<li>Merke: MOC<\/li>\n<li>Kj\u00f8nn: Unisex<\/li>\n<li>Name: Winter Village Swiss Restaurant and Hotel<\/li>\n<li>Aldersgruppe: &gt; 6 \u00e5r gammel<\/li>\n<li>Model Number: 91029<\/li>\n<li>Klassifisering: Montering<\/li>\n<li>Plastblokkform: Selvl\u00e5sende murstein<\/li>\n<li>Materiale: Plast<\/li>\n<li>Plasttype: ABS<\/li>\n<li>Bricks Blocks:2235 PCS<\/li>\n<li>Inneholder detaljerte monteringsanvisninger.<\/li>\n<\/ol>\n<p>Legge merke til:<br \/>\n1. Uten original eske, men vi garanterer at v\u00e5re produkter har kvalitetssikring og pen emballasje.<br \/>\n2. Som alle delene vi har sjekket f\u00f8r frakt, s\u00e5 hvis du finner noen deler savnet eller skadet, ikke bekymre deg og bare kontakt oss, s\u00e5 kan vi sende dem til deg p\u00e5 nytt umiddelbart gratis.<\/p>\n<figure id=\"attachment_39298\" aria-describedby=\"caption-attachment-39298\" style=\"width: 1004px\" class=\"wp-caption aligncenter\"><img fetchpriority=\"high\" decoding=\"async\" class=\"wp-image-39298 size-full\" src=\"https:\/\/mouldking.store\/wp-content\/uploads\/2023\/01\/MOC-91029-Modular-Building-Winter-Village-Swiss-Restaurant-and-Hotel-MOC-FACTORY.png\" alt=\"MOC-91029 Winter Village Swiss Restaurant and Hotel With 2235 Pieces\" width=\"1004\" height=\"1004\" title=\"-\"><figcaption id=\"caption-attachment-39298\" class=\"wp-caption-text\">MOC-91029 Winter Village Swiss Restaurant and Hotel With 2235 Pieces<\/figcaption><\/figure>\n<figure id=\"attachment_39299\" aria-describedby=\"caption-attachment-39299\" style=\"width: 800px\" class=\"wp-caption aligncenter\"><img decoding=\"async\" class=\"wp-image-39299 size-full\" src=\"https:\/\/mouldking.store\/wp-content\/uploads\/2023\/01\/Winter-Village-Swiss-Restaurant-and-Hotel-MOC-91029-2.png\" alt=\"MOC-91029 Winter Village Swiss Restaurant and Hotel With 2235 Pieces\" width=\"800\" height=\"800\" title=\"-\"><figcaption id=\"caption-attachment-39299\" class=\"wp-caption-text\">MOC-91029 Winter Village Swiss Restaurant and Hotel With 2235 Pieces<\/figcaption><\/figure>\n<figure id=\"attachment_39300\" aria-describedby=\"caption-attachment-39300\" style=\"width: 1080px\" class=\"wp-caption aligncenter\"><img decoding=\"async\" class=\"wp-image-39300 size-full\" src=\"https:\/\/mouldking.store\/wp-content\/uploads\/2023\/01\/Winter-Village-Swiss-Restaurant-and-Hotel-MOC-91029-3.png\" alt=\"MOC-91029 Winter Village Swiss Restaurant and Hotel With 2235 Pieces\" width=\"1080\" height=\"1080\" title=\"-\"><figcaption id=\"caption-attachment-39300\" class=\"wp-caption-text\">MOC-91029 Winter Village Swiss Restaurant and Hotel With 2235 Pieces<\/figcaption><\/figure>\n<figure id=\"attachment_39301\" aria-describedby=\"caption-attachment-39301\" style=\"width: 1080px\" class=\"wp-caption aligncenter\"><img loading=\"lazy\" decoding=\"async\" class=\"wp-image-39301 size-full\" src=\"https:\/\/mouldking.store\/wp-content\/uploads\/2023\/01\/Winter-Village-Swiss-Restaurant-and-Hotel-MOC-91029-4.png\" alt=\"MOC-91029 Winter Village Swiss Restaurant and Hotel With 2235 Pieces\" width=\"1080\" height=\"1080\" title=\"-\"><figcaption id=\"caption-attachment-39301\" class=\"wp-caption-text\">MOC-91029 Winter Village Swiss Restaurant and Hotel With 2235 Pieces<\/figcaption><\/figure>\n<figure id=\"attachment_39302\" aria-describedby=\"caption-attachment-39302\" style=\"width: 1080px\" class=\"wp-caption aligncenter\"><img loading=\"lazy\" decoding=\"async\" class=\"wp-image-39302 size-full\" src=\"https:\/\/mouldking.store\/wp-content\/uploads\/2023\/01\/Winter-Village-Swiss-Restaurant-and-Hotel-MOC-91029-5.png\" alt=\"MOC-91029 Winter Village Swiss Restaurant and Hotel With 2235 Pieces\" width=\"1080\" height=\"1080\" title=\"-\"><figcaption id=\"caption-attachment-39302\" class=\"wp-caption-text\">MOC-91029 Winter Village Swiss Restaurant and Hotel With 2235 Pieces<\/figcaption><\/figure>\n<figure id=\"attachment_39303\" aria-describedby=\"caption-attachment-39303\" style=\"width: 1080px\" class=\"wp-caption aligncenter\"><img loading=\"lazy\" decoding=\"async\" class=\"wp-image-39303 size-full\" src=\"https:\/\/mouldking.store\/wp-content\/uploads\/2023\/01\/Winter-Village-Swiss-Restaurant-and-Hotel-MOC-91029-6.png\" alt=\"MOC-91029 Winter Village Swiss Restaurant and Hotel With 2235 Pieces\" width=\"1080\" height=\"1080\" title=\"-\"><figcaption id=\"caption-attachment-39303\" class=\"wp-caption-text\">MOC-91029 Winter Village Swiss Restaurant and Hotel With 2235 Pieces<\/figcaption><\/figure>\n<figure id=\"attachment_39304\" aria-describedby=\"caption-attachment-39304\" style=\"width: 800px\" class=\"wp-caption aligncenter\"><img loading=\"lazy\" decoding=\"async\" class=\"wp-image-39304 size-full\" src=\"https:\/\/mouldking.store\/wp-content\/uploads\/2023\/01\/Winter-Village-Swiss-Restaurant-and-Hotel-MOC-91029-7.jpg\" alt=\"MOC-91029 Winter Village Swiss Restaurant and Hotel With 2235 Pieces\" width=\"800\" height=\"800\" title=\"-\"><figcaption id=\"caption-attachment-39304\" class=\"wp-caption-text\">MOC-91029 Winter Village Swiss Restaurant and Hotel With 2235 Pieces<\/figcaption><\/figure>","protected":false},"excerpt":{"rendered":"<p>Byggeveiledning i pdf<\/p>\n<p>Uten originaleske<\/p>\n<p>Tidsbestemt: 4-8 uker<\/p>","protected":false},"featured_media":39298,"comment_status":"closed","ping_status":"closed","template":"","meta":{"_acf_changed":false},"product_cat":[1395,390],"product_tag":[10633,430,10631,10636,10630,2870,10634,9868,6373,10511,10632,10635],"class_list":["product","first","instock","shipping-taxable","purchasable","product-type-simple"],"acf":[],"_links":{"self":[{"href":"https:\/\/mouldking.store\/nb\/wp-json\/wp\/v2\/product\/39297","targetHints":{"allow":["GET"]}}],"collection":[{"href":"https:\/\/mouldking.store\/nb\/wp-json\/wp\/v2\/product"}],"about":[{"href":"https:\/\/mouldking.store\/nb\/wp-json\/wp\/v2\/types\/product"}],"replies":[{"embeddable":true,"href":"https:\/\/mouldking.store\/nb\/wp-json\/wp\/v2\/comments?post=39297"}],"wp:featuredmedia":[{"embeddable":true,"href":"https:\/\/mouldking.store\/nb\/wp-json\/wp\/v2\/media\/39298"}],"wp:attachment":[{"href":"https:\/\/mouldking.store\/nb\/wp-json\/wp\/v2\/media?parent=39297"}],"wp:term":[{"taxonomy":"product_cat","embeddable":true,"href":"https:\/\/mouldking.store\/nb\/wp-json\/wp\/v2\/product_cat?post=39297"},{"taxonomy":"product_tag","embeddable":true,"href":"https:\/\/mouldking.store\/nb\/wp-json\/wp\/v2\/product_tag?post=39297"}],"curies":[{"name":"wp","href":"https:\/\/api.w.org\/{rel}","templated":true}]}}