{"id":39305,"date":"2023-01-03T15:05:08","date_gmt":"2023-01-03T08:05:08","guid":{"rendered":"https:\/\/mouldking.store\/?post_type=product&#038;p=39305"},"modified":"2025-12-25T09:11:53","modified_gmt":"2025-12-25T02:11:53","slug":"moc-122812-lion-knights-castle-bridge-with-2640-pieces","status":"publish","type":"product","link":"https:\/\/mouldking.store\/nb\/shop\/moc-122812-lion-knights-castle-bridge-with-2640-pieces\/","title":{"rendered":"MOC-122812 Lion Knights&#039; Castle Bridge med 2640 stykker"},"content":{"rendered":"<ol>\n<li>Merke: MOC<\/li>\n<li>Kj\u00f8nn: Unisex<\/li>\n<li>Navn: Lion Knights&#039; Castle Bridge<\/li>\n<li>Aldersgruppe: &gt; 6 \u00e5r gammel<\/li>\n<li>Modellnummer: 122812<\/li>\n<li>Klassifisering: Montering<\/li>\n<li>Plastblokkform: Selvl\u00e5sende murstein<\/li>\n<li>Materiale: Plast<\/li>\n<li>Plasttype: ABS<\/li>\n<li>Mursteinblokker:2640 STK<\/li>\n<li>Inneholder detaljerte monteringsanvisninger.<\/li>\n<\/ol>\n<p>Legge merke til:<br \/>\n1. Uten original eske, men vi garanterer at v\u00e5re produkter har kvalitetssikring og pen emballasje.<br \/>\n2. Som alle delene vi har sjekket f\u00f8r frakt, s\u00e5 hvis du finner noen deler savnet eller skadet, ikke bekymre deg og bare kontakt oss, s\u00e5 kan vi sende dem til deg p\u00e5 nytt umiddelbart gratis.<\/p>\n<figure id=\"attachment_39306\" aria-describedby=\"caption-attachment-39306\" style=\"width: 1004px\" class=\"wp-caption aligncenter\"><img fetchpriority=\"high\" decoding=\"async\" class=\"wp-image-39306 size-full\" src=\"https:\/\/mouldking.store\/wp-content\/uploads\/2023\/01\/MOC-122812-Creator-Lion-Knights-Castle-Bridge-MOC-FACTORY.png\" alt=\"MOC-122812 Lion Knights\u2019 Castle Bridge With 2640 Pieces\" width=\"1004\" height=\"1004\" title=\"-\"><figcaption id=\"caption-attachment-39306\" class=\"wp-caption-text\">MOC-122812 Lion Knights&#039; Castle Bridge med 2640 stykker<\/figcaption><\/figure>\n<figure id=\"attachment_39307\" aria-describedby=\"caption-attachment-39307\" style=\"width: 1000px\" class=\"wp-caption aligncenter\"><img decoding=\"async\" class=\"wp-image-39307 size-full\" src=\"https:\/\/mouldking.store\/wp-content\/uploads\/2023\/01\/Lion-Knights-Castle-Bridge-MOC-122812-2.jpg\" alt=\"MOC-122812 Lion Knights\u2019 Castle Bridge With 2640 Pieces\" width=\"1000\" height=\"750\" title=\"-\"><figcaption id=\"caption-attachment-39307\" class=\"wp-caption-text\">MOC-122812 Lion Knights&#039; Castle Bridge med 2640 stykker<\/figcaption><\/figure>\n<figure id=\"attachment_39308\" aria-describedby=\"caption-attachment-39308\" style=\"width: 800px\" class=\"wp-caption aligncenter\"><img decoding=\"async\" class=\"wp-image-39308 size-full\" src=\"https:\/\/mouldking.store\/wp-content\/uploads\/2023\/01\/Lion-Knights-Castle-Bridge-MOC-122812-3.jpg\" alt=\"MOC-122812 Lion Knights\u2019 Castle Bridge With 2640 Pieces\" width=\"800\" height=\"600\" title=\"-\"><figcaption id=\"caption-attachment-39308\" class=\"wp-caption-text\">MOC-122812 Lion Knights&#039; Castle Bridge med 2640 stykker<\/figcaption><\/figure>\n<figure id=\"attachment_39309\" aria-describedby=\"caption-attachment-39309\" style=\"width: 800px\" class=\"wp-caption aligncenter\"><img loading=\"lazy\" decoding=\"async\" class=\"wp-image-39309 size-full\" src=\"https:\/\/mouldking.store\/wp-content\/uploads\/2023\/01\/Lion-Knights-Castle-Bridge-MOC-122812-4.jpg\" alt=\"MOC-122812 Lion Knights\u2019 Castle Bridge With 2640 Pieces\" width=\"800\" height=\"600\" title=\"-\"><figcaption id=\"caption-attachment-39309\" class=\"wp-caption-text\">MOC-122812 Lion Knights&#039; Castle Bridge med 2640 stykker<\/figcaption><\/figure>\n<figure id=\"attachment_39310\" aria-describedby=\"caption-attachment-39310\" style=\"width: 800px\" class=\"wp-caption aligncenter\"><img loading=\"lazy\" decoding=\"async\" class=\"wp-image-39310 size-full\" src=\"https:\/\/mouldking.store\/wp-content\/uploads\/2023\/01\/Lion-Knights-Castle-Bridge-MOC-122812-5.jpg\" alt=\"MOC-122812 Lion Knights\u2019 Castle Bridge With 2640 Pieces\" width=\"800\" height=\"600\" title=\"-\"><figcaption id=\"caption-attachment-39310\" class=\"wp-caption-text\">MOC-122812 Lion Knights&#039; Castle Bridge med 2640 stykker<\/figcaption><\/figure>\n<figure id=\"attachment_39311\" aria-describedby=\"caption-attachment-39311\" style=\"width: 800px\" class=\"wp-caption aligncenter\"><img loading=\"lazy\" decoding=\"async\" class=\"wp-image-39311 size-full\" src=\"https:\/\/mouldking.store\/wp-content\/uploads\/2023\/01\/Lion-Knights-Castle-Bridge-MOC-122812-6.jpg\" alt=\"MOC-122812 Lion Knights\u2019 Castle Bridge With 2640 Pieces\" width=\"800\" height=\"600\" title=\"-\"><figcaption id=\"caption-attachment-39311\" class=\"wp-caption-text\">MOC-122812 Lion Knights&#039; Castle Bridge med 2640 stykker<\/figcaption><\/figure>\n<figure id=\"attachment_39312\" aria-describedby=\"caption-attachment-39312\" style=\"width: 1024px\" class=\"wp-caption aligncenter\"><img loading=\"lazy\" decoding=\"async\" class=\"wp-image-39312 size-full\" src=\"https:\/\/mouldking.store\/wp-content\/uploads\/2023\/01\/Lion-Knights-Castle-Bridge-MOC-122812-7.jpg\" alt=\"MOC-122812 Lion Knights\u2019 Castle Bridge With 2640 Pieces\" width=\"1024\" height=\"768\" title=\"-\"><figcaption id=\"caption-attachment-39312\" class=\"wp-caption-text\">MOC-122812 Lion Knights&#039; Castle Bridge med 2640 stykker<\/figcaption><\/figure>","protected":false},"excerpt":{"rendered":"<p>Byggeveiledning i pdf<\/p>\n<p>Uten originaleske<\/p>\n<p>Tidsbestemt: 4-8 uker<\/p>","protected":false},"featured_media":39306,"comment_status":"closed","ping_status":"closed","template":"","meta":{"_acf_changed":false},"product_cat":[1365,371],"product_tag":[10639,787,10641,6576,10453,10640,10642,430,10638,10643,10637],"class_list":["product","first","instock","shipping-taxable","purchasable","product-type-simple"],"acf":[],"_links":{"self":[{"href":"https:\/\/mouldking.store\/nb\/wp-json\/wp\/v2\/product\/39305","targetHints":{"allow":["GET"]}}],"collection":[{"href":"https:\/\/mouldking.store\/nb\/wp-json\/wp\/v2\/product"}],"about":[{"href":"https:\/\/mouldking.store\/nb\/wp-json\/wp\/v2\/types\/product"}],"replies":[{"embeddable":true,"href":"https:\/\/mouldking.store\/nb\/wp-json\/wp\/v2\/comments?post=39305"}],"wp:featuredmedia":[{"embeddable":true,"href":"https:\/\/mouldking.store\/nb\/wp-json\/wp\/v2\/media\/39306"}],"wp:attachment":[{"href":"https:\/\/mouldking.store\/nb\/wp-json\/wp\/v2\/media?parent=39305"}],"wp:term":[{"taxonomy":"product_cat","embeddable":true,"href":"https:\/\/mouldking.store\/nb\/wp-json\/wp\/v2\/product_cat?post=39305"},{"taxonomy":"product_tag","embeddable":true,"href":"https:\/\/mouldking.store\/nb\/wp-json\/wp\/v2\/product_tag?post=39305"}],"curies":[{"name":"wp","href":"https:\/\/api.w.org\/{rel}","templated":true}]}}