{"id":39313,"date":"2023-01-03T15:12:47","date_gmt":"2023-01-03T08:12:47","guid":{"rendered":"https:\/\/mouldking.store\/?post_type=product&#038;p=39313"},"modified":"2025-12-25T09:11:53","modified_gmt":"2025-12-25T02:11:53","slug":"moc-89513-duel-on-exegol-with-1050-pieces","status":"publish","type":"product","link":"https:\/\/mouldking.store\/nb\/shop\/moc-89513-duel-on-exegol-with-1050-pieces\/","title":{"rendered":"MOC-89513 Duell p\u00e5 Exegol med 1050 brikker"},"content":{"rendered":"<ol>\n<li>Merke: MOC<\/li>\n<li>Kj\u00f8nn: Unisex<\/li>\n<li>Name: Duel On Exegol<\/li>\n<li>Aldersgruppe: &gt; 6 \u00e5r gammel<\/li>\n<li>Model Number: 89513<\/li>\n<li>Klassifisering: Montering<\/li>\n<li>Plastblokkform: Selvl\u00e5sende murstein<\/li>\n<li>Materiale: Plast<\/li>\n<li>Plasttype: ABS<\/li>\n<li>Bricks Blocks:1050 PCS<\/li>\n<li>Inneholder detaljerte monteringsanvisninger.<\/li>\n<\/ol>\n<p>Legge merke til:<br \/>\n1. Uten original eske, men vi garanterer at v\u00e5re produkter har kvalitetssikring og pen emballasje.<br \/>\n2. Som alle delene vi har sjekket f\u00f8r frakt, s\u00e5 hvis du finner noen deler savnet eller skadet, ikke bekymre deg og bare kontakt oss, s\u00e5 kan vi sende dem til deg p\u00e5 nytt umiddelbart gratis.<\/p>\n<figure id=\"attachment_39314\" aria-describedby=\"caption-attachment-39314\" style=\"width: 1004px\" class=\"wp-caption aligncenter\"><img fetchpriority=\"high\" decoding=\"async\" class=\"wp-image-39314 size-full\" src=\"https:\/\/mouldking.store\/wp-content\/uploads\/2023\/01\/MOC-89513-Star-Wars-Duel-On-Exegol-MOC-FACTORY.png\" alt=\"MOC-89513 Duel On Exegol With 1050 Pieces\" width=\"1004\" height=\"1004\" title=\"-\"><figcaption id=\"caption-attachment-39314\" class=\"wp-caption-text\">MOC-89513 Duell p\u00e5 Exegol med 1050 brikker<\/figcaption><\/figure>\n<figure id=\"attachment_39315\" aria-describedby=\"caption-attachment-39315\" style=\"width: 1000px\" class=\"wp-caption aligncenter\"><img decoding=\"async\" class=\"wp-image-39315 size-full\" src=\"https:\/\/mouldking.store\/wp-content\/uploads\/2023\/01\/Duel-On-Exegol-MOC-89513-2.png\" alt=\"MOC-89513 Duel On Exegol With 1050 Pieces\" width=\"1000\" height=\"1000\" title=\"-\"><figcaption id=\"caption-attachment-39315\" class=\"wp-caption-text\">MOC-89513 Duell p\u00e5 Exegol med 1050 brikker<\/figcaption><\/figure>\n<figure id=\"attachment_39316\" aria-describedby=\"caption-attachment-39316\" style=\"width: 1000px\" class=\"wp-caption aligncenter\"><img decoding=\"async\" class=\"wp-image-39316 size-full\" src=\"https:\/\/mouldking.store\/wp-content\/uploads\/2023\/01\/Duel-On-Exegol-MOC-89513-3.png\" alt=\"MOC-89513 Duel On Exegol With 1050 Pieces\" width=\"1000\" height=\"1000\" title=\"-\"><figcaption id=\"caption-attachment-39316\" class=\"wp-caption-text\">MOC-89513 Duell p\u00e5 Exegol med 1050 brikker<\/figcaption><\/figure>\n<figure id=\"attachment_39317\" aria-describedby=\"caption-attachment-39317\" style=\"width: 1000px\" class=\"wp-caption aligncenter\"><img loading=\"lazy\" decoding=\"async\" class=\"wp-image-39317 size-full\" src=\"https:\/\/mouldking.store\/wp-content\/uploads\/2023\/01\/Duel-On-Exegol-MOC-89513-4.png\" alt=\"MOC-89513 Duel On Exegol With 1050 Pieces\" width=\"1000\" height=\"1000\" title=\"-\"><figcaption id=\"caption-attachment-39317\" class=\"wp-caption-text\">MOC-89513 Duell p\u00e5 Exegol med 1050 brikker<\/figcaption><\/figure>\n<figure id=\"attachment_39318\" aria-describedby=\"caption-attachment-39318\" style=\"width: 1000px\" class=\"wp-caption aligncenter\"><img loading=\"lazy\" decoding=\"async\" class=\"wp-image-39318 size-full\" src=\"https:\/\/mouldking.store\/wp-content\/uploads\/2023\/01\/Duel-On-Exegol-MOC-89513-5.png\" alt=\"MOC-89513 Duel On Exegol With 1050 Pieces\" width=\"1000\" height=\"1000\" title=\"-\"><figcaption id=\"caption-attachment-39318\" class=\"wp-caption-text\">MOC-89513 Duell p\u00e5 Exegol med 1050 brikker<\/figcaption><\/figure>\n<figure id=\"attachment_39319\" aria-describedby=\"caption-attachment-39319\" style=\"width: 1000px\" class=\"wp-caption aligncenter\"><img loading=\"lazy\" decoding=\"async\" class=\"wp-image-39319 size-full\" src=\"https:\/\/mouldking.store\/wp-content\/uploads\/2023\/01\/Duel-On-Exegol-MOC-89513-6.png\" alt=\"MOC-89513 Duel On Exegol With 1050 Pieces\" width=\"1000\" height=\"1000\" title=\"-\"><figcaption id=\"caption-attachment-39319\" class=\"wp-caption-text\">MOC-89513 Duell p\u00e5 Exegol med 1050 brikker<\/figcaption><\/figure>","protected":false},"excerpt":{"rendered":"<p>Byggeveiledning i pdf<\/p>\n<p>Uten originaleske<\/p>\n<p>Tidsbestemt: 4-8 uker<\/p>","protected":false},"featured_media":39314,"comment_status":"closed","ping_status":"closed","template":"","meta":{"_acf_changed":false},"product_cat":[415],"product_tag":[10646,10648,10647,430,10645,10649,10644],"class_list":["product","first","instock","shipping-taxable","purchasable","product-type-simple"],"acf":[],"_links":{"self":[{"href":"https:\/\/mouldking.store\/nb\/wp-json\/wp\/v2\/product\/39313","targetHints":{"allow":["GET"]}}],"collection":[{"href":"https:\/\/mouldking.store\/nb\/wp-json\/wp\/v2\/product"}],"about":[{"href":"https:\/\/mouldking.store\/nb\/wp-json\/wp\/v2\/types\/product"}],"replies":[{"embeddable":true,"href":"https:\/\/mouldking.store\/nb\/wp-json\/wp\/v2\/comments?post=39313"}],"wp:featuredmedia":[{"embeddable":true,"href":"https:\/\/mouldking.store\/nb\/wp-json\/wp\/v2\/media\/39314"}],"wp:attachment":[{"href":"https:\/\/mouldking.store\/nb\/wp-json\/wp\/v2\/media?parent=39313"}],"wp:term":[{"taxonomy":"product_cat","embeddable":true,"href":"https:\/\/mouldking.store\/nb\/wp-json\/wp\/v2\/product_cat?post=39313"},{"taxonomy":"product_tag","embeddable":true,"href":"https:\/\/mouldking.store\/nb\/wp-json\/wp\/v2\/product_tag?post=39313"}],"curies":[{"name":"wp","href":"https:\/\/api.w.org\/{rel}","templated":true}]}}