{"id":39321,"date":"2023-01-03T15:19:03","date_gmt":"2023-01-03T08:19:03","guid":{"rendered":"https:\/\/mouldking.store\/?post_type=product&#038;p=39321"},"modified":"2025-12-25T09:11:53","modified_gmt":"2025-12-25T02:11:53","slug":"moc-122473-dexters-diner-with-621-pieces","status":"publish","type":"product","link":"https:\/\/mouldking.store\/nb\/shop\/moc-122473-dexters-diner-with-621-pieces\/","title":{"rendered":"MOC-122473 Dexter&#039;s Diner med 621 stykker"},"content":{"rendered":"<ol>\n<li>Merke: MOC<\/li>\n<li>Kj\u00f8nn: Unisex<\/li>\n<li>Name: Dexter`s Diner<\/li>\n<li>Aldersgruppe: &gt; 6 \u00e5r gammel<\/li>\n<li>Model Number: 122473<\/li>\n<li>Klassifisering: Montering<\/li>\n<li>Plastblokkform: Selvl\u00e5sende murstein<\/li>\n<li>Materiale: Plast<\/li>\n<li>Plasttype: ABS<\/li>\n<li>Bricks Blocks:621 PCS<\/li>\n<li>Inneholder detaljerte monteringsanvisninger.<\/li>\n<\/ol>\n<p>Legge merke til:<br \/>\n1. Uten original eske, men vi garanterer at v\u00e5re produkter har kvalitetssikring og pen emballasje.<br \/>\n2. Som alle delene vi har sjekket f\u00f8r frakt, s\u00e5 hvis du finner noen deler savnet eller skadet, ikke bekymre deg og bare kontakt oss, s\u00e5 kan vi sende dem til deg p\u00e5 nytt umiddelbart gratis.<\/p>\n<figure id=\"attachment_39322\" aria-describedby=\"caption-attachment-39322\" style=\"width: 1004px\" class=\"wp-caption aligncenter\"><img fetchpriority=\"high\" decoding=\"async\" class=\"wp-image-39322 size-full\" src=\"https:\/\/mouldking.store\/wp-content\/uploads\/2023\/01\/MOC-122473-Star-Wars-Dexters-Diner-MOC-FACTORY.png\" alt=\"MOC-122473 Dexter&#096;s Diner With 621 Pieces \" width=\"1004\" height=\"1004\" title=\"-\"><figcaption id=\"caption-attachment-39322\" class=\"wp-caption-text\">MOC-122473 Dexter&#039;s Diner med 621 stykker<\/figcaption><\/figure>\n<figure id=\"attachment_39323\" aria-describedby=\"caption-attachment-39323\" style=\"width: 1000px\" class=\"wp-caption aligncenter\"><img decoding=\"async\" class=\"wp-image-39323 size-full\" src=\"https:\/\/mouldking.store\/wp-content\/uploads\/2023\/01\/Dexters-Diner-MOC-122473-2.png\" alt=\"MOC-122473 Dexter&#096;s Diner With 621 Pieces \" width=\"1000\" height=\"750\" title=\"-\"><figcaption id=\"caption-attachment-39323\" class=\"wp-caption-text\">MOC-122473 Dexter&#039;s Diner med 621 stykker<\/figcaption><\/figure>\n<figure id=\"attachment_39324\" aria-describedby=\"caption-attachment-39324\" style=\"width: 800px\" class=\"wp-caption aligncenter\"><img decoding=\"async\" class=\"wp-image-39324 size-full\" src=\"https:\/\/mouldking.store\/wp-content\/uploads\/2023\/01\/Dexters-Diner-MOC-122473-3.png\" alt=\"MOC-122473 Dexter&#096;s Diner With 621 Pieces \" width=\"800\" height=\"600\" title=\"-\"><figcaption id=\"caption-attachment-39324\" class=\"wp-caption-text\">MOC-122473 Dexter&#039;s Diner med 621 stykker<\/figcaption><\/figure>\n<figure id=\"attachment_39325\" aria-describedby=\"caption-attachment-39325\" style=\"width: 800px\" class=\"wp-caption aligncenter\"><img loading=\"lazy\" decoding=\"async\" class=\"wp-image-39325 size-full\" src=\"https:\/\/mouldking.store\/wp-content\/uploads\/2023\/01\/Dexters-Diner-MOC-122473-4.png\" alt=\"MOC-122473 Dexter&#096;s Diner With 621 Pieces \" width=\"800\" height=\"600\" title=\"-\"><figcaption id=\"caption-attachment-39325\" class=\"wp-caption-text\">MOC-122473 Dexter&#039;s Diner med 621 stykker<\/figcaption><\/figure>","protected":false},"excerpt":{"rendered":"<p>Byggeveiledning i pdf<\/p>\n<p>Uten originaleske<\/p>\n<p>Tidsbestemt: 4-8 uker<\/p>","protected":false},"featured_media":39322,"comment_status":"closed","ping_status":"closed","template":"","meta":{"_acf_changed":false},"product_cat":[415],"product_tag":[10652,10654,10653,430,10651,10655,10650],"class_list":["product","first","instock","shipping-taxable","purchasable","product-type-simple"],"acf":[],"_links":{"self":[{"href":"https:\/\/mouldking.store\/nb\/wp-json\/wp\/v2\/product\/39321","targetHints":{"allow":["GET"]}}],"collection":[{"href":"https:\/\/mouldking.store\/nb\/wp-json\/wp\/v2\/product"}],"about":[{"href":"https:\/\/mouldking.store\/nb\/wp-json\/wp\/v2\/types\/product"}],"replies":[{"embeddable":true,"href":"https:\/\/mouldking.store\/nb\/wp-json\/wp\/v2\/comments?post=39321"}],"wp:featuredmedia":[{"embeddable":true,"href":"https:\/\/mouldking.store\/nb\/wp-json\/wp\/v2\/media\/39322"}],"wp:attachment":[{"href":"https:\/\/mouldking.store\/nb\/wp-json\/wp\/v2\/media?parent=39321"}],"wp:term":[{"taxonomy":"product_cat","embeddable":true,"href":"https:\/\/mouldking.store\/nb\/wp-json\/wp\/v2\/product_cat?post=39321"},{"taxonomy":"product_tag","embeddable":true,"href":"https:\/\/mouldking.store\/nb\/wp-json\/wp\/v2\/product_tag?post=39321"}],"curies":[{"name":"wp","href":"https:\/\/api.w.org\/{rel}","templated":true}]}}