{"id":39326,"date":"2023-01-03T15:26:27","date_gmt":"2023-01-03T08:26:27","guid":{"rendered":"https:\/\/mouldking.store\/?post_type=product&#038;p=39326"},"modified":"2025-12-25T09:11:53","modified_gmt":"2025-12-25T02:11:53","slug":"moc-89512-the-magistrate-movie-scene-with-2449-pieces","status":"publish","type":"product","link":"https:\/\/mouldking.store\/nb\/shop\/moc-89512-the-magistrate-movie-scene-with-2449-pieces\/","title":{"rendered":"MOC-89512 The Magistrate Movie Scene med 2449 stykker"},"content":{"rendered":"<ol>\n<li>Merke: MOC<\/li>\n<li>Kj\u00f8nn: Unisex<\/li>\n<li>Produktnavn: The Magistrate Movie Scene<\/li>\n<li>Aldersgruppe: &gt; 6 \u00e5r gammel<\/li>\n<li>Modellnummer: 89512<\/li>\n<li>Klassifisering: Montering<\/li>\n<li>Plastblokkform: Selvl\u00e5sende murstein<\/li>\n<li>Materiale: Plast<\/li>\n<li>Plasttype: ABS<\/li>\n<li>Mursteinblokker:2449 STK<\/li>\n<li>Inneholder detaljerte monteringsanvisninger.<\/li>\n<\/ol>\n<p>Legge merke til:<br \/>\n1. Uten original eske, men vi garanterer at v\u00e5re produkter har kvalitetssikring og pen emballasje.<br \/>\n2. Som alle delene vi har sjekket f\u00f8r frakt, s\u00e5 hvis du finner noen deler savnet eller skadet, ikke bekymre deg og bare kontakt oss, s\u00e5 kan vi sende dem til deg p\u00e5 nytt umiddelbart gratis.<\/p>\n<figure id=\"attachment_39327\" aria-describedby=\"caption-attachment-39327\" style=\"width: 1004px\" class=\"wp-caption aligncenter\"><img fetchpriority=\"high\" decoding=\"async\" class=\"wp-image-39327 size-full\" src=\"https:\/\/mouldking.store\/wp-content\/uploads\/2023\/01\/MOC-89512-Star-Wars-The-Magistrate-Movie-Scene-MOC-FACTORY.png\" alt=\"MOC-89512 The Magistrate Movie Scene With 2449 Pieces\" width=\"1004\" height=\"1004\" title=\"-\"><figcaption id=\"caption-attachment-39327\" class=\"wp-caption-text\">MOC-89512 The Magistrate Movie Scene med 2449 stykker<\/figcaption><\/figure>\n<figure id=\"attachment_39328\" aria-describedby=\"caption-attachment-39328\" style=\"width: 1000px\" class=\"wp-caption aligncenter\"><img decoding=\"async\" class=\"wp-image-39328 size-full\" src=\"https:\/\/mouldking.store\/wp-content\/uploads\/2023\/01\/The-Magistrate-Movie-Scene-MOC-89512-1.png\" alt=\"MOC-89512 The Magistrate Movie Scene With 2449 Pieces\" width=\"1000\" height=\"1000\" title=\"-\"><figcaption id=\"caption-attachment-39328\" class=\"wp-caption-text\">MOC-89512 The Magistrate Movie Scene med 2449 stykker<\/figcaption><\/figure>\n<figure id=\"attachment_39329\" aria-describedby=\"caption-attachment-39329\" style=\"width: 1000px\" class=\"wp-caption aligncenter\"><img decoding=\"async\" class=\"wp-image-39329 size-full\" src=\"https:\/\/mouldking.store\/wp-content\/uploads\/2023\/01\/The-Magistrate-Movie-Scene-MOC-89512-2.png\" alt=\"MOC-89512 The Magistrate Movie Scene With 2449 Pieces\" width=\"1000\" height=\"1000\" title=\"-\"><figcaption id=\"caption-attachment-39329\" class=\"wp-caption-text\">MOC-89512 The Magistrate Movie Scene med 2449 stykker<\/figcaption><\/figure>\n<figure id=\"attachment_39330\" aria-describedby=\"caption-attachment-39330\" style=\"width: 1000px\" class=\"wp-caption aligncenter\"><img loading=\"lazy\" decoding=\"async\" class=\"wp-image-39330 size-full\" src=\"https:\/\/mouldking.store\/wp-content\/uploads\/2023\/01\/The-Magistrate-Movie-Scene-MOC-89512-3.png\" alt=\"MOC-89512 The Magistrate Movie Scene With 2449 Pieces\" width=\"1000\" height=\"1000\" title=\"-\"><figcaption id=\"caption-attachment-39330\" class=\"wp-caption-text\">MOC-89512 The Magistrate Movie Scene med 2449 stykker<\/figcaption><\/figure>","protected":false},"excerpt":{"rendered":"<p>Byggeveiledning i pdf<\/p>\n<p>Uten originaleske<\/p>\n<p>Tidsbestemt: 4-8 uker<\/p>","protected":false},"featured_media":39327,"comment_status":"closed","ping_status":"closed","template":"","meta":{"_acf_changed":false},"product_cat":[415],"product_tag":[10658,430,10657,10661,10656,434,10040,10659,10660],"class_list":["product","first","instock","shipping-taxable","purchasable","product-type-simple"],"acf":[],"_links":{"self":[{"href":"https:\/\/mouldking.store\/nb\/wp-json\/wp\/v2\/product\/39326","targetHints":{"allow":["GET"]}}],"collection":[{"href":"https:\/\/mouldking.store\/nb\/wp-json\/wp\/v2\/product"}],"about":[{"href":"https:\/\/mouldking.store\/nb\/wp-json\/wp\/v2\/types\/product"}],"replies":[{"embeddable":true,"href":"https:\/\/mouldking.store\/nb\/wp-json\/wp\/v2\/comments?post=39326"}],"wp:featuredmedia":[{"embeddable":true,"href":"https:\/\/mouldking.store\/nb\/wp-json\/wp\/v2\/media\/39327"}],"wp:attachment":[{"href":"https:\/\/mouldking.store\/nb\/wp-json\/wp\/v2\/media?parent=39326"}],"wp:term":[{"taxonomy":"product_cat","embeddable":true,"href":"https:\/\/mouldking.store\/nb\/wp-json\/wp\/v2\/product_cat?post=39326"},{"taxonomy":"product_tag","embeddable":true,"href":"https:\/\/mouldking.store\/nb\/wp-json\/wp\/v2\/product_tag?post=39326"}],"curies":[{"name":"wp","href":"https:\/\/api.w.org\/{rel}","templated":true}]}}