{"id":39338,"date":"2023-01-03T15:40:08","date_gmt":"2023-01-03T08:40:08","guid":{"rendered":"https:\/\/mouldking.store\/?post_type=product&#038;p=39338"},"modified":"2025-12-25T09:11:50","modified_gmt":"2025-12-25T02:11:50","slug":"moc-113467-ucs-white-tree-castle-with-40179-pieces","status":"publish","type":"product","link":"https:\/\/mouldking.store\/nb\/shop\/moc-113467-ucs-white-tree-castle-with-40179-pieces\/","title":{"rendered":"MOC-113467 UCS White Tree Castle With 40179 Pieces"},"content":{"rendered":"<ol>\n<li>Merke: MOC<\/li>\n<li>Kj\u00f8nn: Unisex<\/li>\n<li>Name: UCS White Tree Castle<\/li>\n<li>Aldersgruppe: &gt; 6 \u00e5r gammel<\/li>\n<li>Model Number: 113467<\/li>\n<li>Klassifisering: Montering<\/li>\n<li>Plastblokkform: Selvl\u00e5sende murstein<\/li>\n<li>Materiale: Plast<\/li>\n<li>Plasttype: ABS<\/li>\n<li>Bricks Blocks:40179 PCS<\/li>\n<li>Inneholder detaljerte monteringsanvisninger.<\/li>\n<\/ol>\n<p>Legge merke til:<br \/>\n1. Uten original eske, men vi garanterer at v\u00e5re produkter har kvalitetssikring og pen emballasje.<br \/>\n2. Som alle delene vi har sjekket f\u00f8r frakt, s\u00e5 hvis du finner noen deler savnet eller skadet, ikke bekymre deg og bare kontakt oss, s\u00e5 kan vi sende dem til deg p\u00e5 nytt umiddelbart gratis.<\/p>\n<figure id=\"attachment_39339\" aria-describedby=\"caption-attachment-39339\" style=\"width: 1004px\" class=\"wp-caption aligncenter\"><img fetchpriority=\"high\" decoding=\"async\" class=\"wp-image-39339 size-full\" src=\"https:\/\/mouldking.store\/wp-content\/uploads\/2023\/01\/MOC-113467-Modular-Building-UCS-White-Tree-Castle-MOC-FACTORY.png\" alt=\"MOC-113467 UCS White Tree Castle With 40179 Pieces\" width=\"1004\" height=\"1004\" title=\"-\"><figcaption id=\"caption-attachment-39339\" class=\"wp-caption-text\">MOC-113467 UCS White Tree Castle With 40179 Pieces<\/figcaption><\/figure>\n<figure id=\"attachment_39340\" aria-describedby=\"caption-attachment-39340\" style=\"width: 800px\" class=\"wp-caption aligncenter\"><img decoding=\"async\" class=\"wp-image-39340 size-full\" src=\"https:\/\/mouldking.store\/wp-content\/uploads\/2023\/01\/UCS-White-Tree-Castle-MOC-113467-2.png\" alt=\"MOC-113467 UCS White Tree Castle With 40179 Pieces\" width=\"800\" height=\"600\" title=\"-\"><figcaption id=\"caption-attachment-39340\" class=\"wp-caption-text\">MOC-113467 UCS White Tree Castle With 40179 Pieces<\/figcaption><\/figure>\n<figure id=\"attachment_39341\" aria-describedby=\"caption-attachment-39341\" style=\"width: 800px\" class=\"wp-caption aligncenter\"><img decoding=\"async\" class=\"wp-image-39341 size-full\" src=\"https:\/\/mouldking.store\/wp-content\/uploads\/2023\/01\/UCS-White-Tree-Castle-MOC-113467-3.png\" alt=\"MOC-113467 UCS White Tree Castle With 40179 Pieces\" width=\"800\" height=\"600\" title=\"-\"><figcaption id=\"caption-attachment-39341\" class=\"wp-caption-text\">MOC-113467 UCS White Tree Castle With 40179 Pieces<\/figcaption><\/figure>\n<figure id=\"attachment_39342\" aria-describedby=\"caption-attachment-39342\" style=\"width: 800px\" class=\"wp-caption aligncenter\"><img loading=\"lazy\" decoding=\"async\" class=\"wp-image-39342 size-full\" src=\"https:\/\/mouldking.store\/wp-content\/uploads\/2023\/01\/UCS-White-Tree-Castle-MOC-113467-4.png\" alt=\"MOC-113467 UCS White Tree Castle With 40179 Pieces\" width=\"800\" height=\"600\" title=\"-\"><figcaption id=\"caption-attachment-39342\" class=\"wp-caption-text\">MOC-113467 UCS White Tree Castle With 40179 Pieces<\/figcaption><\/figure>\n<figure id=\"attachment_39343\" aria-describedby=\"caption-attachment-39343\" style=\"width: 800px\" class=\"wp-caption aligncenter\"><img loading=\"lazy\" decoding=\"async\" class=\"wp-image-39343 size-full\" src=\"https:\/\/mouldking.store\/wp-content\/uploads\/2023\/01\/UCS-White-Tree-Castle-MOC-113467-5.png\" alt=\"MOC-113467 UCS White Tree Castle With 40179 Pieces\" width=\"800\" height=\"600\" title=\"-\"><figcaption id=\"caption-attachment-39343\" class=\"wp-caption-text\">MOC-113467 UCS White Tree Castle With 40179 Pieces<\/figcaption><\/figure>\n<figure id=\"attachment_39344\" aria-describedby=\"caption-attachment-39344\" style=\"width: 800px\" class=\"wp-caption aligncenter\"><img loading=\"lazy\" decoding=\"async\" class=\"wp-image-39344 size-full\" src=\"https:\/\/mouldking.store\/wp-content\/uploads\/2023\/01\/UCS-White-Tree-Castle-MOC-113467-6.png\" alt=\"MOC-113467 UCS White Tree Castle With 40179 Pieces\" width=\"800\" height=\"600\" title=\"-\"><figcaption id=\"caption-attachment-39344\" class=\"wp-caption-text\">MOC-113467 UCS White Tree Castle With 40179 Pieces<\/figcaption><\/figure>","protected":false},"excerpt":{"rendered":"<p>Byggeveiledning i pdf<\/p>\n<p>Uten originaleske<\/p>\n<p>Tidsbestemt: 4-8 uker<\/p>","protected":false},"featured_media":39339,"comment_status":"closed","ping_status":"closed","template":"","meta":{"_acf_changed":false},"product_cat":[1395,390],"product_tag":[787,430,10669,10673,10668,5983,4093,10672,1461,10670,10671],"class_list":["product","first","instock","shipping-taxable","purchasable","product-type-simple"],"acf":[],"_links":{"self":[{"href":"https:\/\/mouldking.store\/nb\/wp-json\/wp\/v2\/product\/39338","targetHints":{"allow":["GET"]}}],"collection":[{"href":"https:\/\/mouldking.store\/nb\/wp-json\/wp\/v2\/product"}],"about":[{"href":"https:\/\/mouldking.store\/nb\/wp-json\/wp\/v2\/types\/product"}],"replies":[{"embeddable":true,"href":"https:\/\/mouldking.store\/nb\/wp-json\/wp\/v2\/comments?post=39338"}],"wp:featuredmedia":[{"embeddable":true,"href":"https:\/\/mouldking.store\/nb\/wp-json\/wp\/v2\/media\/39339"}],"wp:attachment":[{"href":"https:\/\/mouldking.store\/nb\/wp-json\/wp\/v2\/media?parent=39338"}],"wp:term":[{"taxonomy":"product_cat","embeddable":true,"href":"https:\/\/mouldking.store\/nb\/wp-json\/wp\/v2\/product_cat?post=39338"},{"taxonomy":"product_tag","embeddable":true,"href":"https:\/\/mouldking.store\/nb\/wp-json\/wp\/v2\/product_tag?post=39338"}],"curies":[{"name":"wp","href":"https:\/\/api.w.org\/{rel}","templated":true}]}}