{"id":39346,"date":"2023-01-03T15:46:46","date_gmt":"2023-01-03T08:46:46","guid":{"rendered":"https:\/\/mouldking.store\/?post_type=product&#038;p=39346"},"modified":"2025-12-25T09:11:50","modified_gmt":"2025-12-25T02:11:50","slug":"moc-69457-docking-bay-327-with-10061-pieces","status":"publish","type":"product","link":"https:\/\/mouldking.store\/nb\/shop\/moc-69457-docking-bay-327-with-10061-pieces\/","title":{"rendered":"MOC-69457 Docking Bay 327 med 10061 stk"},"content":{"rendered":"<ol>\n<li>Merke: MOC<\/li>\n<li>Kj\u00f8nn: Unisex<\/li>\n<li>Name: Docking Bay 327<\/li>\n<li>Aldersgruppe: &gt; 6 \u00e5r gammel<\/li>\n<li>Model Number: 69457<\/li>\n<li>Klassifisering: Montering<\/li>\n<li>Plastblokkform: Selvl\u00e5sende murstein<\/li>\n<li>Materiale: Plast<\/li>\n<li>Plasttype: ABS<\/li>\n<li>Bricks Blocks:10061 PCS<\/li>\n<li>Inneholder detaljerte monteringsanvisninger.<\/li>\n<\/ol>\n<p>Legge merke til:<br \/>\n1. Uten original eske, men vi garanterer at v\u00e5re produkter har kvalitetssikring og pen emballasje.<br \/>\n2. Som alle delene vi har sjekket f\u00f8r frakt, s\u00e5 hvis du finner noen deler savnet eller skadet, ikke bekymre deg og bare kontakt oss, s\u00e5 kan vi sende dem til deg p\u00e5 nytt umiddelbart gratis.<\/p>\n<figure id=\"attachment_39347\" aria-describedby=\"caption-attachment-39347\" style=\"width: 1004px\" class=\"wp-caption aligncenter\"><img fetchpriority=\"high\" decoding=\"async\" class=\"wp-image-39347 size-full\" src=\"https:\/\/mouldking.store\/wp-content\/uploads\/2023\/01\/MOC-69457-Star-Wars-Docking-Bay-327-MOC-FACTORY.png\" alt=\"MOC-69457 Docking Bay 327 With 10061 Pieces\" width=\"1004\" height=\"1004\" title=\"-\"><figcaption id=\"caption-attachment-39347\" class=\"wp-caption-text\">MOC-69457 Docking Bay 327 med 10061 stk<\/figcaption><\/figure>\n<figure id=\"attachment_39348\" aria-describedby=\"caption-attachment-39348\" style=\"width: 2048px\" class=\"wp-caption aligncenter\"><img decoding=\"async\" class=\"wp-image-39348 size-full\" src=\"https:\/\/mouldking.store\/wp-content\/uploads\/2023\/01\/Docking-Bay-327-MOC-69457-2.png\" alt=\"MOC-69457 Docking Bay 327 With 10061 Pieces\" width=\"2048\" height=\"1536\" title=\"-\"><figcaption id=\"caption-attachment-39348\" class=\"wp-caption-text\">MOC-69457 Docking Bay 327 med 10061 stk<\/figcaption><\/figure>\n<figure id=\"attachment_39349\" aria-describedby=\"caption-attachment-39349\" style=\"width: 2048px\" class=\"wp-caption aligncenter\"><img decoding=\"async\" class=\"wp-image-39349 size-full\" src=\"https:\/\/mouldking.store\/wp-content\/uploads\/2023\/01\/Docking-Bay-327-MOC-69457-3.png\" alt=\"MOC-69457 Docking Bay 327 With 10061 Pieces\" width=\"2048\" height=\"1536\" title=\"-\"><figcaption id=\"caption-attachment-39349\" class=\"wp-caption-text\">MOC-69457 Docking Bay 327 med 10061 stk<\/figcaption><\/figure>\n<figure id=\"attachment_39350\" aria-describedby=\"caption-attachment-39350\" style=\"width: 2048px\" class=\"wp-caption aligncenter\"><img loading=\"lazy\" decoding=\"async\" class=\"wp-image-39350 size-full\" src=\"https:\/\/mouldking.store\/wp-content\/uploads\/2023\/01\/Docking-Bay-327-MOC-69457-4.png\" alt=\"MOC-69457 Docking Bay 327 With 10061 Pieces\" width=\"2048\" height=\"1583\" title=\"-\"><figcaption id=\"caption-attachment-39350\" class=\"wp-caption-text\">MOC-69457 Docking Bay 327 med 10061 stk<\/figcaption><\/figure>\n<figure id=\"attachment_39351\" aria-describedby=\"caption-attachment-39351\" style=\"width: 2048px\" class=\"wp-caption aligncenter\"><img loading=\"lazy\" decoding=\"async\" class=\"wp-image-39351 size-full\" src=\"https:\/\/mouldking.store\/wp-content\/uploads\/2023\/01\/Docking-Bay-327-MOC-69457-5.png\" alt=\"MOC-69457 Docking Bay 327 With 10061 Pieces\" width=\"2048\" height=\"1536\" title=\"-\"><figcaption id=\"caption-attachment-39351\" class=\"wp-caption-text\">MOC-69457 Docking Bay 327 med 10061 stk<\/figcaption><\/figure>\n<figure id=\"attachment_39352\" aria-describedby=\"caption-attachment-39352\" style=\"width: 2048px\" class=\"wp-caption aligncenter\"><img loading=\"lazy\" decoding=\"async\" class=\"wp-image-39352 size-full\" src=\"https:\/\/mouldking.store\/wp-content\/uploads\/2023\/01\/Docking-Bay-327-MOC-69457-6.png\" alt=\"MOC-69457 Docking Bay 327 With 10061 Pieces\" width=\"2048\" height=\"1536\" title=\"-\"><figcaption id=\"caption-attachment-39352\" class=\"wp-caption-text\">MOC-69457 Docking Bay 327 med 10061 stk<\/figcaption><\/figure>","protected":false},"excerpt":{"rendered":"<p>Byggeveiledning i pdf<\/p>\n<p>Uten originaleske<\/p>\n<p>Tidsbestemt: 4-8 uker<\/p>","protected":false},"featured_media":39347,"comment_status":"closed","ping_status":"closed","template":"","meta":{"_acf_changed":false},"product_cat":[415],"product_tag":[5564,10676,10677,10678,430,10675,10679,10674],"class_list":["product","first","instock","shipping-taxable","purchasable","product-type-simple"],"acf":[],"_links":{"self":[{"href":"https:\/\/mouldking.store\/nb\/wp-json\/wp\/v2\/product\/39346","targetHints":{"allow":["GET"]}}],"collection":[{"href":"https:\/\/mouldking.store\/nb\/wp-json\/wp\/v2\/product"}],"about":[{"href":"https:\/\/mouldking.store\/nb\/wp-json\/wp\/v2\/types\/product"}],"replies":[{"embeddable":true,"href":"https:\/\/mouldking.store\/nb\/wp-json\/wp\/v2\/comments?post=39346"}],"wp:featuredmedia":[{"embeddable":true,"href":"https:\/\/mouldking.store\/nb\/wp-json\/wp\/v2\/media\/39347"}],"wp:attachment":[{"href":"https:\/\/mouldking.store\/nb\/wp-json\/wp\/v2\/media?parent=39346"}],"wp:term":[{"taxonomy":"product_cat","embeddable":true,"href":"https:\/\/mouldking.store\/nb\/wp-json\/wp\/v2\/product_cat?post=39346"},{"taxonomy":"product_tag","embeddable":true,"href":"https:\/\/mouldking.store\/nb\/wp-json\/wp\/v2\/product_tag?post=39346"}],"curies":[{"name":"wp","href":"https:\/\/api.w.org\/{rel}","templated":true}]}}