{"id":39354,"date":"2023-01-03T15:54:32","date_gmt":"2023-01-03T08:54:32","guid":{"rendered":"https:\/\/mouldking.store\/?post_type=product&#038;p=39354"},"modified":"2025-12-25T09:11:50","modified_gmt":"2025-12-25T02:11:50","slug":"moc-91986-hogwarts-stair-room-with-17829-pieces","status":"publish","type":"product","link":"https:\/\/mouldking.store\/nb\/shop\/moc-91986-hogwarts-stair-room-with-17829-pieces\/","title":{"rendered":"MOC-91986 Galtvorts trapperom med 17829 deler"},"content":{"rendered":"<ol>\n<li>Merke: MOC<\/li>\n<li>Kj\u00f8nn: Unisex<\/li>\n<li>Name: Hogwart\u2019s Stair Room<\/li>\n<li>Aldersgruppe: &gt; 6 \u00e5r gammel<\/li>\n<li>Model Number: 91986<\/li>\n<li>Klassifisering: Montering<\/li>\n<li>Plastblokkform: Selvl\u00e5sende murstein<\/li>\n<li>Materiale: Plast<\/li>\n<li>Plasttype: ABS<\/li>\n<li>Bricks Blocks:17829 PCS<\/li>\n<li>Size: 78.1 x 38.8 x 88.2 cm<\/li>\n<li>Inneholder detaljerte monteringsanvisninger.<\/li>\n<\/ol>\n<p>Legge merke til:<br \/>\n1. Uten original eske, men vi garanterer at v\u00e5re produkter har kvalitetssikring og pen emballasje.<br \/>\n2. Som alle delene vi har sjekket f\u00f8r frakt, s\u00e5 hvis du finner noen deler savnet eller skadet, ikke bekymre deg og bare kontakt oss, s\u00e5 kan vi sende dem til deg p\u00e5 nytt umiddelbart gratis.<\/p>\n<figure id=\"attachment_39355\" aria-describedby=\"caption-attachment-39355\" style=\"width: 1004px\" class=\"wp-caption aligncenter\"><img fetchpriority=\"high\" decoding=\"async\" class=\"wp-image-39355 size-full\" src=\"https:\/\/mouldking.store\/wp-content\/uploads\/2023\/01\/MOC-91986-Modular-Building-Hogwarts-Stair-Room-MOC-FACTORY.png\" alt=\"MOC-91986 Hogwart\u2019s Stair Room With 17829 Pieces\" width=\"1004\" height=\"1004\" title=\"-\"><figcaption id=\"caption-attachment-39355\" class=\"wp-caption-text\">MOC-91986 Galtvorts trapperom med 17829 deler<\/figcaption><\/figure>\n<figure id=\"attachment_39356\" aria-describedby=\"caption-attachment-39356\" style=\"width: 800px\" class=\"wp-caption aligncenter\"><img decoding=\"async\" class=\"wp-image-39356 size-full\" src=\"https:\/\/mouldking.store\/wp-content\/uploads\/2023\/01\/Hogwarts-Stair-Room-MOC-91986-2.jpg\" alt=\"MOC-91986 Hogwart\u2019s Stair Room With 17829 Pieces\" width=\"800\" height=\"800\" title=\"-\"><figcaption id=\"caption-attachment-39356\" class=\"wp-caption-text\">MOC-91986 Galtvorts trapperom med 17829 deler<\/figcaption><\/figure>","protected":false},"excerpt":{"rendered":"<p>Uten originaleske<\/p>\n<p>Tidsbestemt: 4-8 uker<\/p>","protected":false},"featured_media":39355,"comment_status":"closed","ping_status":"closed","template":"","meta":{"_acf_changed":false},"product_cat":[1395,390,581],"product_tag":[10683,2846,430,10681,10684,10680,6442,10682],"class_list":["product","first","instock","shipping-taxable","purchasable","product-type-simple"],"acf":[],"_links":{"self":[{"href":"https:\/\/mouldking.store\/nb\/wp-json\/wp\/v2\/product\/39354","targetHints":{"allow":["GET"]}}],"collection":[{"href":"https:\/\/mouldking.store\/nb\/wp-json\/wp\/v2\/product"}],"about":[{"href":"https:\/\/mouldking.store\/nb\/wp-json\/wp\/v2\/types\/product"}],"replies":[{"embeddable":true,"href":"https:\/\/mouldking.store\/nb\/wp-json\/wp\/v2\/comments?post=39354"}],"wp:featuredmedia":[{"embeddable":true,"href":"https:\/\/mouldking.store\/nb\/wp-json\/wp\/v2\/media\/39355"}],"wp:attachment":[{"href":"https:\/\/mouldking.store\/nb\/wp-json\/wp\/v2\/media?parent=39354"}],"wp:term":[{"taxonomy":"product_cat","embeddable":true,"href":"https:\/\/mouldking.store\/nb\/wp-json\/wp\/v2\/product_cat?post=39354"},{"taxonomy":"product_tag","embeddable":true,"href":"https:\/\/mouldking.store\/nb\/wp-json\/wp\/v2\/product_tag?post=39354"}],"curies":[{"name":"wp","href":"https:\/\/api.w.org\/{rel}","templated":true}]}}