{"id":39367,"date":"2023-01-03T16:32:36","date_gmt":"2023-01-03T09:32:36","guid":{"rendered":"https:\/\/mouldking.store\/?post_type=product&#038;p=39367"},"modified":"2025-12-25T09:11:50","modified_gmt":"2025-12-25T02:11:50","slug":"moc-124926-rancor-pit-bounty-hunters-throne-room-with-442-pieces","status":"publish","type":"product","link":"https:\/\/mouldking.store\/nb\/shop\/moc-124926-rancor-pit-bounty-hunters-throne-room-with-442-pieces\/","title":{"rendered":"MOC-124926 Rancor Pit Bounty Hunter&#039;s Throne Room med 442 deler"},"content":{"rendered":"<ol>\n<li>Merke: MOC<\/li>\n<li>Kj\u00f8nn: Unisex<\/li>\n<li>Name: Rancor Pit Bounty Hunter\u2019s Throne Room<\/li>\n<li>Aldersgruppe: &gt; 6 \u00e5r gammel<\/li>\n<li>Model Number: 124926<\/li>\n<li>Klassifisering: Montering<\/li>\n<li>Plastblokkform: Selvl\u00e5sende murstein<\/li>\n<li>Materiale: Plast<\/li>\n<li>Plasttype: ABS<\/li>\n<li>Bricks Blocks:442 PCS<\/li>\n<li>Inneholder detaljerte monteringsanvisninger.<\/li>\n<\/ol>\n<p>Legge merke til:<br \/>\n1. Uten original eske, men vi garanterer at v\u00e5re produkter har kvalitetssikring og pen emballasje.<br \/>\n2. Som alle delene vi har sjekket f\u00f8r frakt, s\u00e5 hvis du finner noen deler savnet eller skadet, ikke bekymre deg og bare kontakt oss, s\u00e5 kan vi sende dem til deg p\u00e5 nytt umiddelbart gratis.<\/p>\n<figure id=\"attachment_39368\" aria-describedby=\"caption-attachment-39368\" style=\"width: 1004px\" class=\"wp-caption aligncenter\"><img fetchpriority=\"high\" decoding=\"async\" class=\"wp-image-39368 size-full\" src=\"https:\/\/mouldking.store\/wp-content\/uploads\/2023\/01\/MOC-124926-Star-Wars-Rancor-Pit-Bounty-Hunters-Throne-Room-MOC-FACTORY.png\" alt=\"MOC-124926 Rancor Pit Bounty Hunter\u2019s Throne Room With 442 Pieces\" width=\"1004\" height=\"1004\" title=\"-\"><figcaption id=\"caption-attachment-39368\" class=\"wp-caption-text\">MOC-124926 Rancor Pit Bounty Hunter&#039;s Throne Room med 442 deler<\/figcaption><\/figure>\n<figure id=\"attachment_39369\" aria-describedby=\"caption-attachment-39369\" style=\"width: 1920px\" class=\"wp-caption aligncenter\"><img decoding=\"async\" class=\"wp-image-39369 size-full\" src=\"https:\/\/mouldking.store\/wp-content\/uploads\/2023\/01\/Rancor-Pit-Bounty-Hunters-Throne-Room-MOC-124926-2.png\" alt=\"MOC-124926 Rancor Pit Bounty Hunter\u2019s Throne Room With 442 Pieces\" width=\"1920\" height=\"1080\" title=\"-\"><figcaption id=\"caption-attachment-39369\" class=\"wp-caption-text\">MOC-124926 Rancor Pit Bounty Hunter&#039;s Throne Room med 442 deler<\/figcaption><\/figure>\n<figure id=\"attachment_39370\" aria-describedby=\"caption-attachment-39370\" style=\"width: 1920px\" class=\"wp-caption aligncenter\"><img decoding=\"async\" class=\"wp-image-39370 size-full\" src=\"https:\/\/mouldking.store\/wp-content\/uploads\/2023\/01\/Rancor-Pit-Bounty-Hunters-Throne-Room-MOC-124926-3.png\" alt=\"MOC-124926 Rancor Pit Bounty Hunter\u2019s Throne Room With 442 Pieces\" width=\"1920\" height=\"1080\" title=\"-\"><figcaption id=\"caption-attachment-39370\" class=\"wp-caption-text\">MOC-124926 Rancor Pit Bounty Hunter&#039;s Throne Room med 442 deler<\/figcaption><\/figure>\n<figure id=\"attachment_39371\" aria-describedby=\"caption-attachment-39371\" style=\"width: 1920px\" class=\"wp-caption aligncenter\"><img loading=\"lazy\" decoding=\"async\" class=\"wp-image-39371 size-full\" src=\"https:\/\/mouldking.store\/wp-content\/uploads\/2023\/01\/Rancor-Pit-Bounty-Hunters-Throne-Room-MOC-124926-4.png\" alt=\"MOC-124926 Rancor Pit Bounty Hunter\u2019s Throne Room With 442 Pieces\" width=\"1920\" height=\"1080\" title=\"-\"><figcaption id=\"caption-attachment-39371\" class=\"wp-caption-text\">MOC-124926 Rancor Pit Bounty Hunter&#039;s Throne Room med 442 deler<\/figcaption><\/figure>","protected":false},"excerpt":{"rendered":"<p>Byggeveiledning i pdf<\/p>\n<p>Uten originaleske<\/p>\n<p>Tidsbestemt: 4-8 uker<\/p>","protected":false},"featured_media":39368,"comment_status":"closed","ping_status":"closed","template":"","meta":{"_acf_changed":false},"product_cat":[415],"product_tag":[10700,10701,430,10698,10703,10697,10699,10702,9141],"class_list":["product","first","instock","shipping-taxable","purchasable","product-type-simple"],"acf":[],"_links":{"self":[{"href":"https:\/\/mouldking.store\/nb\/wp-json\/wp\/v2\/product\/39367","targetHints":{"allow":["GET"]}}],"collection":[{"href":"https:\/\/mouldking.store\/nb\/wp-json\/wp\/v2\/product"}],"about":[{"href":"https:\/\/mouldking.store\/nb\/wp-json\/wp\/v2\/types\/product"}],"replies":[{"embeddable":true,"href":"https:\/\/mouldking.store\/nb\/wp-json\/wp\/v2\/comments?post=39367"}],"wp:featuredmedia":[{"embeddable":true,"href":"https:\/\/mouldking.store\/nb\/wp-json\/wp\/v2\/media\/39368"}],"wp:attachment":[{"href":"https:\/\/mouldking.store\/nb\/wp-json\/wp\/v2\/media?parent=39367"}],"wp:term":[{"taxonomy":"product_cat","embeddable":true,"href":"https:\/\/mouldking.store\/nb\/wp-json\/wp\/v2\/product_cat?post=39367"},{"taxonomy":"product_tag","embeddable":true,"href":"https:\/\/mouldking.store\/nb\/wp-json\/wp\/v2\/product_tag?post=39367"}],"curies":[{"name":"wp","href":"https:\/\/api.w.org\/{rel}","templated":true}]}}