{"id":39372,"date":"2023-01-03T16:39:14","date_gmt":"2023-01-03T09:39:14","guid":{"rendered":"https:\/\/mouldking.store\/?post_type=product&#038;p=39372"},"modified":"2025-12-25T09:11:50","modified_gmt":"2025-12-25T02:11:50","slug":"moc-89511-rancor-pit-bounty-hunters-throne-room-full-set-with-1181-pieces","status":"publish","type":"product","link":"https:\/\/mouldking.store\/nb\/shop\/moc-89511-rancor-pit-bounty-hunters-throne-room-full-set-with-1181-pieces\/","title":{"rendered":"MOC-89511 Rancor Pit Bounty Hunter&#039;s Throne Room komplett sett med 1181 deler"},"content":{"rendered":"<ol>\n<li>Merke: MOC<\/li>\n<li>Kj\u00f8nn: Unisex<\/li>\n<li>Name: Rancor Pit Bounty Hunter\u2019s Throne Room Full Set<\/li>\n<li>Aldersgruppe: &gt; 6 \u00e5r gammel<\/li>\n<li>Model Number: 89511<\/li>\n<li>Klassifisering: Montering<\/li>\n<li>Plastblokkform: Selvl\u00e5sende murstein<\/li>\n<li>Materiale: Plast<\/li>\n<li>Plasttype: ABS<\/li>\n<li>Bricks Blocks:1181 PCS<\/li>\n<li>Inneholder detaljerte monteringsanvisninger.<\/li>\n<\/ol>\n<p>Legge merke til:<br \/>\n1. Uten original eske, men vi garanterer at v\u00e5re produkter har kvalitetssikring og pen emballasje.<br \/>\n2. Som alle delene vi har sjekket f\u00f8r frakt, s\u00e5 hvis du finner noen deler savnet eller skadet, ikke bekymre deg og bare kontakt oss, s\u00e5 kan vi sende dem til deg p\u00e5 nytt umiddelbart gratis.<\/p>\n<figure id=\"attachment_39373\" aria-describedby=\"caption-attachment-39373\" style=\"width: 1004px\" class=\"wp-caption aligncenter\"><img fetchpriority=\"high\" decoding=\"async\" class=\"wp-image-39373 size-full\" src=\"https:\/\/mouldking.store\/wp-content\/uploads\/2023\/01\/MOC-89511-Star-Wars-Rancor-Pit-Bounty-Hunters-Throne-Room-Full-Set-MOC-FACTORY.png\" alt=\"MOC-89511 Rancor Pit Bounty Hunter\u2019s Throne Room Full Set With 1181 Pieces\" width=\"1004\" height=\"1004\" title=\"-\"><figcaption id=\"caption-attachment-39373\" class=\"wp-caption-text\">MOC-89511 Rancor Pit Bounty Hunter&#039;s Throne Room komplett sett med 1181 deler<\/figcaption><\/figure>\n<figure id=\"attachment_39374\" aria-describedby=\"caption-attachment-39374\" style=\"width: 1920px\" class=\"wp-caption aligncenter\"><img decoding=\"async\" class=\"wp-image-39374 size-full\" src=\"https:\/\/mouldking.store\/wp-content\/uploads\/2023\/01\/Rancor-Pit-Bounty-Hunters-Throne-Room-Full-Set-MOC-89511-2.png\" alt=\"MOC-89511 Rancor Pit Bounty Hunter\u2019s Throne Room Full Set With 1181 Pieces\" width=\"1920\" height=\"1080\" title=\"-\"><figcaption id=\"caption-attachment-39374\" class=\"wp-caption-text\">MOC-89511 Rancor Pit Bounty Hunter&#039;s Throne Room komplett sett med 1181 deler<\/figcaption><\/figure>\n<figure id=\"attachment_39375\" aria-describedby=\"caption-attachment-39375\" style=\"width: 1920px\" class=\"wp-caption aligncenter\"><img decoding=\"async\" class=\"wp-image-39375 size-full\" src=\"https:\/\/mouldking.store\/wp-content\/uploads\/2023\/01\/Rancor-Pit-Bounty-Hunters-Throne-Room-Full-Set-MOC-89511-3.png\" alt=\"MOC-89511 Rancor Pit Bounty Hunter\u2019s Throne Room Full Set With 1181 Pieces\" width=\"1920\" height=\"1080\" title=\"-\"><figcaption id=\"caption-attachment-39375\" class=\"wp-caption-text\">MOC-89511 Rancor Pit Bounty Hunter&#039;s Throne Room komplett sett med 1181 deler<\/figcaption><\/figure>","protected":false},"excerpt":{"rendered":"<p>Byggeveiledning i pdf<\/p>\n<p>Uten originaleske<\/p>\n<p>Tidsbestemt: 4-8 uker<\/p>","protected":false},"featured_media":39373,"comment_status":"closed","ping_status":"closed","template":"","meta":{"_acf_changed":false},"product_cat":[415],"product_tag":[10700,10706,10701,430,10705,10708,10704,10699,10702,10707,9141],"class_list":["product","first","instock","shipping-taxable","purchasable","product-type-simple"],"acf":[],"_links":{"self":[{"href":"https:\/\/mouldking.store\/nb\/wp-json\/wp\/v2\/product\/39372","targetHints":{"allow":["GET"]}}],"collection":[{"href":"https:\/\/mouldking.store\/nb\/wp-json\/wp\/v2\/product"}],"about":[{"href":"https:\/\/mouldking.store\/nb\/wp-json\/wp\/v2\/types\/product"}],"replies":[{"embeddable":true,"href":"https:\/\/mouldking.store\/nb\/wp-json\/wp\/v2\/comments?post=39372"}],"wp:featuredmedia":[{"embeddable":true,"href":"https:\/\/mouldking.store\/nb\/wp-json\/wp\/v2\/media\/39373"}],"wp:attachment":[{"href":"https:\/\/mouldking.store\/nb\/wp-json\/wp\/v2\/media?parent=39372"}],"wp:term":[{"taxonomy":"product_cat","embeddable":true,"href":"https:\/\/mouldking.store\/nb\/wp-json\/wp\/v2\/product_cat?post=39372"},{"taxonomy":"product_tag","embeddable":true,"href":"https:\/\/mouldking.store\/nb\/wp-json\/wp\/v2\/product_tag?post=39372"}],"curies":[{"name":"wp","href":"https:\/\/api.w.org\/{rel}","templated":true}]}}