{"id":39377,"date":"2023-01-03T16:45:22","date_gmt":"2023-01-03T09:45:22","guid":{"rendered":"https:\/\/mouldking.store\/?post_type=product&#038;p=39377"},"modified":"2025-12-25T09:11:50","modified_gmt":"2025-12-25T02:11:50","slug":"moc-126262-the-lord-of-the-rings-barad-dur-dark-tower-with-5996-pieces","status":"publish","type":"product","link":"https:\/\/mouldking.store\/nb\/shop\/moc-126262-the-lord-of-the-rings-barad-dur-dark-tower-with-5996-pieces\/","title":{"rendered":"MOC-126262 Ringenes Herre Barad-d\u00fbr Dark Tower med 5996 deler"},"content":{"rendered":"<ol>\n<li>Merke: MOC<\/li>\n<li>Kj\u00f8nn: Unisex<\/li>\n<li>Name: The Lord of the Rings Barad-d\u00fbr Dark Tower<\/li>\n<li>Aldersgruppe: &gt; 6 \u00e5r gammel<\/li>\n<li>Model Number: 126262<\/li>\n<li>Klassifisering: Montering<\/li>\n<li>Plastblokkform: Selvl\u00e5sende murstein<\/li>\n<li>Materiale: Plast<\/li>\n<li>Plasttype: ABS<\/li>\n<li>Bricks Blocks:5996 PCS<\/li>\n<li>Size: 31 x 27 x 62 cm<\/li>\n<li>Inneholder detaljerte monteringsanvisninger.<\/li>\n<\/ol>\n<p>Legge merke til:<br \/>\n1. Uten original eske, men vi garanterer at v\u00e5re produkter har kvalitetssikring og pen emballasje.<br \/>\n2. Som alle delene vi har sjekket f\u00f8r frakt, s\u00e5 hvis du finner noen deler savnet eller skadet, ikke bekymre deg og bare kontakt oss, s\u00e5 kan vi sende dem til deg p\u00e5 nytt umiddelbart gratis.<\/p>\n<figure id=\"attachment_39378\" aria-describedby=\"caption-attachment-39378\" style=\"width: 1004px\" class=\"wp-caption aligncenter\"><img fetchpriority=\"high\" decoding=\"async\" class=\"wp-image-39378 size-full\" src=\"https:\/\/mouldking.store\/wp-content\/uploads\/2023\/01\/MOC-126262-Movie-The-Lord-of-the-Rings-Barad-dur-Dark-Tower-MOC-FACTORY.png\" alt=\"MOC-126262 The Lord of the Rings Barad-d\u00fbr Dark Tower With 5996 Pieces\" width=\"1004\" height=\"1004\" title=\"-\"><figcaption id=\"caption-attachment-39378\" class=\"wp-caption-text\">MOC-126262 Ringenes Herre Barad-d\u00fbr Dark Tower med 5996 deler<\/figcaption><\/figure>\n<figure id=\"attachment_39379\" aria-describedby=\"caption-attachment-39379\" style=\"width: 1080px\" class=\"wp-caption aligncenter\"><img decoding=\"async\" class=\"wp-image-39379 size-full\" src=\"https:\/\/mouldking.store\/wp-content\/uploads\/2023\/01\/The-Lord-of-the-Rings-Barad-dur-Dark-Tower-MOC-126262-2.png\" alt=\"MOC-126262 The Lord of the Rings Barad-d\u00fbr Dark Tower With 5996 Pieces\" width=\"1080\" height=\"1920\" title=\"-\"><figcaption id=\"caption-attachment-39379\" class=\"wp-caption-text\">MOC-126262 Ringenes Herre Barad-d\u00fbr Dark Tower med 5996 deler<\/figcaption><\/figure>\n<figure id=\"attachment_39380\" aria-describedby=\"caption-attachment-39380\" style=\"width: 4032px\" class=\"wp-caption aligncenter\"><img decoding=\"async\" class=\"wp-image-39380 size-full\" src=\"https:\/\/mouldking.store\/wp-content\/uploads\/2023\/01\/The-Lord-of-the-Rings-Barad-dur-Dark-Tower-MOC-126262-3.jpg\" alt=\"MOC-126262 The Lord of the Rings Barad-d\u00fbr Dark Tower With 5996 Pieces\" width=\"4032\" height=\"2268\" title=\"-\"><figcaption id=\"caption-attachment-39380\" class=\"wp-caption-text\">MOC-126262 Ringenes Herre Barad-d\u00fbr Dark Tower med 5996 deler<\/figcaption><\/figure>","protected":false},"excerpt":{"rendered":"<p>Byggeveiledning i pdf<\/p>\n<p>Uten originaleske<\/p>\n<p>Tidsbestemt: 4-8 uker<\/p>","protected":false},"featured_media":39378,"comment_status":"closed","ping_status":"closed","template":"","meta":{"_acf_changed":false},"product_cat":[415],"product_tag":[10711,10713,10712,430,10710,10715,10709,6169,10714],"class_list":["product","first","instock","shipping-taxable","purchasable","product-type-simple"],"acf":[],"_links":{"self":[{"href":"https:\/\/mouldking.store\/nb\/wp-json\/wp\/v2\/product\/39377","targetHints":{"allow":["GET"]}}],"collection":[{"href":"https:\/\/mouldking.store\/nb\/wp-json\/wp\/v2\/product"}],"about":[{"href":"https:\/\/mouldking.store\/nb\/wp-json\/wp\/v2\/types\/product"}],"replies":[{"embeddable":true,"href":"https:\/\/mouldking.store\/nb\/wp-json\/wp\/v2\/comments?post=39377"}],"wp:featuredmedia":[{"embeddable":true,"href":"https:\/\/mouldking.store\/nb\/wp-json\/wp\/v2\/media\/39378"}],"wp:attachment":[{"href":"https:\/\/mouldking.store\/nb\/wp-json\/wp\/v2\/media?parent=39377"}],"wp:term":[{"taxonomy":"product_cat","embeddable":true,"href":"https:\/\/mouldking.store\/nb\/wp-json\/wp\/v2\/product_cat?post=39377"},{"taxonomy":"product_tag","embeddable":true,"href":"https:\/\/mouldking.store\/nb\/wp-json\/wp\/v2\/product_tag?post=39377"}],"curies":[{"name":"wp","href":"https:\/\/api.w.org\/{rel}","templated":true}]}}