{"id":39384,"date":"2023-01-03T16:58:13","date_gmt":"2023-01-03T09:58:13","guid":{"rendered":"https:\/\/mouldking.store\/?post_type=product&#038;p=39384"},"modified":"2025-12-25T09:11:50","modified_gmt":"2025-12-25T02:11:50","slug":"moc-122034-wolfs-head-grond-with-2486-pieces","status":"publish","type":"product","link":"https:\/\/mouldking.store\/nb\/shop\/moc-122034-wolfs-head-grond-with-2486-pieces\/","title":{"rendered":"MOC-122034 Ulvehode Gr\u00f8nt med 2486 stykker"},"content":{"rendered":"<ol>\n<li>Merke: MOC<\/li>\n<li>Kj\u00f8nn: Unisex<\/li>\n<li>Name: Wolf\u2019s Head Grond<\/li>\n<li>Aldersgruppe: &gt; 6 \u00e5r gammel<\/li>\n<li>Model Number: 122034<\/li>\n<li>Klassifisering: Montering<\/li>\n<li>Plastblokkform: Selvl\u00e5sende murstein<\/li>\n<li>Materiale: Plast<\/li>\n<li>Plasttype: ABS<\/li>\n<li>Bricks Blocks:2486 PCS<\/li>\n<li>Inneholder detaljerte monteringsanvisninger.<\/li>\n<\/ol>\n<p>Legge merke til:<br \/>\n1. Uten original eske, men vi garanterer at v\u00e5re produkter har kvalitetssikring og pen emballasje.<br \/>\n2. Som alle delene vi har sjekket f\u00f8r frakt, s\u00e5 hvis du finner noen deler savnet eller skadet, ikke bekymre deg og bare kontakt oss, s\u00e5 kan vi sende dem til deg p\u00e5 nytt umiddelbart gratis.<\/p>\n<figure id=\"attachment_39385\" aria-describedby=\"caption-attachment-39385\" style=\"width: 1004px\" class=\"wp-caption aligncenter\"><img fetchpriority=\"high\" decoding=\"async\" class=\"wp-image-39385 size-full\" src=\"https:\/\/mouldking.store\/wp-content\/uploads\/2023\/01\/MOC-122034-Movie-Wolfs-Head-Grond-MOC-FACTORY.png\" alt=\"MOC-122034 Wolf\u2019s Head Grond With 2486 Pieces\" width=\"1004\" height=\"1004\" title=\"-\"><figcaption id=\"caption-attachment-39385\" class=\"wp-caption-text\">MOC-122034 Ulvehode Gr\u00f8nt med 2486 stykker<\/figcaption><\/figure>\n<figure id=\"attachment_39386\" aria-describedby=\"caption-attachment-39386\" style=\"width: 1000px\" class=\"wp-caption aligncenter\"><img decoding=\"async\" class=\"wp-image-39386 size-full\" src=\"https:\/\/mouldking.store\/wp-content\/uploads\/2023\/01\/Wolfs-Head-Grond-MOC-122034-1.png\" alt=\"MOC-122034 Wolf\u2019s Head Grond With 2486 Pieces\" width=\"1000\" height=\"1000\" title=\"-\"><figcaption id=\"caption-attachment-39386\" class=\"wp-caption-text\">MOC-122034 Ulvehode Gr\u00f8nt med 2486 stykker<\/figcaption><\/figure>\n<figure id=\"attachment_39387\" aria-describedby=\"caption-attachment-39387\" style=\"width: 1000px\" class=\"wp-caption aligncenter\"><img decoding=\"async\" class=\"wp-image-39387 size-full\" src=\"https:\/\/mouldking.store\/wp-content\/uploads\/2023\/01\/Wolfs-Head-Grond-MOC-122034-2.png\" alt=\"MOC-122034 Wolf\u2019s Head Grond With 2486 Pieces\" width=\"1000\" height=\"1000\" title=\"-\"><figcaption id=\"caption-attachment-39387\" class=\"wp-caption-text\">MOC-122034 Ulvehode Gr\u00f8nt med 2486 stykker<\/figcaption><\/figure>\n<figure id=\"attachment_39388\" aria-describedby=\"caption-attachment-39388\" style=\"width: 1000px\" class=\"wp-caption aligncenter\"><img loading=\"lazy\" decoding=\"async\" class=\"wp-image-39388 size-full\" src=\"https:\/\/mouldking.store\/wp-content\/uploads\/2023\/01\/Wolfs-Head-Grond-MOC-122034-3.png\" alt=\"MOC-122034 Wolf\u2019s Head Grond With 2486 Pieces\" width=\"1000\" height=\"1000\" title=\"-\"><figcaption id=\"caption-attachment-39388\" class=\"wp-caption-text\">MOC-122034 Ulvehode Gr\u00f8nt med 2486 stykker<\/figcaption><\/figure>\n<figure id=\"attachment_39389\" aria-describedby=\"caption-attachment-39389\" style=\"width: 1000px\" class=\"wp-caption aligncenter\"><img loading=\"lazy\" decoding=\"async\" class=\"wp-image-39389 size-full\" src=\"https:\/\/mouldking.store\/wp-content\/uploads\/2023\/01\/Wolfs-Head-Grond-MOC-122034-4.png\" alt=\"MOC-122034 Wolf\u2019s Head Grond With 2486 Pieces\" width=\"1000\" height=\"1000\" title=\"-\"><figcaption id=\"caption-attachment-39389\" class=\"wp-caption-text\">MOC-122034 Ulvehode Gr\u00f8nt med 2486 stykker<\/figcaption><\/figure>","protected":false},"excerpt":{"rendered":"<p>Byggeveiledning i pdf<\/p>\n<p>Uten originaleske<\/p>\n<p>Tidsbestemt: 4-8 uker<\/p>","protected":false},"featured_media":39385,"comment_status":"closed","ping_status":"closed","template":"","meta":{"_acf_changed":false},"product_cat":[581],"product_tag":[10724,6483,430,10723,10726,10722,7835,10725],"class_list":["product","first","instock","shipping-taxable","purchasable","product-type-simple"],"acf":[],"_links":{"self":[{"href":"https:\/\/mouldking.store\/nb\/wp-json\/wp\/v2\/product\/39384","targetHints":{"allow":["GET"]}}],"collection":[{"href":"https:\/\/mouldking.store\/nb\/wp-json\/wp\/v2\/product"}],"about":[{"href":"https:\/\/mouldking.store\/nb\/wp-json\/wp\/v2\/types\/product"}],"replies":[{"embeddable":true,"href":"https:\/\/mouldking.store\/nb\/wp-json\/wp\/v2\/comments?post=39384"}],"wp:featuredmedia":[{"embeddable":true,"href":"https:\/\/mouldking.store\/nb\/wp-json\/wp\/v2\/media\/39385"}],"wp:attachment":[{"href":"https:\/\/mouldking.store\/nb\/wp-json\/wp\/v2\/media?parent=39384"}],"wp:term":[{"taxonomy":"product_cat","embeddable":true,"href":"https:\/\/mouldking.store\/nb\/wp-json\/wp\/v2\/product_cat?post=39384"},{"taxonomy":"product_tag","embeddable":true,"href":"https:\/\/mouldking.store\/nb\/wp-json\/wp\/v2\/product_tag?post=39384"}],"curies":[{"name":"wp","href":"https:\/\/api.w.org\/{rel}","templated":true}]}}