{"id":39392,"date":"2023-01-03T17:13:19","date_gmt":"2023-01-03T10:13:19","guid":{"rendered":"https:\/\/mouldking.store\/?post_type=product&#038;p=39392"},"modified":"2025-12-25T09:11:50","modified_gmt":"2025-12-25T02:11:50","slug":"moc-89510-tantive-iv-main-corridor-with-airlock-doorway-with-1087-pieces","status":"publish","type":"product","link":"https:\/\/mouldking.store\/nb\/shop\/moc-89510-tantive-iv-main-corridor-with-airlock-doorway-with-1087-pieces\/","title":{"rendered":"MOC-89510 Tantive IV Main Corridor with Airlock Doorway With 1087 Pieces"},"content":{"rendered":"<ol>\n<li>Merke: MOC<\/li>\n<li>Kj\u00f8nn: Unisex<\/li>\n<li>Name: Tantive IV Main Corridor with Airlock Doorway<\/li>\n<li>Aldersgruppe: &gt; 6 \u00e5r gammel<\/li>\n<li>Model Number: 89510<\/li>\n<li>Klassifisering: Montering<\/li>\n<li>Plastblokkform: Selvl\u00e5sende murstein<\/li>\n<li>Materiale: Plast<\/li>\n<li>Plasttype: ABS<\/li>\n<li>Bricks Blocks:1087 PCS<\/li>\n<li>Inneholder detaljerte monteringsanvisninger.<\/li>\n<\/ol>\n<p>Legge merke til:<br \/>\n1. Uten original eske, men vi garanterer at v\u00e5re produkter har kvalitetssikring og pen emballasje.<br \/>\n2. Som alle delene vi har sjekket f\u00f8r frakt, s\u00e5 hvis du finner noen deler savnet eller skadet, ikke bekymre deg og bare kontakt oss, s\u00e5 kan vi sende dem til deg p\u00e5 nytt umiddelbart gratis.<\/p>\n<figure id=\"attachment_39393\" aria-describedby=\"caption-attachment-39393\" style=\"width: 1004px\" class=\"wp-caption aligncenter\"><img fetchpriority=\"high\" decoding=\"async\" class=\"wp-image-39393 size-full\" src=\"https:\/\/mouldking.store\/wp-content\/uploads\/2023\/01\/MOC-89510-Star-Wars-Tantive-IV-Main-Corridor-with-Airlock-Doorway-MOC-FACTORY.png\" alt=\"MOC-89510 Tantive IV Main Corridor with Airlock Doorway With 1087 Pieces\" width=\"1004\" height=\"1004\" title=\"-\"><figcaption id=\"caption-attachment-39393\" class=\"wp-caption-text\">MOC-89510 Tantive IV Main Corridor with Airlock Doorway With 1087 Pieces<\/figcaption><\/figure>\n<figure id=\"attachment_39394\" aria-describedby=\"caption-attachment-39394\" style=\"width: 1000px\" class=\"wp-caption aligncenter\"><img decoding=\"async\" class=\"wp-image-39394 size-full\" src=\"https:\/\/mouldking.store\/wp-content\/uploads\/2023\/01\/Tantive-IV-Main-Corridor-with-Airlock-Doorway-MOC-89510-2.png\" alt=\"MOC-89510 Tantive IV Main Corridor with Airlock Doorway With 1087 Pieces\" width=\"1000\" height=\"1000\" title=\"-\"><figcaption id=\"caption-attachment-39394\" class=\"wp-caption-text\">MOC-89510 Tantive IV Main Corridor with Airlock Doorway With 1087 Pieces<\/figcaption><\/figure>\n<figure id=\"attachment_39395\" aria-describedby=\"caption-attachment-39395\" style=\"width: 1000px\" class=\"wp-caption aligncenter\"><img decoding=\"async\" class=\"wp-image-39395 size-full\" src=\"https:\/\/mouldking.store\/wp-content\/uploads\/2023\/01\/Tantive-IV-Main-Corridor-with-Airlock-Doorway-MOC-89510-3.png\" alt=\"MOC-89510 Tantive IV Main Corridor with Airlock Doorway With 1087 Pieces\" width=\"1000\" height=\"1000\" title=\"-\"><figcaption id=\"caption-attachment-39395\" class=\"wp-caption-text\">MOC-89510 Tantive IV Main Corridor with Airlock Doorway With 1087 Pieces<\/figcaption><\/figure>\n<figure id=\"attachment_39396\" aria-describedby=\"caption-attachment-39396\" style=\"width: 1000px\" class=\"wp-caption aligncenter\"><img loading=\"lazy\" decoding=\"async\" class=\"wp-image-39396 size-full\" src=\"https:\/\/mouldking.store\/wp-content\/uploads\/2023\/01\/Tantive-IV-Main-Corridor-with-Airlock-Doorway-MOC-89510-4.png\" alt=\"MOC-89510 Tantive IV Main Corridor with Airlock Doorway With 1087 Pieces\" width=\"1000\" height=\"1000\" title=\"-\"><figcaption id=\"caption-attachment-39396\" class=\"wp-caption-text\">MOC-89510 Tantive IV Main Corridor with Airlock Doorway With 1087 Pieces<\/figcaption><\/figure>\n<figure id=\"attachment_39397\" aria-describedby=\"caption-attachment-39397\" style=\"width: 1000px\" class=\"wp-caption aligncenter\"><img loading=\"lazy\" decoding=\"async\" class=\"wp-image-39397 size-full\" src=\"https:\/\/mouldking.store\/wp-content\/uploads\/2023\/01\/Tantive-IV-Main-Corridor-with-Airlock-Doorway-MOC-89510-5.png\" alt=\"MOC-89510 Tantive IV Main Corridor with Airlock Doorway With 1087 Pieces\" width=\"1000\" height=\"1000\" title=\"-\"><figcaption id=\"caption-attachment-39397\" class=\"wp-caption-text\">MOC-89510 Tantive IV Main Corridor with Airlock Doorway With 1087 Pieces<\/figcaption><\/figure>\n<figure id=\"attachment_39398\" aria-describedby=\"caption-attachment-39398\" style=\"width: 1000px\" class=\"wp-caption aligncenter\"><img loading=\"lazy\" decoding=\"async\" class=\"wp-image-39398 size-full\" src=\"https:\/\/mouldking.store\/wp-content\/uploads\/2023\/01\/Tantive-IV-Main-Corridor-with-Airlock-Doorway-MOC-89510-6.png\" alt=\"MOC-89510 Tantive IV Main Corridor with Airlock Doorway With 1087 Pieces\" width=\"1000\" height=\"1000\" title=\"-\"><figcaption id=\"caption-attachment-39398\" class=\"wp-caption-text\">MOC-89510 Tantive IV Main Corridor with Airlock Doorway With 1087 Pieces<\/figcaption><\/figure>","protected":false},"excerpt":{"rendered":"<p>Byggeveiledning i pdf<\/p>\n<p>Uten originaleske<\/p>\n<p>Tidsbestemt: 4-8 uker<\/p>","protected":false},"featured_media":39393,"comment_status":"closed","ping_status":"closed","template":"","meta":{"_acf_changed":false},"product_cat":[415],"product_tag":[10739,10741,10737,10740,10371,10738,430,10734,10744,10733,10735,10736,10742,10743],"class_list":["product","first","instock","shipping-taxable","purchasable","product-type-simple"],"acf":[],"_links":{"self":[{"href":"https:\/\/mouldking.store\/nb\/wp-json\/wp\/v2\/product\/39392","targetHints":{"allow":["GET"]}}],"collection":[{"href":"https:\/\/mouldking.store\/nb\/wp-json\/wp\/v2\/product"}],"about":[{"href":"https:\/\/mouldking.store\/nb\/wp-json\/wp\/v2\/types\/product"}],"replies":[{"embeddable":true,"href":"https:\/\/mouldking.store\/nb\/wp-json\/wp\/v2\/comments?post=39392"}],"wp:featuredmedia":[{"embeddable":true,"href":"https:\/\/mouldking.store\/nb\/wp-json\/wp\/v2\/media\/39393"}],"wp:attachment":[{"href":"https:\/\/mouldking.store\/nb\/wp-json\/wp\/v2\/media?parent=39392"}],"wp:term":[{"taxonomy":"product_cat","embeddable":true,"href":"https:\/\/mouldking.store\/nb\/wp-json\/wp\/v2\/product_cat?post=39392"},{"taxonomy":"product_tag","embeddable":true,"href":"https:\/\/mouldking.store\/nb\/wp-json\/wp\/v2\/product_tag?post=39392"}],"curies":[{"name":"wp","href":"https:\/\/api.w.org\/{rel}","templated":true}]}}