{"id":39400,"date":"2023-01-03T17:22:11","date_gmt":"2023-01-03T10:22:11","guid":{"rendered":"https:\/\/mouldking.store\/?post_type=product&#038;p=39400"},"modified":"2025-12-25T09:11:49","modified_gmt":"2025-12-25T02:11:49","slug":"moc-89509-zelda-tan-korok-yahaha-with-314-pieces","status":"publish","type":"product","link":"https:\/\/mouldking.store\/nb\/shop\/moc-89509-zelda-tan-korok-yahaha-with-314-pieces\/","title":{"rendered":"MOC-89509 Zelda Tan Korok &amp; Yahaha med 314 deler"},"content":{"rendered":"<ol>\n<li>Merke: MOC<\/li>\n<li>Kj\u00f8nn: Unisex<\/li>\n<li>Name: Zelda Tan Korok&amp; Yahaha<\/li>\n<li>Aldersgruppe: &gt; 6 \u00e5r gammel<\/li>\n<li>Model Number: 89509<\/li>\n<li>Klassifisering: Montering<\/li>\n<li>Plastblokkform: Selvl\u00e5sende murstein<\/li>\n<li>Materiale: Plast<\/li>\n<li>Plasttype: ABS<\/li>\n<li>Bricks Blocks:314 PCS<\/li>\n<li>Size: 8.1 x 7.4 x 15.3 cm ; 10.3 x 6.6 x 12.2 cm<\/li>\n<li>Inneholder detaljerte monteringsanvisninger.<\/li>\n<\/ol>\n<p>Legge merke til:<br \/>\n1. Uten original eske, men vi garanterer at v\u00e5re produkter har kvalitetssikring og pen emballasje.<br \/>\n2. Som alle delene vi har sjekket f\u00f8r frakt, s\u00e5 hvis du finner noen deler savnet eller skadet, ikke bekymre deg og bare kontakt oss, s\u00e5 kan vi sende dem til deg p\u00e5 nytt umiddelbart gratis.<\/p>\n<figure id=\"attachment_39401\" aria-describedby=\"caption-attachment-39401\" style=\"width: 1004px\" class=\"wp-caption aligncenter\"><img fetchpriority=\"high\" decoding=\"async\" class=\"wp-image-39401 size-full\" src=\"https:\/\/mouldking.store\/wp-content\/uploads\/2023\/01\/MOC-89509-Creator-Zelda-Tan-Korok-Yahaha-MOC-FACTORY.png\" alt=\"MOC-89509 Zelda Tan Korok&amp; Yahaha With 314 Pieces\" width=\"1004\" height=\"1004\" title=\"-\"><figcaption id=\"caption-attachment-39401\" class=\"wp-caption-text\">MOC-89509 Zelda Tan Korok &amp; Yahaha med 314 deler<\/figcaption><\/figure>\n<figure id=\"attachment_39402\" aria-describedby=\"caption-attachment-39402\" style=\"width: 800px\" class=\"wp-caption aligncenter\"><img decoding=\"async\" class=\"wp-image-39402 size-full\" src=\"https:\/\/mouldking.store\/wp-content\/uploads\/2023\/01\/Zelda-Tan-Korok-Yahaha-MOC-89509-1.jpg\" alt=\"MOC-89509 Zelda Tan Korok&amp; Yahaha With 314 Pieces\" width=\"800\" height=\"800\" title=\"-\"><figcaption id=\"caption-attachment-39402\" class=\"wp-caption-text\">MOC-89509 Zelda Tan Korok &amp; Yahaha med 314 deler<\/figcaption><\/figure>\n<figure id=\"attachment_39403\" aria-describedby=\"caption-attachment-39403\" style=\"width: 800px\" class=\"wp-caption aligncenter\"><img decoding=\"async\" class=\"wp-image-39403 size-full\" src=\"https:\/\/mouldking.store\/wp-content\/uploads\/2023\/01\/Zelda-Tan-Korok-Yahaha-MOC-89509-2.jpg\" alt=\"MOC-89509 Zelda Tan Korok&amp; Yahaha With 314 Pieces\" width=\"800\" height=\"800\" title=\"-\"><figcaption id=\"caption-attachment-39403\" class=\"wp-caption-text\">MOC-89509 Zelda Tan Korok &amp; Yahaha med 314 deler<\/figcaption><\/figure>\n<figure id=\"attachment_39404\" aria-describedby=\"caption-attachment-39404\" style=\"width: 800px\" class=\"wp-caption aligncenter\"><img loading=\"lazy\" decoding=\"async\" class=\"wp-image-39404 size-full\" src=\"https:\/\/mouldking.store\/wp-content\/uploads\/2023\/01\/Zelda-Tan-Korok-Yahaha-MOC-89509-3.jpg\" alt=\"MOC-89509 Zelda Tan Korok&amp; Yahaha With 314 Pieces\" width=\"800\" height=\"800\" title=\"-\"><figcaption id=\"caption-attachment-39404\" class=\"wp-caption-text\">MOC-89509 Zelda Tan Korok &amp; Yahaha med 314 deler<\/figcaption><\/figure>\n<figure id=\"attachment_39405\" aria-describedby=\"caption-attachment-39405\" style=\"width: 800px\" class=\"wp-caption aligncenter\"><img loading=\"lazy\" decoding=\"async\" class=\"wp-image-39405 size-full\" src=\"https:\/\/mouldking.store\/wp-content\/uploads\/2023\/01\/Zelda-Tan-Korok-Yahaha-MOC-89509-4.jpg\" alt=\"MOC-89509 Zelda Tan Korok&amp; Yahaha With 314 Pieces\" width=\"800\" height=\"800\" title=\"-\"><figcaption id=\"caption-attachment-39405\" class=\"wp-caption-text\">MOC-89509 Zelda Tan Korok &amp; Yahaha med 314 deler<\/figcaption><\/figure>\n<figure id=\"attachment_39406\" aria-describedby=\"caption-attachment-39406\" style=\"width: 800px\" class=\"wp-caption aligncenter\"><img loading=\"lazy\" decoding=\"async\" class=\"wp-image-39406 size-full\" src=\"https:\/\/mouldking.store\/wp-content\/uploads\/2023\/01\/Zelda-Tan-Korok-Yahaha-MOC-89509-5.jpg\" alt=\"MOC-89509 Zelda Tan Korok&amp; Yahaha With 314 Pieces\" width=\"800\" height=\"800\" title=\"-\"><figcaption id=\"caption-attachment-39406\" class=\"wp-caption-text\">MOC-89509 Zelda Tan Korok &amp; Yahaha med 314 deler<\/figcaption><\/figure>\n<figure id=\"attachment_39407\" aria-describedby=\"caption-attachment-39407\" style=\"width: 800px\" class=\"wp-caption aligncenter\"><img loading=\"lazy\" decoding=\"async\" class=\"wp-image-39407 size-full\" src=\"https:\/\/mouldking.store\/wp-content\/uploads\/2023\/01\/Zelda-Tan-Korok-Yahaha-MOC-89509-6.jpg\" alt=\"MOC-89509 Zelda Tan Korok&amp; Yahaha With 314 Pieces\" width=\"800\" height=\"800\" title=\"-\"><figcaption id=\"caption-attachment-39407\" class=\"wp-caption-text\">MOC-89509 Zelda Tan Korok &amp; Yahaha med 314 deler<\/figcaption><\/figure>\n<figure id=\"attachment_39408\" aria-describedby=\"caption-attachment-39408\" style=\"width: 800px\" class=\"wp-caption aligncenter\"><img loading=\"lazy\" decoding=\"async\" class=\"wp-image-39408 size-full\" src=\"https:\/\/mouldking.store\/wp-content\/uploads\/2023\/01\/Zelda-Tan-Korok-Yahaha-MOC-89509-7.jpg\" alt=\"MOC-89509 Zelda Tan Korok&amp; Yahaha With 314 Pieces\" width=\"800\" height=\"800\" title=\"-\"><figcaption id=\"caption-attachment-39408\" class=\"wp-caption-text\">MOC-89509 Zelda Tan Korok &amp; Yahaha med 314 deler<\/figcaption><\/figure>\n<figure id=\"attachment_39409\" aria-describedby=\"caption-attachment-39409\" style=\"width: 800px\" class=\"wp-caption aligncenter\"><img loading=\"lazy\" decoding=\"async\" class=\"wp-image-39409 size-full\" src=\"https:\/\/mouldking.store\/wp-content\/uploads\/2023\/01\/Zelda-Tan-Korok-Yahaha-MOC-89509-8.jpg\" alt=\"MOC-89509 Zelda Tan Korok&amp; Yahaha With 314 Pieces\" width=\"800\" height=\"800\" title=\"-\"><figcaption id=\"caption-attachment-39409\" class=\"wp-caption-text\">MOC-89509 Zelda Tan Korok &amp; Yahaha med 314 deler<\/figcaption><\/figure>","protected":false},"excerpt":{"rendered":"<p>Byggeveiledning i pdf<\/p>\n<p>Uten originaleske<\/p>","protected":false},"featured_media":39401,"comment_status":"closed","ping_status":"closed","template":"","meta":{"_acf_changed":false},"product_cat":[1365,371],"product_tag":[430,10746,10751,10745,10749,10748,10747,10750],"class_list":["product","first","instock","shipping-taxable","purchasable","product-type-simple"],"acf":[],"_links":{"self":[{"href":"https:\/\/mouldking.store\/nb\/wp-json\/wp\/v2\/product\/39400","targetHints":{"allow":["GET"]}}],"collection":[{"href":"https:\/\/mouldking.store\/nb\/wp-json\/wp\/v2\/product"}],"about":[{"href":"https:\/\/mouldking.store\/nb\/wp-json\/wp\/v2\/types\/product"}],"replies":[{"embeddable":true,"href":"https:\/\/mouldking.store\/nb\/wp-json\/wp\/v2\/comments?post=39400"}],"wp:featuredmedia":[{"embeddable":true,"href":"https:\/\/mouldking.store\/nb\/wp-json\/wp\/v2\/media\/39401"}],"wp:attachment":[{"href":"https:\/\/mouldking.store\/nb\/wp-json\/wp\/v2\/media?parent=39400"}],"wp:term":[{"taxonomy":"product_cat","embeddable":true,"href":"https:\/\/mouldking.store\/nb\/wp-json\/wp\/v2\/product_cat?post=39400"},{"taxonomy":"product_tag","embeddable":true,"href":"https:\/\/mouldking.store\/nb\/wp-json\/wp\/v2\/product_tag?post=39400"}],"curies":[{"name":"wp","href":"https:\/\/api.w.org\/{rel}","templated":true}]}}