{"id":39411,"date":"2023-01-03T17:29:05","date_gmt":"2023-01-03T10:29:05","guid":{"rendered":"https:\/\/mouldking.store\/?post_type=product&#038;p=39411"},"modified":"2025-12-25T09:11:49","modified_gmt":"2025-12-25T02:11:49","slug":"moc-89508-horizon-zero-dawn-scrapper-with-219-pieces","status":"publish","type":"product","link":"https:\/\/mouldking.store\/nb\/shop\/moc-89508-horizon-zero-dawn-scrapper-with-219-pieces\/","title":{"rendered":"MOC-89508 Horizon Zero Dawn Scrapper med 219 deler"},"content":{"rendered":"<ol>\n<li>Merke: MOC<\/li>\n<li>Kj\u00f8nn: Unisex<\/li>\n<li>Name: Horizon Zero Dawn Scrapper<\/li>\n<li>Aldersgruppe: &gt; 6 \u00e5r gammel<\/li>\n<li>Model Number: 89508<\/li>\n<li>Klassifisering: Montering<\/li>\n<li>Plastblokkform: Selvl\u00e5sende murstein<\/li>\n<li>Materiale: Plast<\/li>\n<li>Plasttype: ABS<\/li>\n<li>Bricks Blocks:219 PCS<\/li>\n<li>Size: 7.7 x 13.2 x 9.8 cm<\/li>\n<li>Inneholder detaljerte monteringsanvisninger.<\/li>\n<\/ol>\n<p>Legge merke til:<br \/>\n1. Uten original eske, men vi garanterer at v\u00e5re produkter har kvalitetssikring og pen emballasje.<br \/>\n2. Som alle delene vi har sjekket f\u00f8r frakt, s\u00e5 hvis du finner noen deler savnet eller skadet, ikke bekymre deg og bare kontakt oss, s\u00e5 kan vi sende dem til deg p\u00e5 nytt umiddelbart gratis.<\/p>\n<figure id=\"attachment_39412\" aria-describedby=\"caption-attachment-39412\" style=\"width: 1004px\" class=\"wp-caption aligncenter\"><img fetchpriority=\"high\" decoding=\"async\" class=\"wp-image-39412 size-full\" src=\"https:\/\/mouldking.store\/wp-content\/uploads\/2023\/01\/MOC-89508-Creator-Horizon-Zero-Dawn-Scrapper-MOC-FACTORY.png\" alt=\"MOC-89508 Horizon Zero Dawn Scrapper With 219 Pieces\" width=\"1004\" height=\"1004\" title=\"-\"><figcaption id=\"caption-attachment-39412\" class=\"wp-caption-text\">MOC-89508 Horizon Zero Dawn Scrapper med 219 deler<\/figcaption><\/figure>\n<figure id=\"attachment_39413\" aria-describedby=\"caption-attachment-39413\" style=\"width: 800px\" class=\"wp-caption aligncenter\"><img decoding=\"async\" class=\"wp-image-39413 size-full\" src=\"https:\/\/mouldking.store\/wp-content\/uploads\/2023\/01\/Horizon-Zero-Dawn-Scrapper-MOC-89508-2.jpg\" alt=\"MOC-89508 Horizon Zero Dawn Scrapper With 219 Pieces\" width=\"800\" height=\"800\" title=\"-\"><figcaption id=\"caption-attachment-39413\" class=\"wp-caption-text\">MOC-89508 Horizon Zero Dawn Scrapper med 219 deler<\/figcaption><\/figure>\n<figure id=\"attachment_39414\" aria-describedby=\"caption-attachment-39414\" style=\"width: 800px\" class=\"wp-caption aligncenter\"><img decoding=\"async\" class=\"wp-image-39414 size-full\" src=\"https:\/\/mouldking.store\/wp-content\/uploads\/2023\/01\/Horizon-Zero-Dawn-Scrapper-MOC-89508-3.jpg\" alt=\"MOC-89508 Horizon Zero Dawn Scrapper With 219 Pieces\" width=\"800\" height=\"800\" title=\"-\"><figcaption id=\"caption-attachment-39414\" class=\"wp-caption-text\">MOC-89508 Horizon Zero Dawn Scrapper med 219 deler<\/figcaption><\/figure>\n<figure id=\"attachment_39415\" aria-describedby=\"caption-attachment-39415\" style=\"width: 800px\" class=\"wp-caption aligncenter\"><img loading=\"lazy\" decoding=\"async\" class=\"wp-image-39415 size-full\" src=\"https:\/\/mouldking.store\/wp-content\/uploads\/2023\/01\/Horizon-Zero-Dawn-Scrapper-MOC-89508-4.jpg\" alt=\"MOC-89508 Horizon Zero Dawn Scrapper With 219 Pieces\" width=\"800\" height=\"800\" title=\"-\"><figcaption id=\"caption-attachment-39415\" class=\"wp-caption-text\">MOC-89508 Horizon Zero Dawn Scrapper med 219 deler<\/figcaption><\/figure>\n<figure id=\"attachment_39416\" aria-describedby=\"caption-attachment-39416\" style=\"width: 800px\" class=\"wp-caption aligncenter\"><img loading=\"lazy\" decoding=\"async\" class=\"wp-image-39416 size-full\" src=\"https:\/\/mouldking.store\/wp-content\/uploads\/2023\/01\/Horizon-Zero-Dawn-Scrapper-MOC-89508-5.jpg\" alt=\"MOC-89508 Horizon Zero Dawn Scrapper With 219 Pieces\" width=\"800\" height=\"800\" title=\"-\"><figcaption id=\"caption-attachment-39416\" class=\"wp-caption-text\">MOC-89508 Horizon Zero Dawn Scrapper med 219 deler<\/figcaption><\/figure>\n<figure id=\"attachment_39417\" aria-describedby=\"caption-attachment-39417\" style=\"width: 800px\" class=\"wp-caption aligncenter\"><img loading=\"lazy\" decoding=\"async\" class=\"wp-image-39417 size-full\" src=\"https:\/\/mouldking.store\/wp-content\/uploads\/2023\/01\/Horizon-Zero-Dawn-Scrapper-MOC-89508-6.jpg\" alt=\"MOC-89508 Horizon Zero Dawn Scrapper With 219 Pieces\" width=\"800\" height=\"800\" title=\"-\"><figcaption id=\"caption-attachment-39417\" class=\"wp-caption-text\">MOC-89508 Horizon Zero Dawn Scrapper med 219 deler<\/figcaption><\/figure>\n<figure id=\"attachment_39418\" aria-describedby=\"caption-attachment-39418\" style=\"width: 800px\" class=\"wp-caption aligncenter\"><img loading=\"lazy\" decoding=\"async\" class=\"wp-image-39418 size-full\" src=\"https:\/\/mouldking.store\/wp-content\/uploads\/2023\/01\/Horizon-Zero-Dawn-Scrapper-MOC-89508-7.jpg\" alt=\"MOC-89508 Horizon Zero Dawn Scrapper With 219 Pieces\" width=\"800\" height=\"800\" title=\"-\"><figcaption id=\"caption-attachment-39418\" class=\"wp-caption-text\">MOC-89508 Horizon Zero Dawn Scrapper med 219 deler<\/figcaption><\/figure>\n<figure id=\"attachment_39419\" aria-describedby=\"caption-attachment-39419\" style=\"width: 800px\" class=\"wp-caption aligncenter\"><img loading=\"lazy\" decoding=\"async\" class=\"wp-image-39419 size-full\" src=\"https:\/\/mouldking.store\/wp-content\/uploads\/2023\/01\/Horizon-Zero-Dawn-Scrapper-MOC-89508-8.jpg\" alt=\"MOC-89508 Horizon Zero Dawn Scrapper With 219 Pieces\" width=\"800\" height=\"800\" title=\"-\"><figcaption id=\"caption-attachment-39419\" class=\"wp-caption-text\">MOC-89508 Horizon Zero Dawn Scrapper med 219 deler<\/figcaption><\/figure>\n<figure id=\"attachment_39420\" aria-describedby=\"caption-attachment-39420\" style=\"width: 800px\" class=\"wp-caption aligncenter\"><img loading=\"lazy\" decoding=\"async\" class=\"wp-image-39420 size-full\" src=\"https:\/\/mouldking.store\/wp-content\/uploads\/2023\/01\/Horizon-Zero-Dawn-Scrapper-MOC-89508-9.jpg\" alt=\"MOC-89508 Horizon Zero Dawn Scrapper With 219 Pieces\" width=\"800\" height=\"800\" title=\"-\"><figcaption id=\"caption-attachment-39420\" class=\"wp-caption-text\">MOC-89508 Horizon Zero Dawn Scrapper med 219 deler<\/figcaption><\/figure>\n<figure id=\"attachment_39421\" aria-describedby=\"caption-attachment-39421\" style=\"width: 800px\" class=\"wp-caption aligncenter\"><img loading=\"lazy\" decoding=\"async\" class=\"wp-image-39421 size-full\" src=\"https:\/\/mouldking.store\/wp-content\/uploads\/2023\/01\/Horizon-Zero-Dawn-Scrapper-MOC-89508-10.jpg\" alt=\"MOC-89508 Horizon Zero Dawn Scrapper With 219 Pieces\" width=\"800\" height=\"800\" title=\"-\"><figcaption id=\"caption-attachment-39421\" class=\"wp-caption-text\">MOC-89508 Horizon Zero Dawn Scrapper med 219 deler<\/figcaption><\/figure>","protected":false},"excerpt":{"rendered":"<p>Brand: MOC Gender: Unisex Name: Horizon Zero Dawn Scrapper Age Range: &gt; 6 years old Model Number: 89508 Classification: Assemblage Plastic Block Shape: Self-Locking Bricks Material: Plastic Plastic Type: ABS Bricks Blocks:219 PCS Size: 7.7 x 13.2 x 9.8 cm Contains detailed assembly instructions. Notice: 1. Without an original box, but we guarantee our products [&hellip;]<\/p>","protected":false},"featured_media":39412,"comment_status":"closed","ping_status":"closed","template":"","meta":{"_acf_changed":false},"product_cat":[1365,1406,371],"product_tag":[8168,5808,10755,430,10753,10756,10752,10754,8169],"class_list":["product","first","instock","shipping-taxable","purchasable","product-type-simple"],"acf":[],"_links":{"self":[{"href":"https:\/\/mouldking.store\/nb\/wp-json\/wp\/v2\/product\/39411","targetHints":{"allow":["GET"]}}],"collection":[{"href":"https:\/\/mouldking.store\/nb\/wp-json\/wp\/v2\/product"}],"about":[{"href":"https:\/\/mouldking.store\/nb\/wp-json\/wp\/v2\/types\/product"}],"replies":[{"embeddable":true,"href":"https:\/\/mouldking.store\/nb\/wp-json\/wp\/v2\/comments?post=39411"}],"wp:featuredmedia":[{"embeddable":true,"href":"https:\/\/mouldking.store\/nb\/wp-json\/wp\/v2\/media\/39412"}],"wp:attachment":[{"href":"https:\/\/mouldking.store\/nb\/wp-json\/wp\/v2\/media?parent=39411"}],"wp:term":[{"taxonomy":"product_cat","embeddable":true,"href":"https:\/\/mouldking.store\/nb\/wp-json\/wp\/v2\/product_cat?post=39411"},{"taxonomy":"product_tag","embeddable":true,"href":"https:\/\/mouldking.store\/nb\/wp-json\/wp\/v2\/product_tag?post=39411"}],"curies":[{"name":"wp","href":"https:\/\/api.w.org\/{rel}","templated":true}]}}