{"id":39473,"date":"2023-01-03T18:13:23","date_gmt":"2023-01-03T11:13:23","guid":{"rendered":"https:\/\/mouldking.store\/?post_type=product&#038;p=39473"},"modified":"2025-12-25T09:11:49","modified_gmt":"2025-12-25T02:11:49","slug":"moc-89506-piranha-plant-chomper-little-shop-of-horrors-with-354-pieces","status":"publish","type":"product","link":"https:\/\/mouldking.store\/nb\/shop\/moc-89506-piranha-plant-chomper-little-shop-of-horrors-with-354-pieces\/","title":{"rendered":"MOC-89506 Piranha Plant Chomper Little Shop of Horrors med 354 stykker"},"content":{"rendered":"<ol>\n<li>Merke: MOC<\/li>\n<li>Kj\u00f8nn: Unisex<\/li>\n<li>Name: Piranha Plant Chomper Little Shop of Horrors<\/li>\n<li>Aldersgruppe: &gt; 6 \u00e5r gammel<\/li>\n<li>Model Number: 89506<\/li>\n<li>Klassifisering: Montering<\/li>\n<li>Plastblokkform: Selvl\u00e5sende murstein<\/li>\n<li>Materiale: Plast<\/li>\n<li>Plasttype: ABS<\/li>\n<li>Bricks Blocks:354 PCS<\/li>\n<li>Size: 11 x 10 x 16.5 cm<\/li>\n<li>Inneholder detaljerte monteringsanvisninger.<\/li>\n<\/ol>\n<p>Legge merke til:<br \/>\n1. Uten original eske, men vi garanterer at v\u00e5re produkter har kvalitetssikring og pen emballasje.<br \/>\n2. Som alle delene vi har sjekket f\u00f8r frakt, s\u00e5 hvis du finner noen deler savnet eller skadet, ikke bekymre deg og bare kontakt oss, s\u00e5 kan vi sende dem til deg p\u00e5 nytt umiddelbart gratis.<\/p>\n<figure id=\"attachment_39474\" aria-describedby=\"caption-attachment-39474\" style=\"width: 1004px\" class=\"wp-caption aligncenter\"><img fetchpriority=\"high\" decoding=\"async\" class=\"wp-image-39474 size-full\" src=\"https:\/\/mouldking.store\/wp-content\/uploads\/2023\/01\/MOC-89506-Creator-Piranha-Plant-Chomper-Little-Shop-of-Horrors-MOC-FACTORY.png\" alt=\"MOC-89506 Piranha Plant Chomper Little Shop of Horrors With 354 Pieces\" width=\"1004\" height=\"1004\" title=\"-\"><figcaption id=\"caption-attachment-39474\" class=\"wp-caption-text\">MOC-89506 Piranha Plant Chomper Little Shop of Horrors med 354 stykker<\/figcaption><\/figure>\n<figure id=\"attachment_39481\" aria-describedby=\"caption-attachment-39481\" style=\"width: 900px\" class=\"wp-caption aligncenter\"><img decoding=\"async\" class=\"wp-image-39481 size-full\" src=\"https:\/\/mouldking.store\/wp-content\/uploads\/2023\/01\/Piranha-Plant-Chomper-Little-Shop-of-Horrors-MOC-89506-1-1-1.jpg\" alt=\"MOC-89506 Piranha Plant Chomper Little Shop of Horrors With 354 Pieces\" width=\"900\" height=\"1200\" title=\"-\"><figcaption id=\"caption-attachment-39481\" class=\"wp-caption-text\">MOC-89506 Piranha Plant Chomper Little Shop of Horrors med 354 stykker<\/figcaption><\/figure>\n<figure id=\"attachment_39482\" aria-describedby=\"caption-attachment-39482\" style=\"width: 1000px\" class=\"wp-caption aligncenter\"><img decoding=\"async\" class=\"wp-image-39482 size-full\" src=\"https:\/\/mouldking.store\/wp-content\/uploads\/2023\/01\/Piranha-Plant-Chomper-Little-Shop-of-Horrors-MOC-89506-1-1-2.jpg\" alt=\"MOC-89506 Piranha Plant Chomper Little Shop of Horrors With 354 Pieces\" width=\"1000\" height=\"1000\" title=\"-\"><figcaption id=\"caption-attachment-39482\" class=\"wp-caption-text\">MOC-89506 Piranha Plant Chomper Little Shop of Horrors med 354 stykker<\/figcaption><\/figure>\n<figure id=\"attachment_39483\" aria-describedby=\"caption-attachment-39483\" style=\"width: 1000px\" class=\"wp-caption aligncenter\"><img loading=\"lazy\" decoding=\"async\" class=\"wp-image-39483 size-full\" src=\"https:\/\/mouldking.store\/wp-content\/uploads\/2023\/01\/Piranha-Plant-Chomper-Little-Shop-of-Horrors-MOC-89506-1-2-1.jpg\" alt=\"MOC-89506 Piranha Plant Chomper Little Shop of Horrors With 354 Pieces\" width=\"1000\" height=\"1000\" title=\"-\"><figcaption id=\"caption-attachment-39483\" class=\"wp-caption-text\">MOC-89506 Piranha Plant Chomper Little Shop of Horrors med 354 stykker<\/figcaption><\/figure>\n<figure id=\"attachment_39484\" aria-describedby=\"caption-attachment-39484\" style=\"width: 1000px\" class=\"wp-caption aligncenter\"><img loading=\"lazy\" decoding=\"async\" class=\"wp-image-39484 size-full\" src=\"https:\/\/mouldking.store\/wp-content\/uploads\/2023\/01\/Piranha-Plant-Chomper-Little-Shop-of-Horrors-MOC-89506-1-3-1.jpg\" alt=\"MOC-89506 Piranha Plant Chomper Little Shop of Horrors With 354 Pieces\" width=\"1000\" height=\"1000\" title=\"-\"><figcaption id=\"caption-attachment-39484\" class=\"wp-caption-text\">MOC-89506 Piranha Plant Chomper Little Shop of Horrors med 354 stykker<\/figcaption><\/figure>\n<figure id=\"attachment_39485\" aria-describedby=\"caption-attachment-39485\" style=\"width: 1000px\" class=\"wp-caption aligncenter\"><img loading=\"lazy\" decoding=\"async\" class=\"wp-image-39485 size-full\" src=\"https:\/\/mouldking.store\/wp-content\/uploads\/2023\/01\/Piranha-Plant-Chomper-Little-Shop-of-Horrors-MOC-89506-1-4-1.jpg\" alt=\"MOC-89506 Piranha Plant Chomper Little Shop of Horrors With 354 Pieces\" width=\"1000\" height=\"1000\" title=\"-\"><figcaption id=\"caption-attachment-39485\" class=\"wp-caption-text\">MOC-89506 Piranha Plant Chomper Little Shop of Horrors med 354 stykker<\/figcaption><\/figure>\n<figure id=\"attachment_39486\" aria-describedby=\"caption-attachment-39486\" style=\"width: 1000px\" class=\"wp-caption aligncenter\"><img loading=\"lazy\" decoding=\"async\" class=\"wp-image-39486 size-full\" src=\"https:\/\/mouldking.store\/wp-content\/uploads\/2023\/01\/Piranha-Plant-Chomper-Little-Shop-of-Horrors-MOC-89506-1-5-1.jpg\" alt=\"MOC-89506 Piranha Plant Chomper Little Shop of Horrors With 354 Pieces\" width=\"1000\" height=\"1000\" title=\"-\"><figcaption id=\"caption-attachment-39486\" class=\"wp-caption-text\">MOC-89506 Piranha Plant Chomper Little Shop of Horrors med 354 stykker<\/figcaption><\/figure>","protected":false},"excerpt":{"rendered":"<p>Brand: MOC Gender: Unisex Name: Piranha Plant Chomper Little Shop of Horrors Age Range: &gt; 6 years old Model Number: 89506 Classification: Assemblage Plastic Block Shape: Self-Locking Bricks Material: Plastic Plastic Type: ABS Bricks Blocks:354 PCS Size: 11 x 10 x 16.5 cm Contains detailed assembly instructions. Notice: 1. Without an original box, but we [&hellip;]<\/p>","protected":false},"featured_media":39474,"comment_status":"closed","ping_status":"closed","template":"","meta":{"_acf_changed":false},"product_cat":[1365,1406,371],"product_tag":[10789,10793,10792,10794,430,10787,10796,10786,10788,10790,10791,10795,6594],"class_list":["product","first","instock","shipping-taxable","purchasable","product-type-simple"],"acf":[],"_links":{"self":[{"href":"https:\/\/mouldking.store\/nb\/wp-json\/wp\/v2\/product\/39473","targetHints":{"allow":["GET"]}}],"collection":[{"href":"https:\/\/mouldking.store\/nb\/wp-json\/wp\/v2\/product"}],"about":[{"href":"https:\/\/mouldking.store\/nb\/wp-json\/wp\/v2\/types\/product"}],"replies":[{"embeddable":true,"href":"https:\/\/mouldking.store\/nb\/wp-json\/wp\/v2\/comments?post=39473"}],"wp:featuredmedia":[{"embeddable":true,"href":"https:\/\/mouldking.store\/nb\/wp-json\/wp\/v2\/media\/39474"}],"wp:attachment":[{"href":"https:\/\/mouldking.store\/nb\/wp-json\/wp\/v2\/media?parent=39473"}],"wp:term":[{"taxonomy":"product_cat","embeddable":true,"href":"https:\/\/mouldking.store\/nb\/wp-json\/wp\/v2\/product_cat?post=39473"},{"taxonomy":"product_tag","embeddable":true,"href":"https:\/\/mouldking.store\/nb\/wp-json\/wp\/v2\/product_tag?post=39473"}],"curies":[{"name":"wp","href":"https:\/\/api.w.org\/{rel}","templated":true}]}}