{"id":39527,"date":"2023-01-03T18:46:07","date_gmt":"2023-01-03T11:46:07","guid":{"rendered":"https:\/\/mouldking.store\/?post_type=product&#038;p=39527"},"modified":"2023-01-03T18:46:08","modified_gmt":"2023-01-03T11:46:08","slug":"sembo-704000-ski-keeping-sport-scene-with-2128-pieces","status":"publish","type":"product","link":"https:\/\/mouldking.store\/nb\/shop\/sembo-704000-ski-keeping-sport-scene-with-2128-pieces\/","title":{"rendered":"SEMBO 704000 Ski Keeping Sport Scene With 2128 Pieces"},"content":{"rendered":"<p>Produktinformasjon:<\/p>\n<ol>\n<li>Merke: SEMBO<\/li>\n<li>Kj\u00f8nn: Unisex<\/li>\n<li>Name: Ski Keeping Sport Scene<\/li>\n<li>Aldersgruppe: &gt; 6 \u00e5r gammel<\/li>\n<li>Model Number: 704000<\/li>\n<li>Klassifisering: Montering<\/li>\n<li>Plastblokkform: Selvl\u00e5sende murstein<\/li>\n<li>Materiale: Plast<\/li>\n<li>Plasttype: ABS<\/li>\n<li>Bricks Blocks:2128 PCS<\/li>\n<li>Size: 34.8 \u00d7 33.3 \u00d7 32.4 cm<\/li>\n<li>Inneholder detaljerte monteringsanvisninger.<\/li>\n<\/ol>\n<p>Legge merke til:<br \/>\n1. Uten original eske, men vi garanterer at v\u00e5re produkter har kvalitetssikring og pen emballasje.<br \/>\n2. Som alle delene vi har sjekket f\u00f8r frakt, s\u00e5 hvis du finner noen deler savnet eller skadet, ikke bekymre deg og bare kontakt oss, s\u00e5 kan vi sende dem til deg p\u00e5 nytt umiddelbart gratis.<\/p>\n<figure id=\"attachment_39528\" aria-describedby=\"caption-attachment-39528\" style=\"width: 800px\" class=\"wp-caption aligncenter\"><img fetchpriority=\"high\" decoding=\"async\" class=\"wp-image-39528 size-full\" src=\"https:\/\/mouldking.store\/wp-content\/uploads\/2023\/01\/SEMBO-704000-Motorised-Ski-Keeping-Sport-3.jpg\" alt=\"SEMBO 704000 Ski Keeping Sport Scene With 2128 Pieces\" width=\"800\" height=\"800\" title=\"-\"><figcaption id=\"caption-attachment-39528\" class=\"wp-caption-text\">SEMBO 704000 Ski Keeping Sport Scene With 2128 Pieces<\/figcaption><\/figure>\n<figure id=\"attachment_39529\" aria-describedby=\"caption-attachment-39529\" style=\"width: 800px\" class=\"wp-caption aligncenter\"><img decoding=\"async\" class=\"wp-image-39529 size-full\" src=\"https:\/\/mouldking.store\/wp-content\/uploads\/2023\/01\/SEMBO-704000-Motorised-Ski-Keeping-Sport-2.jpg\" alt=\"SEMBO 704000 Ski Keeping Sport Scene With 2128 Pieces\" width=\"800\" height=\"800\" title=\"-\"><figcaption id=\"caption-attachment-39529\" class=\"wp-caption-text\">SEMBO 704000 Ski Keeping Sport Scene With 2128 Pieces<\/figcaption><\/figure>\n<figure id=\"attachment_39530\" aria-describedby=\"caption-attachment-39530\" style=\"width: 800px\" class=\"wp-caption aligncenter\"><img decoding=\"async\" class=\"wp-image-39530 size-full\" src=\"https:\/\/mouldking.store\/wp-content\/uploads\/2023\/01\/SEMBO-704000-Motorised-Ski-Keeping-Sport-1.jpg\" alt=\"SEMBO 704000 Ski Keeping Sport Scene With 2128 Pieces\" width=\"800\" height=\"800\" title=\"-\"><figcaption id=\"caption-attachment-39530\" class=\"wp-caption-text\">SEMBO 704000 Ski Keeping Sport Scene With 2128 Pieces<\/figcaption><\/figure>","protected":false},"excerpt":{"rendered":"<p>Product information: Brand: SEMBO Gender: Unisex Name: Ski Keeping Sport Scene Age Range: &gt; 6 years old Model Number: 704000 Classification: Assemblage Plastic Block Shape: Self-Locking Bricks Material: Plastic Plastic Type: ABS Bricks Blocks:2128 PCS Size: 34.8 \u00d7 33.3 \u00d7 32.4 cm Contains detailed assembly instructions. Notice: 1. Without an original box, but we guarantee [&hellip;]<\/p>","protected":false},"featured_media":39528,"comment_status":"closed","ping_status":"closed","template":"","meta":{"_acf_changed":false},"product_cat":[1365],"product_tag":[10818,10659,1491,10819,10823,10817,10820,10822,711,10821],"class_list":["product","first","instock","shipping-taxable","purchasable","product-type-simple"],"acf":[],"_links":{"self":[{"href":"https:\/\/mouldking.store\/nb\/wp-json\/wp\/v2\/product\/39527","targetHints":{"allow":["GET"]}}],"collection":[{"href":"https:\/\/mouldking.store\/nb\/wp-json\/wp\/v2\/product"}],"about":[{"href":"https:\/\/mouldking.store\/nb\/wp-json\/wp\/v2\/types\/product"}],"replies":[{"embeddable":true,"href":"https:\/\/mouldking.store\/nb\/wp-json\/wp\/v2\/comments?post=39527"}],"wp:featuredmedia":[{"embeddable":true,"href":"https:\/\/mouldking.store\/nb\/wp-json\/wp\/v2\/media\/39528"}],"wp:attachment":[{"href":"https:\/\/mouldking.store\/nb\/wp-json\/wp\/v2\/media?parent=39527"}],"wp:term":[{"taxonomy":"product_cat","embeddable":true,"href":"https:\/\/mouldking.store\/nb\/wp-json\/wp\/v2\/product_cat?post=39527"},{"taxonomy":"product_tag","embeddable":true,"href":"https:\/\/mouldking.store\/nb\/wp-json\/wp\/v2\/product_tag?post=39527"}],"curies":[{"name":"wp","href":"https:\/\/api.w.org\/{rel}","templated":true}]}}