{"id":39535,"date":"2023-01-03T18:54:45","date_gmt":"2023-01-03T11:54:45","guid":{"rendered":"https:\/\/mouldking.store\/?post_type=product&#038;p=39535"},"modified":"2023-01-03T18:54:45","modified_gmt":"2023-01-03T11:54:45","slug":"cada-c66009-paris-restaurant-with-3230-pieces","status":"publish","type":"product","link":"https:\/\/mouldking.store\/nb\/shop\/cada-c66009-paris-restaurant-with-3230-pieces\/","title":{"rendered":"CaDa C66009 Paris Restaurant med 3230 deler"},"content":{"rendered":"<p>Produktinformasjon:<\/p>\n<ol>\n<li>Merke: CaDa<\/li>\n<li>Kj\u00f8nn: Unisex<\/li>\n<li>Name: Paris Restaurant<\/li>\n<li>Aldersgruppe: &gt; 6 \u00e5r gammel<\/li>\n<li>Model Number: C66009<\/li>\n<li>Klassifisering: Montering<\/li>\n<li>Plastblokkform: Selvl\u00e5sende murstein<\/li>\n<li>Materiale: Plast<\/li>\n<li>Plasttype: ABS<\/li>\n<li>Bricks Blocks:3230 PCS<\/li>\n<li>Size: 28.5 \u00d7 28.5 \u00d7 30.8 cm<\/li>\n<li>Inneholder detaljerte monteringsanvisninger.<\/li>\n<\/ol>\n<p>Legge merke til:<br \/>\n1. Uten original eske, men vi garanterer at v\u00e5re produkter har kvalitetssikring og pen emballasje.<br \/>\n2. Som alle delene vi har sjekket f\u00f8r frakt, s\u00e5 hvis du finner noen deler savnet eller skadet, ikke bekymre deg og bare kontakt oss, s\u00e5 kan vi sende dem til deg p\u00e5 nytt umiddelbart gratis.<\/p>\n<figure id=\"attachment_39536\" aria-describedby=\"caption-attachment-39536\" style=\"width: 800px\" class=\"wp-caption aligncenter\"><img fetchpriority=\"high\" decoding=\"async\" class=\"wp-image-39536 size-full\" src=\"https:\/\/mouldking.store\/wp-content\/uploads\/2023\/01\/CaDA-C66009-Paris-Restaurant-7.jpg\" alt=\"CaDa C66009 Paris Restaurant With 3230 Pieces\" width=\"800\" height=\"800\" title=\"-\"><figcaption id=\"caption-attachment-39536\" class=\"wp-caption-text\">CaDa C66009 Paris Restaurant med 3230 deler<\/figcaption><\/figure>\n<figure id=\"attachment_39537\" aria-describedby=\"caption-attachment-39537\" style=\"width: 800px\" class=\"wp-caption aligncenter\"><img decoding=\"async\" class=\"wp-image-39537 size-full\" src=\"https:\/\/mouldking.store\/wp-content\/uploads\/2023\/01\/CaDA-C66009-Paris-Restaurant-6.jpg\" alt=\"CaDa C66009 Paris Restaurant With 3230 Pieces\" width=\"800\" height=\"800\" title=\"-\"><figcaption id=\"caption-attachment-39537\" class=\"wp-caption-text\">CaDa C66009 Paris Restaurant med 3230 deler<\/figcaption><\/figure>\n<figure id=\"attachment_39538\" aria-describedby=\"caption-attachment-39538\" style=\"width: 800px\" class=\"wp-caption aligncenter\"><img decoding=\"async\" class=\"wp-image-39538 size-full\" src=\"https:\/\/mouldking.store\/wp-content\/uploads\/2023\/01\/CaDA-C66009-Paris-Restaurant-5.jpg\" alt=\"CaDa C66009 Paris Restaurant With 3230 Pieces\" width=\"800\" height=\"800\" title=\"-\"><figcaption id=\"caption-attachment-39538\" class=\"wp-caption-text\">CaDa C66009 Paris Restaurant med 3230 deler<\/figcaption><\/figure>\n<figure id=\"attachment_39539\" aria-describedby=\"caption-attachment-39539\" style=\"width: 800px\" class=\"wp-caption aligncenter\"><img loading=\"lazy\" decoding=\"async\" class=\"wp-image-39539 size-full\" src=\"https:\/\/mouldking.store\/wp-content\/uploads\/2023\/01\/CaDA-C66009-Paris-Restaurant-4.jpg\" alt=\"CaDa C66009 Paris Restaurant With 3230 Pieces\" width=\"800\" height=\"800\" title=\"-\"><figcaption id=\"caption-attachment-39539\" class=\"wp-caption-text\">CaDa C66009 Paris Restaurant med 3230 deler<\/figcaption><\/figure>\n<figure id=\"attachment_39540\" aria-describedby=\"caption-attachment-39540\" style=\"width: 800px\" class=\"wp-caption aligncenter\"><img loading=\"lazy\" decoding=\"async\" class=\"wp-image-39540 size-full\" src=\"https:\/\/mouldking.store\/wp-content\/uploads\/2023\/01\/CaDA-C66009-Paris-Restaurant-3.jpg\" alt=\"CaDa C66009 Paris Restaurant With 3230 Pieces\" width=\"800\" height=\"800\" title=\"-\"><figcaption id=\"caption-attachment-39540\" class=\"wp-caption-text\">CaDa C66009 Paris Restaurant med 3230 deler<\/figcaption><\/figure>\n<figure id=\"attachment_39541\" aria-describedby=\"caption-attachment-39541\" style=\"width: 800px\" class=\"wp-caption aligncenter\"><img loading=\"lazy\" decoding=\"async\" class=\"wp-image-39541 size-full\" src=\"https:\/\/mouldking.store\/wp-content\/uploads\/2023\/01\/CaDA-C66009-Paris-Restaurant-2.jpg\" alt=\"CaDa C66009 Paris Restaurant With 3230 Pieces\" width=\"800\" height=\"800\" title=\"-\"><figcaption id=\"caption-attachment-39541\" class=\"wp-caption-text\">CaDa C66009 Paris Restaurant med 3230 deler<\/figcaption><\/figure>\n<figure id=\"attachment_39542\" aria-describedby=\"caption-attachment-39542\" style=\"width: 800px\" class=\"wp-caption aligncenter\"><img loading=\"lazy\" decoding=\"async\" class=\"wp-image-39542 size-full\" src=\"https:\/\/mouldking.store\/wp-content\/uploads\/2023\/01\/CaDA-C66009-Paris-Restaurant-1.jpg\" alt=\"CaDa C66009 Paris Restaurant With 3230 Pieces\" width=\"800\" height=\"800\" title=\"-\"><figcaption id=\"caption-attachment-39542\" class=\"wp-caption-text\">CaDa C66009 Paris Restaurant med 3230 deler<\/figcaption><\/figure>","protected":false},"excerpt":{"rendered":"<p>Product information: Brand: CaDa Gender: Unisex Name: Paris Restaurant Age Range: &gt; 6 years old Model Number: C66009 Classification: Assemblage Plastic Block Shape: Self-Locking Bricks Material: Plastic Plastic Type: ABS Bricks Blocks:3230 PCS Size: 28.5 \u00d7 28.5 \u00d7 30.8 cm Contains detailed assembly instructions. Notice: 1. Without an original box, but we guarantee our products [&hellip;]<\/p>","protected":false},"featured_media":39536,"comment_status":"closed","ping_status":"closed","template":"","meta":{"_acf_changed":false},"product_cat":[1365,1395],"product_tag":[10831,1916,10832,10835,10830,10833,10834,2870],"class_list":["product","first","instock","shipping-taxable","purchasable","product-type-simple"],"acf":[],"_links":{"self":[{"href":"https:\/\/mouldking.store\/nb\/wp-json\/wp\/v2\/product\/39535","targetHints":{"allow":["GET"]}}],"collection":[{"href":"https:\/\/mouldking.store\/nb\/wp-json\/wp\/v2\/product"}],"about":[{"href":"https:\/\/mouldking.store\/nb\/wp-json\/wp\/v2\/types\/product"}],"replies":[{"embeddable":true,"href":"https:\/\/mouldking.store\/nb\/wp-json\/wp\/v2\/comments?post=39535"}],"wp:featuredmedia":[{"embeddable":true,"href":"https:\/\/mouldking.store\/nb\/wp-json\/wp\/v2\/media\/39536"}],"wp:attachment":[{"href":"https:\/\/mouldking.store\/nb\/wp-json\/wp\/v2\/media?parent=39535"}],"wp:term":[{"taxonomy":"product_cat","embeddable":true,"href":"https:\/\/mouldking.store\/nb\/wp-json\/wp\/v2\/product_cat?post=39535"},{"taxonomy":"product_tag","embeddable":true,"href":"https:\/\/mouldking.store\/nb\/wp-json\/wp\/v2\/product_tag?post=39535"}],"curies":[{"name":"wp","href":"https:\/\/api.w.org\/{rel}","templated":true}]}}